{"id":6687,"date":"2024-05-22T11:59:41","date_gmt":"2024-05-22T09:59:41","guid":{"rendered":"https:\/\/swissxplorer.com\/?post_type=product&#038;p=6687"},"modified":"2024-06-12T17:25:23","modified_gmt":"2024-06-12T15:25:23","slug":"blue-lake-oeschinen-lake-private-tour-lucerne","status":"publish","type":"product","link":"https:\/\/swissxplorer.com\/pt\/tours\/lago-azul-excursao-privada-ao-lago-oeschinen-lucerna\/","title":{"rendered":"<p>Excurs\u00e3o privada a Blausee e Oeschinensee saindo de Lucerna<\/p>"},"content":{"rendered":"<p>Descubra o melhor dos lagos su\u00ed\u00e7os com o tour privado do Swiss Xplorer saindo de Lucerna<p>Voc\u00ea sonha em explorar os lagos da Su\u00ed\u00e7a, mas n\u00e3o consegue decidir qual escolher? Visite quatro deles em apenas um dia!<\/p><p>Gerenciar in\u00fameras conex\u00f5es ferrovi\u00e1rias e percorrer longas dist\u00e2ncias a p\u00e9 pode ser cansativo, drenando sua energia e limitando sua experi\u00eancia. Com o transporte p\u00fablico, s\u00f3 uma viagem de Lucerna ao lago Oeschinen leva tr\u00eas horas, tornando dif\u00edcil encaixar v\u00e1rios destinos em um \u00fanico dia.<\/p><p>Imagine perder as joias escondidas da Su\u00ed\u00e7a por causa dos hor\u00e1rios r\u00edgidos dos trens e dos deslocamentos longos e cansativos. Imagine a frustra\u00e7\u00e3o de tentar capturar fotos perfeitas em momentos apressados ou de se preocupar em se orientar em lugares desconhecidos. O estresse de coordenar o transporte pode transformar as f\u00e9rias dos seus sonhos em um inc\u00f4modo log\u00edstico, deixando voc\u00ea mais exausto do que animado.<\/p><p>O tour privado do Swiss Xplorer \u00e9 a solu\u00e7\u00e3o perfeita, especialmente para quem tem tempo limitado e deseja conhecer muitos lugares e otimizar sua programa\u00e7\u00e3o. Levamos voc\u00ea desde a porta do seu hotel em Lucerna at\u00e9 os lagos mais pitorescos da Su\u00ed\u00e7a - Lungern, Iseltwald com os deslumbrantes Brienzersee, Blausee e Oeschinensee - em uma van confort\u00e1vel e particular. Nosso guia experiente garante que voc\u00ea n\u00e3o perca nenhum destaque, e nossa programa\u00e7\u00e3o flex\u00edvel permite paradas espont\u00e2neas para fotos conforme sua conveni\u00eancia. Desfrute de uma experi\u00eancia porta a porta perfeita que permite que voc\u00ea se concentre na beleza ao seu redor, n\u00e3o na log\u00edstica.<\/p><p>Por que escolher o Swiss Xplorer?<\/p><p>Viagem Eficiente: Reduza o tempo de viagem pela metade com nossa van particular, chegando a Oeschinensee em apenas 1,5 horas de Lucerna, em compara\u00e7\u00e3o com 3 horas de trem.<br>\nDestinos Exclusivos: Visite quatro lagos deslumbrantes em um dia, uma fa\u00e7anha quase imposs\u00edvel com o transporte p\u00fablico.<br>\nExperi\u00eancia personalizada: Nosso guia especializado n\u00e3o \u00e9 apenas seu motorista, mas tamb\u00e9m seu fot\u00f3grafo, garantindo que voc\u00ea capture todos os momentos memor\u00e1veis.<br>\nConforto e conveni\u00eancia: viaje com conforto da porta do hotel diretamente para cada local de tirar o f\u00f4lego, sem se preocupar com hor\u00e1rios de trem ou transfer\u00eancias.<\/p><h3><strong>Processo de reserva e pagamento:<\/strong><\/h3><p>Para confirmar o pre\u00e7o do passeio, informe o n\u00famero de participantes no campo de dados ao lado direito. O valor acima ser\u00e1 atualizado automaticamente.<\/p><p>Para iniciar o seu processo de reserva, por favor forne\u00e7a os dados necess\u00e1rios para a viagem. Em seguida, enviaremos prontamente um e-mail confirmando a disponibilidade de datas. Posteriormente, um link de pagamento seguro ser\u00e1 fornecido para voc\u00ea. Este link permitir\u00e1 que voc\u00ea fa\u00e7a um pagamento inicial de 20% e garanta a data selecionada. Al\u00e9m disso, esse sinal serve como garantia financeira em caso de cancelamento do cliente. O restante pagamento poder\u00e1 ser feito no dia do passeio, seja com cart\u00e3o de cr\u00e9dito ou em dinheiro. Esteja ciente de que s\u00f3 poderemos confirmar sua reserva ap\u00f3s o recebimento do pagamento inicial de 20%. Se desejar cancelar o passeio, voc\u00ea poder\u00e1 faz\u00ea-lo at\u00e9 30 dias antes da data do passeio e receber\u00e1 um reembolso total.<\/p><p>Para mais op\u00e7\u00f5es de passeios e variedade de experi\u00eancias, convidamos voc\u00ea a explorar nossa sele\u00e7\u00e3o em nosso site: <a href=\"https:\/\/swissxplorer.com\/pt\/\">Swiss Xplorer<\/a>. Descubra as possibilidades e crie mem\u00f3rias inesquec\u00edveis de sua viagem pela Su\u00ed\u00e7a.<\/p><p>Consulte nossos Termos e Condi\u00e7\u00f5es aqui: <a href=\"https:\/\/swissxplorer.com\/pt\/politica-de-privacidade\/\" target=\"_blank\" rel=\"noopener\">termos e Condi\u00e7\u00f5es<\/a><\/p><\/p>","protected":false},"excerpt":{"rendered":"<p>Voc\u00ea sonha em explorar os lagos da Su\u00ed\u00e7a, mas n\u00e3o consegue decidir qual escolher? Visite quatro deles em apenas um dia! Descubra o melhor dos lagos su\u00ed\u00e7os com o tour privado do Swiss Xplorer saindo de Lucerna.<\/p>","protected":false},"featured_media":6688,"comment_status":"closed","ping_status":"closed","template":"","meta":[],"product_cat":[98,89],"product_tag":[338,345,337,336,344,339,342,333,343,340,335,334,341],"class_list":["post-6687","product","type-product","status-publish","has-post-thumbnail","hentry","product_cat-all","product_cat-lucerne","product_tag-guided-tour-to-oeschinen-lake-and-blue-lake-from-lucerne","product_tag-guided-tour-to-oeschinen-lake-from-lucerne","product_tag-guided-tour-to-oeschinensee-and-blausee-from-lucerne","product_tag-private-tour-to-oeschinensee-and-blausee-from-lucerne","product_tag-privatetour-to-oeschinen-lake","product_tag-tour-to-blausee-from-lucerne","product_tag-tour-to-oeschinen-lake","product_tag-tour-to-oeschinen-lake-and-blue-lake-from-lucerne","product_tag-tour-to-oeschinen-lake-from-lucerne","product_tag-tour-to-oeschinensee","product_tag-tour-to-oeschinensee-and-blausee-from-lucerne","product_tag-tour-to-oeschinensee-and-blausee-from-lucerne-switzerland","product_tag-tour-to-oeschinensee-from-lucerne"],"acf":[],"yoast_head":"<!-- This site is optimized with the Yoast SEO plugin v21.7 - https:\/\/yoast.com\/wordpress\/plugins\/seo\/ -->\n<title>Blausee &amp; Oeschinensee Private Tour from Lucerne<\/title>\n<meta name=\"description\" content=\"Dreaming of exploring Switzerland&#039;s lakes but can&#039;t decide? Visit four in one day! Blausee, Oeschinensee. Brienzersee and Lungern- Private Tour from Lucerne\" \/>\n<meta name=\"robots\" content=\"index, follow, max-snippet:-1, max-image-preview:large, max-video-preview:-1\" \/>\n<link rel=\"canonical\" href=\"https:\/\/swissxplorer.com\/pt\/tours\/lago-azul-excursao-privada-ao-lago-oeschinen-lucerna\/\" \/>\n<meta property=\"og:locale\" content=\"pt_BR\" \/>\n<meta property=\"og:type\" content=\"article\" \/>\n<meta property=\"og:title\" content=\"Blausee &amp; Oeschinensee Private Tour from Lucerne\" \/>\n<meta property=\"og:description\" content=\"Dreaming of exploring Switzerland&#039;s lakes but can&#039;t decide? Visit four in one day! Blausee, Oeschinensee. Brienzersee and Lungern- Private Tour from Lucerne\" \/>\n<meta property=\"og:url\" content=\"https:\/\/swissxplorer.com\/pt\/tours\/lago-azul-excursao-privada-ao-lago-oeschinen-lucerna\/\" \/>\n<meta property=\"og:site_name\" content=\"Swiss Xplorer\" \/>\n<meta property=\"article:modified_time\" content=\"2024-06-12T15:25:23+00:00\" \/>\n<meta property=\"og:image\" content=\"http:\/\/swissxplorer.com\/wp-content\/uploads\/2024\/05\/Oeschinen-lake-day-trip-from-Lucerne.jpg\" \/>\n\t<meta property=\"og:image:width\" content=\"1152\" \/>\n\t<meta property=\"og:image:height\" content=\"768\" \/>\n\t<meta property=\"og:image:type\" content=\"image\/jpeg\" \/>\n<meta name=\"twitter:card\" content=\"summary_large_image\" \/>\n<meta name=\"twitter:label1\" content=\"Est. tempo de leitura\" \/>\n\t<meta name=\"twitter:data1\" content=\"3 minutos\" \/>\n<script type=\"application\/ld+json\" class=\"yoast-schema-graph\">{\"@context\":\"https:\/\/schema.org\",\"@graph\":[{\"@type\":\"WebPage\",\"@id\":\"https:\/\/swissxplorer.com\/tours\/blue-lake-oeschinen-lake-private-tour-lucerne\/\",\"url\":\"https:\/\/swissxplorer.com\/tours\/blue-lake-oeschinen-lake-private-tour-lucerne\/\",\"name\":\"Blausee & Oeschinensee Private Tour from Lucerne\",\"isPartOf\":{\"@id\":\"https:\/\/swissxplorer.com\/#website\"},\"datePublished\":\"2024-05-22T09:59:41+00:00\",\"dateModified\":\"2024-06-12T15:25:23+00:00\",\"description\":\"Dreaming of exploring Switzerland's lakes but can't decide? Visit four in one day! Blausee, Oeschinensee. Brienzersee and Lungern- Private Tour from Lucerne\",\"breadcrumb\":{\"@id\":\"https:\/\/swissxplorer.com\/tours\/blue-lake-oeschinen-lake-private-tour-lucerne\/#breadcrumb\"},\"inLanguage\":\"pt-BR\",\"potentialAction\":[{\"@type\":\"ReadAction\",\"target\":[\"https:\/\/swissxplorer.com\/tours\/blue-lake-oeschinen-lake-private-tour-lucerne\/\"]}]},{\"@type\":\"BreadcrumbList\",\"@id\":\"https:\/\/swissxplorer.com\/tours\/blue-lake-oeschinen-lake-private-tour-lucerne\/#breadcrumb\",\"itemListElement\":[{\"@type\":\"ListItem\",\"position\":1,\"name\":\"Home\",\"item\":\"https:\/\/swissxplorer.com\/\"},{\"@type\":\"ListItem\",\"position\":2,\"name\":\"Tours\",\"item\":\"https:\/\/swissxplorer.com\/tours\/\"},{\"@type\":\"ListItem\",\"position\":3,\"name\":\"Blausee &#038; Oeschinensee Private Tour from Lucerne\"}]},{\"@type\":\"WebSite\",\"@id\":\"https:\/\/swissxplorer.com\/#website\",\"url\":\"https:\/\/swissxplorer.com\/\",\"name\":\"Swiss Xplorer\",\"description\":\"Tours in Switzerland\",\"potentialAction\":[{\"@type\":\"SearchAction\",\"target\":{\"@type\":\"EntryPoint\",\"urlTemplate\":\"https:\/\/swissxplorer.com\/?s={search_term_string}\"},\"query-input\":\"required name=search_term_string\"}],\"inLanguage\":\"pt-BR\"}]}<\/script>\n<!-- \/ Yoast SEO plugin. -->","yoast_head_json":{"title":"Blausee & Oeschinensee Private Tour from Lucerne","description":"Dreaming of exploring Switzerland's lakes but can't decide? Visit four in one day! Blausee, Oeschinensee. Brienzersee and Lungern- Private Tour from Lucerne","robots":{"index":"index","follow":"follow","max-snippet":"max-snippet:-1","max-image-preview":"max-image-preview:large","max-video-preview":"max-video-preview:-1"},"canonical":"https:\/\/swissxplorer.com\/pt\/tours\/lago-azul-excursao-privada-ao-lago-oeschinen-lucerna\/","og_locale":"pt_BR","og_type":"article","og_title":"Blausee & Oeschinensee Private Tour from Lucerne","og_description":"Dreaming of exploring Switzerland's lakes but can't decide? Visit four in one day! Blausee, Oeschinensee. Brienzersee and Lungern- Private Tour from Lucerne","og_url":"https:\/\/swissxplorer.com\/pt\/tours\/lago-azul-excursao-privada-ao-lago-oeschinen-lucerna\/","og_site_name":"Swiss Xplorer","article_modified_time":"2024-06-12T15:25:23+00:00","og_image":[{"width":1152,"height":768,"url":"http:\/\/swissxplorer.com\/wp-content\/uploads\/2024\/05\/Oeschinen-lake-day-trip-from-Lucerne.jpg","type":"image\/jpeg"}],"twitter_card":"summary_large_image","twitter_misc":{"Est. tempo de leitura":"3 minutos"},"schema":{"@context":"https:\/\/schema.org","@graph":[{"@type":"WebPage","@id":"https:\/\/swissxplorer.com\/tours\/blue-lake-oeschinen-lake-private-tour-lucerne\/","url":"https:\/\/swissxplorer.com\/tours\/blue-lake-oeschinen-lake-private-tour-lucerne\/","name":"Blausee & Oeschinensee Private Tour from Lucerne","isPartOf":{"@id":"https:\/\/swissxplorer.com\/#website"},"datePublished":"2024-05-22T09:59:41+00:00","dateModified":"2024-06-12T15:25:23+00:00","description":"Dreaming of exploring Switzerland's lakes but can't decide? Visit four in one day! Blausee, Oeschinensee. Brienzersee and Lungern- Private Tour from Lucerne","breadcrumb":{"@id":"https:\/\/swissxplorer.com\/tours\/blue-lake-oeschinen-lake-private-tour-lucerne\/#breadcrumb"},"inLanguage":"pt-BR","potentialAction":[{"@type":"ReadAction","target":["https:\/\/swissxplorer.com\/tours\/blue-lake-oeschinen-lake-private-tour-lucerne\/"]}]},{"@type":"BreadcrumbList","@id":"https:\/\/swissxplorer.com\/tours\/blue-lake-oeschinen-lake-private-tour-lucerne\/#breadcrumb","itemListElement":[{"@type":"ListItem","position":1,"name":"Home","item":"https:\/\/swissxplorer.com\/"},{"@type":"ListItem","position":2,"name":"Tours","item":"https:\/\/swissxplorer.com\/tours\/"},{"@type":"ListItem","position":3,"name":"Blausee &#038; Oeschinensee Private Tour from Lucerne"}]},{"@type":"WebSite","@id":"https:\/\/swissxplorer.com\/#website","url":"https:\/\/swissxplorer.com\/","name":"Swiss Xplorer","description":"Tours in Switzerland","potentialAction":[{"@type":"SearchAction","target":{"@type":"EntryPoint","urlTemplate":"https:\/\/swissxplorer.com\/?s={search_term_string}"},"query-input":"required name=search_term_string"}],"inLanguage":"pt-BR"}]}},"_links":{"self":[{"href":"https:\/\/swissxplorer.com\/pt\/wp-json\/wp\/v2\/product\/6687","targetHints":{"allow":["GET"]}}],"collection":[{"href":"https:\/\/swissxplorer.com\/pt\/wp-json\/wp\/v2\/product"}],"about":[{"href":"https:\/\/swissxplorer.com\/pt\/wp-json\/wp\/v2\/types\/product"}],"replies":[{"embeddable":true,"href":"https:\/\/swissxplorer.com\/pt\/wp-json\/wp\/v2\/comments?post=6687"}],"wp:featuredmedia":[{"embeddable":true,"href":"https:\/\/swissxplorer.com\/pt\/wp-json\/wp\/v2\/media\/6688"}],"wp:attachment":[{"href":"https:\/\/swissxplorer.com\/pt\/wp-json\/wp\/v2\/media?parent=6687"}],"wp:term":[{"taxonomy":"product_cat","embeddable":true,"href":"https:\/\/swissxplorer.com\/pt\/wp-json\/wp\/v2\/product_cat?post=6687"},{"taxonomy":"product_tag","embeddable":true,"href":"https:\/\/swissxplorer.com\/pt\/wp-json\/wp\/v2\/product_tag?post=6687"}],"curies":[{"name":"wp","href":"https:\/\/api.w.org\/{rel}","templated":true}]}}