{"id":6097,"date":"2023-05-18T16:30:27","date_gmt":"2023-05-18T14:30:27","guid":{"rendered":"https:\/\/swissxplorer.com\/?post_type=product&#038;p=6097"},"modified":"2024-09-03T11:17:59","modified_gmt":"2024-09-03T09:17:59","slug":"crash-landing-on-your-tour-switzerland","status":"publish","type":"product","link":"https:\/\/swissxplorer.com\/pt\/tours\/pousando-no-amor-tour-privado-na-suica\/","title":{"rendered":"<p>Crash Landing on Your \u2013 tour privado na Su\u00ed\u00e7a<\/p>"},"content":{"rendered":"<p>Experimente a magia do CLOY nesta excurs\u00e3o privada exclusiva Crash Landing on You na Su\u00ed\u00e7a<p>Embarque em uma jornada not\u00e1vel pela Su\u00ed\u00e7a, seguindo os passos do amado drama K \u201cCrash Landing on You\u201d. Mergulhe nas paisagens de tirar o f\u00f4lego e nos locais cativantes apresentados na s\u00e9rie, enquanto o levamos em um passeio pelo lago Lungern, Iseltwald, Sigriswil e pelo ic\u00f4nico Grand Hotel.<\/p><h3>Primeira parada<\/h3><p>Nossa aventura come\u00e7a em Lungern, uma vila pitoresca situada no cora\u00e7\u00e3o da Su\u00ed\u00e7a. Aqui voc\u00ea ter\u00e1 a oportunidade de visitar o local exato onde foi filmada a casa usada na s\u00e9rie. Entre no mundo do Capit\u00e3o Ri e Yoon Se-ri enquanto explora os arredores encantadores e revive os momentos rom\u00e2nticos do show.<\/p><h3>Segunda Parada<\/h3><p>Em seguida, iremos a Iseltwald, um povoado digno de cart\u00e3o postal situado \u00e0s margens do Lago Brienz. Este local encantador serviu de cen\u00e1rio para muitas cenas memor\u00e1veis em \u201cCrash Landing on You\u201d. Passeie pelas ruas pitorescas, maravilhe-se com os tradicionais chal\u00e9s su\u00ed\u00e7os e mergulhe na beleza serena do lago. Voc\u00ea se sentir\u00e1 como se tivesse entrado em uma cena sa\u00edda diretamente do drama.<\/p><h3>Terceira parada<\/h3><p>Continuaremos nossa viagem at\u00e9 Sigriswil, conhecida por suas deslumbrantes vistas do lago Thun e das montanhas circundantes. Aprecie as vistas panor\u00e2micas que cativaram o p\u00fablico em \u201cCrash Landing on You\u201d e crie seus pr\u00f3prios momentos memor\u00e1veis neste cen\u00e1rio id\u00edlico.<\/p><h3>Quarta parada<\/h3><p>Para concluir nosso \u201cCrash Landing on Your \u2013 Private Tour in Switzerland\u201d, finalmente chegaremos ao ic\u00f4nico Grand Hotel, um retiro luxuoso que desempenhou um papel significativo na s\u00e9rie. Deleite-se com a eleg\u00e2ncia e grandiosidade deste estabelecimento hist\u00f3rico, que serviu de cen\u00e1rio para algumas das cenas mais cativantes do drama. Mergulhe no mundo de Yoon Se-ri e Ri Jeong-hyeok ao entrar nos opulentos corredores deste renomado hotel.<\/p><p>Eles garantir\u00e3o que voc\u00ea tenha uma experi\u00eancia verdadeiramente imersiva e inesquec\u00edvel, dando vida \u00e0 magia da s\u00e9rie.<\/p><p>Junte-se a n\u00f3s nesta jornada extraordin\u00e1ria enquanto exploramos os locais que fizeram de \u201cCrash Landing on You\u201d um fen\u00f4meno mundial. Deixe a beleza de Lungern, a casa, Iseltwald, Sigriswil e o Grand Hotel transport\u00e1-lo para o mundo de Yoon Se-ri e Ri Jeong-hyeok. Al\u00e9m disso, crie mem\u00f3rias que durar\u00e3o a vida toda.<\/p><h3>Observa\u00e7\u00e3o:<\/h3><p>Este passeio n\u00e3o possui afilia\u00e7\u00e3o oficial com a produ\u00e7\u00e3o de \u201cCrash Landing on You\u201d ou seus criadores. O objetivo \u00e9 proporcionar aos f\u00e3s a oportunidade de visitar os locais apresentados na s\u00e9rie. Junte-se a n\u00f3s para um tour privado exclusivo na Su\u00ed\u00e7a \u2013 Crash Landing on Your, feito sob medida especificamente para os f\u00e3s.<\/p><h3><strong>Processo de reserva e pagamento:<\/strong><\/h3><p>Para confirmar o pre\u00e7o do passeio, informe o n\u00famero de participantes no campo de dados ao lado direito. O valor acima ser\u00e1 atualizado automaticamente.<\/p><p>Para iniciar o processo de reserva, por favor, forne\u00e7a os detalhes necess\u00e1rios para a viagem. Em seguida, enviaremos prontamente um e-mail confirmando a disponibilidade de datas. Posteriormente, um link de pagamento seguro ser\u00e1 fornecido para voc\u00ea fazer um adiantamento 20% e garantir a data selecionada. Este adiantamento serve como garantia financeira em caso de cancelamento do cliente. O restante pagamento poder\u00e1 ser feito no dia do passeio, seja com cart\u00e3o de cr\u00e9dito ou em dinheiro. Esteja ciente de que s\u00f3 podemos confirmar sua reserva ap\u00f3s o recebimento do pagamento inicial 20%. Se desejar cancelar o passeio, voc\u00ea pode faz\u00ea-lo at\u00e9 30 dias antes da data do passeio e receber um reembolso total.<\/p><p>Para mais op\u00e7\u00f5es de passeios e variedade de experi\u00eancias, convidamos voc\u00ea a explorar nossa sele\u00e7\u00e3o em nosso site: <a href=\"https:\/\/swissxplorer.com\/pt\/\">Swiss Xplorer<\/a>. Descubra as possibilidades e crie mem\u00f3rias inesquec\u00edveis de sua viagem pela Su\u00ed\u00e7a.<\/p><p>Consulte nossos Termos e Condi\u00e7\u00f5es aqui: <a href=\"https:\/\/swissxplorer.com\/pt\/politica-de-privacidade\/\" target=\"_blank\" rel=\"noopener\">termos e Condi\u00e7\u00f5es<\/a><\/p><\/p>","protected":false},"excerpt":{"rendered":"<p>Descubra o encanto das mais serenas aldeias de montanha num passeio que ficar\u00e1 para sempre na sua mem\u00f3ria. Cada destino tem uma beleza pitoresca distinta que cativar\u00e1 seus sentidos. Nosso passeio cuidadosamente elaborado foi projetado para gui\u00e1-lo por essas paisagens inspiradoras e criar uma jornada inesquec\u00edvel.<\/p>","protected":false},"featured_media":6849,"comment_status":"open","ping_status":"closed","template":"","meta":[],"product_cat":[98,89],"product_tag":[222,218,220,224,223],"class_list":["post-6097","product","type-product","status-publish","has-post-thumbnail","hentry","product_cat-all","product_cat-lucerne","product_tag-crash-landing-on-you-day-trip-switzerland","product_tag-crash-landing-on-you-tour-switzerland","product_tag-crash-landing-on-you-tour-to-filming-spots-in-switzerland","product_tag-remove-term-cloy-tour-in-switzerland-cloy-tour-in-switzerland","product_tag-remove-term-crash-landing-on-you-tour-switzerland-to-the-house-crash-landing-on-you-tour-switzerland-to-the-house"],"acf":[],"yoast_head":"<!-- This site is optimized with the Yoast SEO plugin v21.7 - https:\/\/yoast.com\/wordpress\/plugins\/seo\/ -->\n<title>Crash Landing on Your - Private Tour in Switzerland<\/title>\n<meta name=\"description\" content=\"Crash Landing on Your - Private Tour in Switzerland, a trip tailored for CLOY fans! Explore the stunning locations showcased in the beloved series.\" \/>\n<meta name=\"robots\" content=\"index, follow, max-snippet:-1, max-image-preview:large, max-video-preview:-1\" \/>\n<link rel=\"canonical\" href=\"https:\/\/swissxplorer.com\/pt\/tours\/pousando-no-amor-tour-privado-na-suica\/\" \/>\n<meta property=\"og:locale\" content=\"pt_BR\" \/>\n<meta property=\"og:type\" content=\"article\" \/>\n<meta property=\"og:title\" content=\"Crash Landing on Your - Private Tour in Switzerland\" \/>\n<meta property=\"og:description\" content=\"Crash Landing on Your - Private Tour in Switzerland, a trip tailored for CLOY fans! Explore the stunning locations showcased in the beloved series.\" \/>\n<meta property=\"og:url\" content=\"https:\/\/swissxplorer.com\/pt\/tours\/pousando-no-amor-tour-privado-na-suica\/\" \/>\n<meta property=\"og:site_name\" content=\"Swiss Xplorer\" \/>\n<meta property=\"article:modified_time\" content=\"2024-09-03T09:17:59+00:00\" \/>\n<meta property=\"og:image\" content=\"http:\/\/swissxplorer.com\/wp-content\/uploads\/2023\/05\/tour-Crash-landing-on-you-switzerland-scaled.jpg\" \/>\n\t<meta property=\"og:image:width\" content=\"2560\" \/>\n\t<meta property=\"og:image:height\" content=\"1920\" \/>\n\t<meta property=\"og:image:type\" content=\"image\/jpeg\" \/>\n<meta name=\"twitter:card\" content=\"summary_large_image\" \/>\n<meta name=\"twitter:label1\" content=\"Est. tempo de leitura\" \/>\n\t<meta name=\"twitter:data1\" content=\"3 minutos\" \/>\n<script type=\"application\/ld+json\" class=\"yoast-schema-graph\">{\"@context\":\"https:\/\/schema.org\",\"@graph\":[{\"@type\":\"WebPage\",\"@id\":\"https:\/\/swissxplorer.com\/tours\/crash-landing-on-your-tour-switzerland\/\",\"url\":\"https:\/\/swissxplorer.com\/tours\/crash-landing-on-your-tour-switzerland\/\",\"name\":\"Crash Landing on Your - Private Tour in Switzerland\",\"isPartOf\":{\"@id\":\"https:\/\/swissxplorer.com\/#website\"},\"datePublished\":\"2023-05-18T14:30:27+00:00\",\"dateModified\":\"2024-09-03T09:17:59+00:00\",\"description\":\"Crash Landing on Your - Private Tour in Switzerland, a trip tailored for CLOY fans! Explore the stunning locations showcased in the beloved series.\",\"breadcrumb\":{\"@id\":\"https:\/\/swissxplorer.com\/tours\/crash-landing-on-your-tour-switzerland\/#breadcrumb\"},\"inLanguage\":\"pt-BR\",\"potentialAction\":[{\"@type\":\"ReadAction\",\"target\":[\"https:\/\/swissxplorer.com\/tours\/crash-landing-on-your-tour-switzerland\/\"]}]},{\"@type\":\"BreadcrumbList\",\"@id\":\"https:\/\/swissxplorer.com\/tours\/crash-landing-on-your-tour-switzerland\/#breadcrumb\",\"itemListElement\":[{\"@type\":\"ListItem\",\"position\":1,\"name\":\"Home\",\"item\":\"https:\/\/swissxplorer.com\/\"},{\"@type\":\"ListItem\",\"position\":2,\"name\":\"Tours\",\"item\":\"https:\/\/swissxplorer.com\/tours\/\"},{\"@type\":\"ListItem\",\"position\":3,\"name\":\"Crash Landing on Your &#8211; Private Tour in Switzerland\"}]},{\"@type\":\"WebSite\",\"@id\":\"https:\/\/swissxplorer.com\/#website\",\"url\":\"https:\/\/swissxplorer.com\/\",\"name\":\"Swiss Xplorer\",\"description\":\"Tours in Switzerland\",\"potentialAction\":[{\"@type\":\"SearchAction\",\"target\":{\"@type\":\"EntryPoint\",\"urlTemplate\":\"https:\/\/swissxplorer.com\/?s={search_term_string}\"},\"query-input\":\"required name=search_term_string\"}],\"inLanguage\":\"pt-BR\"}]}<\/script>\n<!-- \/ Yoast SEO plugin. -->","yoast_head_json":{"title":"Crash Landing on Your - Private Tour in Switzerland","description":"Crash Landing on Your - Private Tour in Switzerland, a trip tailored for CLOY fans! Explore the stunning locations showcased in the beloved series.","robots":{"index":"index","follow":"follow","max-snippet":"max-snippet:-1","max-image-preview":"max-image-preview:large","max-video-preview":"max-video-preview:-1"},"canonical":"https:\/\/swissxplorer.com\/pt\/tours\/pousando-no-amor-tour-privado-na-suica\/","og_locale":"pt_BR","og_type":"article","og_title":"Crash Landing on Your - Private Tour in Switzerland","og_description":"Crash Landing on Your - Private Tour in Switzerland, a trip tailored for CLOY fans! Explore the stunning locations showcased in the beloved series.","og_url":"https:\/\/swissxplorer.com\/pt\/tours\/pousando-no-amor-tour-privado-na-suica\/","og_site_name":"Swiss Xplorer","article_modified_time":"2024-09-03T09:17:59+00:00","og_image":[{"width":2560,"height":1920,"url":"http:\/\/swissxplorer.com\/wp-content\/uploads\/2023\/05\/tour-Crash-landing-on-you-switzerland-scaled.jpg","type":"image\/jpeg"}],"twitter_card":"summary_large_image","twitter_misc":{"Est. tempo de leitura":"3 minutos"},"schema":{"@context":"https:\/\/schema.org","@graph":[{"@type":"WebPage","@id":"https:\/\/swissxplorer.com\/tours\/crash-landing-on-your-tour-switzerland\/","url":"https:\/\/swissxplorer.com\/tours\/crash-landing-on-your-tour-switzerland\/","name":"Crash Landing on Your - Private Tour in Switzerland","isPartOf":{"@id":"https:\/\/swissxplorer.com\/#website"},"datePublished":"2023-05-18T14:30:27+00:00","dateModified":"2024-09-03T09:17:59+00:00","description":"Crash Landing on Your - Private Tour in Switzerland, a trip tailored for CLOY fans! Explore the stunning locations showcased in the beloved series.","breadcrumb":{"@id":"https:\/\/swissxplorer.com\/tours\/crash-landing-on-your-tour-switzerland\/#breadcrumb"},"inLanguage":"pt-BR","potentialAction":[{"@type":"ReadAction","target":["https:\/\/swissxplorer.com\/tours\/crash-landing-on-your-tour-switzerland\/"]}]},{"@type":"BreadcrumbList","@id":"https:\/\/swissxplorer.com\/tours\/crash-landing-on-your-tour-switzerland\/#breadcrumb","itemListElement":[{"@type":"ListItem","position":1,"name":"Home","item":"https:\/\/swissxplorer.com\/"},{"@type":"ListItem","position":2,"name":"Tours","item":"https:\/\/swissxplorer.com\/tours\/"},{"@type":"ListItem","position":3,"name":"Crash Landing on Your &#8211; Private Tour in Switzerland"}]},{"@type":"WebSite","@id":"https:\/\/swissxplorer.com\/#website","url":"https:\/\/swissxplorer.com\/","name":"Swiss Xplorer","description":"Tours in Switzerland","potentialAction":[{"@type":"SearchAction","target":{"@type":"EntryPoint","urlTemplate":"https:\/\/swissxplorer.com\/?s={search_term_string}"},"query-input":"required name=search_term_string"}],"inLanguage":"pt-BR"}]}},"_links":{"self":[{"href":"https:\/\/swissxplorer.com\/pt\/wp-json\/wp\/v2\/product\/6097","targetHints":{"allow":["GET"]}}],"collection":[{"href":"https:\/\/swissxplorer.com\/pt\/wp-json\/wp\/v2\/product"}],"about":[{"href":"https:\/\/swissxplorer.com\/pt\/wp-json\/wp\/v2\/types\/product"}],"replies":[{"embeddable":true,"href":"https:\/\/swissxplorer.com\/pt\/wp-json\/wp\/v2\/comments?post=6097"}],"wp:featuredmedia":[{"embeddable":true,"href":"https:\/\/swissxplorer.com\/pt\/wp-json\/wp\/v2\/media\/6849"}],"wp:attachment":[{"href":"https:\/\/swissxplorer.com\/pt\/wp-json\/wp\/v2\/media?parent=6097"}],"wp:term":[{"taxonomy":"product_cat","embeddable":true,"href":"https:\/\/swissxplorer.com\/pt\/wp-json\/wp\/v2\/product_cat?post=6097"},{"taxonomy":"product_tag","embeddable":true,"href":"https:\/\/swissxplorer.com\/pt\/wp-json\/wp\/v2\/product_tag?post=6097"}],"curies":[{"name":"wp","href":"https:\/\/api.w.org\/{rel}","templated":true}]}}