{"id":5609,"date":"2023-04-24T19:49:55","date_gmt":"2023-04-24T17:49:55","guid":{"rendered":"https:\/\/swissxplorer.com\/?post_type=product&#038;p=5609"},"modified":"2023-12-19T18:52:46","modified_gmt":"2023-12-19T17:52:46","slug":"tour-to-cheese-factory-from-zurich","status":"publish","type":"product","link":"https:\/\/swissxplorer.com\/pt\/tours\/excursao-privada-a-fabrica-de-queijos-de-zurique-2\/","title":{"rendered":"<p>Tour \u00e0 f\u00e1brica de queijo de Zurique (privado)<\/p>"},"content":{"rendered":"<h2><span style=\"font-weight: 400;\"><strong>Mergulhe na hist\u00f3ria do queijo su\u00ed\u00e7o<\/strong><\/span><p><span style=\"font-weight: 400;\">Mergulhe nos aspectos \u00fanicos da hist\u00f3ria do queijo su\u00ed\u00e7o em uma excurs\u00e3o privada \u00e0 F\u00e1brica de Queijo saindo de Zurique. O Swiss Emmentaler foi eleito o melhor queijo do mundo em 2014! <\/span><\/p><h3><strong>Experi\u00eancias personalizadas para explora\u00e7\u00f5es de queijo inesquec\u00edveis<\/strong><\/h3><p><span style=\"font-weight: 400;\">A f\u00e1brica fica a 1h30min de Zurique, e o passeio come\u00e7a com uma vista panor\u00e2mica do interior da Su\u00ed\u00e7a.&nbsp;<\/span><\/p><p><span style=\"font-weight: 400;\">Na queijaria, embarcaremos em uma viagem de 20 minutos por salas subterr\u00e2neas. Estas salas apresentam a hist\u00f3ria da queijaria e suas t\u00e9cnicas de produ\u00e7\u00e3o de forma divertida. Nesta pequena f\u00e1brica, tradi\u00e7\u00e3o e modernidade se unem. Aqui, voc\u00ea ter\u00e1 a oportunidade de provar o queijo Emmentaler, famoso por seus orif\u00edcios diferenciados, e testemunhar o processo de produ\u00e7\u00e3o do queijo.&nbsp;<\/span><\/p><p><span style=\"font-weight: 400;\">Nosso guia ir\u00e1 fotografar voc\u00ea e sua fam\u00edlia ao longo do passeio proporcionando imagens marcantes e as melhores lembran\u00e7as!<\/span><\/p><h3>M\u00e1gica da f\u00e1brica de queijos com conveni\u00eancia sem estresse<\/h3><p>Voc\u00ea n\u00e3o ter\u00e1 que se preocupar com nada! Faremos a reserva, compraremos os ingressos e passaremos para busc\u00e1-lo no seu hotel em Zurique para o Tour \u00e0 F\u00e1brica de Queijo. Garantindo sempre que a sua viagem pela queijaria acontece ao seu ritmo, sem pressa. Ao final do tour pela f\u00e1brica e visita \u00e0 loja, voc\u00ea ter\u00e1 a op\u00e7\u00e3o de saborear um t\u00edpico fondue para almo\u00e7ar em seu restaurante.<\/p><p><span style=\"font-weight: 400;\">O queijo \u00e9 uma grande parte da cultura su\u00ed\u00e7a; portanto, voc\u00ea n\u00e3o pode visitar a Su\u00ed\u00e7a sem visitar uma f\u00e1brica de queijos.<\/span><\/p><p><span style=\"font-weight: 400;\">Mediante solicita\u00e7\u00e3o, tamb\u00e9m podemos adaptar sua viagem para necessidades especiais.<br>\n<\/span><\/p><h3><strong>Processo de reserva e pagamento:<\/strong><\/h3><p>Para confirmar o pre\u00e7o do passeio, informe o n\u00famero de participantes no campo de dados ao lado direito. O valor acima ser\u00e1 atualizado automaticamente.<\/p><p>Para iniciar o processo de reserva, por favor, forne\u00e7a os detalhes necess\u00e1rios para a viagem. Em seguida, enviaremos prontamente um e-mail confirmando a disponibilidade de datas. Posteriormente, um link de pagamento seguro ser\u00e1 fornecido para voc\u00ea fazer um adiantamento 20% e garantir a data selecionada. Este adiantamento serve como garantia financeira em caso de cancelamento do cliente. O restante pagamento poder\u00e1 ser feito no dia do passeio, seja com cart\u00e3o de cr\u00e9dito ou em dinheiro. Esteja ciente de que s\u00f3 podemos confirmar sua reserva ap\u00f3s o recebimento do pagamento inicial 20%. Se desejar cancelar o passeio, voc\u00ea pode faz\u00ea-lo at\u00e9 30 dias antes da data do passeio e receber um reembolso total.<\/p><p>Para mais op\u00e7\u00f5es de passeios e variedade de experi\u00eancias, convidamos voc\u00ea a explorar nossa sele\u00e7\u00e3o em nosso site: <a href=\"https:\/\/swissxplorer.com\/pt\/\">Swiss Xplorer<\/a>. Descubra as possibilidades e crie mem\u00f3rias inesquec\u00edveis de sua viagem pela Su\u00ed\u00e7a.<\/p><\/h2>","protected":false},"excerpt":{"rendered":"<p><span style=\"font-weight: 400;\">Visite a tradicional e aut\u00eantica produ\u00e7\u00e3o de queijo na<\/span> <span style=\"font-weight: 400;\">campo su\u00ed\u00e7o.<\/span><\/p>","protected":false},"featured_media":5646,"comment_status":"open","ping_status":"closed","template":"","meta":[],"product_cat":[98,44],"product_tag":[209,191,207,208,210,180,211,130,88,87,176,67],"class_list":["post-5609","product","type-product","status-publish","has-post-thumbnail","hentry","brw_type_of_tour-all","brw_type_of_tour-half-day-tour","product_cat-all","product_cat-zurich","product_tag-best-cheese-tour-zurich","product_tag-best-day-trips-from-zurich","product_tag-cheese-experience-zurich","product_tag-cheese-factory-zurich","product_tag-guided-tour-cheese-factory","product_tag-guided-tours-from-zurich","product_tag-private-tour-cheese-factory","product_tag-tour-to-cheese-factory-from-zurich","product_tag-walen","product_tag-zurich","product_tag-zurich-attractions","product_tag-zurichtour"],"acf":[],"yoast_head":"<!-- This site is optimized with the Yoast SEO plugin v21.7 - https:\/\/yoast.com\/wordpress\/plugins\/seo\/ -->\n<title>Tour to Cheese Factory from Zurich Swiss (Private)<\/title>\n<meta name=\"description\" content=\"Searching for Tour to Cheese Factory from Zurich Swiss? Discover the cheese-making tradition craftsmanship, and savor the mouthwatering flavors of authentic Swiss cheese.\" \/>\n<meta name=\"robots\" content=\"index, follow, max-snippet:-1, max-image-preview:large, max-video-preview:-1\" \/>\n<link rel=\"canonical\" href=\"https:\/\/swissxplorer.com\/pt\/tours\/excursao-privada-a-fabrica-de-queijos-de-zurique-2\/\" \/>\n<meta property=\"og:locale\" content=\"pt_BR\" \/>\n<meta property=\"og:type\" content=\"article\" \/>\n<meta property=\"og:title\" content=\"Tour to Cheese Factory from Zurich Swiss (Private)\" \/>\n<meta property=\"og:description\" content=\"Searching for Tour to Cheese Factory from Zurich Swiss? Discover the cheese-making tradition craftsmanship, and savor the mouthwatering flavors of authentic Swiss cheese.\" \/>\n<meta property=\"og:url\" content=\"https:\/\/swissxplorer.com\/pt\/tours\/excursao-privada-a-fabrica-de-queijos-de-zurique-2\/\" \/>\n<meta property=\"og:site_name\" content=\"Swiss Xplorer\" \/>\n<meta property=\"article:modified_time\" content=\"2023-12-19T17:52:46+00:00\" \/>\n<meta property=\"og:image\" content=\"http:\/\/swissxplorer.com\/wp-content\/uploads\/2023\/04\/IMG_8688.jpg\" \/>\n\t<meta property=\"og:image:width\" content=\"2122\" \/>\n\t<meta property=\"og:image:height\" content=\"1368\" \/>\n\t<meta property=\"og:image:type\" content=\"image\/jpeg\" \/>\n<meta name=\"twitter:card\" content=\"summary_large_image\" \/>\n<meta name=\"twitter:label1\" content=\"Est. tempo de leitura\" \/>\n\t<meta name=\"twitter:data1\" content=\"2 minutos\" \/>\n<script type=\"application\/ld+json\" class=\"yoast-schema-graph\">{\"@context\":\"https:\/\/schema.org\",\"@graph\":[{\"@type\":\"WebPage\",\"@id\":\"https:\/\/swissxplorer.com\/tours\/tour-to-cheese-factory-from-zurich\/\",\"url\":\"https:\/\/swissxplorer.com\/tours\/tour-to-cheese-factory-from-zurich\/\",\"name\":\"Tour to Cheese Factory from Zurich Swiss (Private)\",\"isPartOf\":{\"@id\":\"https:\/\/swissxplorer.com\/#website\"},\"datePublished\":\"2023-04-24T17:49:55+00:00\",\"dateModified\":\"2023-12-19T17:52:46+00:00\",\"description\":\"Searching for Tour to Cheese Factory from Zurich Swiss? Discover the cheese-making tradition craftsmanship, and savor the mouthwatering flavors of authentic Swiss cheese.\",\"breadcrumb\":{\"@id\":\"https:\/\/swissxplorer.com\/tours\/tour-to-cheese-factory-from-zurich\/#breadcrumb\"},\"inLanguage\":\"pt-BR\",\"potentialAction\":[{\"@type\":\"ReadAction\",\"target\":[\"https:\/\/swissxplorer.com\/tours\/tour-to-cheese-factory-from-zurich\/\"]}]},{\"@type\":\"BreadcrumbList\",\"@id\":\"https:\/\/swissxplorer.com\/tours\/tour-to-cheese-factory-from-zurich\/#breadcrumb\",\"itemListElement\":[{\"@type\":\"ListItem\",\"position\":1,\"name\":\"Home\",\"item\":\"https:\/\/swissxplorer.com\/\"},{\"@type\":\"ListItem\",\"position\":2,\"name\":\"Tours\",\"item\":\"https:\/\/swissxplorer.com\/tours\/\"},{\"@type\":\"ListItem\",\"position\":3,\"name\":\"Tour to Cheese Factory from Zurich (Private)\"}]},{\"@type\":\"WebSite\",\"@id\":\"https:\/\/swissxplorer.com\/#website\",\"url\":\"https:\/\/swissxplorer.com\/\",\"name\":\"Swiss Xplorer\",\"description\":\"Tours in Switzerland\",\"potentialAction\":[{\"@type\":\"SearchAction\",\"target\":{\"@type\":\"EntryPoint\",\"urlTemplate\":\"https:\/\/swissxplorer.com\/?s={search_term_string}\"},\"query-input\":\"required name=search_term_string\"}],\"inLanguage\":\"pt-BR\"}]}<\/script>\n<!-- \/ Yoast SEO plugin. -->","yoast_head_json":{"title":"Tour to Cheese Factory from Zurich Swiss (Private)","description":"Searching for Tour to Cheese Factory from Zurich Swiss? Discover the cheese-making tradition craftsmanship, and savor the mouthwatering flavors of authentic Swiss cheese.","robots":{"index":"index","follow":"follow","max-snippet":"max-snippet:-1","max-image-preview":"max-image-preview:large","max-video-preview":"max-video-preview:-1"},"canonical":"https:\/\/swissxplorer.com\/pt\/tours\/excursao-privada-a-fabrica-de-queijos-de-zurique-2\/","og_locale":"pt_BR","og_type":"article","og_title":"Tour to Cheese Factory from Zurich Swiss (Private)","og_description":"Searching for Tour to Cheese Factory from Zurich Swiss? Discover the cheese-making tradition craftsmanship, and savor the mouthwatering flavors of authentic Swiss cheese.","og_url":"https:\/\/swissxplorer.com\/pt\/tours\/excursao-privada-a-fabrica-de-queijos-de-zurique-2\/","og_site_name":"Swiss Xplorer","article_modified_time":"2023-12-19T17:52:46+00:00","og_image":[{"width":2122,"height":1368,"url":"http:\/\/swissxplorer.com\/wp-content\/uploads\/2023\/04\/IMG_8688.jpg","type":"image\/jpeg"}],"twitter_card":"summary_large_image","twitter_misc":{"Est. tempo de leitura":"2 minutos"},"schema":{"@context":"https:\/\/schema.org","@graph":[{"@type":"WebPage","@id":"https:\/\/swissxplorer.com\/tours\/tour-to-cheese-factory-from-zurich\/","url":"https:\/\/swissxplorer.com\/tours\/tour-to-cheese-factory-from-zurich\/","name":"Tour to Cheese Factory from Zurich Swiss (Private)","isPartOf":{"@id":"https:\/\/swissxplorer.com\/#website"},"datePublished":"2023-04-24T17:49:55+00:00","dateModified":"2023-12-19T17:52:46+00:00","description":"Searching for Tour to Cheese Factory from Zurich Swiss? Discover the cheese-making tradition craftsmanship, and savor the mouthwatering flavors of authentic Swiss cheese.","breadcrumb":{"@id":"https:\/\/swissxplorer.com\/tours\/tour-to-cheese-factory-from-zurich\/#breadcrumb"},"inLanguage":"pt-BR","potentialAction":[{"@type":"ReadAction","target":["https:\/\/swissxplorer.com\/tours\/tour-to-cheese-factory-from-zurich\/"]}]},{"@type":"BreadcrumbList","@id":"https:\/\/swissxplorer.com\/tours\/tour-to-cheese-factory-from-zurich\/#breadcrumb","itemListElement":[{"@type":"ListItem","position":1,"name":"Home","item":"https:\/\/swissxplorer.com\/"},{"@type":"ListItem","position":2,"name":"Tours","item":"https:\/\/swissxplorer.com\/tours\/"},{"@type":"ListItem","position":3,"name":"Tour to Cheese Factory from Zurich (Private)"}]},{"@type":"WebSite","@id":"https:\/\/swissxplorer.com\/#website","url":"https:\/\/swissxplorer.com\/","name":"Swiss Xplorer","description":"Tours in Switzerland","potentialAction":[{"@type":"SearchAction","target":{"@type":"EntryPoint","urlTemplate":"https:\/\/swissxplorer.com\/?s={search_term_string}"},"query-input":"required name=search_term_string"}],"inLanguage":"pt-BR"}]}},"_links":{"self":[{"href":"https:\/\/swissxplorer.com\/pt\/wp-json\/wp\/v2\/product\/5609","targetHints":{"allow":["GET"]}}],"collection":[{"href":"https:\/\/swissxplorer.com\/pt\/wp-json\/wp\/v2\/product"}],"about":[{"href":"https:\/\/swissxplorer.com\/pt\/wp-json\/wp\/v2\/types\/product"}],"replies":[{"embeddable":true,"href":"https:\/\/swissxplorer.com\/pt\/wp-json\/wp\/v2\/comments?post=5609"}],"wp:featuredmedia":[{"embeddable":true,"href":"https:\/\/swissxplorer.com\/pt\/wp-json\/wp\/v2\/media\/5646"}],"wp:attachment":[{"href":"https:\/\/swissxplorer.com\/pt\/wp-json\/wp\/v2\/media?parent=5609"}],"wp:term":[{"taxonomy":"product_cat","embeddable":true,"href":"https:\/\/swissxplorer.com\/pt\/wp-json\/wp\/v2\/product_cat?post=5609"},{"taxonomy":"product_tag","embeddable":true,"href":"https:\/\/swissxplorer.com\/pt\/wp-json\/wp\/v2\/product_tag?post=5609"}],"curies":[{"name":"wp","href":"https:\/\/api.w.org\/{rel}","templated":true}]}}