{"id":5144,"date":"2023-04-03T20:01:19","date_gmt":"2023-04-03T18:01:19","guid":{"rendered":"http:\/\/swissxplorer.com\/?post_type=product&#038;p=5144"},"modified":"2023-08-31T16:09:11","modified_gmt":"2023-08-31T14:09:11","slug":"tour-from-lucerne-to-lakes-and-alpine-villages","status":"publish","type":"product","link":"https:\/\/swissxplorer.com\/pt\/tours\/excursao-alpes-suicos-de-lucerna-viagem-privada-a-lagos-e-aldeias-alpinas\/","title":{"rendered":"<p>Tour aos Alpes Su\u00ed\u00e7os saindo de Lucerna? viagem privada de um dia a lagos e aldeias alpinas<\/p>"},"content":{"rendered":"<h2><strong> Descubra o esplendor alpino dos Alpes su\u00ed\u00e7os<\/strong><p>Explore os Alpes su\u00ed\u00e7os com um tour privado de Lucerna a lagos e aldeias alpinas. Descubra a regi\u00e3o mais bonita da Su\u00ed\u00e7a em apenas um dia! A Su\u00ed\u00e7a como um todo \u00e9 inegavelmente bela. No entanto, \u00e9 a regi\u00e3o de Bernese Oberland que se destaca, com seus picos mais altos chegando a mais de 4.000 metros acima do n\u00edvel do mar. A excurs\u00e3o de um dia inteiro otimiza sua viagem e permite que voc\u00ea experimente uma infinidade de pontos tur\u00edsticos em apenas um dia.<\/p><h3><strong>Uma viagem panor\u00e2mica pelos Alpes Su\u00ed\u00e7os<\/strong><\/h3><p>De Lucerna, embarque em uma viagem de ida e volta de 185 km em um confort\u00e1vel V Class Mercedes. Durante sua jornada, voc\u00ea ser\u00e1 recompensado com paisagens de tirar o f\u00f4lego. Al\u00e9m disso, haver\u00e1 paradas espont\u00e2neas em mirantes, proporcionando amplas oportunidades para capturar fotos memor\u00e1veis.<\/p><p><span style=\"font-weight: 400;\">Seu guia o levar\u00e1 direto ao ponto m\u00e1gico das imperd\u00edveis aldeias de contos de fadas no interior da Su\u00ed\u00e7a, fornecendo muitas informa\u00e7\u00f5es sobre a regi\u00e3o. Descubra as melhores aldeias alpinas fora do caminho em locais remotos onde voc\u00ea pode desacelerar, conectar-se com a energia da natureza, respirar o ar puro dos Alpes e sentir-se totalmente renovado. Voc\u00ea tamb\u00e9m poder\u00e1 ver duas geleiras (mesmo no ver\u00e3o) e fazer um curto passeio no trem local.&nbsp;&nbsp;<\/span><\/p><p><span style=\"font-weight: 400;\">Nosso guia ir\u00e1 fotografar voc\u00ea e sua fam\u00edlia ao longo do tour Swiss Alps Tour, proporcionando imagens marcantes e as melhores lembran\u00e7as!&nbsp;<\/span><\/p><h3><strong>Explora\u00e7\u00e3o sem pressa \u2013 Lagos e vilas alpinas \u2013 saindo de Lucerna<\/strong><\/h3><p><span style=\"font-weight: 400;\">Uma viagem \u00e0 Su\u00ed\u00e7a n\u00e3o pode ser considerada completa sem uma visita aos impressionantes Alpes Su\u00ed\u00e7os, certo? \u00c9 por isso que selecionamos nossas 3 aldeias alpinas favoritas para apresentar a voc\u00ea o que h\u00e1 de melhor na Su\u00ed\u00e7a, a verdadeira cereja do bolo. E voc\u00ea pode aproveitar cada um deles no seu tempo e ritmo, sem pressa. Mediante solicita\u00e7\u00e3o, tamb\u00e9m podemos adaptar sua viagem para necessidades especiais. Se voc\u00ea estiver hospedado em Lucerna, nossa excurs\u00e3o de dia inteiro saindo de Lucerna at\u00e9 lagos e vilas alpinas \u00e9 a escolha ideal para mergulhar na beleza cativante da regi\u00e3o alpina.&nbsp;<\/span><\/p><h3><strong>Processo de reserva e pagamento:<\/strong><\/h3><p>Para confirmar o pre\u00e7o do passeio, informe o n\u00famero de participantes no campo de dados ao lado direito. O valor acima ser\u00e1 atualizado automaticamente.<\/p><p>Para iniciar o processo de reserva, por favor, forne\u00e7a os detalhes necess\u00e1rios para a viagem. Em seguida, enviaremos prontamente um e-mail confirmando a disponibilidade de datas. Posteriormente, um link de pagamento seguro ser\u00e1 fornecido para voc\u00ea fazer um adiantamento 20% e garantir a data selecionada. Este adiantamento serve como garantia financeira em caso de cancelamento do cliente. O restante pagamento poder\u00e1 ser feito no dia do passeio, seja com cart\u00e3o de cr\u00e9dito ou em dinheiro. Esteja ciente de que s\u00f3 podemos confirmar sua reserva ap\u00f3s o recebimento do pagamento inicial 20%. Se desejar cancelar o passeio, voc\u00ea pode faz\u00ea-lo at\u00e9 30 dias antes da data do passeio e receber um reembolso total.<\/p><p>Para mais op\u00e7\u00f5es de passeios e variedade de experi\u00eancias, convidamos voc\u00ea a explorar nossa sele\u00e7\u00e3o em nosso site: <a href=\"https:\/\/swissxplorer.com\/pt\/\">Swiss Xplorer<\/a>. Descubra as possibilidades e crie mem\u00f3rias inesquec\u00edveis de sua viagem pela Su\u00ed\u00e7a.<\/p><p>Consulte nossos Termos e Condi\u00e7\u00f5es aqui: <a href=\"https:\/\/swissxplorer.com\/pt\/politica-de-privacidade\/\" target=\"_blank\" rel=\"noopener\">termos e Condi\u00e7\u00f5es<\/a><\/p><\/h2>","protected":false},"excerpt":{"rendered":"<p>Descubra o encanto das mais serenas aldeias de montanha num passeio que ficar\u00e1 para sempre na sua mem\u00f3ria. Cada destino tem uma beleza pitoresca distinta que cativar\u00e1 seus sentidos. Nosso passeio cuidadosamente elaborado foi projetado para gui\u00e1-lo por essas paisagens inspiradoras e criar uma jornada inesquec\u00edvel.<\/p>","protected":false},"featured_media":5647,"comment_status":"open","ping_status":"closed","template":"","meta":[],"product_cat":[98,89],"product_tag":[49,90,102,100,104,105,47],"class_list":["post-5144","product","type-product","status-publish","has-post-thumbnail","hentry","brw_type_of_tour-all","brw_type_of_tour-day-trip","product_cat-all","product_cat-lucerne","product_tag-holidayinswitzerland","product_tag-lucerne","product_tag-luxury-alpine-tours-in-switzerland","product_tag-private-guided-tours-of-the-swiss-alps","product_tag-private-tour-to-lauterbrunnen-from-lucerne","product_tag-private-tour-to-the-alps-from-lucerne","product_tag-privatetourinswitzerland"],"acf":[],"yoast_head":"<!-- This site is optimized with the Yoast SEO plugin v21.7 - https:\/\/yoast.com\/wordpress\/plugins\/seo\/ -->\n<title>Tour from Lucerne to lakes and alpine villages<\/title>\n<meta name=\"description\" content=\"Private Tour from Lucerne to explore enchanting lakes and alpine villages. Discover the undeniable charm of handpicked, picturesque mountains and villages.\" \/>\n<meta name=\"robots\" content=\"index, follow, max-snippet:-1, max-image-preview:large, max-video-preview:-1\" \/>\n<link rel=\"canonical\" href=\"https:\/\/swissxplorer.com\/pt\/tours\/excursao-alpes-suicos-de-lucerna-viagem-privada-a-lagos-e-aldeias-alpinas\/\" \/>\n<meta property=\"og:locale\" content=\"pt_BR\" \/>\n<meta property=\"og:type\" content=\"article\" \/>\n<meta property=\"og:title\" content=\"Tour from Lucerne to lakes and alpine villages\" \/>\n<meta property=\"og:description\" content=\"Private Tour from Lucerne to explore enchanting lakes and alpine villages. Discover the undeniable charm of handpicked, picturesque mountains and villages.\" \/>\n<meta property=\"og:url\" content=\"https:\/\/swissxplorer.com\/pt\/tours\/excursao-alpes-suicos-de-lucerna-viagem-privada-a-lagos-e-aldeias-alpinas\/\" \/>\n<meta property=\"og:site_name\" content=\"Swiss Xplorer\" \/>\n<meta property=\"article:modified_time\" content=\"2023-08-31T14:09:11+00:00\" \/>\n<meta property=\"og:image\" content=\"http:\/\/swissxplorer.com\/wp-content\/uploads\/2023\/04\/IMG_6454.jpg\" \/>\n\t<meta property=\"og:image:width\" content=\"2016\" \/>\n\t<meta property=\"og:image:height\" content=\"1512\" \/>\n\t<meta property=\"og:image:type\" content=\"image\/jpeg\" \/>\n<meta name=\"twitter:card\" content=\"summary_large_image\" \/>\n<meta name=\"twitter:label1\" content=\"Est. tempo de leitura\" \/>\n\t<meta name=\"twitter:data1\" content=\"3 minutos\" \/>\n<script type=\"application\/ld+json\" class=\"yoast-schema-graph\">{\"@context\":\"https:\/\/schema.org\",\"@graph\":[{\"@type\":\"WebPage\",\"@id\":\"https:\/\/swissxplorer.com\/tours\/tour-from-lucerne-to-lakes-and-alpine-villages\/\",\"url\":\"https:\/\/swissxplorer.com\/tours\/tour-from-lucerne-to-lakes-and-alpine-villages\/\",\"name\":\"Tour from Lucerne to lakes and alpine villages\",\"isPartOf\":{\"@id\":\"https:\/\/swissxplorer.com\/#website\"},\"datePublished\":\"2023-04-03T18:01:19+00:00\",\"dateModified\":\"2023-08-31T14:09:11+00:00\",\"description\":\"Private Tour from Lucerne to explore enchanting lakes and alpine villages. Discover the undeniable charm of handpicked, picturesque mountains and villages.\",\"breadcrumb\":{\"@id\":\"https:\/\/swissxplorer.com\/tours\/tour-from-lucerne-to-lakes-and-alpine-villages\/#breadcrumb\"},\"inLanguage\":\"pt-BR\",\"potentialAction\":[{\"@type\":\"ReadAction\",\"target\":[\"https:\/\/swissxplorer.com\/tours\/tour-from-lucerne-to-lakes-and-alpine-villages\/\"]}]},{\"@type\":\"BreadcrumbList\",\"@id\":\"https:\/\/swissxplorer.com\/tours\/tour-from-lucerne-to-lakes-and-alpine-villages\/#breadcrumb\",\"itemListElement\":[{\"@type\":\"ListItem\",\"position\":1,\"name\":\"Home\",\"item\":\"https:\/\/swissxplorer.com\/\"},{\"@type\":\"ListItem\",\"position\":2,\"name\":\"Tours\",\"item\":\"https:\/\/swissxplorer.com\/tours\/\"},{\"@type\":\"ListItem\",\"position\":3,\"name\":\"Swiss Alps Tour from Lucerne \u2013 private day trip to lakes and alpine villages\"}]},{\"@type\":\"WebSite\",\"@id\":\"https:\/\/swissxplorer.com\/#website\",\"url\":\"https:\/\/swissxplorer.com\/\",\"name\":\"Swiss Xplorer\",\"description\":\"Tours in Switzerland\",\"potentialAction\":[{\"@type\":\"SearchAction\",\"target\":{\"@type\":\"EntryPoint\",\"urlTemplate\":\"https:\/\/swissxplorer.com\/?s={search_term_string}\"},\"query-input\":\"required name=search_term_string\"}],\"inLanguage\":\"pt-BR\"}]}<\/script>\n<!-- \/ Yoast SEO plugin. -->","yoast_head_json":{"title":"Tour from Lucerne to lakes and alpine villages","description":"Private Tour from Lucerne to explore enchanting lakes and alpine villages. Discover the undeniable charm of handpicked, picturesque mountains and villages.","robots":{"index":"index","follow":"follow","max-snippet":"max-snippet:-1","max-image-preview":"max-image-preview:large","max-video-preview":"max-video-preview:-1"},"canonical":"https:\/\/swissxplorer.com\/pt\/tours\/excursao-alpes-suicos-de-lucerna-viagem-privada-a-lagos-e-aldeias-alpinas\/","og_locale":"pt_BR","og_type":"article","og_title":"Tour from Lucerne to lakes and alpine villages","og_description":"Private Tour from Lucerne to explore enchanting lakes and alpine villages. Discover the undeniable charm of handpicked, picturesque mountains and villages.","og_url":"https:\/\/swissxplorer.com\/pt\/tours\/excursao-alpes-suicos-de-lucerna-viagem-privada-a-lagos-e-aldeias-alpinas\/","og_site_name":"Swiss Xplorer","article_modified_time":"2023-08-31T14:09:11+00:00","og_image":[{"width":2016,"height":1512,"url":"http:\/\/swissxplorer.com\/wp-content\/uploads\/2023\/04\/IMG_6454.jpg","type":"image\/jpeg"}],"twitter_card":"summary_large_image","twitter_misc":{"Est. tempo de leitura":"3 minutos"},"schema":{"@context":"https:\/\/schema.org","@graph":[{"@type":"WebPage","@id":"https:\/\/swissxplorer.com\/tours\/tour-from-lucerne-to-lakes-and-alpine-villages\/","url":"https:\/\/swissxplorer.com\/tours\/tour-from-lucerne-to-lakes-and-alpine-villages\/","name":"Tour from Lucerne to lakes and alpine villages","isPartOf":{"@id":"https:\/\/swissxplorer.com\/#website"},"datePublished":"2023-04-03T18:01:19+00:00","dateModified":"2023-08-31T14:09:11+00:00","description":"Private Tour from Lucerne to explore enchanting lakes and alpine villages. Discover the undeniable charm of handpicked, picturesque mountains and villages.","breadcrumb":{"@id":"https:\/\/swissxplorer.com\/tours\/tour-from-lucerne-to-lakes-and-alpine-villages\/#breadcrumb"},"inLanguage":"pt-BR","potentialAction":[{"@type":"ReadAction","target":["https:\/\/swissxplorer.com\/tours\/tour-from-lucerne-to-lakes-and-alpine-villages\/"]}]},{"@type":"BreadcrumbList","@id":"https:\/\/swissxplorer.com\/tours\/tour-from-lucerne-to-lakes-and-alpine-villages\/#breadcrumb","itemListElement":[{"@type":"ListItem","position":1,"name":"Home","item":"https:\/\/swissxplorer.com\/"},{"@type":"ListItem","position":2,"name":"Tours","item":"https:\/\/swissxplorer.com\/tours\/"},{"@type":"ListItem","position":3,"name":"Swiss Alps Tour from Lucerne \u2013 private day trip to lakes and alpine villages"}]},{"@type":"WebSite","@id":"https:\/\/swissxplorer.com\/#website","url":"https:\/\/swissxplorer.com\/","name":"Swiss Xplorer","description":"Tours in Switzerland","potentialAction":[{"@type":"SearchAction","target":{"@type":"EntryPoint","urlTemplate":"https:\/\/swissxplorer.com\/?s={search_term_string}"},"query-input":"required name=search_term_string"}],"inLanguage":"pt-BR"}]}},"_links":{"self":[{"href":"https:\/\/swissxplorer.com\/pt\/wp-json\/wp\/v2\/product\/5144","targetHints":{"allow":["GET"]}}],"collection":[{"href":"https:\/\/swissxplorer.com\/pt\/wp-json\/wp\/v2\/product"}],"about":[{"href":"https:\/\/swissxplorer.com\/pt\/wp-json\/wp\/v2\/types\/product"}],"replies":[{"embeddable":true,"href":"https:\/\/swissxplorer.com\/pt\/wp-json\/wp\/v2\/comments?post=5144"}],"wp:featuredmedia":[{"embeddable":true,"href":"https:\/\/swissxplorer.com\/pt\/wp-json\/wp\/v2\/media\/5647"}],"wp:attachment":[{"href":"https:\/\/swissxplorer.com\/pt\/wp-json\/wp\/v2\/media?parent=5144"}],"wp:term":[{"taxonomy":"product_cat","embeddable":true,"href":"https:\/\/swissxplorer.com\/pt\/wp-json\/wp\/v2\/product_cat?post=5144"},{"taxonomy":"product_tag","embeddable":true,"href":"https:\/\/swissxplorer.com\/pt\/wp-json\/wp\/v2\/product_tag?post=5144"}],"curies":[{"name":"wp","href":"https:\/\/api.w.org\/{rel}","templated":true}]}}