{"id":5142,"date":"2023-04-03T19:56:25","date_gmt":"2023-04-03T17:56:25","guid":{"rendered":"http:\/\/swissxplorer.com\/?post_type=product&#038;p=5142"},"modified":"2024-06-29T19:33:31","modified_gmt":"2024-06-29T17:33:31","slug":"tour-interlaken-boat-trip-brienz-lake","status":"publish","type":"product","link":"https:\/\/swissxplorer.com\/pt\/tours\/excursao-de-dia-inteiro-a-interlaken-e-passeio-de-barco-no-lago-de-brienz-saindo-de-lucerna\/","title":{"rendered":"<p>Tour de dia inteiro a Interlaken e passeio de barco no lago Brienz saindo de Lucerna<\/p>"},"content":{"rendered":"<p>A excurs\u00e3o de dia inteiro a Interlaken e passeio de barco no Lago Brienz saindo de Lucerna oferece uma vis\u00e3o deslumbrante de algumas das paisagens mais deslumbrantes que a Su\u00ed\u00e7a tem a oferecer.<h3>Primeira parada<\/h3><p>Sua excurs\u00e3o de dia inteiro come\u00e7a em seu hotel em Lucerna, onde voc\u00ea ser\u00e1 recebido por seu guia e embarcar\u00e1 em um luxuoso Mercedes V Class que o levar\u00e1 a uma das paisagens mais pitorescas do interior da Su\u00ed\u00e7a. O passeio privado de 50 minutos at\u00e9 Interlaken \u00e9 recompensado pelas paisagens maravilhosas e paradas espont\u00e2neas para tirar fotos em mirantes, lagos azul-turquesa e vilarejos charmosos.<\/p><h3>Segunda Parada<\/h3><p>Em Interlaken embarcaremos em um barco para um passeio de 1 hora. Voc\u00ea poder\u00e1 apreciar todos os ambientes que de repente parecem ainda mais m\u00e1gicos do que na vida real: prados, t\u00edpicos chal\u00e9s de madeira su\u00ed\u00e7os e a cor \u00fanica de Brienz: turquesa! Voc\u00ea pode pensar que o fot\u00f3grafo aumentou a satura\u00e7\u00e3o no Photoshop. Por\u00e9m, a cor \u00e9 real devido aos pequenos sedimentos depositados no lago pelo derretimento da geleira.<\/p><h3>Terceira parada<\/h3><p>Este dia memor\u00e1vel continua com um passeio de funicular vintage at\u00e9 o hist\u00f3rico Grand Hotel Giessbach. Aqui voc\u00ea pode fazer uma parada para tomar um caf\u00e9, champanhe ou almo\u00e7ar! Voc\u00ea tamb\u00e9m pode fazer uma curta caminhada opcional para ver o majestoso espet\u00e1culo natural das Cataratas de Giessbach mergulhando no Lago Brienz.<\/p><p>Nosso guia fotografar\u00e1 voc\u00ea e sua fam\u00edlia ao longo do passeio proporcionando imagens incr\u00edveis e as melhores lembran\u00e7as! Voc\u00ea pode aproveitar cada momento no seu tempo e ritmo, sem pressa.<\/p><p>O passeio em Interlaken e passeio de barco no Lago Brienz saindo de Lucerna oferece flexibilidade e personaliza\u00e7\u00e3o para atender \u00e0s suas prefer\u00eancias. Se voc\u00ea tiver requisitos espec\u00edficos, sinta-se \u00e0 vontade para nos informar, e tamb\u00e9m podemos atender a quaisquer necessidades especiais que voc\u00ea possa ter.<\/p><p>&nbsp;<\/p><h3><strong>Processo de reserva e pagamento:<\/strong><\/h3><p>Para confirmar o pre\u00e7o do passeio, informe o n\u00famero de participantes no campo de dados ao lado direito. O valor acima ser\u00e1 atualizado automaticamente.<\/p><p>Para iniciar o seu processo de reserva, por favor forne\u00e7a os dados necess\u00e1rios para a viagem. Em seguida, enviaremos prontamente um e-mail confirmando a disponibilidade de datas. Posteriormente, forneceremos a voc\u00ea um link de pagamento seguro. Este link permitir\u00e1 que voc\u00ea fa\u00e7a um pagamento inicial de 20% e garanta a data selecionada. Este sinal serve como garantia financeira em caso de cancelamento do cliente. O restante pagamento poder\u00e1 ser feito no dia do passeio, seja com cart\u00e3o de cr\u00e9dito ou em dinheiro. Esteja ciente de que s\u00f3 poderemos confirmar sua reserva ap\u00f3s o recebimento do pagamento inicial de 20%. Se desejar cancelar o passeio, voc\u00ea ter\u00e1 a op\u00e7\u00e3o de faz\u00ea-lo at\u00e9 30 dias antes da data do passeio. Nesses casos, voc\u00ea receber\u00e1 um reembolso total.<\/p><p>Para mais op\u00e7\u00f5es de passeios e variedade de experi\u00eancias, convidamos voc\u00ea a explorar nossa sele\u00e7\u00e3o em nosso site: <a href=\"https:\/\/swissxplorer.com\/pt\/\">Swiss Xplorer<\/a>. Descubra as possibilidades e crie mem\u00f3rias inesquec\u00edveis de sua viagem pela Su\u00ed\u00e7a.<\/p><p>Consulte nossos Termos e Condi\u00e7\u00f5es aqui: <a href=\"https:\/\/swissxplorer.com\/pt\/politica-de-privacidade\/\" target=\"_blank\" rel=\"noopener\">termos e Condi\u00e7\u00f5es<\/a><\/p><\/p>","protected":false},"excerpt":{"rendered":"<p>A excurs\u00e3o de dia inteiro a Interlaken e passeio de barco no Lago Brienz saindo de Lucerna oferece uma vis\u00e3o deslumbrante de algumas das paisagens mais deslumbrantes que a Su\u00ed\u00e7a tem a oferecer.<\/p>","protected":false},"featured_media":5648,"comment_status":"open","ping_status":"closed","template":"","meta":[],"product_cat":[98,89],"product_tag":[112,113,118,90,110,111,117,114,116,115,119],"class_list":["post-5142","product","type-product","status-publish","has-post-thumbnail","hentry","brw_type_of_tour-all","brw_type_of_tour-day-trip","product_cat-all","product_cat-lucerne","product_tag-best-private-tours-in-switzerland","product_tag-full-day-tour-to-interlaken","product_tag-guided-tour-to-lake-brienz","product_tag-lucerne","product_tag-luxury-private-tour-switzerland","product_tag-private-tour-guide-in-switzerland","product_tag-tor-from-luzern-to-lake-brienz","product_tag-tour-from-lucerne","product_tag-tour-from-luzern","product_tag-tours-from-lucerne","product_tag-trip-to-brienzersee-from-lucerne"],"acf":[],"yoast_head":"<!-- This site is optimized with the Yoast SEO plugin v21.7 - https:\/\/yoast.com\/wordpress\/plugins\/seo\/ -->\n<title>Tour to Interlaken with Boat Trip on Brienz Lake<\/title>\n<meta name=\"description\" content=\"Experience the Tour to Interlaken, marveling at mountain ranges on a turquoise Lake Brienz boat trip and enjoying panoramic village views.\" \/>\n<meta name=\"robots\" content=\"index, follow, max-snippet:-1, max-image-preview:large, max-video-preview:-1\" \/>\n<link rel=\"canonical\" href=\"https:\/\/swissxplorer.com\/pt\/tours\/excursao-de-dia-inteiro-a-interlaken-e-passeio-de-barco-no-lago-de-brienz-saindo-de-lucerna\/\" \/>\n<meta property=\"og:locale\" content=\"pt_BR\" \/>\n<meta property=\"og:type\" content=\"article\" \/>\n<meta property=\"og:title\" content=\"Tour to Interlaken with Boat Trip on Brienz Lake\" \/>\n<meta property=\"og:description\" content=\"Experience the Tour to Interlaken, marveling at mountain ranges on a turquoise Lake Brienz boat trip and enjoying panoramic village views.\" \/>\n<meta property=\"og:url\" content=\"https:\/\/swissxplorer.com\/pt\/tours\/excursao-de-dia-inteiro-a-interlaken-e-passeio-de-barco-no-lago-de-brienz-saindo-de-lucerna\/\" \/>\n<meta property=\"og:site_name\" content=\"Swiss Xplorer\" \/>\n<meta property=\"article:modified_time\" content=\"2024-06-29T17:33:31+00:00\" \/>\n<meta property=\"og:image\" content=\"http:\/\/swissxplorer.com\/wp-content\/uploads\/2023\/04\/IMG_4853.jpg\" \/>\n\t<meta property=\"og:image:width\" content=\"2016\" \/>\n\t<meta property=\"og:image:height\" content=\"1512\" \/>\n\t<meta property=\"og:image:type\" content=\"image\/jpeg\" \/>\n<meta name=\"twitter:card\" content=\"summary_large_image\" \/>\n<meta name=\"twitter:label1\" content=\"Est. tempo de leitura\" \/>\n\t<meta name=\"twitter:data1\" content=\"3 minutos\" \/>\n<script type=\"application\/ld+json\" class=\"yoast-schema-graph\">{\"@context\":\"https:\/\/schema.org\",\"@graph\":[{\"@type\":\"WebPage\",\"@id\":\"https:\/\/swissxplorer.com\/tours\/tour-interlaken-boat-trip-brienz-lake\/\",\"url\":\"https:\/\/swissxplorer.com\/tours\/tour-interlaken-boat-trip-brienz-lake\/\",\"name\":\"Tour to Interlaken with Boat Trip on Brienz Lake\",\"isPartOf\":{\"@id\":\"https:\/\/swissxplorer.com\/#website\"},\"datePublished\":\"2023-04-03T17:56:25+00:00\",\"dateModified\":\"2024-06-29T17:33:31+00:00\",\"description\":\"Experience the Tour to Interlaken, marveling at mountain ranges on a turquoise Lake Brienz boat trip and enjoying panoramic village views.\",\"breadcrumb\":{\"@id\":\"https:\/\/swissxplorer.com\/tours\/tour-interlaken-boat-trip-brienz-lake\/#breadcrumb\"},\"inLanguage\":\"pt-BR\",\"potentialAction\":[{\"@type\":\"ReadAction\",\"target\":[\"https:\/\/swissxplorer.com\/tours\/tour-interlaken-boat-trip-brienz-lake\/\"]}]},{\"@type\":\"BreadcrumbList\",\"@id\":\"https:\/\/swissxplorer.com\/tours\/tour-interlaken-boat-trip-brienz-lake\/#breadcrumb\",\"itemListElement\":[{\"@type\":\"ListItem\",\"position\":1,\"name\":\"Home\",\"item\":\"https:\/\/swissxplorer.com\/\"},{\"@type\":\"ListItem\",\"position\":2,\"name\":\"Tours\",\"item\":\"https:\/\/swissxplorer.com\/tours\/\"},{\"@type\":\"ListItem\",\"position\":3,\"name\":\"Full Day Tour to Interlaken and Boat Trip on Brienz Lake from Lucerne\"}]},{\"@type\":\"WebSite\",\"@id\":\"https:\/\/swissxplorer.com\/#website\",\"url\":\"https:\/\/swissxplorer.com\/\",\"name\":\"Swiss Xplorer\",\"description\":\"Tours in Switzerland\",\"potentialAction\":[{\"@type\":\"SearchAction\",\"target\":{\"@type\":\"EntryPoint\",\"urlTemplate\":\"https:\/\/swissxplorer.com\/?s={search_term_string}\"},\"query-input\":\"required name=search_term_string\"}],\"inLanguage\":\"pt-BR\"}]}<\/script>\n<!-- \/ Yoast SEO plugin. -->","yoast_head_json":{"title":"Tour to Interlaken with Boat Trip on Brienz Lake","description":"Experience the Tour to Interlaken, marveling at mountain ranges on a turquoise Lake Brienz boat trip and enjoying panoramic village views.","robots":{"index":"index","follow":"follow","max-snippet":"max-snippet:-1","max-image-preview":"max-image-preview:large","max-video-preview":"max-video-preview:-1"},"canonical":"https:\/\/swissxplorer.com\/pt\/tours\/excursao-de-dia-inteiro-a-interlaken-e-passeio-de-barco-no-lago-de-brienz-saindo-de-lucerna\/","og_locale":"pt_BR","og_type":"article","og_title":"Tour to Interlaken with Boat Trip on Brienz Lake","og_description":"Experience the Tour to Interlaken, marveling at mountain ranges on a turquoise Lake Brienz boat trip and enjoying panoramic village views.","og_url":"https:\/\/swissxplorer.com\/pt\/tours\/excursao-de-dia-inteiro-a-interlaken-e-passeio-de-barco-no-lago-de-brienz-saindo-de-lucerna\/","og_site_name":"Swiss Xplorer","article_modified_time":"2024-06-29T17:33:31+00:00","og_image":[{"width":2016,"height":1512,"url":"http:\/\/swissxplorer.com\/wp-content\/uploads\/2023\/04\/IMG_4853.jpg","type":"image\/jpeg"}],"twitter_card":"summary_large_image","twitter_misc":{"Est. tempo de leitura":"3 minutos"},"schema":{"@context":"https:\/\/schema.org","@graph":[{"@type":"WebPage","@id":"https:\/\/swissxplorer.com\/tours\/tour-interlaken-boat-trip-brienz-lake\/","url":"https:\/\/swissxplorer.com\/tours\/tour-interlaken-boat-trip-brienz-lake\/","name":"Tour to Interlaken with Boat Trip on Brienz Lake","isPartOf":{"@id":"https:\/\/swissxplorer.com\/#website"},"datePublished":"2023-04-03T17:56:25+00:00","dateModified":"2024-06-29T17:33:31+00:00","description":"Experience the Tour to Interlaken, marveling at mountain ranges on a turquoise Lake Brienz boat trip and enjoying panoramic village views.","breadcrumb":{"@id":"https:\/\/swissxplorer.com\/tours\/tour-interlaken-boat-trip-brienz-lake\/#breadcrumb"},"inLanguage":"pt-BR","potentialAction":[{"@type":"ReadAction","target":["https:\/\/swissxplorer.com\/tours\/tour-interlaken-boat-trip-brienz-lake\/"]}]},{"@type":"BreadcrumbList","@id":"https:\/\/swissxplorer.com\/tours\/tour-interlaken-boat-trip-brienz-lake\/#breadcrumb","itemListElement":[{"@type":"ListItem","position":1,"name":"Home","item":"https:\/\/swissxplorer.com\/"},{"@type":"ListItem","position":2,"name":"Tours","item":"https:\/\/swissxplorer.com\/tours\/"},{"@type":"ListItem","position":3,"name":"Full Day Tour to Interlaken and Boat Trip on Brienz Lake from Lucerne"}]},{"@type":"WebSite","@id":"https:\/\/swissxplorer.com\/#website","url":"https:\/\/swissxplorer.com\/","name":"Swiss Xplorer","description":"Tours in Switzerland","potentialAction":[{"@type":"SearchAction","target":{"@type":"EntryPoint","urlTemplate":"https:\/\/swissxplorer.com\/?s={search_term_string}"},"query-input":"required name=search_term_string"}],"inLanguage":"pt-BR"}]}},"_links":{"self":[{"href":"https:\/\/swissxplorer.com\/pt\/wp-json\/wp\/v2\/product\/5142","targetHints":{"allow":["GET"]}}],"collection":[{"href":"https:\/\/swissxplorer.com\/pt\/wp-json\/wp\/v2\/product"}],"about":[{"href":"https:\/\/swissxplorer.com\/pt\/wp-json\/wp\/v2\/types\/product"}],"replies":[{"embeddable":true,"href":"https:\/\/swissxplorer.com\/pt\/wp-json\/wp\/v2\/comments?post=5142"}],"wp:featuredmedia":[{"embeddable":true,"href":"https:\/\/swissxplorer.com\/pt\/wp-json\/wp\/v2\/media\/5648"}],"wp:attachment":[{"href":"https:\/\/swissxplorer.com\/pt\/wp-json\/wp\/v2\/media?parent=5142"}],"wp:term":[{"taxonomy":"product_cat","embeddable":true,"href":"https:\/\/swissxplorer.com\/pt\/wp-json\/wp\/v2\/product_cat?post=5142"},{"taxonomy":"product_tag","embeddable":true,"href":"https:\/\/swissxplorer.com\/pt\/wp-json\/wp\/v2\/product_tag?post=5142"}],"curies":[{"name":"wp","href":"https:\/\/api.w.org\/{rel}","templated":true}]}}