{"id":5141,"date":"2023-04-03T19:37:21","date_gmt":"2023-04-03T17:37:21","guid":{"rendered":"http:\/\/swissxplorer.com\/?post_type=product&#038;p=5141"},"modified":"2023-08-31T16:11:09","modified_gmt":"2023-08-31T14:11:09","slug":"tour-pilatus-mountain","status":"publish","type":"product","link":"https:\/\/swissxplorer.com\/pt\/tours\/excursao-privada-de-meio-dia-de-lucerna-a-montanha-pilatus-aventura-no-paraiso-de-verao\/","title":{"rendered":"<p>Excurs\u00e3o privada de meio dia de Lucerna \u00e0 montanha Pilatus \u2013 aventura no para\u00edso de ver\u00e3o<\/p>"},"content":{"rendered":"<p>Que tal um dia de tren\u00f3 na Su\u00ed\u00e7a?<p>Ap\u00f3s nosso motorista busc\u00e1-lo em seu hotel em Zurique, relaxe em um confort\u00e1vel Mercedes Classe V e saboreie o passeio privado de 50 minutos at\u00e9 o ponto de partida do telef\u00e9rico!<\/p><p>Primeiro, iremos juntos at\u00e9 o topo. A cordilheira de Pilatus que se eleva acima da regi\u00e3o com seus 2.128 metros de altura pode ser acessada por telef\u00e9rico e telef\u00e9rico. Em um dia claro, a montanha oferece uma vista panor\u00e2mica de 73 picos alpinos. Poderemos contemplar uma vista deslumbrante!<\/p><p>Depois disso, a divers\u00e3o do tren\u00f3 come\u00e7ar\u00e1 para toda a fam\u00edlia! Existem duas trilhas de tren\u00f3, desde tecnicamente f\u00e1ceis at\u00e9 desafiadoras. Para mi\u00fados, gra\u00fados, amantes da velocidade e para quem gosta de ir com calma. A trilha de tren\u00f3 de dificuldade m\u00e9dia tem 3 quil\u00f4metros e a de tobog\u00e3 f\u00e1cil tem 4,8 quil\u00f4metros.<\/p><p>Voc\u00ea n\u00e3o ter\u00e1 que se preocupar com nada! Faremos as reservas, compraremos os bilhetes, iremos busc\u00e1-lo e acompanh\u00e1-lo durante todo o dia e em todas as atividades, ao seu ritmo, sem pressa. Nosso guia fotografar\u00e1 voc\u00ea e sua fam\u00edlia ao longo do passeio proporcionando imagens incr\u00edveis e as melhores lembran\u00e7as! Mediante solicita\u00e7\u00e3o, tamb\u00e9m podemos personalizar sua viagem para atender a necessidades especiais.<\/p><h3><strong>Processo de reserva e pagamento:<\/strong><\/h3><p>Para confirmar o pre\u00e7o do passeio, informe o n\u00famero de participantes no campo de dados ao lado direito. O valor acima ser\u00e1 atualizado automaticamente.<\/p><p>Para iniciar o seu processo de reserva, por favor forne\u00e7a os dados necess\u00e1rios para a viagem. Em seguida, enviaremos prontamente um e-mail confirmando a disponibilidade de datas. Posteriormente, um link de pagamento seguro ser\u00e1 fornecido para voc\u00ea. Este link permitir\u00e1 que voc\u00ea fa\u00e7a um pagamento inicial de 20% e garanta a data selecionada. Al\u00e9m disso, esse sinal serve como garantia financeira em caso de cancelamento do cliente. O restante pagamento poder\u00e1 ser feito no dia do passeio, seja com cart\u00e3o de cr\u00e9dito ou em dinheiro. Esteja ciente de que s\u00f3 poderemos confirmar sua reserva ap\u00f3s o recebimento do pagamento inicial de 20%. Se desejar cancelar o passeio, voc\u00ea poder\u00e1 faz\u00ea-lo at\u00e9 30 dias antes da data do passeio e receber\u00e1 um reembolso total.<\/p><p>Para mais op\u00e7\u00f5es de passeios e variedade de experi\u00eancias, convidamos voc\u00ea a explorar nossa sele\u00e7\u00e3o em nosso site: <a href=\"https:\/\/swissxplorer.com\/pt\/\">Swiss Xplorer<\/a>. Descubra as possibilidades e crie mem\u00f3rias inesquec\u00edveis de sua viagem pela Su\u00ed\u00e7a.<\/p><p>Consulte nossos Termos e Condi\u00e7\u00f5es aqui: <a href=\"https:\/\/swissxplorer.com\/pt\/politica-de-privacidade\/\" target=\"_blank\" rel=\"noopener\">termos e Condi\u00e7\u00f5es<\/a><\/p><\/p>","protected":false},"excerpt":{"rendered":"<p>Aproveite a mais longa corrida de tobog\u00e3 de ver\u00e3o na Su\u00ed\u00e7a com um tour privado a um pa\u00eds su\u00ed\u00e7o<br>\nMontanha<\/p>","protected":false},"featured_media":5759,"comment_status":"open","ping_status":"closed","template":"","meta":[],"product_cat":[98,89],"product_tag":[140,141,90,142,144,145,143],"class_list":["post-5141","product","type-product","status-publish","has-post-thumbnail","hentry","brw_type_of_tour-all","brw_type_of_tour-half-day-tour","product_cat-all","product_cat-lucerne","product_tag-half-day-tour-from-lucerne","product_tag-half-day-tour-from-luzerne","product_tag-lucerne","product_tag-lucerne-atractions","product_tag-lucerne-summer-tours","product_tag-lucerne-tour-mountain","product_tag-what-to-do-in-luzern-tours"],"acf":[],"yoast_head":"<!-- This site is optimized with the Yoast SEO plugin v21.7 - https:\/\/yoast.com\/wordpress\/plugins\/seo\/ -->\n<title>Tour to Pilatus Mountain Summer Paradise<\/title>\n<meta name=\"description\" content=\"Enjoy the longest summer-toboggan run in Switzerland with a private tour to Pilatus Mountain from Lucerne, a summer paradise!\" \/>\n<meta name=\"robots\" content=\"index, follow, max-snippet:-1, max-image-preview:large, max-video-preview:-1\" \/>\n<link rel=\"canonical\" href=\"https:\/\/swissxplorer.com\/pt\/tours\/excursao-privada-de-meio-dia-de-lucerna-a-montanha-pilatus-aventura-no-paraiso-de-verao\/\" \/>\n<meta property=\"og:locale\" content=\"pt_BR\" \/>\n<meta property=\"og:type\" content=\"article\" \/>\n<meta property=\"og:title\" content=\"Tour to Pilatus Mountain Summer Paradise\" \/>\n<meta property=\"og:description\" content=\"Enjoy the longest summer-toboggan run in Switzerland with a private tour to Pilatus Mountain from Lucerne, a summer paradise!\" \/>\n<meta property=\"og:url\" content=\"https:\/\/swissxplorer.com\/pt\/tours\/excursao-privada-de-meio-dia-de-lucerna-a-montanha-pilatus-aventura-no-paraiso-de-verao\/\" \/>\n<meta property=\"og:site_name\" content=\"Swiss Xplorer\" \/>\n<meta property=\"article:modified_time\" content=\"2023-08-31T14:11:09+00:00\" \/>\n<meta property=\"og:image\" content=\"http:\/\/swissxplorer.com\/wp-content\/uploads\/2023\/04\/Pilatus_DragonRide_Sommer_Vierwaldstattersee-scaled.jpg\" \/>\n\t<meta property=\"og:image:width\" content=\"2560\" \/>\n\t<meta property=\"og:image:height\" content=\"1748\" \/>\n\t<meta property=\"og:image:type\" content=\"image\/jpeg\" \/>\n<meta name=\"twitter:card\" content=\"summary_large_image\" \/>\n<meta name=\"twitter:label1\" content=\"Est. tempo de leitura\" \/>\n\t<meta name=\"twitter:data1\" content=\"2 minutos\" \/>\n<script type=\"application\/ld+json\" class=\"yoast-schema-graph\">{\"@context\":\"https:\/\/schema.org\",\"@graph\":[{\"@type\":\"WebPage\",\"@id\":\"https:\/\/swissxplorer.com\/tours\/tour-pilatus-mountain\/\",\"url\":\"https:\/\/swissxplorer.com\/tours\/tour-pilatus-mountain\/\",\"name\":\"Tour to Pilatus Mountain Summer Paradise\",\"isPartOf\":{\"@id\":\"https:\/\/swissxplorer.com\/#website\"},\"datePublished\":\"2023-04-03T17:37:21+00:00\",\"dateModified\":\"2023-08-31T14:11:09+00:00\",\"description\":\"Enjoy the longest summer-toboggan run in Switzerland with a private tour to Pilatus Mountain from Lucerne, a summer paradise!\",\"breadcrumb\":{\"@id\":\"https:\/\/swissxplorer.com\/tours\/tour-pilatus-mountain\/#breadcrumb\"},\"inLanguage\":\"pt-BR\",\"potentialAction\":[{\"@type\":\"ReadAction\",\"target\":[\"https:\/\/swissxplorer.com\/tours\/tour-pilatus-mountain\/\"]}]},{\"@type\":\"BreadcrumbList\",\"@id\":\"https:\/\/swissxplorer.com\/tours\/tour-pilatus-mountain\/#breadcrumb\",\"itemListElement\":[{\"@type\":\"ListItem\",\"position\":1,\"name\":\"Home\",\"item\":\"https:\/\/swissxplorer.com\/\"},{\"@type\":\"ListItem\",\"position\":2,\"name\":\"Tours\",\"item\":\"https:\/\/swissxplorer.com\/tours\/\"},{\"@type\":\"ListItem\",\"position\":3,\"name\":\"Private Half Day Tour from Lucerne to Pilatus Mountain &#8211; Adventure in Summer Paradise\"}]},{\"@type\":\"WebSite\",\"@id\":\"https:\/\/swissxplorer.com\/#website\",\"url\":\"https:\/\/swissxplorer.com\/\",\"name\":\"Swiss Xplorer\",\"description\":\"Tours in Switzerland\",\"potentialAction\":[{\"@type\":\"SearchAction\",\"target\":{\"@type\":\"EntryPoint\",\"urlTemplate\":\"https:\/\/swissxplorer.com\/?s={search_term_string}\"},\"query-input\":\"required name=search_term_string\"}],\"inLanguage\":\"pt-BR\"}]}<\/script>\n<!-- \/ Yoast SEO plugin. -->","yoast_head_json":{"title":"Tour to Pilatus Mountain Summer Paradise","description":"Enjoy the longest summer-toboggan run in Switzerland with a private tour to Pilatus Mountain from Lucerne, a summer paradise!","robots":{"index":"index","follow":"follow","max-snippet":"max-snippet:-1","max-image-preview":"max-image-preview:large","max-video-preview":"max-video-preview:-1"},"canonical":"https:\/\/swissxplorer.com\/pt\/tours\/excursao-privada-de-meio-dia-de-lucerna-a-montanha-pilatus-aventura-no-paraiso-de-verao\/","og_locale":"pt_BR","og_type":"article","og_title":"Tour to Pilatus Mountain Summer Paradise","og_description":"Enjoy the longest summer-toboggan run in Switzerland with a private tour to Pilatus Mountain from Lucerne, a summer paradise!","og_url":"https:\/\/swissxplorer.com\/pt\/tours\/excursao-privada-de-meio-dia-de-lucerna-a-montanha-pilatus-aventura-no-paraiso-de-verao\/","og_site_name":"Swiss Xplorer","article_modified_time":"2023-08-31T14:11:09+00:00","og_image":[{"width":2560,"height":1748,"url":"http:\/\/swissxplorer.com\/wp-content\/uploads\/2023\/04\/Pilatus_DragonRide_Sommer_Vierwaldstattersee-scaled.jpg","type":"image\/jpeg"}],"twitter_card":"summary_large_image","twitter_misc":{"Est. tempo de leitura":"2 minutos"},"schema":{"@context":"https:\/\/schema.org","@graph":[{"@type":"WebPage","@id":"https:\/\/swissxplorer.com\/tours\/tour-pilatus-mountain\/","url":"https:\/\/swissxplorer.com\/tours\/tour-pilatus-mountain\/","name":"Tour to Pilatus Mountain Summer Paradise","isPartOf":{"@id":"https:\/\/swissxplorer.com\/#website"},"datePublished":"2023-04-03T17:37:21+00:00","dateModified":"2023-08-31T14:11:09+00:00","description":"Enjoy the longest summer-toboggan run in Switzerland with a private tour to Pilatus Mountain from Lucerne, a summer paradise!","breadcrumb":{"@id":"https:\/\/swissxplorer.com\/tours\/tour-pilatus-mountain\/#breadcrumb"},"inLanguage":"pt-BR","potentialAction":[{"@type":"ReadAction","target":["https:\/\/swissxplorer.com\/tours\/tour-pilatus-mountain\/"]}]},{"@type":"BreadcrumbList","@id":"https:\/\/swissxplorer.com\/tours\/tour-pilatus-mountain\/#breadcrumb","itemListElement":[{"@type":"ListItem","position":1,"name":"Home","item":"https:\/\/swissxplorer.com\/"},{"@type":"ListItem","position":2,"name":"Tours","item":"https:\/\/swissxplorer.com\/tours\/"},{"@type":"ListItem","position":3,"name":"Private Half Day Tour from Lucerne to Pilatus Mountain &#8211; Adventure in Summer Paradise"}]},{"@type":"WebSite","@id":"https:\/\/swissxplorer.com\/#website","url":"https:\/\/swissxplorer.com\/","name":"Swiss Xplorer","description":"Tours in Switzerland","potentialAction":[{"@type":"SearchAction","target":{"@type":"EntryPoint","urlTemplate":"https:\/\/swissxplorer.com\/?s={search_term_string}"},"query-input":"required name=search_term_string"}],"inLanguage":"pt-BR"}]}},"_links":{"self":[{"href":"https:\/\/swissxplorer.com\/pt\/wp-json\/wp\/v2\/product\/5141","targetHints":{"allow":["GET"]}}],"collection":[{"href":"https:\/\/swissxplorer.com\/pt\/wp-json\/wp\/v2\/product"}],"about":[{"href":"https:\/\/swissxplorer.com\/pt\/wp-json\/wp\/v2\/types\/product"}],"replies":[{"embeddable":true,"href":"https:\/\/swissxplorer.com\/pt\/wp-json\/wp\/v2\/comments?post=5141"}],"wp:featuredmedia":[{"embeddable":true,"href":"https:\/\/swissxplorer.com\/pt\/wp-json\/wp\/v2\/media\/5759"}],"wp:attachment":[{"href":"https:\/\/swissxplorer.com\/pt\/wp-json\/wp\/v2\/media?parent=5141"}],"wp:term":[{"taxonomy":"product_cat","embeddable":true,"href":"https:\/\/swissxplorer.com\/pt\/wp-json\/wp\/v2\/product_cat?post=5141"},{"taxonomy":"product_tag","embeddable":true,"href":"https:\/\/swissxplorer.com\/pt\/wp-json\/wp\/v2\/product_tag?post=5141"}],"curies":[{"name":"wp","href":"https:\/\/api.w.org\/{rel}","templated":true}]}}