{"id":5140,"date":"2023-04-03T19:34:59","date_gmt":"2023-04-03T17:34:59","guid":{"rendered":"http:\/\/swissxplorer.com\/?post_type=product&#038;p=5140"},"modified":"2024-10-25T18:37:27","modified_gmt":"2024-10-25T16:37:27","slug":"tour-cheese-factory-from-lucerne","status":"publish","type":"product","link":"https:\/\/swissxplorer.com\/pt\/tours\/excursao-privada-a-fabrica-de-queijos-de-lucerna\/","title":{"rendered":"<p>Tour privado para f\u00e1brica de queijo saindo de Lucerna<\/p>"},"content":{"rendered":"<p>Mergulhe nos aspectos \u00fanicos da hist\u00f3ria do queijo su\u00ed\u00e7o em uma excurs\u00e3o privada \u00e0 f\u00e1brica de queijo Emmentaler. O Swiss Emmentaler foi eleito o melhor queijo do mundo em 2014! A f\u00e1brica fica a 1 hora de Lucerna, e o passeio come\u00e7a com a vista de uma parte pitoresca do interior da Su\u00ed\u00e7a.<p>Na queijaria faremos um percurso de 20 minutos por salas subterr\u00e2neas que apresentam de forma divertida a hist\u00f3ria da queijaria e suas t\u00e9cnicas de produ\u00e7\u00e3o. Voc\u00ea descobrir\u00e1 os segredos por tr\u00e1s da not\u00e1vel del\u00edcia culin\u00e1ria e do sabor saboroso dos melhores queijos su\u00ed\u00e7os! Nesta pequena f\u00e1brica onde a tradi\u00e7\u00e3o e a modernidade se unem, poder\u00e1 provar 3 tipos diferentes de Emmentaler, famoso pelos seus furos distintos e ver a verdadeira produ\u00e7\u00e3o do melhor queijo su\u00ed\u00e7o dos Alpes.<\/p><p>Voc\u00ea n\u00e3o ter\u00e1 que se preocupar com nada! Faremos as reservas, compraremos os ingressos, buscaremos no seu hotel, garantindo sempre que sua viagem pela queijaria aconte\u00e7a no seu ritmo, sem pressa.<\/p><p>No final do passeio pela f\u00e1brica e visita \u00e0 loja, voc\u00ea poder\u00e1 almo\u00e7ar em seu restaurante um t\u00edpico fondue (opcional).<\/p><p>O queijo \u00e9 uma grande parte da cultura su\u00ed\u00e7a; portanto, voc\u00ea n\u00e3o pode visitar a Su\u00ed\u00e7a sem visitar uma f\u00e1brica de queijos.<\/p><h3><strong>Processo de reserva e pagamento:<\/strong><\/h3><p>Para confirmar o pre\u00e7o do passeio, informe o n\u00famero de participantes no campo de dados ao lado direito. O valor acima ser\u00e1 atualizado automaticamente.<\/p><p>Para iniciar o processo de reserva, por favor, forne\u00e7a os detalhes necess\u00e1rios para a viagem. Em seguida, enviaremos prontamente um e-mail confirmando a disponibilidade de datas. Posteriormente, um link de pagamento seguro ser\u00e1 fornecido para voc\u00ea fazer um adiantamento 20% e garantir a data selecionada. Este adiantamento serve como garantia financeira em caso de cancelamento do cliente. O restante pagamento poder\u00e1 ser feito no dia do passeio, seja com cart\u00e3o de cr\u00e9dito ou em dinheiro. Esteja ciente de que s\u00f3 podemos confirmar sua reserva ap\u00f3s o recebimento do pagamento inicial 20%. Se desejar cancelar o passeio, voc\u00ea pode faz\u00ea-lo at\u00e9 30 dias antes da data do passeio e receber um reembolso total.<\/p><p>Para mais op\u00e7\u00f5es de passeios e variedade de experi\u00eancias, convidamos voc\u00ea a explorar nossa sele\u00e7\u00e3o em nosso site: <a href=\"https:\/\/swissxplorer.com\/pt\/\">Swiss Xplorer<\/a>. Descubra as possibilidades e crie mem\u00f3rias inesquec\u00edveis de sua viagem pela Su\u00ed\u00e7a.<\/p><p>Consulte nossos Termos e Condi\u00e7\u00f5es aqui: <a href=\"https:\/\/swissxplorer.com\/pt\/politica-de-privacidade\/\" target=\"_blank\" rel=\"noopener\">termos e Condi\u00e7\u00f5es<\/a><\/p><\/p>","protected":false},"excerpt":{"rendered":"<p>Visite a tradicional e aut\u00eantica produ\u00e7\u00e3o de queijo no interior da Su\u00ed\u00e7a. Gosto<br>\no queijo Emmentaler, eleito o melhor queijo do mundo.<\/p>","protected":false},"featured_media":5761,"comment_status":"open","ping_status":"closed","template":"","meta":[],"product_cat":[98,89],"product_tag":[149,92,147,90,148,80,146,115],"class_list":["post-5140","product","type-product","status-publish","has-post-thumbnail","hentry","brw_type_of_tour-all","brw_type_of_tour-day-trip","product_cat-all","product_cat-lucerne","product_tag-cheese-experience-lucerne","product_tag-cheese-factory","product_tag-lucernce-best-experience","product_tag-lucerne","product_tag-lucerne-tourism","product_tag-lucernetour","product_tag-tour-to-cheese-factory-from-lucerne","product_tag-tours-from-lucerne"],"acf":[],"yoast_head":"<!-- This site is optimized with the Yoast SEO plugin v21.7 - https:\/\/yoast.com\/wordpress\/plugins\/seo\/ -->\n<title>Tour to Cheese Factory Lucerne<\/title>\n<meta name=\"description\" content=\"Experience the Tour to Cheese Factory Lucerne, where you can witness traditional cheese production and savor the world&#039;s best Emmentaler cheese\" \/>\n<meta name=\"robots\" content=\"index, follow, max-snippet:-1, max-image-preview:large, max-video-preview:-1\" \/>\n<link rel=\"canonical\" href=\"https:\/\/swissxplorer.com\/pt\/tours\/excursao-privada-a-fabrica-de-queijos-de-lucerna\/\" \/>\n<meta property=\"og:locale\" content=\"pt_BR\" \/>\n<meta property=\"og:type\" content=\"article\" \/>\n<meta property=\"og:title\" content=\"Tour to Cheese Factory Lucerne\" \/>\n<meta property=\"og:description\" content=\"Experience the Tour to Cheese Factory Lucerne, where you can witness traditional cheese production and savor the world&#039;s best Emmentaler cheese\" \/>\n<meta property=\"og:url\" content=\"https:\/\/swissxplorer.com\/pt\/tours\/excursao-privada-a-fabrica-de-queijos-de-lucerna\/\" \/>\n<meta property=\"og:site_name\" content=\"Swiss Xplorer\" \/>\n<meta property=\"article:modified_time\" content=\"2024-10-25T16:37:27+00:00\" \/>\n<meta property=\"og:image\" content=\"http:\/\/swissxplorer.com\/wp-content\/uploads\/2023\/04\/IMG_8688-1.jpg\" \/>\n\t<meta property=\"og:image:width\" content=\"2122\" \/>\n\t<meta property=\"og:image:height\" content=\"1368\" \/>\n\t<meta property=\"og:image:type\" content=\"image\/jpeg\" \/>\n<meta name=\"twitter:card\" content=\"summary_large_image\" \/>\n<meta name=\"twitter:label1\" content=\"Est. tempo de leitura\" \/>\n\t<meta name=\"twitter:data1\" content=\"2 minutos\" \/>\n<script type=\"application\/ld+json\" class=\"yoast-schema-graph\">{\"@context\":\"https:\/\/schema.org\",\"@graph\":[{\"@type\":\"WebPage\",\"@id\":\"https:\/\/swissxplorer.com\/tours\/tour-cheese-factory-from-lucerne\/\",\"url\":\"https:\/\/swissxplorer.com\/tours\/tour-cheese-factory-from-lucerne\/\",\"name\":\"Tour to Cheese Factory Lucerne\",\"isPartOf\":{\"@id\":\"https:\/\/swissxplorer.com\/#website\"},\"datePublished\":\"2023-04-03T17:34:59+00:00\",\"dateModified\":\"2024-10-25T16:37:27+00:00\",\"description\":\"Experience the Tour to Cheese Factory Lucerne, where you can witness traditional cheese production and savor the world's best Emmentaler cheese\",\"breadcrumb\":{\"@id\":\"https:\/\/swissxplorer.com\/tours\/tour-cheese-factory-from-lucerne\/#breadcrumb\"},\"inLanguage\":\"pt-BR\",\"potentialAction\":[{\"@type\":\"ReadAction\",\"target\":[\"https:\/\/swissxplorer.com\/tours\/tour-cheese-factory-from-lucerne\/\"]}]},{\"@type\":\"BreadcrumbList\",\"@id\":\"https:\/\/swissxplorer.com\/tours\/tour-cheese-factory-from-lucerne\/#breadcrumb\",\"itemListElement\":[{\"@type\":\"ListItem\",\"position\":1,\"name\":\"Home\",\"item\":\"https:\/\/swissxplorer.com\/\"},{\"@type\":\"ListItem\",\"position\":2,\"name\":\"Tours\",\"item\":\"https:\/\/swissxplorer.com\/tours\/\"},{\"@type\":\"ListItem\",\"position\":3,\"name\":\"Private Tour to Cheese Factory from Lucerne\"}]},{\"@type\":\"WebSite\",\"@id\":\"https:\/\/swissxplorer.com\/#website\",\"url\":\"https:\/\/swissxplorer.com\/\",\"name\":\"Swiss Xplorer\",\"description\":\"Tours in Switzerland\",\"potentialAction\":[{\"@type\":\"SearchAction\",\"target\":{\"@type\":\"EntryPoint\",\"urlTemplate\":\"https:\/\/swissxplorer.com\/?s={search_term_string}\"},\"query-input\":\"required name=search_term_string\"}],\"inLanguage\":\"pt-BR\"}]}<\/script>\n<!-- \/ Yoast SEO plugin. -->","yoast_head_json":{"title":"Tour to Cheese Factory Lucerne","description":"Experience the Tour to Cheese Factory Lucerne, where you can witness traditional cheese production and savor the world's best Emmentaler cheese","robots":{"index":"index","follow":"follow","max-snippet":"max-snippet:-1","max-image-preview":"max-image-preview:large","max-video-preview":"max-video-preview:-1"},"canonical":"https:\/\/swissxplorer.com\/pt\/tours\/excursao-privada-a-fabrica-de-queijos-de-lucerna\/","og_locale":"pt_BR","og_type":"article","og_title":"Tour to Cheese Factory Lucerne","og_description":"Experience the Tour to Cheese Factory Lucerne, where you can witness traditional cheese production and savor the world's best Emmentaler cheese","og_url":"https:\/\/swissxplorer.com\/pt\/tours\/excursao-privada-a-fabrica-de-queijos-de-lucerna\/","og_site_name":"Swiss Xplorer","article_modified_time":"2024-10-25T16:37:27+00:00","og_image":[{"width":2122,"height":1368,"url":"http:\/\/swissxplorer.com\/wp-content\/uploads\/2023\/04\/IMG_8688-1.jpg","type":"image\/jpeg"}],"twitter_card":"summary_large_image","twitter_misc":{"Est. tempo de leitura":"2 minutos"},"schema":{"@context":"https:\/\/schema.org","@graph":[{"@type":"WebPage","@id":"https:\/\/swissxplorer.com\/tours\/tour-cheese-factory-from-lucerne\/","url":"https:\/\/swissxplorer.com\/tours\/tour-cheese-factory-from-lucerne\/","name":"Tour to Cheese Factory Lucerne","isPartOf":{"@id":"https:\/\/swissxplorer.com\/#website"},"datePublished":"2023-04-03T17:34:59+00:00","dateModified":"2024-10-25T16:37:27+00:00","description":"Experience the Tour to Cheese Factory Lucerne, where you can witness traditional cheese production and savor the world's best Emmentaler cheese","breadcrumb":{"@id":"https:\/\/swissxplorer.com\/tours\/tour-cheese-factory-from-lucerne\/#breadcrumb"},"inLanguage":"pt-BR","potentialAction":[{"@type":"ReadAction","target":["https:\/\/swissxplorer.com\/tours\/tour-cheese-factory-from-lucerne\/"]}]},{"@type":"BreadcrumbList","@id":"https:\/\/swissxplorer.com\/tours\/tour-cheese-factory-from-lucerne\/#breadcrumb","itemListElement":[{"@type":"ListItem","position":1,"name":"Home","item":"https:\/\/swissxplorer.com\/"},{"@type":"ListItem","position":2,"name":"Tours","item":"https:\/\/swissxplorer.com\/tours\/"},{"@type":"ListItem","position":3,"name":"Private Tour to Cheese Factory from Lucerne"}]},{"@type":"WebSite","@id":"https:\/\/swissxplorer.com\/#website","url":"https:\/\/swissxplorer.com\/","name":"Swiss Xplorer","description":"Tours in Switzerland","potentialAction":[{"@type":"SearchAction","target":{"@type":"EntryPoint","urlTemplate":"https:\/\/swissxplorer.com\/?s={search_term_string}"},"query-input":"required name=search_term_string"}],"inLanguage":"pt-BR"}]}},"_links":{"self":[{"href":"https:\/\/swissxplorer.com\/pt\/wp-json\/wp\/v2\/product\/5140","targetHints":{"allow":["GET"]}}],"collection":[{"href":"https:\/\/swissxplorer.com\/pt\/wp-json\/wp\/v2\/product"}],"about":[{"href":"https:\/\/swissxplorer.com\/pt\/wp-json\/wp\/v2\/types\/product"}],"replies":[{"embeddable":true,"href":"https:\/\/swissxplorer.com\/pt\/wp-json\/wp\/v2\/comments?post=5140"}],"wp:featuredmedia":[{"embeddable":true,"href":"https:\/\/swissxplorer.com\/pt\/wp-json\/wp\/v2\/media\/5761"}],"wp:attachment":[{"href":"https:\/\/swissxplorer.com\/pt\/wp-json\/wp\/v2\/media?parent=5140"}],"wp:term":[{"taxonomy":"product_cat","embeddable":true,"href":"https:\/\/swissxplorer.com\/pt\/wp-json\/wp\/v2\/product_cat?post=5140"},{"taxonomy":"product_tag","embeddable":true,"href":"https:\/\/swissxplorer.com\/pt\/wp-json\/wp\/v2\/product_tag?post=5140"}],"curies":[{"name":"wp","href":"https:\/\/api.w.org\/{rel}","templated":true}]}}