{"id":5139,"date":"2023-04-01T15:53:12","date_gmt":"2023-04-01T13:53:12","guid":{"rendered":"http:\/\/swissxplorer.com\/?post_type=product&#038;p=5139"},"modified":"2023-08-31T16:12:29","modified_gmt":"2023-08-31T14:12:29","slug":"tour-blausee-alpine-villages","status":"publish","type":"product","link":"https:\/\/swissxplorer.com\/pt\/tours\/tour-blausee-e-aldeias-alpinas-de-lucerna\/","title":{"rendered":"<p>Tour de dia inteiro para o Lago Blausee e vilarejos alpinos saindo de Lucerna<\/p>"},"content":{"rendered":"<p><span style=\"font-weight: 400;\">O passeio pelas belas aldeias do Lago Blausee e dos Alpes come\u00e7a em seu hotel, onde voc\u00ea ser\u00e1 recebido por seu guia e embarcar\u00e1 em um luxuoso Mercedes V Class que o levar\u00e1 \u00e0s paisagens c\u00eanicas de Bernese Oberland. Desfrute de um passeio matinal com uma vista deslumbrante da mais bela \u00e1rea rural da Su\u00ed\u00e7a. Ap\u00f3s uma pausa para fotos na vila de Iseltwald, iremos lev\u00e1-lo ao lago mais azul da Su\u00ed\u00e7a.<\/span><p><span style=\"font-weight: 400;\">Ap\u00f3s um agrad\u00e1vel passeio ao redor do lago e uma parada para um caf\u00e9 ou cappuccino com vista para as trutas nadando nas \u00e1guas azuis do Blausee, seguiremos para Lauterbrunnen, a charmosa cidade das 72 cachoeiras!<\/span><\/p><p><span style=\"font-weight: 400;\">Descubra a regi\u00e3o mais bonita da Su\u00ed\u00e7a em apenas um dia! Esta \u00e9 uma viagem privada otimizada, destinada a quem tem tempo limitado na Su\u00ed\u00e7a, mas quer aproveitar ao m\u00e1ximo a regi\u00e3o alpina.&nbsp;<\/span><\/p><p><span style=\"font-weight: 400;\">Este passeio privado otimiza sua viagem e permite que voc\u00ea visite as principais aldeias alpinas e lagos em um \u00fanico dia. Visitaremos os seguintes pontos tur\u00edsticos: Lungern, Iseltwald, Lauterbrunnen e Blausee.&nbsp;<\/span><\/p><p>A longa viagem aos Alpes vale a pena desde o in\u00edcio. Voc\u00ea pode admirar belas paisagens da janela de uma luxuosa van Mercedes V Class muito confort\u00e1vel. Al\u00e9m disso, como o passeio \u00e9 privado, iremos adapt\u00e1-lo aos seus desejos. Dessa forma, voc\u00ea poder\u00e1 aproveitar cada segundo do dia sem pressa.<\/p><h3><strong>Processo de reserva e pagamento:<\/strong><\/h3><p>Para confirmar o pre\u00e7o do passeio, informe o n\u00famero de participantes no campo de dados ao lado direito. O valor acima ser\u00e1 atualizado automaticamente.<\/p><p>Para iniciar o processo de reserva, por favor, forne\u00e7a os detalhes necess\u00e1rios para a viagem. Em seguida, enviaremos prontamente um e-mail confirmando a disponibilidade de datas. Posteriormente, um link de pagamento seguro ser\u00e1 fornecido para voc\u00ea fazer um adiantamento 20% e garantir a data selecionada. Este adiantamento serve como garantia financeira em caso de cancelamento do cliente. O restante pagamento poder\u00e1 ser feito no dia do passeio, seja com cart\u00e3o de cr\u00e9dito ou em dinheiro. Esteja ciente de que s\u00f3 podemos confirmar sua reserva ap\u00f3s o recebimento do pagamento inicial 20%. Se desejar cancelar o passeio, voc\u00ea pode faz\u00ea-lo at\u00e9 30 dias antes da data do passeio e receber um reembolso total.<\/p><p>Para mais op\u00e7\u00f5es de passeios e variedade de experi\u00eancias, convidamos voc\u00ea a explorar nossa sele\u00e7\u00e3o em nosso site: <a href=\"https:\/\/swissxplorer.com\/pt\/\">Swiss Xplorer<\/a>. Descubra as possibilidades e crie mem\u00f3rias inesquec\u00edveis de sua viagem pela Su\u00ed\u00e7a.<\/p><p>Consulte nossos Termos e Condi\u00e7\u00f5es aqui: <a href=\"https:\/\/swissxplorer.com\/pt\/politica-de-privacidade\/\" target=\"_blank\" rel=\"noopener\">termos e Condi\u00e7\u00f5es<\/a><\/p><\/p>","protected":false},"excerpt":{"rendered":"<p><span style=\"font-weight: 400;\">&nbsp;Descubra a beleza de Blausee, uma j\u00f3ia de paisagem com \u00e1guas de um azul profundo rodeada de rochas e floresta num Parque Natural rodeado por muitas outras aldeias encantadoras.<\/span><\/p>","protected":false},"featured_media":5649,"comment_status":"open","ping_status":"closed","template":"","meta":[],"product_cat":[98,89],"product_tag":[158,155,156,157,90,154,153,152,151,150],"class_list":["post-5139","product","type-product","status-publish","has-post-thumbnail","hentry","brw_type_of_tour-all","brw_type_of_tour-day-trip","product_cat-all","product_cat-lucerne","product_tag-best-alps-experience-from-lucernce","product_tag-blausee-from-lucerne","product_tag-day-trips-lucerne","product_tag-half-day-tours-lucerne","product_tag-lucerne","product_tag-tour-to-alpine-villages","product_tag-tour-to-blausee","product_tag-tour-to-blausee-lake-and-alpine-villages-from-lucerne","product_tag-tourism-lucerne","product_tag-tourism-luzern"],"acf":[],"yoast_head":"<!-- This site is optimized with the Yoast SEO plugin v21.7 - https:\/\/yoast.com\/wordpress\/plugins\/seo\/ -->\n<title>Tour to Blausee Lake and Alpine villages<\/title>\n<meta name=\"description\" content=\"Tour to Blausee Lake and Alpine villages to see the beauty of a deep blue water surrounded by forest and visit the best charming villages in the Alps\" \/>\n<meta name=\"robots\" content=\"index, follow, max-snippet:-1, max-image-preview:large, max-video-preview:-1\" \/>\n<link rel=\"canonical\" href=\"https:\/\/swissxplorer.com\/pt\/tours\/tour-blausee-e-aldeias-alpinas-de-lucerna\/\" \/>\n<meta property=\"og:locale\" content=\"pt_BR\" \/>\n<meta property=\"og:type\" content=\"article\" \/>\n<meta property=\"og:title\" content=\"Tour to Blausee Lake and Alpine villages\" \/>\n<meta property=\"og:description\" content=\"Tour to Blausee Lake and Alpine villages to see the beauty of a deep blue water surrounded by forest and visit the best charming villages in the Alps\" \/>\n<meta property=\"og:url\" content=\"https:\/\/swissxplorer.com\/pt\/tours\/tour-blausee-e-aldeias-alpinas-de-lucerna\/\" \/>\n<meta property=\"og:site_name\" content=\"Swiss Xplorer\" \/>\n<meta property=\"article:modified_time\" content=\"2023-08-31T14:12:29+00:00\" \/>\n<meta property=\"og:image\" content=\"http:\/\/swissxplorer.com\/wp-content\/uploads\/2023\/04\/IMG_3003.jpg\" \/>\n\t<meta property=\"og:image:width\" content=\"2016\" \/>\n\t<meta property=\"og:image:height\" content=\"1512\" \/>\n\t<meta property=\"og:image:type\" content=\"image\/jpeg\" \/>\n<meta name=\"twitter:card\" content=\"summary_large_image\" \/>\n<meta name=\"twitter:label1\" content=\"Est. tempo de leitura\" \/>\n\t<meta name=\"twitter:data1\" content=\"2 minutos\" \/>\n<script type=\"application\/ld+json\" class=\"yoast-schema-graph\">{\"@context\":\"https:\/\/schema.org\",\"@graph\":[{\"@type\":\"WebPage\",\"@id\":\"https:\/\/swissxplorer.com\/tours\/tour-blausee-alpine-villages\/\",\"url\":\"https:\/\/swissxplorer.com\/tours\/tour-blausee-alpine-villages\/\",\"name\":\"Tour to Blausee Lake and Alpine villages\",\"isPartOf\":{\"@id\":\"https:\/\/swissxplorer.com\/#website\"},\"datePublished\":\"2023-04-01T13:53:12+00:00\",\"dateModified\":\"2023-08-31T14:12:29+00:00\",\"description\":\"Tour to Blausee Lake and Alpine villages to see the beauty of a deep blue water surrounded by forest and visit the best charming villages in the Alps\",\"breadcrumb\":{\"@id\":\"https:\/\/swissxplorer.com\/tours\/tour-blausee-alpine-villages\/#breadcrumb\"},\"inLanguage\":\"pt-BR\",\"potentialAction\":[{\"@type\":\"ReadAction\",\"target\":[\"https:\/\/swissxplorer.com\/tours\/tour-blausee-alpine-villages\/\"]}]},{\"@type\":\"BreadcrumbList\",\"@id\":\"https:\/\/swissxplorer.com\/tours\/tour-blausee-alpine-villages\/#breadcrumb\",\"itemListElement\":[{\"@type\":\"ListItem\",\"position\":1,\"name\":\"Home\",\"item\":\"https:\/\/swissxplorer.com\/\"},{\"@type\":\"ListItem\",\"position\":2,\"name\":\"Tours\",\"item\":\"https:\/\/swissxplorer.com\/tours\/\"},{\"@type\":\"ListItem\",\"position\":3,\"name\":\"Full Day Tour to Blausee Lake and Alpine villages from Lucerne\"}]},{\"@type\":\"WebSite\",\"@id\":\"https:\/\/swissxplorer.com\/#website\",\"url\":\"https:\/\/swissxplorer.com\/\",\"name\":\"Swiss Xplorer\",\"description\":\"Tours in Switzerland\",\"potentialAction\":[{\"@type\":\"SearchAction\",\"target\":{\"@type\":\"EntryPoint\",\"urlTemplate\":\"https:\/\/swissxplorer.com\/?s={search_term_string}\"},\"query-input\":\"required name=search_term_string\"}],\"inLanguage\":\"pt-BR\"}]}<\/script>\n<!-- \/ Yoast SEO plugin. -->","yoast_head_json":{"title":"Tour to Blausee Lake and Alpine villages","description":"Tour to Blausee Lake and Alpine villages to see the beauty of a deep blue water surrounded by forest and visit the best charming villages in the Alps","robots":{"index":"index","follow":"follow","max-snippet":"max-snippet:-1","max-image-preview":"max-image-preview:large","max-video-preview":"max-video-preview:-1"},"canonical":"https:\/\/swissxplorer.com\/pt\/tours\/tour-blausee-e-aldeias-alpinas-de-lucerna\/","og_locale":"pt_BR","og_type":"article","og_title":"Tour to Blausee Lake and Alpine villages","og_description":"Tour to Blausee Lake and Alpine villages to see the beauty of a deep blue water surrounded by forest and visit the best charming villages in the Alps","og_url":"https:\/\/swissxplorer.com\/pt\/tours\/tour-blausee-e-aldeias-alpinas-de-lucerna\/","og_site_name":"Swiss Xplorer","article_modified_time":"2023-08-31T14:12:29+00:00","og_image":[{"width":2016,"height":1512,"url":"http:\/\/swissxplorer.com\/wp-content\/uploads\/2023\/04\/IMG_3003.jpg","type":"image\/jpeg"}],"twitter_card":"summary_large_image","twitter_misc":{"Est. tempo de leitura":"2 minutos"},"schema":{"@context":"https:\/\/schema.org","@graph":[{"@type":"WebPage","@id":"https:\/\/swissxplorer.com\/tours\/tour-blausee-alpine-villages\/","url":"https:\/\/swissxplorer.com\/tours\/tour-blausee-alpine-villages\/","name":"Tour to Blausee Lake and Alpine villages","isPartOf":{"@id":"https:\/\/swissxplorer.com\/#website"},"datePublished":"2023-04-01T13:53:12+00:00","dateModified":"2023-08-31T14:12:29+00:00","description":"Tour to Blausee Lake and Alpine villages to see the beauty of a deep blue water surrounded by forest and visit the best charming villages in the Alps","breadcrumb":{"@id":"https:\/\/swissxplorer.com\/tours\/tour-blausee-alpine-villages\/#breadcrumb"},"inLanguage":"pt-BR","potentialAction":[{"@type":"ReadAction","target":["https:\/\/swissxplorer.com\/tours\/tour-blausee-alpine-villages\/"]}]},{"@type":"BreadcrumbList","@id":"https:\/\/swissxplorer.com\/tours\/tour-blausee-alpine-villages\/#breadcrumb","itemListElement":[{"@type":"ListItem","position":1,"name":"Home","item":"https:\/\/swissxplorer.com\/"},{"@type":"ListItem","position":2,"name":"Tours","item":"https:\/\/swissxplorer.com\/tours\/"},{"@type":"ListItem","position":3,"name":"Full Day Tour to Blausee Lake and Alpine villages from Lucerne"}]},{"@type":"WebSite","@id":"https:\/\/swissxplorer.com\/#website","url":"https:\/\/swissxplorer.com\/","name":"Swiss Xplorer","description":"Tours in Switzerland","potentialAction":[{"@type":"SearchAction","target":{"@type":"EntryPoint","urlTemplate":"https:\/\/swissxplorer.com\/?s={search_term_string}"},"query-input":"required name=search_term_string"}],"inLanguage":"pt-BR"}]}},"_links":{"self":[{"href":"https:\/\/swissxplorer.com\/pt\/wp-json\/wp\/v2\/product\/5139","targetHints":{"allow":["GET"]}}],"collection":[{"href":"https:\/\/swissxplorer.com\/pt\/wp-json\/wp\/v2\/product"}],"about":[{"href":"https:\/\/swissxplorer.com\/pt\/wp-json\/wp\/v2\/types\/product"}],"replies":[{"embeddable":true,"href":"https:\/\/swissxplorer.com\/pt\/wp-json\/wp\/v2\/comments?post=5139"}],"wp:featuredmedia":[{"embeddable":true,"href":"https:\/\/swissxplorer.com\/pt\/wp-json\/wp\/v2\/media\/5649"}],"wp:attachment":[{"href":"https:\/\/swissxplorer.com\/pt\/wp-json\/wp\/v2\/media?parent=5139"}],"wp:term":[{"taxonomy":"product_cat","embeddable":true,"href":"https:\/\/swissxplorer.com\/pt\/wp-json\/wp\/v2\/product_cat?post=5139"},{"taxonomy":"product_tag","embeddable":true,"href":"https:\/\/swissxplorer.com\/pt\/wp-json\/wp\/v2\/product_tag?post=5139"}],"curies":[{"name":"wp","href":"https:\/\/api.w.org\/{rel}","templated":true}]}}