{"id":5138,"date":"2023-04-01T15:47:52","date_gmt":"2023-04-01T13:47:52","guid":{"rendered":"http:\/\/swissxplorer.com\/?post_type=product&#038;p=5138"},"modified":"2024-05-18T13:24:00","modified_gmt":"2024-05-18T11:24:00","slug":"tour-to-jungfraujoch-the-top-of-europe","status":"publish","type":"product","link":"https:\/\/swissxplorer.com\/pt\/tours\/viagem-de-dia-inteiro-para-a-montanha-jungfraujoch-o-topo-da-europa\/","title":{"rendered":"<p>Excurs\u00e3o de dia inteiro \u00e0 montanha Jungfraujoch, o topo da Europa<\/p>"},"content":{"rendered":"<p>Participe de uma viagem memor\u00e1vel \u00e0 montanha Jungfraujoch!<p>A viagem come\u00e7a no seu hotel em Lucerna, em um confort\u00e1vel e luxuoso carro particular que o levar\u00e1 ao interior da Su\u00ed\u00e7a. A viagem de 1h30min at\u00e9 Grindelwald \u00e9 recompensada pelas paisagens maravilhosas e paradas espont\u00e2neas para fotos em mirantes, vales alpinos e lagos.<\/p><p>Em Grindelwald, faremos uma viagem \u00fanica em um telef\u00e9rico e em um trem ferrovi\u00e1rio de montanha com rodas dentadas pelas montanhas Eiger e M\u00f6nch at\u00e9 a esta\u00e7\u00e3o ferrovi\u00e1ria mais alta da Europa. Ap\u00f3s 45 minutos de subida cont\u00ednua, chegaremos ao Topo da Europa, situado a 3.571 metros acima do n\u00edvel do mar (11.760 p\u00e9s), onde a neve e o gelo est\u00e3o garantidos durante todo o ano!<\/p><p>S\u00e3o in\u00fameras atra\u00e7\u00f5es no topo, mas a mais incr\u00edvel com certeza \u00e9 a vista! A paisagem panor\u00e2mica quase tira o f\u00f4lego! Voc\u00ea poder\u00e1 ver a geleira Aletsch, a maior geleira alpina da Europa.<\/p><p>Visitar esta montanha ic\u00f4nica \u00e9 uma experi\u00eancia \u00fanica na vida que oferece muitas oportunidades para fotos. Nosso guia ir\u00e1 fotografar voc\u00ea e sua fam\u00edlia ao longo do passeio proporcionando imagens marcantes e as melhores lembran\u00e7as!<\/p><p>O impressionante Topo da Europa foi designado pela UNESCO como Patrim\u00f4nio Mundial Natural dos Alpes Su\u00ed\u00e7os.<\/p><h3><strong>Processo de reserva e pagamento:<\/strong><\/h3><p>Para confirmar o pre\u00e7o do passeio, informe o n\u00famero de participantes no campo de dados ao lado direito. O valor acima ser\u00e1 atualizado automaticamente.<\/p><p>Para iniciar o processo de reserva, por favor, forne\u00e7a os detalhes necess\u00e1rios para a viagem. Em seguida, enviaremos prontamente um e-mail confirmando a disponibilidade de datas. Posteriormente, um link de pagamento seguro ser\u00e1 fornecido para voc\u00ea fazer um adiantamento 20% e garantir a data selecionada. Este adiantamento serve como garantia financeira em caso de cancelamento do cliente. O restante pagamento poder\u00e1 ser feito no dia do passeio, seja com cart\u00e3o de cr\u00e9dito ou em dinheiro. Esteja ciente de que s\u00f3 podemos confirmar sua reserva ap\u00f3s o recebimento do pagamento inicial 20%. Se desejar cancelar o passeio, voc\u00ea pode faz\u00ea-lo at\u00e9 30 dias antes da data do passeio e receber um reembolso total.<\/p><p>Para mais op\u00e7\u00f5es de passeios e variedade de experi\u00eancias, convidamos voc\u00ea a explorar nossa sele\u00e7\u00e3o em nosso site: <a href=\"https:\/\/swissxplorer.com\/pt\/\">Swiss Xplorer<\/a>. Descubra as possibilidades e crie mem\u00f3rias inesquec\u00edveis de sua viagem pela Su\u00ed\u00e7a.<\/p><p>Consulte nossos Termos e Condi\u00e7\u00f5es aqui: <a href=\"https:\/\/swissxplorer.com\/pt\/politica-de-privacidade\/\" target=\"_blank\" rel=\"noopener\">termos e Condi\u00e7\u00f5es<\/a><\/p><\/p>","protected":false},"excerpt":{"rendered":"<p>Os Alpes Su\u00ed\u00e7os s\u00e3o um destino de sonho e o pa\u00eds das maravilhas da neve Jungfraujoch<br>\nmontanha combina paisagens incr\u00edveis com uma experi\u00eancia \u00fanica.<\/p>","protected":false},"featured_media":5650,"comment_status":"open","ping_status":"closed","template":"","meta":[],"product_cat":[98,89],"product_tag":[161,166,165,163,90,80,162,160,159,164],"class_list":["post-5138","product","type-product","status-publish","has-post-thumbnail","hentry","brw_type_of_tour-all","brw_type_of_tour-day-trip","product_cat-all","product_cat-lucerne","product_tag-day-trip-to-jungfraujoch-lucernce","product_tag-full-day-tour-to-top-of-europe-from-lucerne","product_tag-full-day-trip-jungfraujoch","product_tag-guided-tour-to-trip-to-jungfraujoch-top-of-europe","product_tag-lucerne","product_tag-lucernetour","product_tag-private-tour-to-trip-to-jungfraujoch-top-of-europe","product_tag-trip-to-jungfraujoch-top-of-europe","product_tag-trip-to-jungfraujoch-top-of-europe-from-lucerne","product_tag-trip-to-jungfraujoch-top-of-europe-with-private-transfer"],"acf":[],"yoast_head":"<!-- This site is optimized with the Yoast SEO plugin v21.7 - https:\/\/yoast.com\/wordpress\/plugins\/seo\/ -->\n<title>Tour to Jungfraujoch the Top of Europe<\/title>\n<meta name=\"description\" content=\"The Swiss Alps are a dream destination. The snow wonderland in Jungfraujoch Top of Europe combines incredible scenery with a truly unique tour experience.\" \/>\n<meta name=\"robots\" content=\"index, follow, max-snippet:-1, max-image-preview:large, max-video-preview:-1\" \/>\n<link rel=\"canonical\" href=\"https:\/\/swissxplorer.com\/pt\/tours\/viagem-de-dia-inteiro-para-a-montanha-jungfraujoch-o-topo-da-europa\/\" \/>\n<meta property=\"og:locale\" content=\"pt_BR\" \/>\n<meta property=\"og:type\" content=\"article\" \/>\n<meta property=\"og:title\" content=\"Tour to Jungfraujoch the Top of Europe\" \/>\n<meta property=\"og:description\" content=\"The Swiss Alps are a dream destination. The snow wonderland in Jungfraujoch Top of Europe combines incredible scenery with a truly unique tour experience.\" \/>\n<meta property=\"og:url\" content=\"https:\/\/swissxplorer.com\/pt\/tours\/viagem-de-dia-inteiro-para-a-montanha-jungfraujoch-o-topo-da-europa\/\" \/>\n<meta property=\"og:site_name\" content=\"Swiss Xplorer\" \/>\n<meta property=\"article:modified_time\" content=\"2024-05-18T11:24:00+00:00\" \/>\n<meta property=\"og:image\" content=\"http:\/\/swissxplorer.com\/wp-content\/uploads\/2023\/04\/IMG_4194.jpg\" \/>\n\t<meta property=\"og:image:width\" content=\"2016\" \/>\n\t<meta property=\"og:image:height\" content=\"1512\" \/>\n\t<meta property=\"og:image:type\" content=\"image\/jpeg\" \/>\n<meta name=\"twitter:card\" content=\"summary_large_image\" \/>\n<meta name=\"twitter:label1\" content=\"Est. tempo de leitura\" \/>\n\t<meta name=\"twitter:data1\" content=\"2 minutos\" \/>\n<script type=\"application\/ld+json\" class=\"yoast-schema-graph\">{\"@context\":\"https:\/\/schema.org\",\"@graph\":[{\"@type\":\"WebPage\",\"@id\":\"https:\/\/swissxplorer.com\/tours\/tour-to-jungfraujoch-the-top-of-europe\/\",\"url\":\"https:\/\/swissxplorer.com\/tours\/tour-to-jungfraujoch-the-top-of-europe\/\",\"name\":\"Tour to Jungfraujoch the Top of Europe\",\"isPartOf\":{\"@id\":\"https:\/\/swissxplorer.com\/#website\"},\"datePublished\":\"2023-04-01T13:47:52+00:00\",\"dateModified\":\"2024-05-18T11:24:00+00:00\",\"description\":\"The Swiss Alps are a dream destination. The snow wonderland in Jungfraujoch Top of Europe combines incredible scenery with a truly unique tour experience.\",\"breadcrumb\":{\"@id\":\"https:\/\/swissxplorer.com\/tours\/tour-to-jungfraujoch-the-top-of-europe\/#breadcrumb\"},\"inLanguage\":\"pt-BR\",\"potentialAction\":[{\"@type\":\"ReadAction\",\"target\":[\"https:\/\/swissxplorer.com\/tours\/tour-to-jungfraujoch-the-top-of-europe\/\"]}]},{\"@type\":\"BreadcrumbList\",\"@id\":\"https:\/\/swissxplorer.com\/tours\/tour-to-jungfraujoch-the-top-of-europe\/#breadcrumb\",\"itemListElement\":[{\"@type\":\"ListItem\",\"position\":1,\"name\":\"Home\",\"item\":\"https:\/\/swissxplorer.com\/\"},{\"@type\":\"ListItem\",\"position\":2,\"name\":\"Tours\",\"item\":\"https:\/\/swissxplorer.com\/tours\/\"},{\"@type\":\"ListItem\",\"position\":3,\"name\":\"Full Day Tour to Jungfraujoch Mountain, the Top of Europe\"}]},{\"@type\":\"WebSite\",\"@id\":\"https:\/\/swissxplorer.com\/#website\",\"url\":\"https:\/\/swissxplorer.com\/\",\"name\":\"Swiss Xplorer\",\"description\":\"Tours in Switzerland\",\"potentialAction\":[{\"@type\":\"SearchAction\",\"target\":{\"@type\":\"EntryPoint\",\"urlTemplate\":\"https:\/\/swissxplorer.com\/?s={search_term_string}\"},\"query-input\":\"required name=search_term_string\"}],\"inLanguage\":\"pt-BR\"}]}<\/script>\n<!-- \/ Yoast SEO plugin. -->","yoast_head_json":{"title":"Tour to Jungfraujoch the Top of Europe","description":"The Swiss Alps are a dream destination. The snow wonderland in Jungfraujoch Top of Europe combines incredible scenery with a truly unique tour experience.","robots":{"index":"index","follow":"follow","max-snippet":"max-snippet:-1","max-image-preview":"max-image-preview:large","max-video-preview":"max-video-preview:-1"},"canonical":"https:\/\/swissxplorer.com\/pt\/tours\/viagem-de-dia-inteiro-para-a-montanha-jungfraujoch-o-topo-da-europa\/","og_locale":"pt_BR","og_type":"article","og_title":"Tour to Jungfraujoch the Top of Europe","og_description":"The Swiss Alps are a dream destination. The snow wonderland in Jungfraujoch Top of Europe combines incredible scenery with a truly unique tour experience.","og_url":"https:\/\/swissxplorer.com\/pt\/tours\/viagem-de-dia-inteiro-para-a-montanha-jungfraujoch-o-topo-da-europa\/","og_site_name":"Swiss Xplorer","article_modified_time":"2024-05-18T11:24:00+00:00","og_image":[{"width":2016,"height":1512,"url":"http:\/\/swissxplorer.com\/wp-content\/uploads\/2023\/04\/IMG_4194.jpg","type":"image\/jpeg"}],"twitter_card":"summary_large_image","twitter_misc":{"Est. tempo de leitura":"2 minutos"},"schema":{"@context":"https:\/\/schema.org","@graph":[{"@type":"WebPage","@id":"https:\/\/swissxplorer.com\/tours\/tour-to-jungfraujoch-the-top-of-europe\/","url":"https:\/\/swissxplorer.com\/tours\/tour-to-jungfraujoch-the-top-of-europe\/","name":"Tour to Jungfraujoch the Top of Europe","isPartOf":{"@id":"https:\/\/swissxplorer.com\/#website"},"datePublished":"2023-04-01T13:47:52+00:00","dateModified":"2024-05-18T11:24:00+00:00","description":"The Swiss Alps are a dream destination. The snow wonderland in Jungfraujoch Top of Europe combines incredible scenery with a truly unique tour experience.","breadcrumb":{"@id":"https:\/\/swissxplorer.com\/tours\/tour-to-jungfraujoch-the-top-of-europe\/#breadcrumb"},"inLanguage":"pt-BR","potentialAction":[{"@type":"ReadAction","target":["https:\/\/swissxplorer.com\/tours\/tour-to-jungfraujoch-the-top-of-europe\/"]}]},{"@type":"BreadcrumbList","@id":"https:\/\/swissxplorer.com\/tours\/tour-to-jungfraujoch-the-top-of-europe\/#breadcrumb","itemListElement":[{"@type":"ListItem","position":1,"name":"Home","item":"https:\/\/swissxplorer.com\/"},{"@type":"ListItem","position":2,"name":"Tours","item":"https:\/\/swissxplorer.com\/tours\/"},{"@type":"ListItem","position":3,"name":"Full Day Tour to Jungfraujoch Mountain, the Top of Europe"}]},{"@type":"WebSite","@id":"https:\/\/swissxplorer.com\/#website","url":"https:\/\/swissxplorer.com\/","name":"Swiss Xplorer","description":"Tours in Switzerland","potentialAction":[{"@type":"SearchAction","target":{"@type":"EntryPoint","urlTemplate":"https:\/\/swissxplorer.com\/?s={search_term_string}"},"query-input":"required name=search_term_string"}],"inLanguage":"pt-BR"}]}},"_links":{"self":[{"href":"https:\/\/swissxplorer.com\/pt\/wp-json\/wp\/v2\/product\/5138","targetHints":{"allow":["GET"]}}],"collection":[{"href":"https:\/\/swissxplorer.com\/pt\/wp-json\/wp\/v2\/product"}],"about":[{"href":"https:\/\/swissxplorer.com\/pt\/wp-json\/wp\/v2\/types\/product"}],"replies":[{"embeddable":true,"href":"https:\/\/swissxplorer.com\/pt\/wp-json\/wp\/v2\/comments?post=5138"}],"wp:featuredmedia":[{"embeddable":true,"href":"https:\/\/swissxplorer.com\/pt\/wp-json\/wp\/v2\/media\/5650"}],"wp:attachment":[{"href":"https:\/\/swissxplorer.com\/pt\/wp-json\/wp\/v2\/media?parent=5138"}],"wp:term":[{"taxonomy":"product_cat","embeddable":true,"href":"https:\/\/swissxplorer.com\/pt\/wp-json\/wp\/v2\/product_cat?post=5138"},{"taxonomy":"product_tag","embeddable":true,"href":"https:\/\/swissxplorer.com\/pt\/wp-json\/wp\/v2\/product_tag?post=5138"}],"curies":[{"name":"wp","href":"https:\/\/api.w.org\/{rel}","templated":true}]}}