{"id":5136,"date":"2023-04-01T15:43:19","date_gmt":"2023-04-01T13:43:19","guid":{"rendered":"http:\/\/swissxplorer.com\/?post_type=product&#038;p=5136"},"modified":"2024-09-04T11:37:55","modified_gmt":"2024-09-04T09:37:55","slug":"tour-to-grindelwald-first-mountain","status":"publish","type":"product","link":"https:\/\/swissxplorer.com\/pt\/tours\/excursao-de-dia-inteiro-de-lucerna-a-primeira-montanha-de-grindelwald-com-vista-deslumbrante-dos-alpes\/","title":{"rendered":"<p>Passeio de dia inteiro de Lucerna a Grindelwald First Mountain com vista deslumbrante dos Alpes<\/p>"},"content":{"rendered":"<p>Seu passeio come\u00e7a no seu hotel em Lucerna. Aqui, seu guia ir\u00e1 receb\u00ea-lo e voc\u00ea embarcar\u00e1 em um luxuoso Mercedes V Class. Este ve\u00edculo ir\u00e1 transport\u00e1-lo para as deslumbrantes paisagens rurais da Su\u00ed\u00e7a. A viagem para Grindelwald leva aproximadamente 1 hora e 30 minutos. Este tempo de viagem \u00e9 enriquecido pelas paisagens cativantes e paragens improvisadas para fotografar miradouros, lagos azul-turquesa e aldeias encantadoras.<p>Ao chegar em Grindelwald, um vilarejo alpino cercado por uma majestosa paisagem montanhosa, caminharemos pela rua principal at\u00e9 chegar ao ponto de partida do telef\u00e9rico. O passeio de g\u00f4ndola leva 25 minutos (s\u00f3 ida) para chegar ao pico onde teremos uma agrad\u00e1vel caminhada at\u00e9 a ponte p\u00eansil chamada First Cliff Walk com uma vista de tirar o f\u00f4lego!<\/p><p>Pararemos em um restaurante para tomar um caf\u00e9, cappuccino ou uma ta\u00e7a de vinho para apreciar melhor a vista dos Alpes, e depois seguiremos para as atividades opcionais oferecidas na Primeira montanha: tirolesa em at\u00e9 80 km por hora , des\u00e7a a montanha em um carrinho de montanha ou scooter Trottibike. As atividades n\u00e3o s\u00e3o obrigat\u00f3rias. Grindelwald-First \u00e9 um dos lugares mais populares para se visitar na regi\u00e3o de Jungfrau e \u00e9 o lugar perfeito para aventureiros!<\/p><p>Voc\u00ea n\u00e3o ter\u00e1 que se preocupar com nada! Faremos as reservas, compraremos os ingressos, buscaremos voc\u00ea no seu hotel e acompanharemos voc\u00ea durante todo o dia e em todas as atividades, no seu ritmo, sem pressa. Nosso guia fotografar\u00e1 voc\u00ea e sua fam\u00edlia ao longo do passeio proporcionando imagens incr\u00edveis e as melhores lembran\u00e7as!<\/p><p>Mediante solicita\u00e7\u00e3o, tamb\u00e9m podemos adaptar sua viagem para necessidades especiais.<\/p><h3><strong>Processo de reserva e pagamento:<\/strong><\/h3><p>Para confirmar o pre\u00e7o do passeio, informe o n\u00famero de participantes no campo de dados ao lado direito. O valor acima ser\u00e1 atualizado automaticamente.<\/p><p>Para iniciar o processo de reserva, por favor, forne\u00e7a os detalhes necess\u00e1rios para a viagem. Em seguida, enviaremos prontamente um e-mail confirmando a disponibilidade de datas. Posteriormente, um link de pagamento seguro ser\u00e1 fornecido para voc\u00ea fazer um adiantamento 20% e garantir a data selecionada. Este adiantamento serve como garantia financeira em caso de cancelamento do cliente. O restante pagamento poder\u00e1 ser feito no dia do passeio, seja com cart\u00e3o de cr\u00e9dito ou em dinheiro. Esteja ciente de que s\u00f3 podemos confirmar sua reserva ap\u00f3s o recebimento do pagamento inicial 20%. Se desejar cancelar o passeio, voc\u00ea pode faz\u00ea-lo at\u00e9 30 dias antes da data do passeio e receber um reembolso total.<\/p><p>Para mais op\u00e7\u00f5es de passeios e variedade de experi\u00eancias, convidamos voc\u00ea a explorar nossa sele\u00e7\u00e3o em nosso site: <a href=\"https:\/\/swissxplorer.com\/pt\/\">Swiss Xplorer<\/a>. Descubra as possibilidades e crie mem\u00f3rias inesquec\u00edveis de sua viagem pela Su\u00ed\u00e7a.<\/p><p>Consulte nossos Termos e Condi\u00e7\u00f5es aqui: <a href=\"https:\/\/swissxplorer.com\/pt\/politica-de-privacidade\/\" target=\"_blank\" rel=\"noopener\">termos e Condi\u00e7\u00f5es<\/a><\/p><\/p>","protected":false},"excerpt":{"rendered":"<p>Descubra uma das paisagens alpinas mais atraentes da Su\u00ed\u00e7a em uma excurs\u00e3o de dia inteiro<br>\ncom ou sem aventura.<\/p>","protected":false},"featured_media":6351,"comment_status":"open","ping_status":"closed","template":"","meta":[],"product_cat":[98,89],"product_tag":[167,91,169,170,90,80,168,171],"class_list":["post-5136","product","type-product","status-publish","has-post-thumbnail","hentry","brw_type_of_tour-all","brw_type_of_tour-day-trip","product_cat-all","product_cat-lucerne","product_tag-full-day-tour-from-lucerne-to-grindelwald-first-mountain","product_tag-grindelwald","product_tag-guided-tour-from-lucerne","product_tag-guided-tour-from-lucerne-to-grindelwald-first","product_tag-lucerne","product_tag-lucernetour","product_tag-tour-to-first-mountain-lucerne","product_tag-transfer-to-grindelwald-first-from-lucernce"],"acf":[],"yoast_head":"<!-- This site is optimized with the Yoast SEO plugin v21.7 - https:\/\/yoast.com\/wordpress\/plugins\/seo\/ -->\n<title>Tour to Grindelwald First Mountain<\/title>\n<meta name=\"description\" content=\"Discover one of most attractive Alpine landscapes on a full-day tour from Lucerne to Grindelwald First Mountain located in the Swiss Alps\" \/>\n<meta name=\"robots\" content=\"index, follow, max-snippet:-1, max-image-preview:large, max-video-preview:-1\" \/>\n<link rel=\"canonical\" href=\"https:\/\/swissxplorer.com\/pt\/tours\/excursao-de-dia-inteiro-de-lucerna-a-primeira-montanha-de-grindelwald-com-vista-deslumbrante-dos-alpes\/\" \/>\n<meta property=\"og:locale\" content=\"pt_BR\" \/>\n<meta property=\"og:type\" content=\"article\" \/>\n<meta property=\"og:title\" content=\"Tour to Grindelwald First Mountain\" \/>\n<meta property=\"og:description\" content=\"Discover one of most attractive Alpine landscapes on a full-day tour from Lucerne to Grindelwald First Mountain located in the Swiss Alps\" \/>\n<meta property=\"og:url\" content=\"https:\/\/swissxplorer.com\/pt\/tours\/excursao-de-dia-inteiro-de-lucerna-a-primeira-montanha-de-grindelwald-com-vista-deslumbrante-dos-alpes\/\" \/>\n<meta property=\"og:site_name\" content=\"Swiss Xplorer\" \/>\n<meta property=\"article:modified_time\" content=\"2024-09-04T09:37:55+00:00\" \/>\n<meta property=\"og:image\" content=\"http:\/\/swissxplorer.com\/wp-content\/uploads\/2023\/06\/Grindelwald-First-Mountain-summer.jpg\" \/>\n\t<meta property=\"og:image:width\" content=\"900\" \/>\n\t<meta property=\"og:image:height\" content=\"601\" \/>\n\t<meta property=\"og:image:type\" content=\"image\/jpeg\" \/>\n<meta name=\"twitter:card\" content=\"summary_large_image\" \/>\n<meta name=\"twitter:label1\" content=\"Est. tempo de leitura\" \/>\n\t<meta name=\"twitter:data1\" content=\"3 minutos\" \/>\n<script type=\"application\/ld+json\" class=\"yoast-schema-graph\">{\"@context\":\"https:\/\/schema.org\",\"@graph\":[{\"@type\":\"WebPage\",\"@id\":\"https:\/\/swissxplorer.com\/tours\/tour-to-grindelwald-first-mountain\/\",\"url\":\"https:\/\/swissxplorer.com\/tours\/tour-to-grindelwald-first-mountain\/\",\"name\":\"Tour to Grindelwald First Mountain\",\"isPartOf\":{\"@id\":\"https:\/\/swissxplorer.com\/#website\"},\"datePublished\":\"2023-04-01T13:43:19+00:00\",\"dateModified\":\"2024-09-04T09:37:55+00:00\",\"description\":\"Discover one of most attractive Alpine landscapes on a full-day tour from Lucerne to Grindelwald First Mountain located in the Swiss Alps\",\"breadcrumb\":{\"@id\":\"https:\/\/swissxplorer.com\/tours\/tour-to-grindelwald-first-mountain\/#breadcrumb\"},\"inLanguage\":\"pt-BR\",\"potentialAction\":[{\"@type\":\"ReadAction\",\"target\":[\"https:\/\/swissxplorer.com\/tours\/tour-to-grindelwald-first-mountain\/\"]}]},{\"@type\":\"BreadcrumbList\",\"@id\":\"https:\/\/swissxplorer.com\/tours\/tour-to-grindelwald-first-mountain\/#breadcrumb\",\"itemListElement\":[{\"@type\":\"ListItem\",\"position\":1,\"name\":\"Home\",\"item\":\"https:\/\/swissxplorer.com\/\"},{\"@type\":\"ListItem\",\"position\":2,\"name\":\"Tours\",\"item\":\"https:\/\/swissxplorer.com\/tours\/\"},{\"@type\":\"ListItem\",\"position\":3,\"name\":\"Full Day Tour from Lucerne to Grindelwald First Mountain with Breathtaking Alps view\"}]},{\"@type\":\"WebSite\",\"@id\":\"https:\/\/swissxplorer.com\/#website\",\"url\":\"https:\/\/swissxplorer.com\/\",\"name\":\"Swiss Xplorer\",\"description\":\"Tours in Switzerland\",\"potentialAction\":[{\"@type\":\"SearchAction\",\"target\":{\"@type\":\"EntryPoint\",\"urlTemplate\":\"https:\/\/swissxplorer.com\/?s={search_term_string}\"},\"query-input\":\"required name=search_term_string\"}],\"inLanguage\":\"pt-BR\"}]}<\/script>\n<!-- \/ Yoast SEO plugin. -->","yoast_head_json":{"title":"Tour to Grindelwald First Mountain","description":"Discover one of most attractive Alpine landscapes on a full-day tour from Lucerne to Grindelwald First Mountain located in the Swiss Alps","robots":{"index":"index","follow":"follow","max-snippet":"max-snippet:-1","max-image-preview":"max-image-preview:large","max-video-preview":"max-video-preview:-1"},"canonical":"https:\/\/swissxplorer.com\/pt\/tours\/excursao-de-dia-inteiro-de-lucerna-a-primeira-montanha-de-grindelwald-com-vista-deslumbrante-dos-alpes\/","og_locale":"pt_BR","og_type":"article","og_title":"Tour to Grindelwald First Mountain","og_description":"Discover one of most attractive Alpine landscapes on a full-day tour from Lucerne to Grindelwald First Mountain located in the Swiss Alps","og_url":"https:\/\/swissxplorer.com\/pt\/tours\/excursao-de-dia-inteiro-de-lucerna-a-primeira-montanha-de-grindelwald-com-vista-deslumbrante-dos-alpes\/","og_site_name":"Swiss Xplorer","article_modified_time":"2024-09-04T09:37:55+00:00","og_image":[{"width":900,"height":601,"url":"http:\/\/swissxplorer.com\/wp-content\/uploads\/2023\/06\/Grindelwald-First-Mountain-summer.jpg","type":"image\/jpeg"}],"twitter_card":"summary_large_image","twitter_misc":{"Est. tempo de leitura":"3 minutos"},"schema":{"@context":"https:\/\/schema.org","@graph":[{"@type":"WebPage","@id":"https:\/\/swissxplorer.com\/tours\/tour-to-grindelwald-first-mountain\/","url":"https:\/\/swissxplorer.com\/tours\/tour-to-grindelwald-first-mountain\/","name":"Tour to Grindelwald First Mountain","isPartOf":{"@id":"https:\/\/swissxplorer.com\/#website"},"datePublished":"2023-04-01T13:43:19+00:00","dateModified":"2024-09-04T09:37:55+00:00","description":"Discover one of most attractive Alpine landscapes on a full-day tour from Lucerne to Grindelwald First Mountain located in the Swiss Alps","breadcrumb":{"@id":"https:\/\/swissxplorer.com\/tours\/tour-to-grindelwald-first-mountain\/#breadcrumb"},"inLanguage":"pt-BR","potentialAction":[{"@type":"ReadAction","target":["https:\/\/swissxplorer.com\/tours\/tour-to-grindelwald-first-mountain\/"]}]},{"@type":"BreadcrumbList","@id":"https:\/\/swissxplorer.com\/tours\/tour-to-grindelwald-first-mountain\/#breadcrumb","itemListElement":[{"@type":"ListItem","position":1,"name":"Home","item":"https:\/\/swissxplorer.com\/"},{"@type":"ListItem","position":2,"name":"Tours","item":"https:\/\/swissxplorer.com\/tours\/"},{"@type":"ListItem","position":3,"name":"Full Day Tour from Lucerne to Grindelwald First Mountain with Breathtaking Alps view"}]},{"@type":"WebSite","@id":"https:\/\/swissxplorer.com\/#website","url":"https:\/\/swissxplorer.com\/","name":"Swiss Xplorer","description":"Tours in Switzerland","potentialAction":[{"@type":"SearchAction","target":{"@type":"EntryPoint","urlTemplate":"https:\/\/swissxplorer.com\/?s={search_term_string}"},"query-input":"required name=search_term_string"}],"inLanguage":"pt-BR"}]}},"_links":{"self":[{"href":"https:\/\/swissxplorer.com\/pt\/wp-json\/wp\/v2\/product\/5136","targetHints":{"allow":["GET"]}}],"collection":[{"href":"https:\/\/swissxplorer.com\/pt\/wp-json\/wp\/v2\/product"}],"about":[{"href":"https:\/\/swissxplorer.com\/pt\/wp-json\/wp\/v2\/types\/product"}],"replies":[{"embeddable":true,"href":"https:\/\/swissxplorer.com\/pt\/wp-json\/wp\/v2\/comments?post=5136"}],"wp:featuredmedia":[{"embeddable":true,"href":"https:\/\/swissxplorer.com\/pt\/wp-json\/wp\/v2\/media\/6351"}],"wp:attachment":[{"href":"https:\/\/swissxplorer.com\/pt\/wp-json\/wp\/v2\/media?parent=5136"}],"wp:term":[{"taxonomy":"product_cat","embeddable":true,"href":"https:\/\/swissxplorer.com\/pt\/wp-json\/wp\/v2\/product_cat?post=5136"},{"taxonomy":"product_tag","embeddable":true,"href":"https:\/\/swissxplorer.com\/pt\/wp-json\/wp\/v2\/product_tag?post=5136"}],"curies":[{"name":"wp","href":"https:\/\/api.w.org\/{rel}","templated":true}]}}