{"id":5135,"date":"2023-04-01T15:33:23","date_gmt":"2023-04-01T13:33:23","guid":{"rendered":"http:\/\/swissxplorer.com\/?post_type=product&#038;p=5135"},"modified":"2024-04-18T12:06:38","modified_gmt":"2024-04-18T10:06:38","slug":"tour-to-mount-titlis-from-zurich","status":"publish","type":"product","link":"https:\/\/swissxplorer.com\/pt\/tours\/tour-privado-para-montar-titlis-de-zurique-um-destino-de-sonho\/","title":{"rendered":"<p>Excurs\u00e3o privada ao Monte Titlis saindo de Zurique? um destino de sonho<\/p>"},"content":{"rendered":"<p>Existem muitas montanhas na Su\u00ed\u00e7a e \u00e0s vezes \u00e9 dif\u00edcil escolher a melhor para visitar. Uma coisa \u00e9 certa, a beleza das paisagens est\u00e1 garantida em qualquer pico que voc\u00ea decida escalar. A Su\u00ed\u00e7a nunca decepciona! Durante esta excurs\u00e3o ao Monte Titlis saindo de Zurique, voc\u00ea ter\u00e1 a oportunidade de visitar um dos locais mais queridos de todo o pa\u00eds.<p>De Zurique, acreditamos que a melhor montanha para ver a neve e os m\u00e1gicos Alpes \u00e9 o Monte Titlis porque \u00e9 relativamente pr\u00f3ximo (1h15min s\u00f3 de ida) e voc\u00ea n\u00e3o perder\u00e1 muito tempo na viagem para chegar l\u00e1.<\/p><p>Devido \u00e0 sua altitude, 3.239 metros acima do n\u00edvel do mar (10.626 p\u00e9s), voc\u00ea poder\u00e1 ver neve o ano todo. As vistas panor\u00e2micas dos picos alpinos, das faces rochosas escarpadas e de uma geleira gelada com fissuras s\u00e3o simplesmente deslumbrantes!<\/p><p>A excurs\u00e3o ao Monte Titlis saindo de Zurique come\u00e7a em seu hotel em Zurique. Juntos, viajaremos em um confort\u00e1vel Mercedes Classe V at\u00e9 Engelberg, onde come\u00e7a nossa subida ao pico. Estaremos sempre com voc\u00ea nas trocas de telef\u00e9rico e em todas as paradas nas esta\u00e7\u00f5es intermedi\u00e1rias, garantindo que voc\u00ea aproveite todos os atrativos que a montanha oferece, sempre no seu tempo e ritmo, sem pressa.<\/p><p>Neste passeio, voc\u00ea poder\u00e1 caminhar 100 metros pelo &quot;Titlis Cliff Walk&quot;, uma ponte suspensa a 3.041 metros acima do n\u00edvel do mar e a 500 metros do solo. O TITLIS Cliff Walk det\u00e9m o recorde de ser a ponte suspensa mais alta da Europa.<\/p><p>No topo, voc\u00ea tamb\u00e9m experimentar\u00e1 uma caminhada m\u00e1gica (150 metros de comprimento) dentro de uma caverna de geleira real, onde o gelo tem at\u00e9 5.000 anos.<\/p><p>Voc\u00ea n\u00e3o ter\u00e1 que se preocupar com nada! Cuidaremos das reservas e compras de ingressos e estaremos com voc\u00ea durante todo o dia. Isso garante uma experi\u00eancia tranquila durante sua viagem particular ao Monte Titlis. Esta escolha permite que voc\u00ea participe de atividades fascinantes. Mediante solicita\u00e7\u00e3o, tamb\u00e9m podemos adaptar sua viagem para necessidades especiais.<\/p><h3><strong>Processo de reserva e pagamento:<\/strong><\/h3><p>Para confirmar o pre\u00e7o do passeio, informe o n\u00famero de participantes no campo de dados ao lado direito. O valor acima ser\u00e1 atualizado automaticamente.<\/p><p>Para iniciar o processo de reserva, por favor, forne\u00e7a os detalhes necess\u00e1rios para a viagem. Em seguida, enviaremos prontamente um e-mail confirmando a disponibilidade de datas. Posteriormente, um link de pagamento seguro ser\u00e1 fornecido para voc\u00ea fazer um adiantamento 20% e garantir a data selecionada. Este adiantamento serve como garantia financeira em caso de cancelamento do cliente. O restante pagamento poder\u00e1 ser feito no dia do passeio, seja com cart\u00e3o de cr\u00e9dito ou em dinheiro. Esteja ciente de que s\u00f3 podemos confirmar sua reserva ap\u00f3s o recebimento do pagamento inicial 20%. Se desejar cancelar o passeio, voc\u00ea pode faz\u00ea-lo at\u00e9 30 dias antes da data do passeio e receber um reembolso total.<\/p><p>Para mais op\u00e7\u00f5es de passeios e variedade de experi\u00eancias, convidamos voc\u00ea a explorar nossa sele\u00e7\u00e3o em nosso site: <a href=\"https:\/\/swissxplorer.com\/pt\/\">Swiss Xplorer<\/a>. Descubra as possibilidades e crie mem\u00f3rias inesquec\u00edveis de sua viagem pela Su\u00ed\u00e7a.<\/p><p>Consulte nossos Termos e Condi\u00e7\u00f5es aqui: <a href=\"https:\/\/swissxplorer.com\/pt\/politica-de-privacidade\/\" target=\"_blank\" rel=\"noopener\">termos e Condi\u00e7\u00f5es<\/a><\/p><\/p>","protected":false},"excerpt":{"rendered":"<p>Viagem de dia inteiro ao Monte Titlis com atra\u00e7\u00f5es incr\u00edveis: passeio de telef\u00e9rico, mais alto<br>\nponte suspensa na Europa e caminhe dentro de uma geleira.<\/p>","protected":false},"featured_media":5764,"comment_status":"open","ping_status":"closed","template":"","meta":[],"product_cat":[98,44],"product_tag":[173,174,172,175,178,87,176,177,136,67],"class_list":["post-5135","product","type-product","status-publish","has-post-thumbnail","hentry","brw_type_of_tour-all","brw_type_of_tour-day-trip","product_cat-all","product_cat-zurich","product_tag-guided-tour-to-titlis-from-zurich","product_tag-private-guided-tour-zurich","product_tag-private-tour-to-mount-titlis-from-zurich","product_tag-private-tour-to-mount-titlis-starting-in-zurich","product_tag-snow-mountain-from-zurich","product_tag-zurich","product_tag-zurich-attractions","product_tag-zurich-mountain-attractions","product_tag-zurich-tourism","product_tag-zurichtour"],"acf":[],"yoast_head":"<!-- This site is optimized with the Yoast SEO plugin v21.7 - https:\/\/yoast.com\/wordpress\/plugins\/seo\/ -->\n<title>Tour to Mount Titlis from Zurich<\/title>\n<meta name=\"description\" content=\"Full-day tour to Mount Titlis from Zurich with amazing attractions: cable car ride, highest suspension bridge in Europe, and walk inside a glacier.\" \/>\n<meta name=\"robots\" content=\"index, follow, max-snippet:-1, max-image-preview:large, max-video-preview:-1\" \/>\n<link rel=\"canonical\" href=\"https:\/\/swissxplorer.com\/pt\/tours\/tour-privado-para-montar-titlis-de-zurique-um-destino-de-sonho\/\" \/>\n<meta property=\"og:locale\" content=\"pt_BR\" \/>\n<meta property=\"og:type\" content=\"article\" \/>\n<meta property=\"og:title\" content=\"Tour to Mount Titlis from Zurich\" \/>\n<meta property=\"og:description\" content=\"Full-day tour to Mount Titlis from Zurich with amazing attractions: cable car ride, highest suspension bridge in Europe, and walk inside a glacier.\" \/>\n<meta property=\"og:url\" content=\"https:\/\/swissxplorer.com\/pt\/tours\/tour-privado-para-montar-titlis-de-zurique-um-destino-de-sonho\/\" \/>\n<meta property=\"og:site_name\" content=\"Swiss Xplorer\" \/>\n<meta property=\"article:modified_time\" content=\"2024-04-18T10:06:38+00:00\" \/>\n<meta property=\"og:image\" content=\"http:\/\/swissxplorer.com\/wp-content\/uploads\/2023\/04\/130826_TitlisHangebruckeEnander2-3-scaled.jpg\" \/>\n\t<meta property=\"og:image:width\" content=\"2560\" \/>\n\t<meta property=\"og:image:height\" content=\"1707\" \/>\n\t<meta property=\"og:image:type\" content=\"image\/jpeg\" \/>\n<meta name=\"twitter:card\" content=\"summary_large_image\" \/>\n<meta name=\"twitter:label1\" content=\"Est. tempo de leitura\" \/>\n\t<meta name=\"twitter:data1\" content=\"3 minutos\" \/>\n<script type=\"application\/ld+json\" class=\"yoast-schema-graph\">{\"@context\":\"https:\/\/schema.org\",\"@graph\":[{\"@type\":\"WebPage\",\"@id\":\"https:\/\/swissxplorer.com\/tours\/tour-to-mount-titlis-from-zurich\/\",\"url\":\"https:\/\/swissxplorer.com\/tours\/tour-to-mount-titlis-from-zurich\/\",\"name\":\"Tour to Mount Titlis from Zurich\",\"isPartOf\":{\"@id\":\"https:\/\/swissxplorer.com\/#website\"},\"datePublished\":\"2023-04-01T13:33:23+00:00\",\"dateModified\":\"2024-04-18T10:06:38+00:00\",\"description\":\"Full-day tour to Mount Titlis from Zurich with amazing attractions: cable car ride, highest suspension bridge in Europe, and walk inside a glacier.\",\"breadcrumb\":{\"@id\":\"https:\/\/swissxplorer.com\/tours\/tour-to-mount-titlis-from-zurich\/#breadcrumb\"},\"inLanguage\":\"pt-BR\",\"potentialAction\":[{\"@type\":\"ReadAction\",\"target\":[\"https:\/\/swissxplorer.com\/tours\/tour-to-mount-titlis-from-zurich\/\"]}]},{\"@type\":\"BreadcrumbList\",\"@id\":\"https:\/\/swissxplorer.com\/tours\/tour-to-mount-titlis-from-zurich\/#breadcrumb\",\"itemListElement\":[{\"@type\":\"ListItem\",\"position\":1,\"name\":\"Home\",\"item\":\"https:\/\/swissxplorer.com\/\"},{\"@type\":\"ListItem\",\"position\":2,\"name\":\"Tours\",\"item\":\"https:\/\/swissxplorer.com\/tours\/\"},{\"@type\":\"ListItem\",\"position\":3,\"name\":\"Private Tour to Mount Titlis from Zurich \u2013 a dream destination\"}]},{\"@type\":\"WebSite\",\"@id\":\"https:\/\/swissxplorer.com\/#website\",\"url\":\"https:\/\/swissxplorer.com\/\",\"name\":\"Swiss Xplorer\",\"description\":\"Tours in Switzerland\",\"potentialAction\":[{\"@type\":\"SearchAction\",\"target\":{\"@type\":\"EntryPoint\",\"urlTemplate\":\"https:\/\/swissxplorer.com\/?s={search_term_string}\"},\"query-input\":\"required name=search_term_string\"}],\"inLanguage\":\"pt-BR\"}]}<\/script>\n<!-- \/ Yoast SEO plugin. -->","yoast_head_json":{"title":"Tour to Mount Titlis from Zurich","description":"Full-day tour to Mount Titlis from Zurich with amazing attractions: cable car ride, highest suspension bridge in Europe, and walk inside a glacier.","robots":{"index":"index","follow":"follow","max-snippet":"max-snippet:-1","max-image-preview":"max-image-preview:large","max-video-preview":"max-video-preview:-1"},"canonical":"https:\/\/swissxplorer.com\/pt\/tours\/tour-privado-para-montar-titlis-de-zurique-um-destino-de-sonho\/","og_locale":"pt_BR","og_type":"article","og_title":"Tour to Mount Titlis from Zurich","og_description":"Full-day tour to Mount Titlis from Zurich with amazing attractions: cable car ride, highest suspension bridge in Europe, and walk inside a glacier.","og_url":"https:\/\/swissxplorer.com\/pt\/tours\/tour-privado-para-montar-titlis-de-zurique-um-destino-de-sonho\/","og_site_name":"Swiss Xplorer","article_modified_time":"2024-04-18T10:06:38+00:00","og_image":[{"width":2560,"height":1707,"url":"http:\/\/swissxplorer.com\/wp-content\/uploads\/2023\/04\/130826_TitlisHangebruckeEnander2-3-scaled.jpg","type":"image\/jpeg"}],"twitter_card":"summary_large_image","twitter_misc":{"Est. tempo de leitura":"3 minutos"},"schema":{"@context":"https:\/\/schema.org","@graph":[{"@type":"WebPage","@id":"https:\/\/swissxplorer.com\/tours\/tour-to-mount-titlis-from-zurich\/","url":"https:\/\/swissxplorer.com\/tours\/tour-to-mount-titlis-from-zurich\/","name":"Tour to Mount Titlis from Zurich","isPartOf":{"@id":"https:\/\/swissxplorer.com\/#website"},"datePublished":"2023-04-01T13:33:23+00:00","dateModified":"2024-04-18T10:06:38+00:00","description":"Full-day tour to Mount Titlis from Zurich with amazing attractions: cable car ride, highest suspension bridge in Europe, and walk inside a glacier.","breadcrumb":{"@id":"https:\/\/swissxplorer.com\/tours\/tour-to-mount-titlis-from-zurich\/#breadcrumb"},"inLanguage":"pt-BR","potentialAction":[{"@type":"ReadAction","target":["https:\/\/swissxplorer.com\/tours\/tour-to-mount-titlis-from-zurich\/"]}]},{"@type":"BreadcrumbList","@id":"https:\/\/swissxplorer.com\/tours\/tour-to-mount-titlis-from-zurich\/#breadcrumb","itemListElement":[{"@type":"ListItem","position":1,"name":"Home","item":"https:\/\/swissxplorer.com\/"},{"@type":"ListItem","position":2,"name":"Tours","item":"https:\/\/swissxplorer.com\/tours\/"},{"@type":"ListItem","position":3,"name":"Private Tour to Mount Titlis from Zurich \u2013 a dream destination"}]},{"@type":"WebSite","@id":"https:\/\/swissxplorer.com\/#website","url":"https:\/\/swissxplorer.com\/","name":"Swiss Xplorer","description":"Tours in Switzerland","potentialAction":[{"@type":"SearchAction","target":{"@type":"EntryPoint","urlTemplate":"https:\/\/swissxplorer.com\/?s={search_term_string}"},"query-input":"required name=search_term_string"}],"inLanguage":"pt-BR"}]}},"_links":{"self":[{"href":"https:\/\/swissxplorer.com\/pt\/wp-json\/wp\/v2\/product\/5135","targetHints":{"allow":["GET"]}}],"collection":[{"href":"https:\/\/swissxplorer.com\/pt\/wp-json\/wp\/v2\/product"}],"about":[{"href":"https:\/\/swissxplorer.com\/pt\/wp-json\/wp\/v2\/types\/product"}],"replies":[{"embeddable":true,"href":"https:\/\/swissxplorer.com\/pt\/wp-json\/wp\/v2\/comments?post=5135"}],"wp:featuredmedia":[{"embeddable":true,"href":"https:\/\/swissxplorer.com\/pt\/wp-json\/wp\/v2\/media\/5764"}],"wp:attachment":[{"href":"https:\/\/swissxplorer.com\/pt\/wp-json\/wp\/v2\/media?parent=5135"}],"wp:term":[{"taxonomy":"product_cat","embeddable":true,"href":"https:\/\/swissxplorer.com\/pt\/wp-json\/wp\/v2\/product_cat?post=5135"},{"taxonomy":"product_tag","embeddable":true,"href":"https:\/\/swissxplorer.com\/pt\/wp-json\/wp\/v2\/product_tag?post=5135"}],"curies":[{"name":"wp","href":"https:\/\/api.w.org\/{rel}","templated":true}]}}