{"id":5134,"date":"2023-04-01T15:25:46","date_gmt":"2023-04-01T13:25:46","guid":{"rendered":"http:\/\/swissxplorer.com\/?post_type=product&#038;p=5134"},"modified":"2023-12-19T18:52:46","modified_gmt":"2023-12-19T17:52:46","slug":"boat-trip-zurich","status":"publish","type":"product","link":"https:\/\/swissxplorer.com\/pt\/tours\/excursao-de-meio-dia-com-passeio-de-barco-panoramico-no-lago-walen-para-uma-vila-de-vinhedos-de-zurique\/","title":{"rendered":"<p>Tour de meio dia com passeio panor\u00e2mico de barco no lago Walen at\u00e9 uma vila, saindo de Zurique<\/p>"},"content":{"rendered":"<p>Depois de ser buscado em seu hotel em Zurique, sente-se em um confort\u00e1vel V Class Mercedes e aproveite o passeio privado de 50 minutos at\u00e9 o lago Walen, onde come\u00e7a a viagem de barco.<p>O Lago Walen \u00e9 um dos lagos mais bonitos da Su\u00ed\u00e7a. As montanhas erguem-se quase verticalmente em todos os lados do lago e aninham-se em pequenos planaltos e nas suas \u00e1guas l\u00edmpidas e azul-turquesa. A viagem de barco entre Weesen e Quinten leva cerca de 40 minutos, percorrendo cerca de 10 km.<\/p><p>A joia da viagem \u00e9 a incr\u00edvel cachoeira. As Cataratas de Seerenbach brotam de um sistema de cavernas e caem em tr\u00eas cascatas de quase 1.968 p\u00e9s (600 metros) descendo os penhascos. As cachoeiras s\u00e3o especialmente impressionantes na primavera, quando a neve derretida as transforma em uma torrente. A pequena vila de Quinten (com apenas 56 habitantes) \u00e9 um para\u00edso sem carros, acess\u00edvel apenas por barco. Almo\u00e7aremos l\u00e1 e degustaremos o vinho local. A natureza espetacular e contrastante torna uma excurs\u00e3o ao lago Walensee particularmente memor\u00e1vel.<\/p><p>Voc\u00ea n\u00e3o ter\u00e1 que se preocupar com nada! Faremos as reservas, compraremos os bilhetes, iremos busc\u00e1-lo e acompanh\u00e1-lo durante todo o dia e em todas as atividades, ao seu ritmo, sem pressa. Nosso guia fotografar\u00e1 voc\u00ea e sua fam\u00edlia ao longo do passeio proporcionando imagens incr\u00edveis e as melhores lembran\u00e7as! Mediante solicita\u00e7\u00e3o, tamb\u00e9m podemos adaptar sua viagem para necessidades especiais.<\/p><h3><strong>Processo de reserva e pagamento:<\/strong><\/h3><p>Para confirmar o pre\u00e7o do passeio, informe o n\u00famero de participantes no campo de dados ao lado direito. O valor acima ser\u00e1 atualizado automaticamente.<\/p><p>Para iniciar o processo de reserva, por favor, forne\u00e7a os detalhes necess\u00e1rios para a viagem. Em seguida, enviaremos prontamente um e-mail confirmando a disponibilidade de datas. Posteriormente, um link de pagamento seguro ser\u00e1 fornecido para voc\u00ea fazer um adiantamento 20% e garantir a data selecionada. Este adiantamento serve como garantia financeira em caso de cancelamento do cliente. O restante pagamento poder\u00e1 ser feito no dia do passeio, seja com cart\u00e3o de cr\u00e9dito ou em dinheiro. Esteja ciente de que s\u00f3 podemos confirmar sua reserva ap\u00f3s o recebimento do pagamento inicial 20%. Se desejar cancelar o passeio, voc\u00ea pode faz\u00ea-lo at\u00e9 30 dias antes da data do passeio e receber um reembolso total.<\/p><p>Para mais op\u00e7\u00f5es de passeios e variedade de experi\u00eancias, convidamos voc\u00ea a explorar nossa sele\u00e7\u00e3o em nosso site: <a href=\"https:\/\/swissxplorer.com\/pt\/\">Swiss Xplorer<\/a>. Descubra as possibilidades e crie mem\u00f3rias inesquec\u00edveis de sua viagem pela Su\u00ed\u00e7a.<\/p><p>Consulte nossos Termos e Condi\u00e7\u00f5es aqui: <a href=\"https:\/\/swissxplorer.com\/pt\/politica-de-privacidade\/\" target=\"_blank\" rel=\"noopener\">termos e Condi\u00e7\u00f5es<\/a><\/p><\/p>","protected":false},"excerpt":{"rendered":"<p>Fuja da realidade e mergulhe em paisagens de contos de fadas em um ambiente privado<br>\npasseio de um dia por um dos lagos mais impressionantes da Su\u00ed\u00e7a.<\/p>","protected":false},"featured_media":5960,"comment_status":"open","ping_status":"closed","template":"","meta":[],"product_cat":[98,44],"product_tag":[179,181,180,88,184,183,87,182,67],"class_list":["post-5134","product","type-product","status-publish","has-post-thumbnail","hentry","brw_type_of_tour-all","brw_type_of_tour-half-day-tour","product_cat-all","product_cat-zurich","product_tag-boat-tour-zurich","product_tag-guided-tour-from-zurich-to-beautiful-landscapes","product_tag-guided-tours-from-zurich","product_tag-walen","product_tag-walen-lake-boat-trip","product_tag-walensee-lake-tour","product_tag-zurich","product_tag-zurich-best-attractions-tours","product_tag-zurichtour"],"acf":[],"yoast_head":"<!-- This site is optimized with the Yoast SEO plugin v21.7 - https:\/\/yoast.com\/wordpress\/plugins\/seo\/ -->\n<title>Boat trip from Zurich<\/title>\n<meta name=\"description\" content=\"Escape from reality and immerse yourself in fairytale landscape in a boat trip tour from Zurich to one of the most impressive lakes in Switzerland.\" \/>\n<meta name=\"robots\" content=\"index, follow, max-snippet:-1, max-image-preview:large, max-video-preview:-1\" \/>\n<link rel=\"canonical\" href=\"https:\/\/swissxplorer.com\/pt\/tours\/excursao-de-meio-dia-com-passeio-de-barco-panoramico-no-lago-walen-para-uma-vila-de-vinhedos-de-zurique\/\" \/>\n<meta property=\"og:locale\" content=\"pt_BR\" \/>\n<meta property=\"og:type\" content=\"article\" \/>\n<meta property=\"og:title\" content=\"Boat trip from Zurich\" \/>\n<meta property=\"og:description\" content=\"Escape from reality and immerse yourself in fairytale landscape in a boat trip tour from Zurich to one of the most impressive lakes in Switzerland.\" \/>\n<meta property=\"og:url\" content=\"https:\/\/swissxplorer.com\/pt\/tours\/excursao-de-meio-dia-com-passeio-de-barco-panoramico-no-lago-walen-para-uma-vila-de-vinhedos-de-zurique\/\" \/>\n<meta property=\"og:site_name\" content=\"Swiss Xplorer\" \/>\n<meta property=\"article:modified_time\" content=\"2023-12-19T17:52:46+00:00\" \/>\n<meta property=\"og:image\" content=\"http:\/\/swissxplorer.com\/wp-content\/uploads\/2023\/04\/quinten-ms-seerenbachfalle-betlis-walensee-schiff.jpg\" \/>\n\t<meta property=\"og:image:width\" content=\"1533\" \/>\n\t<meta property=\"og:image:height\" content=\"1120\" \/>\n\t<meta property=\"og:image:type\" content=\"image\/jpeg\" \/>\n<meta name=\"twitter:card\" content=\"summary_large_image\" \/>\n<meta name=\"twitter:label1\" content=\"Est. tempo de leitura\" \/>\n\t<meta name=\"twitter:data1\" content=\"2 minutos\" \/>\n<script type=\"application\/ld+json\" class=\"yoast-schema-graph\">{\"@context\":\"https:\/\/schema.org\",\"@graph\":[{\"@type\":\"WebPage\",\"@id\":\"https:\/\/swissxplorer.com\/tours\/boat-trip-zurich\/\",\"url\":\"https:\/\/swissxplorer.com\/tours\/boat-trip-zurich\/\",\"name\":\"Boat trip from Zurich\",\"isPartOf\":{\"@id\":\"https:\/\/swissxplorer.com\/#website\"},\"datePublished\":\"2023-04-01T13:25:46+00:00\",\"dateModified\":\"2023-12-19T17:52:46+00:00\",\"description\":\"Escape from reality and immerse yourself in fairytale landscape in a boat trip tour from Zurich to one of the most impressive lakes in Switzerland.\",\"breadcrumb\":{\"@id\":\"https:\/\/swissxplorer.com\/tours\/boat-trip-zurich\/#breadcrumb\"},\"inLanguage\":\"pt-BR\",\"potentialAction\":[{\"@type\":\"ReadAction\",\"target\":[\"https:\/\/swissxplorer.com\/tours\/boat-trip-zurich\/\"]}]},{\"@type\":\"BreadcrumbList\",\"@id\":\"https:\/\/swissxplorer.com\/tours\/boat-trip-zurich\/#breadcrumb\",\"itemListElement\":[{\"@type\":\"ListItem\",\"position\":1,\"name\":\"Home\",\"item\":\"https:\/\/swissxplorer.com\/\"},{\"@type\":\"ListItem\",\"position\":2,\"name\":\"Tours\",\"item\":\"https:\/\/swissxplorer.com\/tours\/\"},{\"@type\":\"ListItem\",\"position\":3,\"name\":\"Half Day Tour with Scenic Boat Trip on lake Walen to a Vineyard village \u2013 from Zurich\"}]},{\"@type\":\"WebSite\",\"@id\":\"https:\/\/swissxplorer.com\/#website\",\"url\":\"https:\/\/swissxplorer.com\/\",\"name\":\"Swiss Xplorer\",\"description\":\"Tours in Switzerland\",\"potentialAction\":[{\"@type\":\"SearchAction\",\"target\":{\"@type\":\"EntryPoint\",\"urlTemplate\":\"https:\/\/swissxplorer.com\/?s={search_term_string}\"},\"query-input\":\"required name=search_term_string\"}],\"inLanguage\":\"pt-BR\"}]}<\/script>\n<!-- \/ Yoast SEO plugin. -->","yoast_head_json":{"title":"Boat trip from Zurich","description":"Escape from reality and immerse yourself in fairytale landscape in a boat trip tour from Zurich to one of the most impressive lakes in Switzerland.","robots":{"index":"index","follow":"follow","max-snippet":"max-snippet:-1","max-image-preview":"max-image-preview:large","max-video-preview":"max-video-preview:-1"},"canonical":"https:\/\/swissxplorer.com\/pt\/tours\/excursao-de-meio-dia-com-passeio-de-barco-panoramico-no-lago-walen-para-uma-vila-de-vinhedos-de-zurique\/","og_locale":"pt_BR","og_type":"article","og_title":"Boat trip from Zurich","og_description":"Escape from reality and immerse yourself in fairytale landscape in a boat trip tour from Zurich to one of the most impressive lakes in Switzerland.","og_url":"https:\/\/swissxplorer.com\/pt\/tours\/excursao-de-meio-dia-com-passeio-de-barco-panoramico-no-lago-walen-para-uma-vila-de-vinhedos-de-zurique\/","og_site_name":"Swiss Xplorer","article_modified_time":"2023-12-19T17:52:46+00:00","og_image":[{"width":1533,"height":1120,"url":"http:\/\/swissxplorer.com\/wp-content\/uploads\/2023\/04\/quinten-ms-seerenbachfalle-betlis-walensee-schiff.jpg","type":"image\/jpeg"}],"twitter_card":"summary_large_image","twitter_misc":{"Est. tempo de leitura":"2 minutos"},"schema":{"@context":"https:\/\/schema.org","@graph":[{"@type":"WebPage","@id":"https:\/\/swissxplorer.com\/tours\/boat-trip-zurich\/","url":"https:\/\/swissxplorer.com\/tours\/boat-trip-zurich\/","name":"Boat trip from Zurich","isPartOf":{"@id":"https:\/\/swissxplorer.com\/#website"},"datePublished":"2023-04-01T13:25:46+00:00","dateModified":"2023-12-19T17:52:46+00:00","description":"Escape from reality and immerse yourself in fairytale landscape in a boat trip tour from Zurich to one of the most impressive lakes in Switzerland.","breadcrumb":{"@id":"https:\/\/swissxplorer.com\/tours\/boat-trip-zurich\/#breadcrumb"},"inLanguage":"pt-BR","potentialAction":[{"@type":"ReadAction","target":["https:\/\/swissxplorer.com\/tours\/boat-trip-zurich\/"]}]},{"@type":"BreadcrumbList","@id":"https:\/\/swissxplorer.com\/tours\/boat-trip-zurich\/#breadcrumb","itemListElement":[{"@type":"ListItem","position":1,"name":"Home","item":"https:\/\/swissxplorer.com\/"},{"@type":"ListItem","position":2,"name":"Tours","item":"https:\/\/swissxplorer.com\/tours\/"},{"@type":"ListItem","position":3,"name":"Half Day Tour with Scenic Boat Trip on lake Walen to a Vineyard village \u2013 from Zurich"}]},{"@type":"WebSite","@id":"https:\/\/swissxplorer.com\/#website","url":"https:\/\/swissxplorer.com\/","name":"Swiss Xplorer","description":"Tours in Switzerland","potentialAction":[{"@type":"SearchAction","target":{"@type":"EntryPoint","urlTemplate":"https:\/\/swissxplorer.com\/?s={search_term_string}"},"query-input":"required name=search_term_string"}],"inLanguage":"pt-BR"}]}},"_links":{"self":[{"href":"https:\/\/swissxplorer.com\/pt\/wp-json\/wp\/v2\/product\/5134","targetHints":{"allow":["GET"]}}],"collection":[{"href":"https:\/\/swissxplorer.com\/pt\/wp-json\/wp\/v2\/product"}],"about":[{"href":"https:\/\/swissxplorer.com\/pt\/wp-json\/wp\/v2\/types\/product"}],"replies":[{"embeddable":true,"href":"https:\/\/swissxplorer.com\/pt\/wp-json\/wp\/v2\/comments?post=5134"}],"wp:featuredmedia":[{"embeddable":true,"href":"https:\/\/swissxplorer.com\/pt\/wp-json\/wp\/v2\/media\/5960"}],"wp:attachment":[{"href":"https:\/\/swissxplorer.com\/pt\/wp-json\/wp\/v2\/media?parent=5134"}],"wp:term":[{"taxonomy":"product_cat","embeddable":true,"href":"https:\/\/swissxplorer.com\/pt\/wp-json\/wp\/v2\/product_cat?post=5134"},{"taxonomy":"product_tag","embeddable":true,"href":"https:\/\/swissxplorer.com\/pt\/wp-json\/wp\/v2\/product_tag?post=5134"}],"curies":[{"name":"wp","href":"https:\/\/api.w.org\/{rel}","templated":true}]}}