{"id":5123,"date":"2023-03-31T17:04:04","date_gmt":"2023-03-31T20:04:04","guid":{"rendered":"http:\/\/swissxplorer.com\/?post_type=product&#038;p=5123"},"modified":"2023-08-31T16:18:04","modified_gmt":"2023-08-31T14:18:04","slug":"tour-to-rhine-falls-zurich","status":"publish","type":"product","link":"https:\/\/swissxplorer.com\/pt\/tours\/excursao-privada-de-meio-dia-as-cataratas-do-reno-europeus-maior-cachoeiras-de-zurique\/","title":{"rendered":"<p>Excurs\u00e3o privada de meio dia \u00e0s Cataratas do Reno - as maiores cachoeiras da Europa - saindo de Zurique<\/p>"},"content":{"rendered":"<p>Depois de ser buscado em seu hotel em Zurique, relaxe e aproveite o passeio de 40 minutos em um Mercedes Classe V particular e confort\u00e1vel at\u00e9 o passeio pelas Cataratas do Reno.<p>Descubra as impressionantes Cataratas do Reno, a maior cachoeira da Europa e uma das principais atra\u00e7\u00f5es tur\u00edsticas da Su\u00ed\u00e7a! A trilha panor\u00e2mica do Belvedere leva voc\u00ea a uma plataforma de observa\u00e7\u00e3o logo acima das cataratas, onde voc\u00ea pode sentir o movimento das \u00e1guas turbulentas. Sinta o rugido e a vibra\u00e7\u00e3o de uma m\u00e9dia de 700.000 litros de \u00e1gua por segundo mergulhando por uma largura de 150 metros no rio abaixo.<\/p><p>Visite o Castelo Laufen e a exposi\u00e7\u00e3o Historama e suba no elevador panor\u00e2mico para vistas espetaculares das Cataratas do Reno.<\/p><p>Voc\u00ea n\u00e3o ter\u00e1 que se preocupar com nada! Faremos as reservas, compraremos os ingressos, buscaremos e acompanharemos voc\u00ea durante o dia, no seu ritmo, sem pressa. Nosso guia fotografar\u00e1 voc\u00ea e sua fam\u00edlia ao longo do passeio proporcionando imagens incr\u00edveis e as melhores lembran\u00e7as! Mediante solicita\u00e7\u00e3o, tamb\u00e9m podemos adaptar sua viagem para necessidades especiais.<\/p><h3><strong>Processo de reserva e pagamento:<\/strong><\/h3><p>Para confirmar o pre\u00e7o do passeio, informe o n\u00famero de participantes no campo de dados ao lado direito. O valor acima ser\u00e1 atualizado automaticamente.<\/p><p>Para iniciar o processo de reserva, por favor, forne\u00e7a os detalhes necess\u00e1rios para a viagem. Em seguida, enviaremos prontamente um e-mail confirmando a disponibilidade de datas. Posteriormente, um link de pagamento seguro ser\u00e1 fornecido para voc\u00ea fazer um adiantamento 20% e garantir a data selecionada. Este adiantamento serve como garantia financeira em caso de cancelamento do cliente. O restante pagamento poder\u00e1 ser feito no dia do passeio, seja com cart\u00e3o de cr\u00e9dito ou em dinheiro. Esteja ciente de que s\u00f3 podemos confirmar sua reserva ap\u00f3s o recebimento do pagamento inicial 20%. Se desejar cancelar o passeio, voc\u00ea pode faz\u00ea-lo at\u00e9 30 dias antes da data do passeio e receber um reembolso total.<\/p><p>Para mais op\u00e7\u00f5es de passeios e variedade de experi\u00eancias, convidamos voc\u00ea a explorar nossa sele\u00e7\u00e3o em nosso site: <a href=\"https:\/\/swissxplorer.com\/pt\/\">Swiss Xplorer<\/a>. Descubra as possibilidades e crie mem\u00f3rias inesquec\u00edveis de sua viagem pela Su\u00ed\u00e7a.<\/p><\/p>","protected":false},"excerpt":{"rendered":"<p>Visite as Cataratas do Reno, uma das cachoeiras mais espetaculares da Europa, imperd\u00edvel para todos<br>\namantes da natureza!<\/p>","protected":false},"featured_media":5666,"comment_status":"open","ping_status":"closed","template":"","meta":[],"product_cat":[98,44],"product_tag":[57,58,191,186,189,190,292,185,188,187],"class_list":["post-5123","product","type-product","status-publish","has-post-thumbnail","hentry","brw_type_of_tour-all","brw_type_of_tour-half-day-tour","product_cat-all","product_cat-zurich","product_tag-adventureinswitzerland","product_tag-alpstour","product_tag-best-day-trips-from-zurich","product_tag-europes-largest-waterfalls-from-zurich","product_tag-guided-tour-to-rhine-falls","product_tag-guided-tour-to-rhine-falls-from-zurich","product_tag-guided-tours-switzerland","product_tag-half-day-tour-to-rhine-falls","product_tag-places-to-visit-from-zurich","product_tag-the-best-outdoor-activities-in-zurich"],"acf":[],"yoast_head":"<!-- This site is optimized with the Yoast SEO plugin v21.7 - https:\/\/yoast.com\/wordpress\/plugins\/seo\/ -->\n<title>Tour to Rhine Falls from Zurich<\/title>\n<meta name=\"description\" content=\"From Zurich: Rhine Falls Tour, the largest Waterfalls in Europe. Visit one of the most spectacular waterfalls in Switzerland, a must-see for nature lovers!\" \/>\n<meta name=\"robots\" content=\"index, follow, max-snippet:-1, max-image-preview:large, max-video-preview:-1\" \/>\n<link rel=\"canonical\" href=\"https:\/\/swissxplorer.com\/pt\/tours\/excursao-privada-de-meio-dia-as-cataratas-do-reno-europeus-maior-cachoeiras-de-zurique\/\" \/>\n<meta property=\"og:locale\" content=\"pt_BR\" \/>\n<meta property=\"og:type\" content=\"article\" \/>\n<meta property=\"og:title\" content=\"Tour to Rhine Falls from Zurich\" \/>\n<meta property=\"og:description\" content=\"From Zurich: Rhine Falls Tour, the largest Waterfalls in Europe. Visit one of the most spectacular waterfalls in Switzerland, a must-see for nature lovers!\" \/>\n<meta property=\"og:url\" content=\"https:\/\/swissxplorer.com\/pt\/tours\/excursao-privada-de-meio-dia-as-cataratas-do-reno-europeus-maior-cachoeiras-de-zurique\/\" \/>\n<meta property=\"og:site_name\" content=\"Swiss Xplorer\" \/>\n<meta property=\"article:modified_time\" content=\"2023-08-31T14:18:04+00:00\" \/>\n<meta property=\"og:image\" content=\"http:\/\/swissxplorer.com\/wp-content\/uploads\/2023\/03\/IMG_7500.jpg\" \/>\n\t<meta property=\"og:image:width\" content=\"2016\" \/>\n\t<meta property=\"og:image:height\" content=\"1512\" \/>\n\t<meta property=\"og:image:type\" content=\"image\/jpeg\" \/>\n<meta name=\"twitter:card\" content=\"summary_large_image\" \/>\n<meta name=\"twitter:label1\" content=\"Est. tempo de leitura\" \/>\n\t<meta name=\"twitter:data1\" content=\"2 minutos\" \/>\n<script type=\"application\/ld+json\" class=\"yoast-schema-graph\">{\"@context\":\"https:\/\/schema.org\",\"@graph\":[{\"@type\":\"WebPage\",\"@id\":\"https:\/\/swissxplorer.com\/tours\/tour-to-rhine-falls-zurich\/\",\"url\":\"https:\/\/swissxplorer.com\/tours\/tour-to-rhine-falls-zurich\/\",\"name\":\"Tour to Rhine Falls from Zurich\",\"isPartOf\":{\"@id\":\"https:\/\/swissxplorer.com\/#website\"},\"datePublished\":\"2023-03-31T20:04:04+00:00\",\"dateModified\":\"2023-08-31T14:18:04+00:00\",\"description\":\"From Zurich: Rhine Falls Tour, the largest Waterfalls in Europe. Visit one of the most spectacular waterfalls in Switzerland, a must-see for nature lovers!\",\"breadcrumb\":{\"@id\":\"https:\/\/swissxplorer.com\/tours\/tour-to-rhine-falls-zurich\/#breadcrumb\"},\"inLanguage\":\"pt-BR\",\"potentialAction\":[{\"@type\":\"ReadAction\",\"target\":[\"https:\/\/swissxplorer.com\/tours\/tour-to-rhine-falls-zurich\/\"]}]},{\"@type\":\"BreadcrumbList\",\"@id\":\"https:\/\/swissxplorer.com\/tours\/tour-to-rhine-falls-zurich\/#breadcrumb\",\"itemListElement\":[{\"@type\":\"ListItem\",\"position\":1,\"name\":\"Home\",\"item\":\"https:\/\/swissxplorer.com\/\"},{\"@type\":\"ListItem\",\"position\":2,\"name\":\"Tours\",\"item\":\"https:\/\/swissxplorer.com\/tours\/\"},{\"@type\":\"ListItem\",\"position\":3,\"name\":\"Private Half Day Tour to Rhine Falls &#8211; Europe&#8217;s largest Waterfalls &#8211; from Zurich\"}]},{\"@type\":\"WebSite\",\"@id\":\"https:\/\/swissxplorer.com\/#website\",\"url\":\"https:\/\/swissxplorer.com\/\",\"name\":\"Swiss Xplorer\",\"description\":\"Tours in Switzerland\",\"potentialAction\":[{\"@type\":\"SearchAction\",\"target\":{\"@type\":\"EntryPoint\",\"urlTemplate\":\"https:\/\/swissxplorer.com\/?s={search_term_string}\"},\"query-input\":\"required name=search_term_string\"}],\"inLanguage\":\"pt-BR\"}]}<\/script>\n<!-- \/ Yoast SEO plugin. -->","yoast_head_json":{"title":"Tour to Rhine Falls from Zurich","description":"From Zurich: Rhine Falls Tour, the largest Waterfalls in Europe. Visit one of the most spectacular waterfalls in Switzerland, a must-see for nature lovers!","robots":{"index":"index","follow":"follow","max-snippet":"max-snippet:-1","max-image-preview":"max-image-preview:large","max-video-preview":"max-video-preview:-1"},"canonical":"https:\/\/swissxplorer.com\/pt\/tours\/excursao-privada-de-meio-dia-as-cataratas-do-reno-europeus-maior-cachoeiras-de-zurique\/","og_locale":"pt_BR","og_type":"article","og_title":"Tour to Rhine Falls from Zurich","og_description":"From Zurich: Rhine Falls Tour, the largest Waterfalls in Europe. Visit one of the most spectacular waterfalls in Switzerland, a must-see for nature lovers!","og_url":"https:\/\/swissxplorer.com\/pt\/tours\/excursao-privada-de-meio-dia-as-cataratas-do-reno-europeus-maior-cachoeiras-de-zurique\/","og_site_name":"Swiss Xplorer","article_modified_time":"2023-08-31T14:18:04+00:00","og_image":[{"width":2016,"height":1512,"url":"http:\/\/swissxplorer.com\/wp-content\/uploads\/2023\/03\/IMG_7500.jpg","type":"image\/jpeg"}],"twitter_card":"summary_large_image","twitter_misc":{"Est. tempo de leitura":"2 minutos"},"schema":{"@context":"https:\/\/schema.org","@graph":[{"@type":"WebPage","@id":"https:\/\/swissxplorer.com\/tours\/tour-to-rhine-falls-zurich\/","url":"https:\/\/swissxplorer.com\/tours\/tour-to-rhine-falls-zurich\/","name":"Tour to Rhine Falls from Zurich","isPartOf":{"@id":"https:\/\/swissxplorer.com\/#website"},"datePublished":"2023-03-31T20:04:04+00:00","dateModified":"2023-08-31T14:18:04+00:00","description":"From Zurich: Rhine Falls Tour, the largest Waterfalls in Europe. Visit one of the most spectacular waterfalls in Switzerland, a must-see for nature lovers!","breadcrumb":{"@id":"https:\/\/swissxplorer.com\/tours\/tour-to-rhine-falls-zurich\/#breadcrumb"},"inLanguage":"pt-BR","potentialAction":[{"@type":"ReadAction","target":["https:\/\/swissxplorer.com\/tours\/tour-to-rhine-falls-zurich\/"]}]},{"@type":"BreadcrumbList","@id":"https:\/\/swissxplorer.com\/tours\/tour-to-rhine-falls-zurich\/#breadcrumb","itemListElement":[{"@type":"ListItem","position":1,"name":"Home","item":"https:\/\/swissxplorer.com\/"},{"@type":"ListItem","position":2,"name":"Tours","item":"https:\/\/swissxplorer.com\/tours\/"},{"@type":"ListItem","position":3,"name":"Private Half Day Tour to Rhine Falls &#8211; Europe&#8217;s largest Waterfalls &#8211; from Zurich"}]},{"@type":"WebSite","@id":"https:\/\/swissxplorer.com\/#website","url":"https:\/\/swissxplorer.com\/","name":"Swiss Xplorer","description":"Tours in Switzerland","potentialAction":[{"@type":"SearchAction","target":{"@type":"EntryPoint","urlTemplate":"https:\/\/swissxplorer.com\/?s={search_term_string}"},"query-input":"required name=search_term_string"}],"inLanguage":"pt-BR"}]}},"_links":{"self":[{"href":"https:\/\/swissxplorer.com\/pt\/wp-json\/wp\/v2\/product\/5123","targetHints":{"allow":["GET"]}}],"collection":[{"href":"https:\/\/swissxplorer.com\/pt\/wp-json\/wp\/v2\/product"}],"about":[{"href":"https:\/\/swissxplorer.com\/pt\/wp-json\/wp\/v2\/types\/product"}],"replies":[{"embeddable":true,"href":"https:\/\/swissxplorer.com\/pt\/wp-json\/wp\/v2\/comments?post=5123"}],"wp:featuredmedia":[{"embeddable":true,"href":"https:\/\/swissxplorer.com\/pt\/wp-json\/wp\/v2\/media\/5666"}],"wp:attachment":[{"href":"https:\/\/swissxplorer.com\/pt\/wp-json\/wp\/v2\/media?parent=5123"}],"wp:term":[{"taxonomy":"product_cat","embeddable":true,"href":"https:\/\/swissxplorer.com\/pt\/wp-json\/wp\/v2\/product_cat?post=5123"},{"taxonomy":"product_tag","embeddable":true,"href":"https:\/\/swissxplorer.com\/pt\/wp-json\/wp\/v2\/product_tag?post=5123"}],"curies":[{"name":"wp","href":"https:\/\/api.w.org\/{rel}","templated":true}]}}