{"id":5122,"date":"2023-03-31T17:00:32","date_gmt":"2023-03-31T15:00:32","guid":{"rendered":"http:\/\/swissxplorer.com\/?post_type=product&#038;p=5122"},"modified":"2023-08-31T15:31:26","modified_gmt":"2023-08-31T13:31:26","slug":"mountain-coaster-adventure-from-zurich","status":"publish","type":"product","link":"https:\/\/swissxplorer.com\/pt\/tours\/excursao-privada-a-uma-montanha-suica-com-toboga-de-zurique\/","title":{"rendered":"<p>Excurs\u00e3o privada a um pico com aventura na montanha russa saindo de Zurique<\/p>"},"content":{"rendered":"<p>Depois de ser buscado em seu hotel em Zurique, sente-se e aprecie a vista durante a viagem de 45 minutos at\u00e9 o ponto de partida do telef\u00e9rico para a Mountain Coaster Adventure saindo de Zurique! O passeio em um Mercedes Classe V particular e confort\u00e1vel oferece vistas para o lago, com cadeias de montanhas \u00edngremes como pano de fundo deslumbrante.<p>Agora, nossa jornada ascendente come\u00e7a com um telef\u00e9rico e depois um telef\u00e9rico. Estaremos sempre com voc\u00ea, garantindo que voc\u00ea aproveite todas as atra\u00e7\u00f5es. Voc\u00ea n\u00e3o ter\u00e1 que se preocupar com nada! Faremos as reservas, compraremos os ingressos, buscaremos e acompanharemos voc\u00ea durante o dia, sempre no seu ritmo, sem pressa.<\/p><p>Nesta viagem pitoresca poder\u00e1 desfrutar de um para\u00edso de ver\u00e3o absoluto e de vistas magn\u00edficas. Esta montanha \u00e9 visitada por locais, mas ainda est\u00e1 fora do caminho para os turistas internacionais. Dessa forma, voc\u00ea ter\u00e1 uma experi\u00eancia mais aut\u00eantica sem o fluxo superabundante de turistas e multid\u00f5es densas.<\/p><p>Esta montanha fica em um terra\u00e7o ensolarado acima de um lago e a emocionante pista de tobog\u00e3 de ver\u00e3o est\u00e1 localizada a 1.600 metros acima do n\u00edvel do mar. Os f\u00e3s de aventura podem aproveitar o passeio de 2 quil\u00f4metros repleto de t\u00faneis, curvas e pontes que podem atingir at\u00e9 40 km\/h. Toda a corrida oferece uma vista deslumbrante das montanhas opostas de Churfirsten.<\/p><p>Crian\u00e7as com pelo menos 1,25 m de altura e mais de 9 anos podem andar sozinhas. Crian\u00e7as de 3 a 9 anos devem estar acompanhadas por um adulto. Nosso guia ir\u00e1 fotografar voc\u00ea e sua fam\u00edlia ao longo do passeio proporcionando imagens marcantes e as melhores lembran\u00e7as! Mediante solicita\u00e7\u00e3o, tamb\u00e9m podemos adaptar sua viagem para necessidades especiais.<\/p><h3><strong>Processo de reserva e pagamento:<\/strong><\/h3><p>Para confirmar o pre\u00e7o do passeio, informe o n\u00famero de participantes no campo de dados ao lado direito. O valor acima ser\u00e1 atualizado automaticamente.<\/p><p>Para iniciar o processo de reserva, por favor, forne\u00e7a os detalhes necess\u00e1rios para a viagem. Em seguida, enviaremos prontamente um e-mail confirmando a disponibilidade de datas. Posteriormente, um link de pagamento seguro ser\u00e1 fornecido para voc\u00ea fazer um adiantamento 20% e garantir a data selecionada. Este adiantamento serve como garantia financeira em caso de cancelamento do cliente. O restante pagamento poder\u00e1 ser feito no dia do passeio, seja com cart\u00e3o de cr\u00e9dito ou em dinheiro. Esteja ciente de que s\u00f3 podemos confirmar sua reserva ap\u00f3s o recebimento do pagamento inicial 20%. Se desejar cancelar o passeio, voc\u00ea pode faz\u00ea-lo at\u00e9 30 dias antes da data do passeio e receber um reembolso total.<\/p><p>Para mais op\u00e7\u00f5es de passeios e variedade de experi\u00eancias, convidamos voc\u00ea a explorar nossa sele\u00e7\u00e3o em nosso site: <a href=\"https:\/\/swissxplorer.com\/pt\/\">Swiss Xplorer<\/a>. Descubra as possibilidades e crie mem\u00f3rias inesquec\u00edveis de sua viagem pela Su\u00ed\u00e7a.<\/p><p>Consulte nossos Termos e Condi\u00e7\u00f5es aqui: <a href=\"https:\/\/swissxplorer.com\/pt\/politica-de-privacidade\/\" target=\"_blank\" rel=\"noopener\">termos e Condi\u00e7\u00f5es<\/a><\/p><\/p>","protected":false},"excerpt":{"rendered":"<p>Um guia tur\u00edstico privado dedicado exclusivamente a voc\u00ea e sua fam\u00edlia ir\u00e1 fornecer-lhe<br>\ncom servi\u00e7o completo, imagens incr\u00edveis e as melhores lembran\u00e7as!<\/p>","protected":false},"featured_media":5719,"comment_status":"open","ping_status":"closed","template":"","meta":[],"product_cat":[98,44],"product_tag":[58,191,69,83,194,192,193,124,195,196,137],"class_list":["post-5122","product","type-product","status-publish","has-post-thumbnail","hentry","brw_type_of_tour-all","brw_type_of_tour-day-trip","product_cat-all","product_cat-zurich","product_tag-alpstour","product_tag-best-day-trips-from-zurich","product_tag-familytour","product_tag-fulldaytripswitzerland","product_tag-guided-tour-from-zurich","product_tag-private-tour-to-a-swiss-mountain-from-zurich","product_tag-sledding-zurich","product_tag-toboggan-run-zurich","product_tag-zurich-best-attractions","product_tag-zurich-full-day-trip","product_tag-zurich-half-day-trip"],"acf":[],"yoast_head":"<!-- This site is optimized with the Yoast SEO plugin v21.7 - https:\/\/yoast.com\/wordpress\/plugins\/seo\/ -->\n<title>Mountain Coaster Adventure from Zurich<\/title>\n<meta name=\"description\" content=\"A private tour guide dedicated exclusively to your will provide full service, remarkable images and the best memories of the Mountain Coaster Adventure\" \/>\n<meta name=\"robots\" content=\"index, follow, max-snippet:-1, max-image-preview:large, max-video-preview:-1\" \/>\n<link rel=\"canonical\" href=\"https:\/\/swissxplorer.com\/pt\/tours\/excursao-privada-a-uma-montanha-suica-com-toboga-de-zurique\/\" \/>\n<meta property=\"og:locale\" content=\"pt_BR\" \/>\n<meta property=\"og:type\" content=\"article\" \/>\n<meta property=\"og:title\" content=\"Mountain Coaster Adventure from Zurich\" \/>\n<meta property=\"og:description\" content=\"A private tour guide dedicated exclusively to your will provide full service, remarkable images and the best memories of the Mountain Coaster Adventure\" \/>\n<meta property=\"og:url\" content=\"https:\/\/swissxplorer.com\/pt\/tours\/excursao-privada-a-uma-montanha-suica-com-toboga-de-zurique\/\" \/>\n<meta property=\"og:site_name\" content=\"Swiss Xplorer\" \/>\n<meta property=\"article:modified_time\" content=\"2023-08-31T13:31:26+00:00\" \/>\n<meta property=\"og:image\" content=\"http:\/\/swissxplorer.com\/wp-content\/uploads\/2023\/03\/Foto-03-FLOOMZER-C-Bergbahnen-Flumserberg-AG-scaled.jpg\" \/>\n\t<meta property=\"og:image:width\" content=\"2560\" \/>\n\t<meta property=\"og:image:height\" content=\"1707\" \/>\n\t<meta property=\"og:image:type\" content=\"image\/jpeg\" \/>\n<meta name=\"twitter:card\" content=\"summary_large_image\" \/>\n<meta name=\"twitter:label1\" content=\"Est. tempo de leitura\" \/>\n\t<meta name=\"twitter:data1\" content=\"3 minutos\" \/>\n<script type=\"application\/ld+json\" class=\"yoast-schema-graph\">{\"@context\":\"https:\/\/schema.org\",\"@graph\":[{\"@type\":\"WebPage\",\"@id\":\"https:\/\/swissxplorer.com\/tours\/mountain-coaster-adventure-from-zurich\/\",\"url\":\"https:\/\/swissxplorer.com\/tours\/mountain-coaster-adventure-from-zurich\/\",\"name\":\"Mountain Coaster Adventure from Zurich\",\"isPartOf\":{\"@id\":\"https:\/\/swissxplorer.com\/#website\"},\"datePublished\":\"2023-03-31T15:00:32+00:00\",\"dateModified\":\"2023-08-31T13:31:26+00:00\",\"description\":\"A private tour guide dedicated exclusively to your will provide full service, remarkable images and the best memories of the Mountain Coaster Adventure\",\"breadcrumb\":{\"@id\":\"https:\/\/swissxplorer.com\/tours\/mountain-coaster-adventure-from-zurich\/#breadcrumb\"},\"inLanguage\":\"pt-BR\",\"potentialAction\":[{\"@type\":\"ReadAction\",\"target\":[\"https:\/\/swissxplorer.com\/tours\/mountain-coaster-adventure-from-zurich\/\"]}]},{\"@type\":\"BreadcrumbList\",\"@id\":\"https:\/\/swissxplorer.com\/tours\/mountain-coaster-adventure-from-zurich\/#breadcrumb\",\"itemListElement\":[{\"@type\":\"ListItem\",\"position\":1,\"name\":\"Home\",\"item\":\"https:\/\/swissxplorer.com\/\"},{\"@type\":\"ListItem\",\"position\":2,\"name\":\"Tours\",\"item\":\"https:\/\/swissxplorer.com\/tours\/\"},{\"@type\":\"ListItem\",\"position\":3,\"name\":\"Private Tour to a Peak with Mountain Coaster Adventure from Zurich\"}]},{\"@type\":\"WebSite\",\"@id\":\"https:\/\/swissxplorer.com\/#website\",\"url\":\"https:\/\/swissxplorer.com\/\",\"name\":\"Swiss Xplorer\",\"description\":\"Tours in Switzerland\",\"potentialAction\":[{\"@type\":\"SearchAction\",\"target\":{\"@type\":\"EntryPoint\",\"urlTemplate\":\"https:\/\/swissxplorer.com\/?s={search_term_string}\"},\"query-input\":\"required name=search_term_string\"}],\"inLanguage\":\"pt-BR\"}]}<\/script>\n<!-- \/ Yoast SEO plugin. -->","yoast_head_json":{"title":"Mountain Coaster Adventure from Zurich","description":"A private tour guide dedicated exclusively to your will provide full service, remarkable images and the best memories of the Mountain Coaster Adventure","robots":{"index":"index","follow":"follow","max-snippet":"max-snippet:-1","max-image-preview":"max-image-preview:large","max-video-preview":"max-video-preview:-1"},"canonical":"https:\/\/swissxplorer.com\/pt\/tours\/excursao-privada-a-uma-montanha-suica-com-toboga-de-zurique\/","og_locale":"pt_BR","og_type":"article","og_title":"Mountain Coaster Adventure from Zurich","og_description":"A private tour guide dedicated exclusively to your will provide full service, remarkable images and the best memories of the Mountain Coaster Adventure","og_url":"https:\/\/swissxplorer.com\/pt\/tours\/excursao-privada-a-uma-montanha-suica-com-toboga-de-zurique\/","og_site_name":"Swiss Xplorer","article_modified_time":"2023-08-31T13:31:26+00:00","og_image":[{"width":2560,"height":1707,"url":"http:\/\/swissxplorer.com\/wp-content\/uploads\/2023\/03\/Foto-03-FLOOMZER-C-Bergbahnen-Flumserberg-AG-scaled.jpg","type":"image\/jpeg"}],"twitter_card":"summary_large_image","twitter_misc":{"Est. tempo de leitura":"3 minutos"},"schema":{"@context":"https:\/\/schema.org","@graph":[{"@type":"WebPage","@id":"https:\/\/swissxplorer.com\/tours\/mountain-coaster-adventure-from-zurich\/","url":"https:\/\/swissxplorer.com\/tours\/mountain-coaster-adventure-from-zurich\/","name":"Mountain Coaster Adventure from Zurich","isPartOf":{"@id":"https:\/\/swissxplorer.com\/#website"},"datePublished":"2023-03-31T15:00:32+00:00","dateModified":"2023-08-31T13:31:26+00:00","description":"A private tour guide dedicated exclusively to your will provide full service, remarkable images and the best memories of the Mountain Coaster Adventure","breadcrumb":{"@id":"https:\/\/swissxplorer.com\/tours\/mountain-coaster-adventure-from-zurich\/#breadcrumb"},"inLanguage":"pt-BR","potentialAction":[{"@type":"ReadAction","target":["https:\/\/swissxplorer.com\/tours\/mountain-coaster-adventure-from-zurich\/"]}]},{"@type":"BreadcrumbList","@id":"https:\/\/swissxplorer.com\/tours\/mountain-coaster-adventure-from-zurich\/#breadcrumb","itemListElement":[{"@type":"ListItem","position":1,"name":"Home","item":"https:\/\/swissxplorer.com\/"},{"@type":"ListItem","position":2,"name":"Tours","item":"https:\/\/swissxplorer.com\/tours\/"},{"@type":"ListItem","position":3,"name":"Private Tour to a Peak with Mountain Coaster Adventure from Zurich"}]},{"@type":"WebSite","@id":"https:\/\/swissxplorer.com\/#website","url":"https:\/\/swissxplorer.com\/","name":"Swiss Xplorer","description":"Tours in Switzerland","potentialAction":[{"@type":"SearchAction","target":{"@type":"EntryPoint","urlTemplate":"https:\/\/swissxplorer.com\/?s={search_term_string}"},"query-input":"required name=search_term_string"}],"inLanguage":"pt-BR"}]}},"_links":{"self":[{"href":"https:\/\/swissxplorer.com\/pt\/wp-json\/wp\/v2\/product\/5122","targetHints":{"allow":["GET"]}}],"collection":[{"href":"https:\/\/swissxplorer.com\/pt\/wp-json\/wp\/v2\/product"}],"about":[{"href":"https:\/\/swissxplorer.com\/pt\/wp-json\/wp\/v2\/types\/product"}],"replies":[{"embeddable":true,"href":"https:\/\/swissxplorer.com\/pt\/wp-json\/wp\/v2\/comments?post=5122"}],"wp:featuredmedia":[{"embeddable":true,"href":"https:\/\/swissxplorer.com\/pt\/wp-json\/wp\/v2\/media\/5719"}],"wp:attachment":[{"href":"https:\/\/swissxplorer.com\/pt\/wp-json\/wp\/v2\/media?parent=5122"}],"wp:term":[{"taxonomy":"product_cat","embeddable":true,"href":"https:\/\/swissxplorer.com\/pt\/wp-json\/wp\/v2\/product_cat?post=5122"},{"taxonomy":"product_tag","embeddable":true,"href":"https:\/\/swissxplorer.com\/pt\/wp-json\/wp\/v2\/product_tag?post=5122"}],"curies":[{"name":"wp","href":"https:\/\/api.w.org\/{rel}","templated":true}]}}