{"id":5120,"date":"2023-03-31T16:23:33","date_gmt":"2023-03-31T14:23:33","guid":{"rendered":"http:\/\/swissxplorer.com\/?post_type=product&#038;p=5120"},"modified":"2023-08-31T16:19:10","modified_gmt":"2023-08-31T14:19:10","slug":"tour-to-rapperswil-zurich","status":"publish","type":"product","link":"https:\/\/swissxplorer.com\/pt\/tours\/tour-para-rapperswil-a-conto-de-fadas-swiss-town\/","title":{"rendered":"<p>Tour de meio dia a Rapperswil, uma cidade su\u00ed\u00e7a de conto de fadas<\/p>"},"content":{"rendered":"<p>Saia do seu hotel em Zurique em um Mercedes Classe V particular e embarque no passeio a Rapperswil, uma cidade su\u00ed\u00e7a de conto de fadas. Experimente um passeio relaxante de 40 minutos no in\u00edcio da sua excurs\u00e3o em Rapperswil. Delicie-se com um passeio guiado a p\u00e9 por esta cidade convidativa, bela e hist\u00f3rica da Riviera Su\u00ed\u00e7a, no seu pr\u00f3prio ritmo confort\u00e1vel. Chegue ao terra\u00e7o do castelo e desfrute de uma vista panor\u00e2mica do ponto mais alto da cidade, abrangendo telhados, porto, montanhas e lago. Relaxe enquanto aprecia as vistas pitorescas dos arredores da cidade.<p>Rapperswil \u00e9 uma bela cidade medieval no extremo sul do lago Zurique. Seu proeminente castelo medieval abriga um museu polon\u00eas que pode ser visitado mediante solicita\u00e7\u00e3o. Depois iremos aos jardins de rosas onde poder\u00e1 admirar 600 tipos de rosas (no ver\u00e3o).<\/p><p>Rapperswil \u00e9 visitado por moradores locais, portanto, est\u00e1 fora dos roteiros tur\u00edsticos mais conhecidos. Voc\u00ea poder\u00e1 desfrutar de uma t\u00edpica cidade su\u00ed\u00e7a em sua ess\u00eancia pura e poder\u00e1 desacelerar e apreciar a calma. Este passeio \u00e9 ideal para quem gosta de cidades hist\u00f3ricas e das melhores paisagens, mas n\u00e3o tem muito tempo dispon\u00edvel.<\/p><p>Nosso guia ir\u00e1 fotografar voc\u00ea e sua fam\u00edlia ao longo do passeio proporcionando imagens marcantes e as melhores lembran\u00e7as! Mediante solicita\u00e7\u00e3o, tamb\u00e9m podemos adaptar sua viagem para necessidades especiais.<\/p><h3><strong>Processo de reserva e pagamento:<\/strong><\/h3><p>Para confirmar o pre\u00e7o do passeio, informe o n\u00famero de participantes no campo de dados ao lado direito. O valor acima ser\u00e1 atualizado automaticamente.<\/p><p>Para iniciar o processo de reserva, por favor, forne\u00e7a os detalhes necess\u00e1rios para a viagem. Em seguida, enviaremos prontamente um e-mail confirmando a disponibilidade de datas. Posteriormente, um link de pagamento seguro ser\u00e1 fornecido para voc\u00ea fazer um adiantamento 20% e garantir a data selecionada. Este adiantamento serve como garantia financeira em caso de cancelamento do cliente. O restante pagamento poder\u00e1 ser feito no dia do passeio, seja com cart\u00e3o de cr\u00e9dito ou em dinheiro. Esteja ciente de que s\u00f3 podemos confirmar sua reserva ap\u00f3s o recebimento do pagamento inicial 20%. Se desejar cancelar o passeio, voc\u00ea pode faz\u00ea-lo at\u00e9 30 dias antes da data do passeio e receber um reembolso total.<\/p><p>Para mais op\u00e7\u00f5es de passeios e variedade de experi\u00eancias, convidamos voc\u00ea a explorar nossa sele\u00e7\u00e3o em nosso site: <a href=\"https:\/\/swissxplorer.com\/pt\/\">Swiss Xplorer<\/a>. Descubra as possibilidades e crie mem\u00f3rias inesquec\u00edveis de sua viagem pela Su\u00ed\u00e7a.<\/p><\/p>","protected":false},"excerpt":{"rendered":"<p>Tour privado de Zurique a um castelo medieval do s\u00e9culo XIII localizado em um antigo centro hist\u00f3rico<br>\ncidade tamb\u00e9m conhecida como a pitoresca cidade das rosas. Aproveite as melhores paisagens em uma visita guiada ao longo da<br>\nmargens do Lago Zurique.<\/p>","protected":false},"featured_media":5680,"comment_status":"open","ping_status":"closed","template":"","meta":[],"product_cat":[44],"product_tag":[198,133,83,74,199,200,197,49,201,55,202],"class_list":["post-5120","product","type-product","status-publish","has-post-thumbnail","hentry","brw_type_of_tour-all","brw_type_of_tour-day-trip","product_cat-zurich","product_tag-around-zurich-activities-tours","product_tag-day-trip-zurich","product_tag-fulldaytripswitzerland","product_tag-grouptours","product_tag-guided-private-tour-from-zurich-day-trip","product_tag-guided-tour-zurich","product_tag-half-day-tour-to-rapperswil","product_tag-holidayinswitzerland","product_tag-medieval-town-around-zurich","product_tag-privatedriverinswitzerland","product_tag-zurich-off-the-beaten-tourist-track"],"acf":[],"yoast_head":"<!-- This site is optimized with the Yoast SEO plugin v21.7 - https:\/\/yoast.com\/wordpress\/plugins\/seo\/ -->\n<title>Tour to Rapperswil from Zurich<\/title>\n<meta name=\"description\" content=\"Join a tour from Zurich to Rapperswil, housing a 13th-century medieval castle in its historic old town. Immerse in breathtaking scenery on this guided tour.\" \/>\n<meta name=\"robots\" content=\"index, follow, max-snippet:-1, max-image-preview:large, max-video-preview:-1\" \/>\n<link rel=\"canonical\" href=\"https:\/\/swissxplorer.com\/pt\/tours\/tour-para-rapperswil-a-conto-de-fadas-swiss-town\/\" \/>\n<meta property=\"og:locale\" content=\"pt_BR\" \/>\n<meta property=\"og:type\" content=\"article\" \/>\n<meta property=\"og:title\" content=\"Tour to Rapperswil from Zurich\" \/>\n<meta property=\"og:description\" content=\"Join a tour from Zurich to Rapperswil, housing a 13th-century medieval castle in its historic old town. Immerse in breathtaking scenery on this guided tour.\" \/>\n<meta property=\"og:url\" content=\"https:\/\/swissxplorer.com\/pt\/tours\/tour-para-rapperswil-a-conto-de-fadas-swiss-town\/\" \/>\n<meta property=\"og:site_name\" content=\"Swiss Xplorer\" \/>\n<meta property=\"article:modified_time\" content=\"2023-08-31T14:19:10+00:00\" \/>\n<meta property=\"og:image\" content=\"http:\/\/swissxplorer.com\/wp-content\/uploads\/2023\/03\/Hafenansicht-Rapperswil-Jona_RZST-scaled.jpg\" \/>\n\t<meta property=\"og:image:width\" content=\"2560\" \/>\n\t<meta property=\"og:image:height\" content=\"1709\" \/>\n\t<meta property=\"og:image:type\" content=\"image\/jpeg\" \/>\n<meta name=\"twitter:card\" content=\"summary_large_image\" \/>\n<meta name=\"twitter:label1\" content=\"Est. tempo de leitura\" \/>\n\t<meta name=\"twitter:data1\" content=\"2 minutos\" \/>\n<script type=\"application\/ld+json\" class=\"yoast-schema-graph\">{\"@context\":\"https:\/\/schema.org\",\"@graph\":[{\"@type\":\"WebPage\",\"@id\":\"https:\/\/swissxplorer.com\/tours\/tour-to-rapperswil-zurich\/\",\"url\":\"https:\/\/swissxplorer.com\/tours\/tour-to-rapperswil-zurich\/\",\"name\":\"Tour to Rapperswil from Zurich\",\"isPartOf\":{\"@id\":\"https:\/\/swissxplorer.com\/#website\"},\"datePublished\":\"2023-03-31T14:23:33+00:00\",\"dateModified\":\"2023-08-31T14:19:10+00:00\",\"description\":\"Join a tour from Zurich to Rapperswil, housing a 13th-century medieval castle in its historic old town. Immerse in breathtaking scenery on this guided tour.\",\"breadcrumb\":{\"@id\":\"https:\/\/swissxplorer.com\/tours\/tour-to-rapperswil-zurich\/#breadcrumb\"},\"inLanguage\":\"pt-BR\",\"potentialAction\":[{\"@type\":\"ReadAction\",\"target\":[\"https:\/\/swissxplorer.com\/tours\/tour-to-rapperswil-zurich\/\"]}]},{\"@type\":\"BreadcrumbList\",\"@id\":\"https:\/\/swissxplorer.com\/tours\/tour-to-rapperswil-zurich\/#breadcrumb\",\"itemListElement\":[{\"@type\":\"ListItem\",\"position\":1,\"name\":\"Home\",\"item\":\"https:\/\/swissxplorer.com\/\"},{\"@type\":\"ListItem\",\"position\":2,\"name\":\"Tours\",\"item\":\"https:\/\/swissxplorer.com\/tours\/\"},{\"@type\":\"ListItem\",\"position\":3,\"name\":\"Half Day Tour to Rapperswil, a Fairy Tale Swiss Town\"}]},{\"@type\":\"WebSite\",\"@id\":\"https:\/\/swissxplorer.com\/#website\",\"url\":\"https:\/\/swissxplorer.com\/\",\"name\":\"Swiss Xplorer\",\"description\":\"Tours in Switzerland\",\"potentialAction\":[{\"@type\":\"SearchAction\",\"target\":{\"@type\":\"EntryPoint\",\"urlTemplate\":\"https:\/\/swissxplorer.com\/?s={search_term_string}\"},\"query-input\":\"required name=search_term_string\"}],\"inLanguage\":\"pt-BR\"}]}<\/script>\n<!-- \/ Yoast SEO plugin. -->","yoast_head_json":{"title":"Tour to Rapperswil from Zurich","description":"Join a tour from Zurich to Rapperswil, housing a 13th-century medieval castle in its historic old town. Immerse in breathtaking scenery on this guided tour.","robots":{"index":"index","follow":"follow","max-snippet":"max-snippet:-1","max-image-preview":"max-image-preview:large","max-video-preview":"max-video-preview:-1"},"canonical":"https:\/\/swissxplorer.com\/pt\/tours\/tour-para-rapperswil-a-conto-de-fadas-swiss-town\/","og_locale":"pt_BR","og_type":"article","og_title":"Tour to Rapperswil from Zurich","og_description":"Join a tour from Zurich to Rapperswil, housing a 13th-century medieval castle in its historic old town. Immerse in breathtaking scenery on this guided tour.","og_url":"https:\/\/swissxplorer.com\/pt\/tours\/tour-para-rapperswil-a-conto-de-fadas-swiss-town\/","og_site_name":"Swiss Xplorer","article_modified_time":"2023-08-31T14:19:10+00:00","og_image":[{"width":2560,"height":1709,"url":"http:\/\/swissxplorer.com\/wp-content\/uploads\/2023\/03\/Hafenansicht-Rapperswil-Jona_RZST-scaled.jpg","type":"image\/jpeg"}],"twitter_card":"summary_large_image","twitter_misc":{"Est. tempo de leitura":"2 minutos"},"schema":{"@context":"https:\/\/schema.org","@graph":[{"@type":"WebPage","@id":"https:\/\/swissxplorer.com\/tours\/tour-to-rapperswil-zurich\/","url":"https:\/\/swissxplorer.com\/tours\/tour-to-rapperswil-zurich\/","name":"Tour to Rapperswil from Zurich","isPartOf":{"@id":"https:\/\/swissxplorer.com\/#website"},"datePublished":"2023-03-31T14:23:33+00:00","dateModified":"2023-08-31T14:19:10+00:00","description":"Join a tour from Zurich to Rapperswil, housing a 13th-century medieval castle in its historic old town. Immerse in breathtaking scenery on this guided tour.","breadcrumb":{"@id":"https:\/\/swissxplorer.com\/tours\/tour-to-rapperswil-zurich\/#breadcrumb"},"inLanguage":"pt-BR","potentialAction":[{"@type":"ReadAction","target":["https:\/\/swissxplorer.com\/tours\/tour-to-rapperswil-zurich\/"]}]},{"@type":"BreadcrumbList","@id":"https:\/\/swissxplorer.com\/tours\/tour-to-rapperswil-zurich\/#breadcrumb","itemListElement":[{"@type":"ListItem","position":1,"name":"Home","item":"https:\/\/swissxplorer.com\/"},{"@type":"ListItem","position":2,"name":"Tours","item":"https:\/\/swissxplorer.com\/tours\/"},{"@type":"ListItem","position":3,"name":"Half Day Tour to Rapperswil, a Fairy Tale Swiss Town"}]},{"@type":"WebSite","@id":"https:\/\/swissxplorer.com\/#website","url":"https:\/\/swissxplorer.com\/","name":"Swiss Xplorer","description":"Tours in Switzerland","potentialAction":[{"@type":"SearchAction","target":{"@type":"EntryPoint","urlTemplate":"https:\/\/swissxplorer.com\/?s={search_term_string}"},"query-input":"required name=search_term_string"}],"inLanguage":"pt-BR"}]}},"_links":{"self":[{"href":"https:\/\/swissxplorer.com\/pt\/wp-json\/wp\/v2\/product\/5120","targetHints":{"allow":["GET"]}}],"collection":[{"href":"https:\/\/swissxplorer.com\/pt\/wp-json\/wp\/v2\/product"}],"about":[{"href":"https:\/\/swissxplorer.com\/pt\/wp-json\/wp\/v2\/types\/product"}],"replies":[{"embeddable":true,"href":"https:\/\/swissxplorer.com\/pt\/wp-json\/wp\/v2\/comments?post=5120"}],"wp:featuredmedia":[{"embeddable":true,"href":"https:\/\/swissxplorer.com\/pt\/wp-json\/wp\/v2\/media\/5680"}],"wp:attachment":[{"href":"https:\/\/swissxplorer.com\/pt\/wp-json\/wp\/v2\/media?parent=5120"}],"wp:term":[{"taxonomy":"product_cat","embeddable":true,"href":"https:\/\/swissxplorer.com\/pt\/wp-json\/wp\/v2\/product_cat?post=5120"},{"taxonomy":"product_tag","embeddable":true,"href":"https:\/\/swissxplorer.com\/pt\/wp-json\/wp\/v2\/product_tag?post=5120"}],"curies":[{"name":"wp","href":"https:\/\/api.w.org\/{rel}","templated":true}]}}