{"id":5117,"date":"2023-03-31T16:10:16","date_gmt":"2023-03-31T14:10:16","guid":{"rendered":"http:\/\/swissxplorer.com\/?post_type=product&#038;p=5117"},"modified":"2023-12-19T18:52:46","modified_gmt":"2023-12-19T17:52:46","slug":"tour-chocolate-factory-zurich","status":"publish","type":"product","link":"https:\/\/swissxplorer.com\/pt\/tours\/excursao-privada-a-fabrica-de-queijos-de-zurique\/","title":{"rendered":"<p>Tour para a f\u00e1brica de chocolate Lindt saindo de Zurique com transfer do seu hotel<\/p>"},"content":{"rendered":"<p><span style=\"font-weight: 400;\">Experimente o mundo do chocolate com todos os seus sentidos, desde sua hist\u00f3ria at\u00e9 sua produ\u00e7\u00e3o e significado cultural. Aprenda fatos fascinantes sobre o chocolate por meio de exibi\u00e7\u00f5es multim\u00eddia e interativas e aproveite a degusta\u00e7\u00e3o ilimitada de chocolate.&nbsp;<\/span><p><span style=\"font-weight: 400;\">Este passeio \u00e9 perfeito para quem deseja um servi\u00e7o completo. Voc\u00ea n\u00e3o ter\u00e1 que se preocupar com nada! Faremos as reservas, compraremos os ingressos, buscaremos voc\u00ea em seu hotel em um carro particular Mercedes Classe V e guiaremos voc\u00ea durante toda a viagem interna.&nbsp;<\/span><\/p><p><span style=\"font-weight: 400;\">O museu do chocolate Lindt em Kilchberg (cerca de 20 minutos da cidade de Zurique) est\u00e1 localizado em um impressionante novo edif\u00edcio projetado pelos arquitetos famosos Christ &amp; Gantenbein. Uma gigantesca fonte de chocolate de 9,3 metros de altura (30,5 p\u00e9s) exala chocolate e deixa um aroma delicioso em todos os lugares.&nbsp;<\/span><\/p><p><span style=\"font-weight: 400;\">Visite uma verdadeira f\u00e1brica na casa do chocolate fazendo esta viagem de meio dia saindo de Zurique. Uma vez l\u00e1, voc\u00ea ter\u00e1 tempo para visitar o museu e a maior loja de chocolates Lindt do mundo.&nbsp;<\/span><\/p><p><span style=\"font-weight: 400;\">Esta \u00e9 a maneira mais f\u00e1cil para voc\u00ea e sua fam\u00edlia descobrirem e experimentarem o famoso Chocolate Lindt &amp; Spr\u00fcngli! Mediante solicita\u00e7\u00e3o, tamb\u00e9m podemos adaptar sua viagem para necessidades especiais.&nbsp;<\/span><\/p><p>O transfer privado o encontrar\u00e1 \u00e0s 15h no sagu\u00e3o do hotel. O passeio come\u00e7a \u00e0s 15h45 e dura aproximadamente 1 hora e 30 minutos, oferecendo uma experi\u00eancia deliciosa.<\/p><p>Durante este passeio de 90 minutos conduzido por um guia chocolatier especializado, voc\u00ea ter\u00e1 a oportunidade de explorar o universo do cacau e o processo de fabrica\u00e7\u00e3o do chocolate. Nosso passeio o levar\u00e1 a uma jornada para descobrir como a tradicional bebida maia foi transformada em uma bebida luxuosa e indulgente na Europa e mais tarde se tornou um deleite di\u00e1rio para pessoas em todo o mundo.<\/p><p>Prepare-se para uma doce aventura!<\/p><p>Esta visita guiada est\u00e1 dispon\u00edvel apenas em ingl\u00eas. <span style=\"font-weight: 400;\">Um guia de \u00e1udio para a visita \u00e0 f\u00e1brica est\u00e1 dispon\u00edvel em seis idiomas: franc\u00eas, alem\u00e3o, italiano, mandarim e espanhol.&nbsp;<\/span><\/p><h3><strong>Processo de reserva e pagamento:<\/strong><\/h3><p>Para confirmar o pre\u00e7o do passeio, informe o n\u00famero de participantes no campo de dados ao lado direito. O valor acima ser\u00e1 atualizado automaticamente.<\/p><p>Para iniciar o processo de reserva, por favor, forne\u00e7a os detalhes necess\u00e1rios para a viagem. Em seguida, enviaremos prontamente um e-mail confirmando a disponibilidade de datas. Posteriormente, um link de pagamento seguro ser\u00e1 fornecido para voc\u00ea fazer um adiantamento 20% e garantir a data selecionada. Este adiantamento serve como garantia financeira em caso de cancelamento do cliente. O restante pagamento poder\u00e1 ser feito no dia do passeio, seja com cart\u00e3o de cr\u00e9dito ou em dinheiro. Esteja ciente de que s\u00f3 podemos confirmar sua reserva ap\u00f3s o recebimento do pagamento inicial 20%. Se desejar cancelar o passeio, voc\u00ea pode faz\u00ea-lo at\u00e9 30 dias antes da data do passeio e receber um reembolso total.<\/p><p>Para mais op\u00e7\u00f5es de passeios e variedade de experi\u00eancias, convidamos voc\u00ea a explorar nossa sele\u00e7\u00e3o em nosso site: <a href=\"https:\/\/swissxplorer.com\/pt\/\">Swiss Xplorer<\/a>. Descubra as possibilidades e crie mem\u00f3rias inesquec\u00edveis de sua viagem pela Su\u00ed\u00e7a.<\/p><p>Consulte nossos Termos e Condi\u00e7\u00f5es aqui: <a href=\"https:\/\/swissxplorer.com\/pt\/politica-de-privacidade\/\" target=\"_blank\" rel=\"noopener\">termos e Condi\u00e7\u00f5es<\/a><\/p><\/p>","protected":false},"excerpt":{"rendered":"<p><span style=\"font-weight: 400;\">&nbsp;Descubra o mundo do chocolate, uma experi\u00eancia imperd\u00edvel para os f\u00e3s de chocolate.&nbsp;<\/span><\/p>","protected":false},"featured_media":5667,"comment_status":"open","ping_status":"closed","template":"","meta":[],"product_cat":[98,44],"product_tag":[57,58,135,204,203,205,62,69,83,70,74,180,49,206],"class_list":["post-5117","product","type-product","status-publish","has-post-thumbnail","hentry","brw_type_of_tour-all","brw_type_of_tour-half-day-tour","product_cat-all","product_cat-zurich","product_tag-adventureinswitzerland","product_tag-alpstour","product_tag-around-zurich-attractions","product_tag-best-trips-from-zurich","product_tag-chocolate-factory-tour-from-zurich","product_tag-chocolate-factory-zurich","product_tag-daytours","product_tag-familytour","product_tag-fulldaytripswitzerland","product_tag-grouptour","product_tag-grouptours","product_tag-guided-tours-from-zurich","product_tag-holidayinswitzerland","product_tag-private-transfer-lindt-factory"],"acf":[],"yoast_head":"<!-- This site is optimized with the Yoast SEO plugin v21.7 - https:\/\/yoast.com\/wordpress\/plugins\/seo\/ -->\n<title>Tour to Chocolate Factory from Zurich<\/title>\n<meta name=\"description\" content=\"Guided tour the Lindt Chocolate Factory with transfer from your hotel in Zurich. See the chocolate manufacturing process with unlimited chocolate tasting\" \/>\n<meta name=\"robots\" content=\"index, follow, max-snippet:-1, max-image-preview:large, max-video-preview:-1\" \/>\n<link rel=\"canonical\" href=\"https:\/\/swissxplorer.com\/pt\/tours\/excursao-privada-a-fabrica-de-queijos-de-zurique\/\" \/>\n<meta property=\"og:locale\" content=\"pt_BR\" \/>\n<meta property=\"og:type\" content=\"article\" \/>\n<meta property=\"og:title\" content=\"Tour to Chocolate Factory from Zurich\" \/>\n<meta property=\"og:description\" content=\"Guided tour the Lindt Chocolate Factory with transfer from your hotel in Zurich. See the chocolate manufacturing process with unlimited chocolate tasting\" \/>\n<meta property=\"og:url\" content=\"https:\/\/swissxplorer.com\/pt\/tours\/excursao-privada-a-fabrica-de-queijos-de-zurique\/\" \/>\n<meta property=\"og:site_name\" content=\"Swiss Xplorer\" \/>\n<meta property=\"article:modified_time\" content=\"2023-12-19T17:52:46+00:00\" \/>\n<meta property=\"og:image\" content=\"http:\/\/swissxplorer.com\/wp-content\/uploads\/2023\/03\/IMG_8669.jpg\" \/>\n\t<meta property=\"og:image:width\" content=\"2016\" \/>\n\t<meta property=\"og:image:height\" content=\"1512\" \/>\n\t<meta property=\"og:image:type\" content=\"image\/jpeg\" \/>\n<meta name=\"twitter:card\" content=\"summary_large_image\" \/>\n<meta name=\"twitter:label1\" content=\"Est. tempo de leitura\" \/>\n\t<meta name=\"twitter:data1\" content=\"3 minutos\" \/>\n<script type=\"application\/ld+json\" class=\"yoast-schema-graph\">{\"@context\":\"https:\/\/schema.org\",\"@graph\":[{\"@type\":\"WebPage\",\"@id\":\"https:\/\/swissxplorer.com\/tours\/tour-chocolate-factory-zurich\/\",\"url\":\"https:\/\/swissxplorer.com\/tours\/tour-chocolate-factory-zurich\/\",\"name\":\"Tour to Chocolate Factory from Zurich\",\"isPartOf\":{\"@id\":\"https:\/\/swissxplorer.com\/#website\"},\"datePublished\":\"2023-03-31T14:10:16+00:00\",\"dateModified\":\"2023-12-19T17:52:46+00:00\",\"description\":\"Guided tour the Lindt Chocolate Factory with transfer from your hotel in Zurich. See the chocolate manufacturing process with unlimited chocolate tasting\",\"breadcrumb\":{\"@id\":\"https:\/\/swissxplorer.com\/tours\/tour-chocolate-factory-zurich\/#breadcrumb\"},\"inLanguage\":\"pt-BR\",\"potentialAction\":[{\"@type\":\"ReadAction\",\"target\":[\"https:\/\/swissxplorer.com\/tours\/tour-chocolate-factory-zurich\/\"]}]},{\"@type\":\"BreadcrumbList\",\"@id\":\"https:\/\/swissxplorer.com\/tours\/tour-chocolate-factory-zurich\/#breadcrumb\",\"itemListElement\":[{\"@type\":\"ListItem\",\"position\":1,\"name\":\"Home\",\"item\":\"https:\/\/swissxplorer.com\/\"},{\"@type\":\"ListItem\",\"position\":2,\"name\":\"Tours\",\"item\":\"https:\/\/swissxplorer.com\/tours\/\"},{\"@type\":\"ListItem\",\"position\":3,\"name\":\"Chocolate Factory Tour from Zurich \u2013 with transfer from your hotel to Lindt\"}]},{\"@type\":\"WebSite\",\"@id\":\"https:\/\/swissxplorer.com\/#website\",\"url\":\"https:\/\/swissxplorer.com\/\",\"name\":\"Swiss Xplorer\",\"description\":\"Tours in Switzerland\",\"potentialAction\":[{\"@type\":\"SearchAction\",\"target\":{\"@type\":\"EntryPoint\",\"urlTemplate\":\"https:\/\/swissxplorer.com\/?s={search_term_string}\"},\"query-input\":\"required name=search_term_string\"}],\"inLanguage\":\"pt-BR\"}]}<\/script>\n<!-- \/ Yoast SEO plugin. -->","yoast_head_json":{"title":"Tour to Chocolate Factory from Zurich","description":"Guided tour the Lindt Chocolate Factory with transfer from your hotel in Zurich. See the chocolate manufacturing process with unlimited chocolate tasting","robots":{"index":"index","follow":"follow","max-snippet":"max-snippet:-1","max-image-preview":"max-image-preview:large","max-video-preview":"max-video-preview:-1"},"canonical":"https:\/\/swissxplorer.com\/pt\/tours\/excursao-privada-a-fabrica-de-queijos-de-zurique\/","og_locale":"pt_BR","og_type":"article","og_title":"Tour to Chocolate Factory from Zurich","og_description":"Guided tour the Lindt Chocolate Factory with transfer from your hotel in Zurich. See the chocolate manufacturing process with unlimited chocolate tasting","og_url":"https:\/\/swissxplorer.com\/pt\/tours\/excursao-privada-a-fabrica-de-queijos-de-zurique\/","og_site_name":"Swiss Xplorer","article_modified_time":"2023-12-19T17:52:46+00:00","og_image":[{"width":2016,"height":1512,"url":"http:\/\/swissxplorer.com\/wp-content\/uploads\/2023\/03\/IMG_8669.jpg","type":"image\/jpeg"}],"twitter_card":"summary_large_image","twitter_misc":{"Est. tempo de leitura":"3 minutos"},"schema":{"@context":"https:\/\/schema.org","@graph":[{"@type":"WebPage","@id":"https:\/\/swissxplorer.com\/tours\/tour-chocolate-factory-zurich\/","url":"https:\/\/swissxplorer.com\/tours\/tour-chocolate-factory-zurich\/","name":"Tour to Chocolate Factory from Zurich","isPartOf":{"@id":"https:\/\/swissxplorer.com\/#website"},"datePublished":"2023-03-31T14:10:16+00:00","dateModified":"2023-12-19T17:52:46+00:00","description":"Guided tour the Lindt Chocolate Factory with transfer from your hotel in Zurich. See the chocolate manufacturing process with unlimited chocolate tasting","breadcrumb":{"@id":"https:\/\/swissxplorer.com\/tours\/tour-chocolate-factory-zurich\/#breadcrumb"},"inLanguage":"pt-BR","potentialAction":[{"@type":"ReadAction","target":["https:\/\/swissxplorer.com\/tours\/tour-chocolate-factory-zurich\/"]}]},{"@type":"BreadcrumbList","@id":"https:\/\/swissxplorer.com\/tours\/tour-chocolate-factory-zurich\/#breadcrumb","itemListElement":[{"@type":"ListItem","position":1,"name":"Home","item":"https:\/\/swissxplorer.com\/"},{"@type":"ListItem","position":2,"name":"Tours","item":"https:\/\/swissxplorer.com\/tours\/"},{"@type":"ListItem","position":3,"name":"Chocolate Factory Tour from Zurich \u2013 with transfer from your hotel to Lindt"}]},{"@type":"WebSite","@id":"https:\/\/swissxplorer.com\/#website","url":"https:\/\/swissxplorer.com\/","name":"Swiss Xplorer","description":"Tours in Switzerland","potentialAction":[{"@type":"SearchAction","target":{"@type":"EntryPoint","urlTemplate":"https:\/\/swissxplorer.com\/?s={search_term_string}"},"query-input":"required name=search_term_string"}],"inLanguage":"pt-BR"}]}},"_links":{"self":[{"href":"https:\/\/swissxplorer.com\/pt\/wp-json\/wp\/v2\/product\/5117","targetHints":{"allow":["GET"]}}],"collection":[{"href":"https:\/\/swissxplorer.com\/pt\/wp-json\/wp\/v2\/product"}],"about":[{"href":"https:\/\/swissxplorer.com\/pt\/wp-json\/wp\/v2\/types\/product"}],"replies":[{"embeddable":true,"href":"https:\/\/swissxplorer.com\/pt\/wp-json\/wp\/v2\/comments?post=5117"}],"wp:featuredmedia":[{"embeddable":true,"href":"https:\/\/swissxplorer.com\/pt\/wp-json\/wp\/v2\/media\/5667"}],"wp:attachment":[{"href":"https:\/\/swissxplorer.com\/pt\/wp-json\/wp\/v2\/media?parent=5117"}],"wp:term":[{"taxonomy":"product_cat","embeddable":true,"href":"https:\/\/swissxplorer.com\/pt\/wp-json\/wp\/v2\/product_cat?post=5117"},{"taxonomy":"product_tag","embeddable":true,"href":"https:\/\/swissxplorer.com\/pt\/wp-json\/wp\/v2\/product_tag?post=5117"}],"curies":[{"name":"wp","href":"https:\/\/api.w.org\/{rel}","templated":true}]}}