{"id":5115,"date":"2023-03-31T15:56:15","date_gmt":"2023-03-31T13:56:15","guid":{"rendered":"http:\/\/swissxplorer.com\/?post_type=product&#038;p=5115"},"modified":"2024-09-25T12:26:11","modified_gmt":"2024-09-25T10:26:11","slug":"swiss-alps-tour-zurich","status":"publish","type":"product","link":"https:\/\/swissxplorer.com\/pt\/tours\/excursao-alpes-suicos-de-zurique-viagem-dia-a-lagos-e-aldeias-alpinas\/","title":{"rendered":"<p>Excurs\u00e3o aos Alpes Su\u00ed\u00e7os saindo de Zurique - Viagem de um dia aos lagos e aldeias alpinas<\/p>"},"content":{"rendered":"<p>Explore os Alpes Su\u00ed\u00e7os com uma visita guiada privada saindo de Zurique! Descubra a regi\u00e3o mais bonita da Su\u00ed\u00e7a em apenas um dia! A Su\u00ed\u00e7a \u00e9 o lar de in\u00fameras aldeias montanhosas de tirar o f\u00f4lego, mas h\u00e1 algumas que realmente se destacam. A regi\u00e3o de Bernese Oberland abriga os picos mais altos do pa\u00eds, a mais de 4.000 metros acima do n\u00edvel do mar. Nosso passeio de um dia otimiza sua viagem e possibilita que voc\u00ea explore muitas coisas em apenas um dia.<p>Seu guia o levar\u00e1 direto ao ponto m\u00e1gico das imperd\u00edveis vilas de contos de fadas no interior da Su\u00ed\u00e7a, compartilhando algumas informa\u00e7\u00f5es valiosas e fatos interessantes sobre a regi\u00e3o e sua natureza. Descubra as melhores aldeias alpinas fora do caminho em locais remotos onde voc\u00ea pode desacelerar, conectar-se com a energia da natureza, respirar o ar puro dos Alpes e sentir-se totalmente renovado.<\/p><p>A partir de Zurique, os 285 km de ida e volta trazem uma recompensa: voc\u00ea ver\u00e1 paisagens maravilhosas e poder\u00e1 tirar fotos espont\u00e2neas em mirantes, vales alpinos e lagos. Viaje em um Mercedes Classe V muito confort\u00e1vel, em uma viagem particular saindo de seu hotel em Zurique, no seu pr\u00f3prio tempo e no seu pr\u00f3prio ritmo, sem pressa.<\/p><p>Nosso guia ir\u00e1 fotografar voc\u00ea e sua fam\u00edlia ao longo do passeio proporcionando imagens marcantes e as melhores lembran\u00e7as!<\/p><p>Uma viagem \u00e0 Su\u00ed\u00e7a n\u00e3o pode ser considerada completa sem uma visita aos impressionantes Alpes Su\u00ed\u00e7os!<\/p><p>Mediante solicita\u00e7\u00e3o, tamb\u00e9m podemos adaptar sua viagem para necessidades especiais.<\/p><p>Informa\u00e7\u00e3o importante: n\u00e3o \u00e9 permitido fumar no carro.<\/p><h3><strong>Processo de reserva e pagamento:<\/strong><\/h3><p>Para confirmar o pre\u00e7o do passeio, informe o n\u00famero de participantes no campo de dados ao lado direito. O valor acima ser\u00e1 atualizado automaticamente.<\/p><p>Para iniciar o processo de reserva, por favor, forne\u00e7a os detalhes necess\u00e1rios para a viagem. Em seguida, enviaremos prontamente um e-mail confirmando a disponibilidade de datas. Posteriormente, um link de pagamento seguro ser\u00e1 fornecido para voc\u00ea fazer um adiantamento 20% e garantir a data selecionada. Este adiantamento serve como garantia financeira em caso de cancelamento do cliente. O restante pagamento poder\u00e1 ser feito no dia do passeio, seja com cart\u00e3o de cr\u00e9dito ou em dinheiro. Esteja ciente de que s\u00f3 podemos confirmar sua reserva ap\u00f3s o recebimento do pagamento inicial 20%. Se desejar cancelar o passeio, voc\u00ea pode faz\u00ea-lo at\u00e9 30 dias antes da data do passeio e receber um reembolso total.<\/p><p>Para mais op\u00e7\u00f5es de passeios e variedade de experi\u00eancias, convidamos voc\u00ea a explorar nossa sele\u00e7\u00e3o em nosso site: <a href=\"https:\/\/swissxplorer.com\/pt\/\">Swiss Xplorer<\/a>. Descubra as possibilidades e crie mem\u00f3rias inesquec\u00edveis de sua viagem pela Su\u00ed\u00e7a.<\/p><p>Consulte nossos Termos e Condi\u00e7\u00f5es aqui: <a href=\"https:\/\/swissxplorer.com\/pt\/politica-de-privacidade\/\" target=\"_blank\" rel=\"noopener\">termos e Condi\u00e7\u00f5es<\/a><\/p><\/p>","protected":false},"excerpt":{"rendered":"<p>Experimente um passeio inesquec\u00edvel pelas mais id\u00edlicas aldeias de montanha, cada uma com a sua beleza \u00fanica e pitoresca que o deixar\u00e1 cativado. Nosso tour aprimorado foi especialmente projetado para lev\u00e1-lo a uma jornada pelas paisagens de tirar o f\u00f4lego desses destinos imperd\u00edveis.<\/p>","protected":false},"featured_media":5672,"comment_status":"open","ping_status":"closed","template":"","meta":[],"product_cat":[98,44],"product_tag":[58,102,103,100,82,66,101,87],"class_list":["post-5115","product","type-product","status-publish","has-post-thumbnail","hentry","brw_type_of_tour-all","brw_type_of_tour-day-trip","product_cat-all","product_cat-zurich","product_tag-alpstour","product_tag-luxury-alpine-tours-in-switzerland","product_tag-must-see-idyllic-villages-in-switzerland","product_tag-private-guided-tours-of-the-swiss-alps","product_tag-swissalpstour","product_tag-swissprivatetour","product_tag-tours-from-zurich","product_tag-zurich"],"acf":[],"yoast_head":"<!-- This site is optimized with the Yoast SEO plugin v21.7 - https:\/\/yoast.com\/wordpress\/plugins\/seo\/ -->\n<title>Swiss Alps tour from Zurich<\/title>\n<meta name=\"description\" content=\"The Swiss Alps Tour brings you to the most charming alpine villages! We&#039;ve handpicked the top 4 must-see villages in the heart of swiss alps!\" \/>\n<meta name=\"robots\" content=\"index, follow, max-snippet:-1, max-image-preview:large, max-video-preview:-1\" \/>\n<link rel=\"canonical\" href=\"https:\/\/swissxplorer.com\/pt\/tours\/excursao-alpes-suicos-de-zurique-viagem-dia-a-lagos-e-aldeias-alpinas\/\" \/>\n<meta property=\"og:locale\" content=\"pt_BR\" \/>\n<meta property=\"og:type\" content=\"article\" \/>\n<meta property=\"og:title\" content=\"Swiss Alps tour from Zurich\" \/>\n<meta property=\"og:description\" content=\"The Swiss Alps Tour brings you to the most charming alpine villages! We&#039;ve handpicked the top 4 must-see villages in the heart of swiss alps!\" \/>\n<meta property=\"og:url\" content=\"https:\/\/swissxplorer.com\/pt\/tours\/excursao-alpes-suicos-de-zurique-viagem-dia-a-lagos-e-aldeias-alpinas\/\" \/>\n<meta property=\"og:site_name\" content=\"Swiss Xplorer\" \/>\n<meta property=\"article:modified_time\" content=\"2024-09-25T10:26:11+00:00\" \/>\n<meta property=\"og:image\" content=\"http:\/\/swissxplorer.com\/wp-content\/uploads\/2023\/03\/IMG_4396.jpg\" \/>\n\t<meta property=\"og:image:width\" content=\"2016\" \/>\n\t<meta property=\"og:image:height\" content=\"1512\" \/>\n\t<meta property=\"og:image:type\" content=\"image\/jpeg\" \/>\n<meta name=\"twitter:card\" content=\"summary_large_image\" \/>\n<meta name=\"twitter:label1\" content=\"Est. tempo de leitura\" \/>\n\t<meta name=\"twitter:data1\" content=\"3 minutos\" \/>\n<script type=\"application\/ld+json\" class=\"yoast-schema-graph\">{\"@context\":\"https:\/\/schema.org\",\"@graph\":[{\"@type\":\"WebPage\",\"@id\":\"https:\/\/swissxplorer.com\/tours\/swiss-alps-tour-zurich\/\",\"url\":\"https:\/\/swissxplorer.com\/tours\/swiss-alps-tour-zurich\/\",\"name\":\"Swiss Alps tour from Zurich\",\"isPartOf\":{\"@id\":\"https:\/\/swissxplorer.com\/#website\"},\"datePublished\":\"2023-03-31T13:56:15+00:00\",\"dateModified\":\"2024-09-25T10:26:11+00:00\",\"description\":\"The Swiss Alps Tour brings you to the most charming alpine villages! We've handpicked the top 4 must-see villages in the heart of swiss alps!\",\"breadcrumb\":{\"@id\":\"https:\/\/swissxplorer.com\/tours\/swiss-alps-tour-zurich\/#breadcrumb\"},\"inLanguage\":\"pt-BR\",\"potentialAction\":[{\"@type\":\"ReadAction\",\"target\":[\"https:\/\/swissxplorer.com\/tours\/swiss-alps-tour-zurich\/\"]}]},{\"@type\":\"BreadcrumbList\",\"@id\":\"https:\/\/swissxplorer.com\/tours\/swiss-alps-tour-zurich\/#breadcrumb\",\"itemListElement\":[{\"@type\":\"ListItem\",\"position\":1,\"name\":\"Home\",\"item\":\"https:\/\/swissxplorer.com\/\"},{\"@type\":\"ListItem\",\"position\":2,\"name\":\"Tours\",\"item\":\"https:\/\/swissxplorer.com\/tours\/\"},{\"@type\":\"ListItem\",\"position\":3,\"name\":\"Swiss Alps Tour from Zurich &#8211; Day Trip to Lakes and Alpine Villages\"}]},{\"@type\":\"WebSite\",\"@id\":\"https:\/\/swissxplorer.com\/#website\",\"url\":\"https:\/\/swissxplorer.com\/\",\"name\":\"Swiss Xplorer\",\"description\":\"Tours in Switzerland\",\"potentialAction\":[{\"@type\":\"SearchAction\",\"target\":{\"@type\":\"EntryPoint\",\"urlTemplate\":\"https:\/\/swissxplorer.com\/?s={search_term_string}\"},\"query-input\":\"required name=search_term_string\"}],\"inLanguage\":\"pt-BR\"}]}<\/script>\n<!-- \/ Yoast SEO plugin. -->","yoast_head_json":{"title":"Swiss Alps tour from Zurich","description":"The Swiss Alps Tour brings you to the most charming alpine villages! We've handpicked the top 4 must-see villages in the heart of swiss alps!","robots":{"index":"index","follow":"follow","max-snippet":"max-snippet:-1","max-image-preview":"max-image-preview:large","max-video-preview":"max-video-preview:-1"},"canonical":"https:\/\/swissxplorer.com\/pt\/tours\/excursao-alpes-suicos-de-zurique-viagem-dia-a-lagos-e-aldeias-alpinas\/","og_locale":"pt_BR","og_type":"article","og_title":"Swiss Alps tour from Zurich","og_description":"The Swiss Alps Tour brings you to the most charming alpine villages! We've handpicked the top 4 must-see villages in the heart of swiss alps!","og_url":"https:\/\/swissxplorer.com\/pt\/tours\/excursao-alpes-suicos-de-zurique-viagem-dia-a-lagos-e-aldeias-alpinas\/","og_site_name":"Swiss Xplorer","article_modified_time":"2024-09-25T10:26:11+00:00","og_image":[{"width":2016,"height":1512,"url":"http:\/\/swissxplorer.com\/wp-content\/uploads\/2023\/03\/IMG_4396.jpg","type":"image\/jpeg"}],"twitter_card":"summary_large_image","twitter_misc":{"Est. tempo de leitura":"3 minutos"},"schema":{"@context":"https:\/\/schema.org","@graph":[{"@type":"WebPage","@id":"https:\/\/swissxplorer.com\/tours\/swiss-alps-tour-zurich\/","url":"https:\/\/swissxplorer.com\/tours\/swiss-alps-tour-zurich\/","name":"Swiss Alps tour from Zurich","isPartOf":{"@id":"https:\/\/swissxplorer.com\/#website"},"datePublished":"2023-03-31T13:56:15+00:00","dateModified":"2024-09-25T10:26:11+00:00","description":"The Swiss Alps Tour brings you to the most charming alpine villages! We've handpicked the top 4 must-see villages in the heart of swiss alps!","breadcrumb":{"@id":"https:\/\/swissxplorer.com\/tours\/swiss-alps-tour-zurich\/#breadcrumb"},"inLanguage":"pt-BR","potentialAction":[{"@type":"ReadAction","target":["https:\/\/swissxplorer.com\/tours\/swiss-alps-tour-zurich\/"]}]},{"@type":"BreadcrumbList","@id":"https:\/\/swissxplorer.com\/tours\/swiss-alps-tour-zurich\/#breadcrumb","itemListElement":[{"@type":"ListItem","position":1,"name":"Home","item":"https:\/\/swissxplorer.com\/"},{"@type":"ListItem","position":2,"name":"Tours","item":"https:\/\/swissxplorer.com\/tours\/"},{"@type":"ListItem","position":3,"name":"Swiss Alps Tour from Zurich &#8211; Day Trip to Lakes and Alpine Villages"}]},{"@type":"WebSite","@id":"https:\/\/swissxplorer.com\/#website","url":"https:\/\/swissxplorer.com\/","name":"Swiss Xplorer","description":"Tours in Switzerland","potentialAction":[{"@type":"SearchAction","target":{"@type":"EntryPoint","urlTemplate":"https:\/\/swissxplorer.com\/?s={search_term_string}"},"query-input":"required name=search_term_string"}],"inLanguage":"pt-BR"}]}},"_links":{"self":[{"href":"https:\/\/swissxplorer.com\/pt\/wp-json\/wp\/v2\/product\/5115","targetHints":{"allow":["GET"]}}],"collection":[{"href":"https:\/\/swissxplorer.com\/pt\/wp-json\/wp\/v2\/product"}],"about":[{"href":"https:\/\/swissxplorer.com\/pt\/wp-json\/wp\/v2\/types\/product"}],"replies":[{"embeddable":true,"href":"https:\/\/swissxplorer.com\/pt\/wp-json\/wp\/v2\/comments?post=5115"}],"wp:featuredmedia":[{"embeddable":true,"href":"https:\/\/swissxplorer.com\/pt\/wp-json\/wp\/v2\/media\/5672"}],"wp:attachment":[{"href":"https:\/\/swissxplorer.com\/pt\/wp-json\/wp\/v2\/media?parent=5115"}],"wp:term":[{"taxonomy":"product_cat","embeddable":true,"href":"https:\/\/swissxplorer.com\/pt\/wp-json\/wp\/v2\/product_cat?post=5115"},{"taxonomy":"product_tag","embeddable":true,"href":"https:\/\/swissxplorer.com\/pt\/wp-json\/wp\/v2\/product_tag?post=5115"}],"curies":[{"name":"wp","href":"https:\/\/api.w.org\/{rel}","templated":true}]}}