{"id":4828,"date":"2023-01-26T16:17:07","date_gmt":"2023-01-26T19:17:07","guid":{"rendered":"http:\/\/swissxplorer.com\/?post_type=product&#038;p=4828"},"modified":"2023-08-31T16:06:18","modified_gmt":"2023-08-31T14:06:18","slug":"trip-to-pilatus-mountain-toboggan-run","status":"publish","type":"product","link":"https:\/\/swissxplorer.com\/pt\/tours\/viagem-de-um-dia-particular-para-pilatus-mountain-adventure-with-snow-toboggan-run-2\/","title":{"rendered":"<p>Viagem Privada \u00e0 Montanha Pilatus \u2013 Aventura com Tren\u00f3<\/p>"},"content":{"rendered":"<p>Que tal um dia de tren\u00f3 na Su\u00ed\u00e7a?<br>\nDepois de ser buscado em seu hotel em Zurique, sente-se em um confort\u00e1vel V Class Mercedes e aproveite o passeio privado de 50 minutos at\u00e9 o ponto de partida do telef\u00e9rico!<p>Primeiro, iremos juntos at\u00e9 o topo. A cordilheira de Pilatus que se eleva acima da regi\u00e3o com seus 2.128 metros de altura pode ser acessada por telef\u00e9rico e telef\u00e9rico. Em um dia claro, a montanha oferece uma vista panor\u00e2mica de 73 picos alpinos. Poderemos contemplar uma vista deslumbrante!<\/p><p>Depois disso, a divers\u00e3o do tren\u00f3 come\u00e7ar\u00e1 para toda a fam\u00edlia! Existem duas trilhas de tren\u00f3, desde tecnicamente f\u00e1ceis at\u00e9 desafiadoras. Para mi\u00fados, gra\u00fados, amantes da velocidade e para quem gosta de ir com calma. A trilha de tren\u00f3 de dificuldade m\u00e9dia tem 3 quil\u00f4metros e a de tobog\u00e3 f\u00e1cil tem 4,8 quil\u00f4metros.<\/p><p>Voc\u00ea n\u00e3o ter\u00e1 que se preocupar com nada! Faremos as reservas, compraremos os bilhetes, iremos busc\u00e1-lo e acompanh\u00e1-lo durante todo o dia e em todas as atividades, ao seu ritmo, sem pressa. Nosso guia fotografar\u00e1 voc\u00ea e sua fam\u00edlia ao longo do passeio proporcionando imagens incr\u00edveis e as melhores lembran\u00e7as! Mediante solicita\u00e7\u00e3o, tamb\u00e9m podemos adaptar sua viagem para necessidades especiais.<\/p><h3><strong>Processo de reserva e pagamento:<\/strong><\/h3><p>Para confirmar o pre\u00e7o do passeio, informe o n\u00famero de participantes no campo de dados ao lado direito. O valor acima ser\u00e1 atualizado automaticamente.<\/p><p>Para iniciar o processo de reserva, por favor, forne\u00e7a os detalhes necess\u00e1rios para a viagem. Em seguida, enviaremos prontamente um e-mail confirmando a disponibilidade de datas. Posteriormente, um link de pagamento seguro ser\u00e1 fornecido para voc\u00ea fazer um adiantamento 20% e garantir a data selecionada. Este adiantamento serve como garantia financeira em caso de cancelamento do cliente. O restante pagamento poder\u00e1 ser feito no dia do passeio, seja com cart\u00e3o de cr\u00e9dito ou em dinheiro. Esteja ciente de que s\u00f3 podemos confirmar sua reserva ap\u00f3s o recebimento do pagamento inicial 20%. Se desejar cancelar o passeio, voc\u00ea pode faz\u00ea-lo at\u00e9 30 dias antes da data do passeio e receber um reembolso total.<\/p><p>Para mais op\u00e7\u00f5es de passeios e variedade de experi\u00eancias, convidamos voc\u00ea a explorar nossa sele\u00e7\u00e3o em nosso site: <a href=\"https:\/\/swissxplorer.com\/pt\/\">Swiss Xplorer<\/a>. Descubra as possibilidades e crie mem\u00f3rias inesquec\u00edveis de sua viagem pela Su\u00ed\u00e7a.<\/p><p>Consulte nossos Termos e Condi\u00e7\u00f5es aqui: <a href=\"https:\/\/swissxplorer.com\/pt\/politica-de-privacidade\/\" target=\"_blank\" rel=\"noopener\">termos e Condi\u00e7\u00f5es<\/a><\/p><\/p>","protected":false},"excerpt":{"rendered":"<p><span style=\"font-weight: 400;\">Visite as Cataratas do Reno, uma das cachoeiras mais espetaculares da Europa, imperd\u00edvel para todos os amantes da natureza!<\/span><\/p>","protected":false},"featured_media":4829,"comment_status":"open","ping_status":"closed","template":"","meta":[],"product_cat":[98,44],"product_tag":[126,127,128,129,122,121,120,125,124,123],"class_list":["post-4828","product","type-product","status-publish","has-post-thumbnail","hentry","brw_type_of_tour-all","brw_type_of_tour-day-trip","product_cat-all","product_cat-zurich","product_tag-alpine-coasters-from-zurich","product_tag-beatiful-mountain-around-zurich","product_tag-day-trip-from-zurich","product_tag-halp-day-trip-from-zurich","product_tag-private-tours-from-zurich","product_tag-swiss-private-tour-reviews","product_tag-switzerland-guided-tour","product_tag-toboggan-ride-zurich","product_tag-toboggan-run-zurich","product_tag-what-to-do-in-zurich"],"acf":[],"yoast_head":"<!-- This site is optimized with the Yoast SEO plugin v21.7 - https:\/\/yoast.com\/wordpress\/plugins\/seo\/ -->\n<title>Trip to Pilatus Mountain with Sledding<\/title>\n<meta name=\"description\" content=\"Trip to Pilatus Mountain with Sledding experience! Enjoy breathtaking landscapes and unforgettable adventures on this private tour from Zurich\" \/>\n<meta name=\"robots\" content=\"index, follow, max-snippet:-1, max-image-preview:large, max-video-preview:-1\" \/>\n<link rel=\"canonical\" href=\"https:\/\/swissxplorer.com\/pt\/tours\/viagem-de-um-dia-particular-para-pilatus-mountain-adventure-with-snow-toboggan-run-2\/\" \/>\n<meta property=\"og:locale\" content=\"pt_BR\" \/>\n<meta property=\"og:type\" content=\"article\" \/>\n<meta property=\"og:title\" content=\"Trip to Pilatus Mountain with Sledding\" \/>\n<meta property=\"og:description\" content=\"Trip to Pilatus Mountain with Sledding experience! Enjoy breathtaking landscapes and unforgettable adventures on this private tour from Zurich\" \/>\n<meta property=\"og:url\" content=\"https:\/\/swissxplorer.com\/pt\/tours\/viagem-de-um-dia-particular-para-pilatus-mountain-adventure-with-snow-toboggan-run-2\/\" \/>\n<meta property=\"og:site_name\" content=\"Swiss Xplorer\" \/>\n<meta property=\"article:modified_time\" content=\"2023-08-31T14:06:18+00:00\" \/>\n<meta property=\"og:image\" content=\"http:\/\/swissxplorer.com\/wp-content\/uploads\/2023\/01\/63d2d0098eb63-min.webp\" \/>\n\t<meta property=\"og:image:width\" content=\"1024\" \/>\n\t<meta property=\"og:image:height\" content=\"683\" \/>\n\t<meta property=\"og:image:type\" content=\"image\/webp\" \/>\n<meta name=\"twitter:card\" content=\"summary_large_image\" \/>\n<meta name=\"twitter:label1\" content=\"Est. tempo de leitura\" \/>\n\t<meta name=\"twitter:data1\" content=\"2 minutos\" \/>\n<script type=\"application\/ld+json\" class=\"yoast-schema-graph\">{\"@context\":\"https:\/\/schema.org\",\"@graph\":[{\"@type\":\"WebPage\",\"@id\":\"https:\/\/swissxplorer.com\/tours\/trip-to-pilatus-mountain-toboggan-run\/\",\"url\":\"https:\/\/swissxplorer.com\/tours\/trip-to-pilatus-mountain-toboggan-run\/\",\"name\":\"Trip to Pilatus Mountain with Sledding\",\"isPartOf\":{\"@id\":\"https:\/\/swissxplorer.com\/#website\"},\"datePublished\":\"2023-01-26T19:17:07+00:00\",\"dateModified\":\"2023-08-31T14:06:18+00:00\",\"description\":\"Trip to Pilatus Mountain with Sledding experience! Enjoy breathtaking landscapes and unforgettable adventures on this private tour from Zurich\",\"breadcrumb\":{\"@id\":\"https:\/\/swissxplorer.com\/tours\/trip-to-pilatus-mountain-toboggan-run\/#breadcrumb\"},\"inLanguage\":\"pt-BR\",\"potentialAction\":[{\"@type\":\"ReadAction\",\"target\":[\"https:\/\/swissxplorer.com\/tours\/trip-to-pilatus-mountain-toboggan-run\/\"]}]},{\"@type\":\"BreadcrumbList\",\"@id\":\"https:\/\/swissxplorer.com\/tours\/trip-to-pilatus-mountain-toboggan-run\/#breadcrumb\",\"itemListElement\":[{\"@type\":\"ListItem\",\"position\":1,\"name\":\"Home\",\"item\":\"https:\/\/swissxplorer.com\/\"},{\"@type\":\"ListItem\",\"position\":2,\"name\":\"Tours\",\"item\":\"https:\/\/swissxplorer.com\/tours\/\"},{\"@type\":\"ListItem\",\"position\":3,\"name\":\"Private Day Trip to Pilatus Mountain &#8211; Adventure with Sledding\"}]},{\"@type\":\"WebSite\",\"@id\":\"https:\/\/swissxplorer.com\/#website\",\"url\":\"https:\/\/swissxplorer.com\/\",\"name\":\"Swiss Xplorer\",\"description\":\"Tours in Switzerland\",\"potentialAction\":[{\"@type\":\"SearchAction\",\"target\":{\"@type\":\"EntryPoint\",\"urlTemplate\":\"https:\/\/swissxplorer.com\/?s={search_term_string}\"},\"query-input\":\"required name=search_term_string\"}],\"inLanguage\":\"pt-BR\"}]}<\/script>\n<!-- \/ Yoast SEO plugin. -->","yoast_head_json":{"title":"Trip to Pilatus Mountain with Sledding","description":"Trip to Pilatus Mountain with Sledding experience! Enjoy breathtaking landscapes and unforgettable adventures on this private tour from Zurich","robots":{"index":"index","follow":"follow","max-snippet":"max-snippet:-1","max-image-preview":"max-image-preview:large","max-video-preview":"max-video-preview:-1"},"canonical":"https:\/\/swissxplorer.com\/pt\/tours\/viagem-de-um-dia-particular-para-pilatus-mountain-adventure-with-snow-toboggan-run-2\/","og_locale":"pt_BR","og_type":"article","og_title":"Trip to Pilatus Mountain with Sledding","og_description":"Trip to Pilatus Mountain with Sledding experience! Enjoy breathtaking landscapes and unforgettable adventures on this private tour from Zurich","og_url":"https:\/\/swissxplorer.com\/pt\/tours\/viagem-de-um-dia-particular-para-pilatus-mountain-adventure-with-snow-toboggan-run-2\/","og_site_name":"Swiss Xplorer","article_modified_time":"2023-08-31T14:06:18+00:00","og_image":[{"width":1024,"height":683,"url":"http:\/\/swissxplorer.com\/wp-content\/uploads\/2023\/01\/63d2d0098eb63-min.webp","type":"image\/webp"}],"twitter_card":"summary_large_image","twitter_misc":{"Est. tempo de leitura":"2 minutos"},"schema":{"@context":"https:\/\/schema.org","@graph":[{"@type":"WebPage","@id":"https:\/\/swissxplorer.com\/tours\/trip-to-pilatus-mountain-toboggan-run\/","url":"https:\/\/swissxplorer.com\/tours\/trip-to-pilatus-mountain-toboggan-run\/","name":"Trip to Pilatus Mountain with Sledding","isPartOf":{"@id":"https:\/\/swissxplorer.com\/#website"},"datePublished":"2023-01-26T19:17:07+00:00","dateModified":"2023-08-31T14:06:18+00:00","description":"Trip to Pilatus Mountain with Sledding experience! Enjoy breathtaking landscapes and unforgettable adventures on this private tour from Zurich","breadcrumb":{"@id":"https:\/\/swissxplorer.com\/tours\/trip-to-pilatus-mountain-toboggan-run\/#breadcrumb"},"inLanguage":"pt-BR","potentialAction":[{"@type":"ReadAction","target":["https:\/\/swissxplorer.com\/tours\/trip-to-pilatus-mountain-toboggan-run\/"]}]},{"@type":"BreadcrumbList","@id":"https:\/\/swissxplorer.com\/tours\/trip-to-pilatus-mountain-toboggan-run\/#breadcrumb","itemListElement":[{"@type":"ListItem","position":1,"name":"Home","item":"https:\/\/swissxplorer.com\/"},{"@type":"ListItem","position":2,"name":"Tours","item":"https:\/\/swissxplorer.com\/tours\/"},{"@type":"ListItem","position":3,"name":"Private Day Trip to Pilatus Mountain &#8211; Adventure with Sledding"}]},{"@type":"WebSite","@id":"https:\/\/swissxplorer.com\/#website","url":"https:\/\/swissxplorer.com\/","name":"Swiss Xplorer","description":"Tours in Switzerland","potentialAction":[{"@type":"SearchAction","target":{"@type":"EntryPoint","urlTemplate":"https:\/\/swissxplorer.com\/?s={search_term_string}"},"query-input":"required name=search_term_string"}],"inLanguage":"pt-BR"}]}},"_links":{"self":[{"href":"https:\/\/swissxplorer.com\/pt\/wp-json\/wp\/v2\/product\/4828","targetHints":{"allow":["GET"]}}],"collection":[{"href":"https:\/\/swissxplorer.com\/pt\/wp-json\/wp\/v2\/product"}],"about":[{"href":"https:\/\/swissxplorer.com\/pt\/wp-json\/wp\/v2\/types\/product"}],"replies":[{"embeddable":true,"href":"https:\/\/swissxplorer.com\/pt\/wp-json\/wp\/v2\/comments?post=4828"}],"wp:featuredmedia":[{"embeddable":true,"href":"https:\/\/swissxplorer.com\/pt\/wp-json\/wp\/v2\/media\/4829"}],"wp:attachment":[{"href":"https:\/\/swissxplorer.com\/pt\/wp-json\/wp\/v2\/media?parent=4828"}],"wp:term":[{"taxonomy":"product_cat","embeddable":true,"href":"https:\/\/swissxplorer.com\/pt\/wp-json\/wp\/v2\/product_cat?post=4828"},{"taxonomy":"product_tag","embeddable":true,"href":"https:\/\/swissxplorer.com\/pt\/wp-json\/wp\/v2\/product_tag?post=4828"}],"curies":[{"name":"wp","href":"https:\/\/api.w.org\/{rel}","templated":true}]}}