{"id":5239,"date":"2023-04-04T13:33:47","date_gmt":"2023-04-04T11:33:47","guid":{"rendered":"http:\/\/swissxplorer.com\/?page_id=5239"},"modified":"2023-06-22T15:00:59","modified_gmt":"2023-06-22T13:00:59","slug":"documentary","status":"publish","type":"page","link":"https:\/\/swissxplorer.com\/pt\/documentario\/","title":{"rendered":"<p>Document\u00e1rio<\/p>"},"content":{"rendered":"<div data-elementor-type=\"wp-page\" data-elementor-id=\"5239\" class=\"elementor elementor-5239\" data-elementor-post-type=\"page\">\n\t\t\t\t\t\t<section class=\"elementor-section elementor-top-section elementor-element elementor-element-b7df894 elementor-section-boxed elementor-section-height-default elementor-section-height-default\" data-id=\"b7df894\" data-element_type=\"section\" data-settings='{\"background_background\":\"classic\"}'>\n\t\t\t\t\t\t<div class=\"elementor-container elementor-column-gap-no\">\n\t\t\t\t\t<div class=\"elementor-column elementor-col-50 elementor-top-column elementor-element elementor-element-e8ca6c7 elementor-invisible\" data-id=\"e8ca6c7\" data-element_type=\"column\" data-settings='{\"animation\":\"ova-move-right\",\"animation_tablet\":\"none\"}'>\n\t\t\t<div class=\"elementor-widget-wrap elementor-element-populated\">\n\t\t\t\t\t\t<div class=\"elementor-element elementor-element-4ed1a3a elementor-widget elementor-widget-tripgo_elementor_heading\" data-id=\"4ed1a3a\" data-element_type=\"widget\" data-widget_type=\"tripgo_elementor_heading.default\">\n\t\t\t\t<div class=\"elementor-widget-container\">\n\t\t\t\t\t\t\t<div class=\"ova-title\">\n\n\t\t\t\t\t\t\t<h3 class=\"sub-title\">Su\u00ed\u00e7a mais perto<\/h3>\n\t\t\t\n\t\t\t\t\t\t\t\n\t\t\t\t\t\t\t<h2 class=\"title\">\n\t\t\t\t\t\t\t\t \n\t\t\t\t\t\t\t\tDocument\u00e1rio\n\t\t\t\t\t\t\t<\/h2>\n\t\t\t\t\t\t\t\n\t\t\t\t\t\t\t<p class=\"description\"> Imagine poder embarcar em uma viagem pela Su\u00ed\u00e7a sem sair do conforto de sua casa. Nosso document\u00e1rio \u00e9 uma experi\u00eancia \u00fanica que o levar\u00e1 a uma viagem visual pelo pa\u00eds, explorando sua hist\u00f3ria, cultura e beleza natural. Voc\u00ea sentir\u00e1 a brisa fresca das montanhas su\u00ed\u00e7as, visitar\u00e1 cidades hist\u00f3ricas e se banhar\u00e1 nas \u00e1guas cristalinas dos lagos alpinos. Nosso filme \u00e9 um convite para mergulhar na riqueza e diversidade desse pa\u00eds incr\u00edvel! Cidades hist\u00f3ricas, aldeias alpinas, glaciares, Alpes e lagos s\u00e3o os cen\u00e1rios escolhidos para este document\u00e1rio. N\u00e3o perca a chance de viver esta experi\u00eancia \u00fanica de descobrir a Su\u00ed\u00e7a de uma nova perspectiva. <\/p>\n\t\t\t\n\t\t<\/div> \n\t\t \t\n\t\t\t\t\t\t<\/div>\n\t\t\t\t<\/div>\n\t\t\t\t<div class=\"elementor-element elementor-element-6677e38 elementor-align-left elementor-widget-mobile__width-auto elementor-widget elementor-widget-button\" data-id=\"6677e38\" data-element_type=\"widget\" data-widget_type=\"button.default\">\n\t\t\t\t<div class=\"elementor-widget-container\">\n\t\t\t\t\t\t\t\t\t<div class=\"elementor-button-wrapper\">\n\t\t\t\t\t<a class=\"elementor-button elementor-button-link elementor-size-sm\" href=\"https:\/\/swissxplorer.com\/pt\/contato\/\">\n\t\t\t\t\t\t<span class=\"elementor-button-content-wrapper\">\n\t\t\t\t\t\t<span class=\"elementor-button-icon\">\n\t\t\t\t<i aria-hidden=\"true\" class=\"far fa-arrow-alt-circle-right\"><\/i>\t\t\t<\/span>\n\t\t\t\t\t\t\t\t\t<span class=\"elementor-button-text\">V\u00ea online<\/span>\n\t\t\t\t\t<\/span>\n\t\t\t\t\t<\/a>\n\t\t\t\t<\/div>\n\t\t\t\t\t\t\t\t<\/div>\n\t\t\t\t<\/div>\n\t\t\t\t\t<\/div>\n\t\t<\/div>\n\t\t\t\t<div class=\"elementor-column elementor-col-50 elementor-top-column elementor-element elementor-element-f012ac5\" data-id=\"f012ac5\" data-element_type=\"column\">\n\t\t\t<div class=\"elementor-widget-wrap elementor-element-populated\">\n\t\t\t\t\t\t<div class=\"elementor-element elementor-element-9c816c3 elementor-widget elementor-widget-video\" data-id=\"9c816c3\" data-element_type=\"widget\" data-settings='{\"youtube_url\":\"https:\\\/\\\/www.youtube.com\\\/watch?v=G9z9cUP3SpE\",\"lazy_load\":\"yes\",\"show_image_overlay\":\"yes\",\"image_overlay\":{\"url\":\"http:\\\/\\\/swissxplorer.com\\\/wp-content\\\/uploads\\\/2023\\\/04\\\/image-21.jpg\",\"id\":5242,\"size\":\"\",\"alt\":\"\",\"source\":\"library\"},\"video_type\":\"youtube\",\"controls\":\"yes\"}' data-widget_type=\"video.default\">\n\t\t\t\t<div class=\"elementor-widget-container\">\n\t\t\t\t\t\t\t<div class=\"elementor-wrapper elementor-open-inline\">\n\t\t\t<div class=\"elementor-video\"><\/div>\t\t\t\t<div class=\"elementor-custom-embed-image-overlay\" style=\"background-image: url(https:\/\/swissxplorer.com\/wp-content\/uploads\/2023\/04\/image-21.jpg);\">\n\t\t\t\t\t\t\t\t\t\t\t\t\t\t\t\t<div class=\"elementor-custom-embed-play\" role=\"button\" aria-label=\"Reproduzir v\u00eddeo\" tabindex=\"0\">\n\t\t\t\t\t\t\t<i aria-hidden=\"true\" class=\"eicon-play\"><\/i>\t\t\t\t\t\t<\/div>\n\t\t\t\t\t\t\t\t\t<\/div>\n\t\t\t\t\t<\/div>\n\t\t\t\t\t\t<\/div>\n\t\t\t\t<\/div>\n\t\t\t\t\t<\/div>\n\t\t<\/div>\n\t\t\t\t\t<\/div>\n\t\t<\/section>\n\t\t\t\t<\/div>","protected":false},"excerpt":{"rendered":"<p>Su\u00ed\u00e7a mais perto Document\u00e1rio Imagine poder embarcar em uma viagem pela Su\u00ed\u00e7a sem sair do conforto da sua casa. Nosso document\u00e1rio \u00e9 uma experi\u00eancia \u00fanica que o levar\u00e1 a uma viagem visual pelo pa\u00eds, explorando sua hist\u00f3ria, cultura e belezas naturais. Voc\u00ea sentir\u00e1 a brisa fresca das montanhas su\u00ed\u00e7as, visite [\u2026]<\/p>","protected":false},"author":3,"featured_media":5001,"parent":0,"menu_order":0,"comment_status":"closed","ping_status":"closed","template":"elementor_header_footer","meta":{"footnotes":""},"class_list":["post-5239","page","type-page","status-publish","has-post-thumbnail","hentry"],"acf":[],"yoast_head":"<!-- This site is optimized with the Yoast SEO plugin v21.7 - https:\/\/yoast.com\/wordpress\/plugins\/seo\/ -->\n<title>Documentary - Switzerland<\/title>\n<meta name=\"description\" content=\"The documentary aims to inspire travelers by showcasing the captivating beauty and rich culture of Switzerland.\" \/>\n<meta name=\"robots\" content=\"index, follow, max-snippet:-1, max-image-preview:large, max-video-preview:-1\" \/>\n<link rel=\"canonical\" href=\"https:\/\/swissxplorer.com\/pt\/documentario\/\" \/>\n<meta property=\"og:locale\" content=\"pt_BR\" \/>\n<meta property=\"og:type\" content=\"article\" \/>\n<meta property=\"og:title\" content=\"Documentary - Switzerland\" \/>\n<meta property=\"og:description\" content=\"The documentary aims to inspire travelers by showcasing the captivating beauty and rich culture of Switzerland.\" \/>\n<meta property=\"og:url\" content=\"https:\/\/swissxplorer.com\/pt\/documentario\/\" \/>\n<meta property=\"og:site_name\" content=\"Swiss Xplorer\" \/>\n<meta property=\"article:modified_time\" content=\"2023-06-22T13:00:59+00:00\" \/>\n<meta property=\"og:image\" content=\"http:\/\/swissxplorer.com\/wp-content\/uploads\/2023\/03\/Schynige-Platte-Wandern-Alpengarten05.webp\" \/>\n\t<meta property=\"og:image:width\" content=\"1200\" \/>\n\t<meta property=\"og:image:height\" content=\"428\" \/>\n\t<meta property=\"og:image:type\" content=\"image\/webp\" \/>\n<meta name=\"twitter:card\" content=\"summary_large_image\" \/>\n<meta name=\"twitter:label1\" content=\"Est. tempo de leitura\" \/>\n\t<meta name=\"twitter:data1\" content=\"1 minuto\" \/>\n<script type=\"application\/ld+json\" class=\"yoast-schema-graph\">{\"@context\":\"https:\/\/schema.org\",\"@graph\":[{\"@type\":\"WebPage\",\"@id\":\"https:\/\/swissxplorer.com\/documentary\/\",\"url\":\"https:\/\/swissxplorer.com\/documentary\/\",\"name\":\"Documentary - Switzerland\",\"isPartOf\":{\"@id\":\"https:\/\/swissxplorer.com\/#website\"},\"datePublished\":\"2023-04-04T11:33:47+00:00\",\"dateModified\":\"2023-06-22T13:00:59+00:00\",\"description\":\"The documentary aims to inspire travelers by showcasing the captivating beauty and rich culture of Switzerland.\",\"breadcrumb\":{\"@id\":\"https:\/\/swissxplorer.com\/documentary\/#breadcrumb\"},\"inLanguage\":\"pt-BR\",\"potentialAction\":[{\"@type\":\"ReadAction\",\"target\":[\"https:\/\/swissxplorer.com\/documentary\/\"]}]},{\"@type\":\"BreadcrumbList\",\"@id\":\"https:\/\/swissxplorer.com\/documentary\/#breadcrumb\",\"itemListElement\":[{\"@type\":\"ListItem\",\"position\":1,\"name\":\"Home\",\"item\":\"https:\/\/swissxplorer.com\/\"},{\"@type\":\"ListItem\",\"position\":2,\"name\":\"Documentary\"}]},{\"@type\":\"WebSite\",\"@id\":\"https:\/\/swissxplorer.com\/#website\",\"url\":\"https:\/\/swissxplorer.com\/\",\"name\":\"Swiss Xplorer\",\"description\":\"Tours in Switzerland\",\"potentialAction\":[{\"@type\":\"SearchAction\",\"target\":{\"@type\":\"EntryPoint\",\"urlTemplate\":\"https:\/\/swissxplorer.com\/?s={search_term_string}\"},\"query-input\":\"required name=search_term_string\"}],\"inLanguage\":\"pt-BR\"}]}<\/script>\n<!-- \/ Yoast SEO plugin. -->","yoast_head_json":{"title":"Documentary - Switzerland","description":"The documentary aims to inspire travelers by showcasing the captivating beauty and rich culture of Switzerland.","robots":{"index":"index","follow":"follow","max-snippet":"max-snippet:-1","max-image-preview":"max-image-preview:large","max-video-preview":"max-video-preview:-1"},"canonical":"https:\/\/swissxplorer.com\/pt\/documentario\/","og_locale":"pt_BR","og_type":"article","og_title":"Documentary - Switzerland","og_description":"The documentary aims to inspire travelers by showcasing the captivating beauty and rich culture of Switzerland.","og_url":"https:\/\/swissxplorer.com\/pt\/documentario\/","og_site_name":"Swiss Xplorer","article_modified_time":"2023-06-22T13:00:59+00:00","og_image":[{"width":1200,"height":428,"url":"http:\/\/swissxplorer.com\/wp-content\/uploads\/2023\/03\/Schynige-Platte-Wandern-Alpengarten05.webp","type":"image\/webp"}],"twitter_card":"summary_large_image","twitter_misc":{"Est. tempo de leitura":"1 minuto"},"schema":{"@context":"https:\/\/schema.org","@graph":[{"@type":"WebPage","@id":"https:\/\/swissxplorer.com\/documentary\/","url":"https:\/\/swissxplorer.com\/documentary\/","name":"Documentary - Switzerland","isPartOf":{"@id":"https:\/\/swissxplorer.com\/#website"},"datePublished":"2023-04-04T11:33:47+00:00","dateModified":"2023-06-22T13:00:59+00:00","description":"The documentary aims to inspire travelers by showcasing the captivating beauty and rich culture of Switzerland.","breadcrumb":{"@id":"https:\/\/swissxplorer.com\/documentary\/#breadcrumb"},"inLanguage":"pt-BR","potentialAction":[{"@type":"ReadAction","target":["https:\/\/swissxplorer.com\/documentary\/"]}]},{"@type":"BreadcrumbList","@id":"https:\/\/swissxplorer.com\/documentary\/#breadcrumb","itemListElement":[{"@type":"ListItem","position":1,"name":"Home","item":"https:\/\/swissxplorer.com\/"},{"@type":"ListItem","position":2,"name":"Documentary"}]},{"@type":"WebSite","@id":"https:\/\/swissxplorer.com\/#website","url":"https:\/\/swissxplorer.com\/","name":"Swiss Xplorer","description":"Tours in Switzerland","potentialAction":[{"@type":"SearchAction","target":{"@type":"EntryPoint","urlTemplate":"https:\/\/swissxplorer.com\/?s={search_term_string}"},"query-input":"required name=search_term_string"}],"inLanguage":"pt-BR"}]}},"_links":{"self":[{"href":"https:\/\/swissxplorer.com\/pt\/wp-json\/wp\/v2\/pages\/5239","targetHints":{"allow":["GET"]}}],"collection":[{"href":"https:\/\/swissxplorer.com\/pt\/wp-json\/wp\/v2\/pages"}],"about":[{"href":"https:\/\/swissxplorer.com\/pt\/wp-json\/wp\/v2\/types\/page"}],"author":[{"embeddable":true,"href":"https:\/\/swissxplorer.com\/pt\/wp-json\/wp\/v2\/users\/3"}],"replies":[{"embeddable":true,"href":"https:\/\/swissxplorer.com\/pt\/wp-json\/wp\/v2\/comments?post=5239"}],"version-history":[{"count":24,"href":"https:\/\/swissxplorer.com\/pt\/wp-json\/wp\/v2\/pages\/5239\/revisions"}],"predecessor-version":[{"id":6488,"href":"https:\/\/swissxplorer.com\/pt\/wp-json\/wp\/v2\/pages\/5239\/revisions\/6488"}],"wp:featuredmedia":[{"embeddable":true,"href":"https:\/\/swissxplorer.com\/pt\/wp-json\/wp\/v2\/media\/5001"}],"wp:attachment":[{"href":"https:\/\/swissxplorer.com\/pt\/wp-json\/wp\/v2\/media?parent=5239"}],"curies":[{"name":"wp","href":"https:\/\/api.w.org\/{rel}","templated":true}]}}