{"id":3886,"date":"2022-07-27T04:08:28","date_gmt":"2022-07-27T04:08:28","guid":{"rendered":"https:\/\/demo.ovatheme.com\/tripgo\/?page_id=3886"},"modified":"2022-07-27T04:08:28","modified_gmt":"2022-07-27T04:08:28","slug":"tour-list-left-sidebar","status":"publish","type":"page","link":"https:\/\/swissxplorer.com\/pt\/lista-de-passeios-barra-lateral-esquerda\/","title":{"rendered":"<p>Lista de passeios Barra lateral esquerda<\/p>"},"content":{"rendered":"<div data-elementor-type=\"wp-page\" data-elementor-id=\"3886\" class=\"elementor elementor-3886\" data-elementor-post-type=\"page\">\n\t\t\t\t\t\t<section class=\"elementor-section elementor-top-section elementor-element elementor-element-9c7f214 elementor-section-boxed elementor-section-height-default elementor-section-height-default\" data-id=\"9c7f214\" data-element_type=\"section\">\n\t\t\t\t\t\t<div class=\"elementor-container elementor-column-gap-default\">\n\t\t\t\t\t<div class=\"elementor-column elementor-col-100 elementor-top-column elementor-element elementor-element-0c76b0d\" data-id=\"0c76b0d\" data-element_type=\"column\">\n\t\t\t<div class=\"elementor-widget-wrap elementor-element-populated\">\n\t\t\t\t\t\t<div class=\"elementor-element elementor-element-f140afa elementor-widget elementor-widget-ovabrw_search_ajax_sidebar\" data-id=\"f140afa\" data-element_type=\"widget\" data-widget_type=\"ovabrw_search_ajax_sidebar.default\">\n\t\t\t\t<div class=\"elementor-widget-container\">\n\t\t\t\t\t\n\n<div class=\"ovabrw-search-ajax ovabrw-search-ajax-sidebar\">\n\t<div class=\"wrap-search-ajax wrap-search-ajax-sidebar left_sidebar\" data-adults=\"2\" data-childrens=\"0\" data-sort_by_default=\"id_desc\" data-start-price=\"300\" data-end-price=\"1560\" data-grid_column=\"column3\">\n\n\t\t<div class=\"search-main-content\">\n\t\t    <!-- Filter -->\n\t\t\t\t\t        <div class=\"ovabrw-tour-filter\">\n\t\t        \t\n\t\t        \t<div class=\"left-filter\">\n\t\t        \t\t<span class=\"tour-found-text number-result-tour-found\">\n\t\t\t        \t\t0\t\t\t        \t<\/span>\n\t\t        \t\t<span class=\"tour-found-text\">\n\t\t\t        \t\tPasseios encontrados\t\t\t        \t<\/span>\n\t\t\t        \t<span class=\"clear-filter\">\n\t\t\t        \t\tFiltro limpo\t\t\t        \t<\/span>\n\t\t        \t<\/div>\n\n\t\t        \t<div class=\"right-filter\">\n\t\t        \t\t<div class=\"filter-sort\">\n\n\t\t        \t\t\t<input type=\"text\" class=\"input_select_input\" name=\"sr_sort_by_label\" value=\"Sort by\" autocomplete=\"off\" readonly>\n\n\t\t\t\t\t\t\t<input type=\"hidden\" class=\"input_select_input_value\" name=\"sr_sort_by\" value=\"id_desc\">\n\n\t\t\t\t\t\t\t<ul class=\"input_select_list\" style=\"display: none;\">\n\t\t\t\t\t\t\t    <li class=\"term_item term_item_selected\" data-id=\"id_desc\" data-value=\"Sort by latest\">\n\t\t\t\t\t\t\t\t    Mais recente\t\t\t\t\t\t\t\t<\/li>\n\t\t\t\t\t\t\t\t<li class=\"term_item\" data-id=\"rating_desc\" data-value=\"Sort by rating\">\n\t\t\t\t\t\t\t\t\tAvalia\u00e7\u00e3o\t\t\t\t\t\t\t\t<\/li>\n\t\t\t\t\t\t\t\t<li class=\"term_item\" data-id=\"price_asc\" data-value=\"Sort by price: low to high\">\n\t\t\t\t\t\t\t\t\tPre\u00e7o: baixo para alto\t\t\t\t\t\t\t\t<\/li>\n\t\t\t\t\t\t\t\t<li class=\"term_item\" data-id=\"price_desc\" data-value=\"Sort by price: high to low\">\n\t\t\t\t\t\t\t\t\tPre\u00e7o: alto para baixo\t\t\t\t\t\t\t\t<\/li>\n\t\t\t\t\t\t\t<\/ul>\n\t\t\t\t\t\t<\/div>\n\n\t\t\t\t\t\t<div class=\"asc_desc_sort\">\n\t\t        \t\t\t<i aria-hidden=\"true\" class=\"asc_sort icomoon icomoon-chevron-up\"><\/i>\n\t\t        \t\t    <i aria-hidden=\"true\" class=\"desc_sort icomoon icomoon-chevron-down\"><\/i>\n\t\t        \t\t<\/div>\n\n\t\t        \t\t<div class=\"filter-result-layout\">\n\t\t\t        \t\t<i aria-hidden=\"true\" class=\"filter-layout filter-layout-active icomoon icomoon-list\" data-layout=\"list\"><\/i>\n\t\t\t\t\t\t\t<i aria-hidden=\"true\" class=\"filter-layout  icomoon icomoon-gird\" data-layout=\"grid\"><\/i>\n\t\t\t\t\t\t<\/div>\n\t\t         \t<\/div>\t\n\t\t        <\/div>\n\t\t    \n\t\t\t<!-- Load more -->\n\t\t\t<div class=\"wrap-load-more\" style=\"display: none;\">\n\t\t\t\t<svg class=\"loader\" width=\"50\" height=\"50\">\n\t\t\t\t\t<circle cx=\"25\" cy=\"25\" r=\"10\"><\/circle>\n\t\t\t\t\t<circle cx=\"25\" cy=\"25\" r=\"20\"><\/circle>\n\t\t\t\t<\/svg>\n\t\t\t<\/div>\n\t\t\t<!-- End load more -->\n\n\t\t\t<!-- Search result -->\n\t\t\t\t\t\t\t<div id=\"brw-search-ajax-result\" class=\"brw-search-ajax-result\" data-order=\"DESC\" data-orderby=\"ID\" data-orderby_meta_key=\"\" data-posts-per-page=\"6\">\n\t\t\t\t<\/div>\n\t\t\t\t\t<\/div>\n\n\t\t<!-- Search Sidebar -->\n\t\t<div class=\"search-ajax-sidebar\">\n            <!--Search -->\n\t\t\t<div class=\"ovabrw-search\">\n\t\t\t\t\t\t\t    \t<h4 class=\"search-title\">\n\t\t\t    \t\tPesquisar Passeios\t\t\t    \t\t<i aria-hidden=\"true\" class=\"icomoon icomoon-chevron-up\"><\/i>\n\t\t\t    \t<\/h4>\n\t\t\t\t\t\t\t\t<form class=\"ovabrw-search-form\" method=\"POST\" autocomplete=\"off\" action=\"\">\t\n\t\t\t\t\t<div class=\"ovabrw-s-field\">\n\t\t\t\t\t\t<!-- destinations dropdown -->\n\t\t\t\t\t\t<div class=\"search-field\">\n\t\t\t\t\t\t\t<div class=\"ovabrw-label\">\n\t\t\t\t\t\t\t\t<i aria-hidden=\"true\" class=\"icomoon icomoon-location\"><\/i>\t\t\t\t\t\t\t<\/div>\n\t\t\t\t\t\t\t<div class=\"ovabrw-input search_in_destination\">\n\t\t\t\t\t\t\t\t                                        <select id=\"brw-destinations-select-box\" name=\"ovabrw_destination\"><option value=\"0\">Destinos<\/option><option value=\"5112\">Lucerna<\/option><option value=\"1001\">Zurique<\/option><\/select>\t\t\t\t\t\t\t<\/div>\n\t\t\t\t\t\t<\/div>\n\n\t\t\t\t        \n\t\t\t            <!-- time check in -->\n\t\t\t\t\t\t<div class=\"search-field\">\n\t\t\t\t\t\t\t<div class=\"ovabrw-input\">\n\t\t\t\t\t\t\t\t<div class=\"ovabrw-label\">\n\t\t\t\t\t\t\t\t\t<i aria-hidden=\"true\" class=\"icomoon icomoon-calander\"><\/i>\t\t\t\t\t\t\t\t<\/div>\n\t\t\t\t\t\t\t\t<input type=\"text\" name=\"ovabrw_pickup_date\" class=\"ovabrw_datetimepicker ovabrw_start_date\" value=\"\" placeholder=\"DD-MM-AAAA\" autocomplete=\"off\" data-hour_default=\"07:00\" data-time_step=\"30\" data-dateformat=\"d-m-Y\" onkeydown=\"return false\" onfocus=\"blur();\">\n\t\t\t\t\t\t\t<\/div>\n\t\t\t\t\t\t<\/div>\n\n\t\t\t            <!-- guest -->\n\t\t\t\t\t\t<div class=\"search-field guestspicker-control\">\n\n\t\t\t\t\t\t\t<div class=\"ovabrw-input ovabrw-guestspicker-content-wrapper\">\n\t\t\t\t\t\t\t\t<div class=\"ovabrw-label\">\n\t\t\t\t\t\t\t\t\t<i aria-hidden=\"true\" class=\"icomoon icomoon-user\"><\/i>\t\t\t\t\t\t\t\t<\/div>\n\t\t\t\t\t\t\t\t<div class=\"ovabrw-guestspicker\">\n\t\t\t\t\t\t\t\t\t<div class=\"guestspicker\">\n\t\t\t\t\t\t\t\t\t\t<span class=\"gueststotal\">2<\/span>\n\t\t\t\t\t\t\t\t\t\t<span class=\"guestslabel\"><\/span>\n\t\t\t\t\t\t\t\t\t<\/div>\n\t\t\t\t\t\t\t\t<\/div>\n\t\t\t\t\t\t\t\t<div class=\"ovabrw-guestspicker-content\">\n\t\t\t\t\t\t\t\t\t<div class=\"guests-buttons\">\n\t\t\t\t\t\t\t\t\t\t<div class=\"description\">\n\t\t\t\t\t\t\t\t\t\t\t<label>adultos<\/label>\n\t\t\t\t\t\t\t\t\t\t<\/div>\n\t\t\t\t\t\t\t\t\t\t<div class=\"guests-button\">\n\t\t\t\t\t\t\t\t\t\t\t<div class=\"guests-icon minus\">\n\t\t\t\t\t\t\t\t\t\t\t\t<i class=\"fas fa-minus\"><\/i>\n\t\t\t\t\t\t\t\t\t\t\t<\/div>\n\t\t\t\t\t\t\t\t\t\t\t<input type=\"text\" id=\"ovabrw_adults\" name=\"ovabrw_adults\" class=\"ovabrw_adults\" value=\"2\" min=\"1\" max=\"30\">\n\t\t\t\t\t\t\t\t\t\t\t<div class=\"guests-icon plus\">\n\t\t\t\t\t\t\t\t\t\t\t\t<i class=\"fas fa-plus\"><\/i>\n\t\t\t\t\t\t\t\t\t\t\t<\/div>\n\t\t\t\t\t\t\t\t\t\t<\/div>\n\t\t\t\t\t\t\t\t\t<\/div>\n\n\t\t\t\t\t\t\t\t\t<div class=\"guests-buttons\">\n\t\t\t\t\t\t\t\t\t\t<div class=\"description\">\n\t\t\t\t\t\t\t\t\t\t\t<label>crian\u00e7as<\/label>\n\t\t\t\t\t\t\t\t\t\t<\/div>\n\t\t\t\t\t\t\t\t\t\t<div class=\"guests-button\">\n\t\t\t\t\t\t\t\t\t\t\t<div class=\"guests-icon minus\">\n\t\t\t\t\t\t\t\t\t\t\t\t<i class=\"fas fa-minus\"><\/i>\n\t\t\t\t\t\t\t\t\t\t\t<\/div>\n\t\t\t\t\t\t\t\t\t\t\t<input type=\"text\" id=\"ovabrw_childrens\" name=\"ovabrw_childrens\" class=\"ovabrw_childrens\" value=\"0\" min=\"0\" max=\"10\">\n\t\t\t\t\t\t\t\t\t\t\t<div class=\"guests-icon plus\">\n\t\t\t\t\t\t\t\t\t\t\t\t<i class=\"fas fa-plus\"><\/i>\n\t\t\t\t\t\t\t\t\t\t\t<\/div>\n\t\t\t\t\t\t\t\t\t\t<\/div>\n\t\t\t\t\t\t\t\t\t<\/div>\n\t\t\t\t\t\t\t\t<\/div>\n\t\t\t\t\t\t\t<\/div>\n\t\t\t\t\t\t\t\n\t\t\t\t\t\t<\/div>\n\t\t\t\t\t<\/div>\n\n\t\t\t\t\t<!-- Advanced Search -->\n\t\t\t\t\t\t\t\t\t        <div class=\"ovabrw-search-advanced-sidebar\">\n\n\t\t\t\t        \t<div class=\"search-advanced-field-wrapper\">\n\t\t\t\t        \t\t<!-- Price Filter -->\n\t\t\t\t        \t    <div class=\"search-advanced-field price-field\">\n\t\t\t\t        \t    \t<span class=\"ovabrw-label\">\n\t\t\t\t        \t    \t\tFiltrar Pre\u00e7o\t\t\t\t        \t    \t\t<i aria-hidden=\"true\" class=\"icomoon icomoon-chevron-up\"><\/i>\n\t\t\t\t        \t    \t<\/span>\n\t\t\t\t        \t    \t<div class=\"search-advanced-content\">\n\t\t\t\t        \t    \t\t<div class=\"slider-wrapper\">\n\t\t\t\t\t\t\t\t\t    <div id=\"brw-tour-price-slider\"><\/div>\n\t\t\t\t\t\t\t\t\t\t<\/div>\n\t\t\t\t\t\t\t\t\t\t<div class=\"brw-tour-price-input\" data-currency_symbol=\"CHF\">\n\t\t\t\t\t\t\t\t\t\t\t<div class=\"tour-price-value\">\n\t\t\t\t\t\t\t\t\t\t\t\t<span>CHF<\/span>\n\t\t\t\t\t\t        \t    \t    <input type=\"text\" class=\"brw-tour-price-from\" value=\"300\" data-value=\"300\">\n\t\t\t\t\t\t\t\t\t\t\t<\/div>\n\t\t\t\t\t\t\t\t\t\t\t<div class=\"tour-price-value\">\n\t\t\t\t\t\t\t\t\t\t\t\t<span>CHF<\/span>\n\t\t\t\t\t\t\t\t\t\t\t\t<input type=\"text\" class=\"brw-tour-price-to\" value=\"1560\" data-value=\"1560\">\n\t\t\t\t\t\t\t\t\t\t\t<\/div>\n\t\t\t\t\t\t\t\t\t\t<\/div>\n\t\t\t\t        \t    \t<\/div>\n\t\t\t\t        \t    <\/div>\n\t\t\t\t        \t    <!-- Rating Filter -->\n\t\t\t\t        \t    <div class=\"search-advanced-field rating-field\">\n\t\t\t\t        \t    \t<span class=\"ovabrw-label\">\n\t\t\t\t        \t    \t\tPontua\u00e7\u00e3o da avalia\u00e7\u00e3o\t\t\t\t        \t    \t\t<i aria-hidden=\"true\" class=\"icomoon icomoon-chevron-up\"><\/i>\n\t\t\t\t        \t    \t<\/span>\n\t\t\t\t        \t    \t<div class=\"search-advanced-content\">\n\t\t\t\t\t        \t     \t\t\t\t\t\t        \t     \t\t<div class=\"total-rating-stars\">\n\n\t\t\t\t\t        \t     \t\t\t<div class=\"input-rating\">\n\t\t\t\t\t        \t     \t\t\t\t<input id=\"rating-filter-5\" type=\"checkbox\" class=\"rating-filter\" name=\"rating_value[5]\" value=\"5\">\n\n\t\t\t\t\t        \t     \t\t\t\t<label for=\"rating-filter-5\">\n\t\t\t\t\t        \t     \t\t\t\t\t\t\t\t\t\t\t\t\t\t\t\t\t\t\t\t\t<span class=\"rating-stars\">\n\t\t\t\t\t\t\t\t\t\t\t\t\t\t\t\t\t<span class=\"star star-1\" data-rating-val=\"1\"><i class=\"fas fa-star\"><\/i><\/span>\n\t\t\t\t\t\t\t\t\t\t\t\t\t\t\t\t\t<span class=\"star star-2\" data-rating-val=\"2\"><i class=\"fas fa-star\"><\/i><\/span>\n\t\t\t\t\t\t\t\t\t\t\t\t\t\t\t\t\t<span class=\"star star-3\" data-rating-val=\"3\"><i class=\"fas fa-star\"><\/i><\/span>\n\t\t\t\t\t\t\t\t\t\t\t\t\t\t\t\t\t<span class=\"star star-4\" data-rating-val=\"4\"><i class=\"fas fa-star\"><\/i><\/span>\n\t\t\t\t\t\t\t\t\t\t\t\t\t\t\t\t\t<span class=\"star star-5\" data-rating-val=\"5\"><i class=\"fas fa-star\"><\/i><\/span> \n\t\t\t\t\t\t\t\t\t\t\t\t\t\t\t\t<\/span>\n\t\t\t\t\t\t\t\t\t\t\t\t\t\t\t    \t\t\t\t\t\t\t\t\t\t\t\t\t<\/label>\n\n\t\t\t\t\t        \t     \t\t\t<\/div>\n\n\t\t\t\t\t        \t     \t\t<\/div>\n\t\t\t\t\t        \t     \t\t\t\t\t\t        \t     \t\t<div class=\"total-rating-stars\">\n\n\t\t\t\t\t        \t     \t\t\t<div class=\"input-rating\">\n\t\t\t\t\t        \t     \t\t\t\t<input id=\"rating-filter-4\" type=\"checkbox\" class=\"rating-filter\" name=\"rating_value[4]\" value=\"4\">\n\n\t\t\t\t\t        \t     \t\t\t\t<label for=\"rating-filter-4\">\n\t\t\t\t\t        \t     \t\t\t\t\t\t\t\t\t\t\t\t\t\t\t\t\t\t\t\t\t<span class=\"rating-stars\">\n\t\t\t\t\t\t\t\t\t\t\t\t\t\t\t\t\t<span class=\"star star-1\" data-rating-val=\"1\"><i class=\"fas fa-star\"><\/i><\/span>\n\t\t\t\t\t\t\t\t\t\t\t\t\t\t\t\t\t<span class=\"star star-2\" data-rating-val=\"2\"><i class=\"fas fa-star\"><\/i><\/span>\n\t\t\t\t\t\t\t\t\t\t\t\t\t\t\t\t\t<span class=\"star star-3\" data-rating-val=\"3\"><i class=\"fas fa-star\"><\/i><\/span>\n\t\t\t\t\t\t\t\t\t\t\t\t\t\t\t\t\t<span class=\"star star-4\" data-rating-val=\"4\"><i class=\"fas fa-star\"><\/i><\/span>\n\t\t\t\t\t\t\t\t\t\t\t\t\t\t\t\t<\/span>\n\t\t\t\t\t\t\t\t\t\t\t\t\t\t\t    \t\t\t\t\t\t\t\t\t\t\t\t\t<\/label>\n\n\t\t\t\t\t        \t     \t\t\t<\/div>\n\n\t\t\t\t\t        \t     \t\t<\/div>\n\t\t\t\t\t        \t     \t\t\t\t\t\t        \t     \t\t<div class=\"total-rating-stars\">\n\n\t\t\t\t\t        \t     \t\t\t<div class=\"input-rating\">\n\t\t\t\t\t        \t     \t\t\t\t<input id=\"rating-filter-3\" type=\"checkbox\" class=\"rating-filter\" name=\"rating_value[3]\" value=\"3\">\n\n\t\t\t\t\t        \t     \t\t\t\t<label for=\"rating-filter-3\">\n\t\t\t\t\t        \t     \t\t\t\t\t\t\t\t\t\t\t\t\t\t\t\t\t\t\t\t\t<span class=\"rating-stars\">\n\t\t\t\t\t\t\t\t\t\t\t\t\t\t\t\t\t<span class=\"star star-1\" data-rating-val=\"1\"><i class=\"fas fa-star\"><\/i><\/span>\n\t\t\t\t\t\t\t\t\t\t\t\t\t\t\t\t\t<span class=\"star star-2\" data-rating-val=\"2\"><i class=\"fas fa-star\"><\/i><\/span>\n\t\t\t\t\t\t\t\t\t\t\t\t\t\t\t\t\t<span class=\"star star-3\" data-rating-val=\"3\"><i class=\"fas fa-star\"><\/i><\/span>\n\t\t\t\t\t\t\t\t\t\t\t\t\t\t\t\t<\/span>\n\t\t\t\t\t\t\t\t\t\t\t\t\t\t\t\t\t\t\t\t\t\t\t\t\t\t\t\t\t<\/label>\n\n\t\t\t\t\t        \t     \t\t\t<\/div>\n\n\t\t\t\t\t        \t     \t\t<\/div>\n\t\t\t\t\t        \t     \t\t\t\t\t\t        \t     \t\t<div class=\"total-rating-stars\">\n\n\t\t\t\t\t        \t     \t\t\t<div class=\"input-rating\">\n\t\t\t\t\t        \t     \t\t\t\t<input id=\"rating-filter-2\" type=\"checkbox\" class=\"rating-filter\" name=\"rating_value[2]\" value=\"2\">\n\n\t\t\t\t\t        \t     \t\t\t\t<label for=\"rating-filter-2\">\n\t\t\t\t\t        \t     \t\t\t\t\t\t\t\t\t\t\t\t\t\t\t\t\t\t\t\t\t<span class=\"rating-stars\">\n\t\t\t\t\t\t\t\t\t\t\t\t\t\t\t\t\t<span class=\"star star-1\" data-rating-val=\"1\"><i class=\"fas fa-star\"><\/i><\/span>\n\t\t\t\t\t\t\t\t\t\t\t\t\t\t\t\t\t<span class=\"star star-2\" data-rating-val=\"2\"><i class=\"fas fa-star\"><\/i><\/span>\n\t\t\t\t\t\t\t\t\t\t\t\t\t\t\t\t<\/span>\n\t\t\t\t\t\t\t\t\t\t\t\t\t\t\t\t\t\t\t\t\t\t\t\t\t\t\t\t\t<\/label>\n\n\t\t\t\t\t        \t     \t\t\t<\/div>\n\n\t\t\t\t\t        \t     \t\t<\/div>\n\t\t\t\t\t        \t     \t\t\t\t\t\t        \t     \t\t<div class=\"total-rating-stars\">\n\n\t\t\t\t\t        \t     \t\t\t<div class=\"input-rating\">\n\t\t\t\t\t        \t     \t\t\t\t<input id=\"rating-filter-1\" type=\"checkbox\" class=\"rating-filter\" name=\"rating_value[1]\" value=\"1\">\n\n\t\t\t\t\t        \t     \t\t\t\t<label for=\"rating-filter-1\">\n\t\t\t\t\t        \t     \t\t\t\t\t\t\t\t\t\t\t\t\t\t\t\t\t\t\t\t\t<span class=\"rating-stars\">\n\t\t\t\t\t\t\t\t\t\t\t\t\t\t\t\t\t<span class=\"star star-1\" data-rating-val=\"1\"><i class=\"fas fa-star\"><\/i><\/span>\n\t\t\t\t\t\t\t\t\t\t\t\t\t\t\t\t<\/span>\n\t\t\t\t\t\t\t\t\t\t\t\t\t\t\t\t\t\t\t\t\t\t\t\t\t\t\t\t\t<\/label>\n\n\t\t\t\t\t        \t     \t\t\t<\/div>\n\n\t\t\t\t\t        \t     \t\t<\/div>\n\t\t\t\t\t        \t     \t\t\t\t\t\t        \t     <\/div>\n\t\t\t\t        \t    <\/div>\n\t\t\t\t        \t    <!-- Tour Categories Filter -->\n\t\t\t\t        \t    <div class=\"search-advanced-field tour-categories-field\">\n\t\t\t\t        \t    \t<span class=\"ovabrw-label\">\n\t\t\t\t        \t    \t\tCategorias\t\t\t\t        \t    \t\t<i aria-hidden=\"true\" class=\"icomoon icomoon-chevron-up\"><\/i>\n\t\t\t\t        \t    \t<\/span>\n\t\t\t\t        \t    \t<div class=\"search-advanced-content\">\n\t\t\t\t        \t    \t\t  \t\t\t\t\t        \t     \t\t<div class=\"tour-category-field\">\n\t\t\t\t\t\t        \t     \t\t<input id=\"tour-category-filter-sem-categoria\" type=\"checkbox\" class=\"tour-category-filter\" name=\"category_value\" value=\"sem-categoria\">\n\n\t\t\t\t\t\t        \t     \t\t<label for=\"tour-category-filter-sem-categoria\">\n\t\t\t\t\t\t\t\t\t\t\t\t\t<span class=\"tour-category-name\">\n\t\t\t\t\t\t\t\t\t\t\t\t\t\tSem categoria\t\t\t\t\t\t\t\t\t\t\t\t\t<\/span>\n\t\t\t\t\t\t\t\t\t\t\t\t<\/label>\n\t\t\t\t\t\t\t        \t    <\/div>\n\t\t\t\t\t        \t     \t\t\t\t\t\t        \t     \t\t<div class=\"tour-category-field\">\n\t\t\t\t\t\t        \t     \t\t<input id=\"tour-category-filter-all\" type=\"checkbox\" class=\"tour-category-filter\" name=\"category_value\" value=\"all\">\n\n\t\t\t\t\t\t        \t     \t\t<label for=\"tour-category-filter-all\">\n\t\t\t\t\t\t\t\t\t\t\t\t\t<span class=\"tour-category-name\">\n\t\t\t\t\t\t\t\t\t\t\t\t\t\tTodos\t\t\t\t\t\t\t\t\t\t\t\t\t<\/span>\n\t\t\t\t\t\t\t\t\t\t\t\t<\/label>\n\t\t\t\t\t\t\t        \t    <\/div>\n\t\t\t\t\t        \t     \t\t\t\t\t\t        \t     \t\t<div class=\"tour-category-field\">\n\t\t\t\t\t\t        \t     \t\t<input id=\"tour-category-filter-lucerne\" type=\"checkbox\" class=\"tour-category-filter\" name=\"category_value\" value=\"lucerne\">\n\n\t\t\t\t\t\t        \t     \t\t<label for=\"tour-category-filter-lucerne\">\n\t\t\t\t\t\t\t\t\t\t\t\t\t<span class=\"tour-category-name\">\n\t\t\t\t\t\t\t\t\t\t\t\t\t\tLucerna\t\t\t\t\t\t\t\t\t\t\t\t\t<\/span>\n\t\t\t\t\t\t\t\t\t\t\t\t<\/label>\n\t\t\t\t\t\t\t        \t    <\/div>\n\t\t\t\t\t        \t     \t\t\t\t\t\t        \t     \t\t<div class=\"tour-category-field\">\n\t\t\t\t\t\t        \t     \t\t<input id=\"tour-category-filter-zurich\" type=\"checkbox\" class=\"tour-category-filter\" name=\"category_value\" value=\"zurich\">\n\n\t\t\t\t\t\t        \t     \t\t<label for=\"tour-category-filter-zurich\">\n\t\t\t\t\t\t\t\t\t\t\t\t\t<span class=\"tour-category-name\">\n\t\t\t\t\t\t\t\t\t\t\t\t\t\tZurique\t\t\t\t\t\t\t\t\t\t\t\t\t<\/span>\n\t\t\t\t\t\t\t\t\t\t\t\t<\/label>\n\t\t\t\t\t\t\t        \t    <\/div>\n\t\t\t\t\t        \t     \t\t\t\t\t        \t    \t<\/div>\n\t\t\t\t        \t    <\/div>\n\t\t\t\t        \t<\/div>\n\t\t\t\t        <\/div>\n\t\t\t\t    \n\t\t\t\t    <!-- button -->\n\t\t\t\t\t<div class=\"ovabrw-search-btn\">\n\t\t\t\t\t\t<button class=\"ovabrw-btn\" type=\"submit\">\n\t\t\t\t\t\t\t<i aria-hidden=\"true\" class=\"icomoon icomoon-search\"><\/i>Procurar\t\t\t\t\t\t<\/button>\t\t\n\t\t\t\t\t<\/div>\n\t\t\t\t<input type=\"hidden\" name=\"trp-form-language\" value=\"pt\"\/><\/form>\n\t\t\t<\/div>\n\t\t<\/div>\n\n    <\/div>\n<\/div>\t\t\t\t<\/div>\n\t\t\t\t<\/div>\n\t\t\t\t\t<\/div>\n\t\t<\/div>\n\t\t\t\t\t<\/div>\n\t\t<\/section>\n\t\t\t\t<\/div>","protected":false},"excerpt":{"rendered":"<p>0 Tours encontrados Limpar filtro \u00daltima classifica\u00e7\u00e3o Pre\u00e7o: menor para maior Pre\u00e7o: maior para menor Pesquisar Tours DestinosAm\u00e9ricaBarbadosIlhas VirgensLeste da \u00c1siaVietn\u00e3GranadinasIlhas VirgensEuropaEscandin\u00e1viaVietn\u00e3 AtividadeCulturaCaminhadasFam\u00edliaPraias 2 Adultos Crian\u00e7as Filtrar pre\u00e7o $ $ Pontua\u00e7\u00e3o da avalia\u00e7\u00e3o Categorias C\u00e9u Cidade Montanha Torre Deserto Praia Templo Pesquisar<\/p>","protected":false},"author":3,"featured_media":0,"parent":0,"menu_order":0,"comment_status":"closed","ping_status":"closed","template":"elementor_header_footer","meta":{"footnotes":""},"class_list":["post-3886","page","type-page","status-publish","hentry"],"acf":[],"yoast_head":"<!-- This site is optimized with the Yoast SEO plugin v21.7 - https:\/\/yoast.com\/wordpress\/plugins\/seo\/ -->\n<title>Tour List Left Sidebar - Swiss Xplorer<\/title>\n<meta name=\"robots\" content=\"index, follow, max-snippet:-1, max-image-preview:large, max-video-preview:-1\" \/>\n<link rel=\"canonical\" href=\"https:\/\/swissxplorer.com\/pt\/lista-de-passeios-barra-lateral-esquerda\/\" \/>\n<meta property=\"og:locale\" content=\"pt_BR\" \/>\n<meta property=\"og:type\" content=\"article\" \/>\n<meta property=\"og:title\" content=\"Tour List Left Sidebar - Swiss Xplorer\" \/>\n<meta property=\"og:description\" content=\"0 Tours found Clear Filter Latest Rating Price: low to high Price: high to low Search Tours DestinationsAmericaBarbadosVirgin IslandsEast AsiaViet NamThe GrenadinesVirgin IslandsEuropeScandinaviaViet Nam ActivityCultureHikingFamilyBeaches 2 Adults Childrens Filter Price &#036; &#036; Review Score Categories Sky City Mountain Tower Desert Beach Temple Search\" \/>\n<meta property=\"og:url\" content=\"https:\/\/swissxplorer.com\/pt\/lista-de-passeios-barra-lateral-esquerda\/\" \/>\n<meta property=\"og:site_name\" content=\"Swiss Xplorer\" \/>\n<meta name=\"twitter:card\" content=\"summary_large_image\" \/>\n<script type=\"application\/ld+json\" class=\"yoast-schema-graph\">{\"@context\":\"https:\/\/schema.org\",\"@graph\":[{\"@type\":\"WebPage\",\"@id\":\"https:\/\/swissxplorer.com\/tour-list-left-sidebar\/\",\"url\":\"https:\/\/swissxplorer.com\/tour-list-left-sidebar\/\",\"name\":\"Tour List Left Sidebar - Swiss Xplorer\",\"isPartOf\":{\"@id\":\"https:\/\/swissxplorer.com\/#website\"},\"datePublished\":\"2022-07-27T04:08:28+00:00\",\"dateModified\":\"2022-07-27T04:08:28+00:00\",\"breadcrumb\":{\"@id\":\"https:\/\/swissxplorer.com\/tour-list-left-sidebar\/#breadcrumb\"},\"inLanguage\":\"pt-BR\",\"potentialAction\":[{\"@type\":\"ReadAction\",\"target\":[\"https:\/\/swissxplorer.com\/tour-list-left-sidebar\/\"]}]},{\"@type\":\"BreadcrumbList\",\"@id\":\"https:\/\/swissxplorer.com\/tour-list-left-sidebar\/#breadcrumb\",\"itemListElement\":[{\"@type\":\"ListItem\",\"position\":1,\"name\":\"Home\",\"item\":\"https:\/\/swissxplorer.com\/\"},{\"@type\":\"ListItem\",\"position\":2,\"name\":\"Tour List Left Sidebar\"}]},{\"@type\":\"WebSite\",\"@id\":\"https:\/\/swissxplorer.com\/#website\",\"url\":\"https:\/\/swissxplorer.com\/\",\"name\":\"Swiss Xplorer\",\"description\":\"Tours in Switzerland\",\"potentialAction\":[{\"@type\":\"SearchAction\",\"target\":{\"@type\":\"EntryPoint\",\"urlTemplate\":\"https:\/\/swissxplorer.com\/?s={search_term_string}\"},\"query-input\":\"required name=search_term_string\"}],\"inLanguage\":\"pt-BR\"}]}<\/script>\n<!-- \/ Yoast SEO plugin. -->","yoast_head_json":{"title":"Tour List Left Sidebar - Swiss Xplorer","robots":{"index":"index","follow":"follow","max-snippet":"max-snippet:-1","max-image-preview":"max-image-preview:large","max-video-preview":"max-video-preview:-1"},"canonical":"https:\/\/swissxplorer.com\/pt\/lista-de-passeios-barra-lateral-esquerda\/","og_locale":"pt_BR","og_type":"article","og_title":"Tour List Left Sidebar - Swiss Xplorer","og_description":"0 Tours found Clear Filter Latest Rating Price: low to high Price: high to low Search Tours DestinationsAmericaBarbadosVirgin IslandsEast AsiaViet NamThe GrenadinesVirgin IslandsEuropeScandinaviaViet Nam ActivityCultureHikingFamilyBeaches 2 Adults Childrens Filter Price &#036; &#036; Review Score Categories Sky City Mountain Tower Desert Beach Temple Search","og_url":"https:\/\/swissxplorer.com\/pt\/lista-de-passeios-barra-lateral-esquerda\/","og_site_name":"Swiss Xplorer","twitter_card":"summary_large_image","schema":{"@context":"https:\/\/schema.org","@graph":[{"@type":"WebPage","@id":"https:\/\/swissxplorer.com\/tour-list-left-sidebar\/","url":"https:\/\/swissxplorer.com\/tour-list-left-sidebar\/","name":"Tour List Left Sidebar - Swiss Xplorer","isPartOf":{"@id":"https:\/\/swissxplorer.com\/#website"},"datePublished":"2022-07-27T04:08:28+00:00","dateModified":"2022-07-27T04:08:28+00:00","breadcrumb":{"@id":"https:\/\/swissxplorer.com\/tour-list-left-sidebar\/#breadcrumb"},"inLanguage":"pt-BR","potentialAction":[{"@type":"ReadAction","target":["https:\/\/swissxplorer.com\/tour-list-left-sidebar\/"]}]},{"@type":"BreadcrumbList","@id":"https:\/\/swissxplorer.com\/tour-list-left-sidebar\/#breadcrumb","itemListElement":[{"@type":"ListItem","position":1,"name":"Home","item":"https:\/\/swissxplorer.com\/"},{"@type":"ListItem","position":2,"name":"Tour List Left Sidebar"}]},{"@type":"WebSite","@id":"https:\/\/swissxplorer.com\/#website","url":"https:\/\/swissxplorer.com\/","name":"Swiss Xplorer","description":"Tours in Switzerland","potentialAction":[{"@type":"SearchAction","target":{"@type":"EntryPoint","urlTemplate":"https:\/\/swissxplorer.com\/?s={search_term_string}"},"query-input":"required name=search_term_string"}],"inLanguage":"pt-BR"}]}},"_links":{"self":[{"href":"https:\/\/swissxplorer.com\/pt\/wp-json\/wp\/v2\/pages\/3886","targetHints":{"allow":["GET"]}}],"collection":[{"href":"https:\/\/swissxplorer.com\/pt\/wp-json\/wp\/v2\/pages"}],"about":[{"href":"https:\/\/swissxplorer.com\/pt\/wp-json\/wp\/v2\/types\/page"}],"author":[{"embeddable":true,"href":"https:\/\/swissxplorer.com\/pt\/wp-json\/wp\/v2\/users\/3"}],"replies":[{"embeddable":true,"href":"https:\/\/swissxplorer.com\/pt\/wp-json\/wp\/v2\/comments?post=3886"}],"version-history":[{"count":0,"href":"https:\/\/swissxplorer.com\/pt\/wp-json\/wp\/v2\/pages\/3886\/revisions"}],"wp:attachment":[{"href":"https:\/\/swissxplorer.com\/pt\/wp-json\/wp\/v2\/media?parent=3886"}],"curies":[{"name":"wp","href":"https:\/\/api.w.org\/{rel}","templated":true}]}}