{"id":3,"date":"2023-01-05T12:18:13","date_gmt":"2023-01-05T15:18:13","guid":{"rendered":"http:\/\/swissxplorer.com\/?page_id=3"},"modified":"2023-05-15T16:25:11","modified_gmt":"2023-05-15T14:25:11","slug":"politica-de-privacidade","status":"publish","type":"page","link":"https:\/\/swissxplorer.com\/pt\/politica-de-privacidade\/","title":{"rendered":"<p>Termos e Condi\u00e7\u00f5es<\/p>"},"content":{"rendered":"<div data-elementor-type=\"wp-page\" data-elementor-id=\"3\" class=\"elementor elementor-3\" data-elementor-post-type=\"page\">\n\t\t\t\t\t\t<section class=\"elementor-section elementor-top-section elementor-element elementor-element-2d053fad elementor-section-boxed elementor-section-height-default elementor-section-height-default\" data-id=\"2d053fad\" data-element_type=\"section\">\n\t\t\t\t\t\t<div class=\"elementor-container elementor-column-gap-default\">\n\t\t\t\t\t<div class=\"elementor-column elementor-col-100 elementor-top-column elementor-element elementor-element-221cd0fa\" data-id=\"221cd0fa\" data-element_type=\"column\">\n\t\t\t<div class=\"elementor-widget-wrap elementor-element-populated\">\n\t\t\t\t\t\t<div class=\"elementor-element elementor-element-10e4d852 elementor-widget elementor-widget-text-editor\" data-id=\"10e4d852\" data-element_type=\"widget\" data-widget_type=\"text-editor.default\">\n\t\t\t\t<div class=\"elementor-widget-container\">\n\t\t\t\t\t\t\t\t\t\n<p><span style=\"font-weight: 400;\">Bem-vindo ao Turismo Swiss Xplorer. Nossa empresa oferece passeios privados na Su\u00ed\u00e7a. Ao acessar nosso site e reservar nossos passeios, voc\u00ea concorda em aceitar nossos Termos e Condi\u00e7\u00f5es que regem o uso de nossos servi\u00e7os.<\/span><\/p>\n<h3 class=\"wp-block-heading\"><strong>1 \u2013 PROCESSO DE RESERVA<\/strong><\/h3>\n<p><span style=\"font-weight: 400;\">Nosso processo de reserva \u00e9 projetado para ser simples e f\u00e1cil de usar. Para reservar um passeio conosco, voc\u00ea precisa nos fornecer seus dados pessoais e de pagamento. Assim que recebermos sua solicita\u00e7\u00e3o de reserva e pagamento, enviaremos um e-mail de confirma\u00e7\u00e3o que inclui os detalhes do seu passeio.&nbsp;<\/span><\/p>\n<h3><strong>2 \u2013 PRE\u00c7OS DO TOUR<\/strong><\/h3>\n<p><span style=\"font-weight: 400;\">Nossos pre\u00e7os de passeios est\u00e3o sujeitos a altera\u00e7\u00f5es sem aviso pr\u00e9vio. Os pre\u00e7os listados em nosso site incluem todos os impostos e taxas, mas n\u00e3o incluem quaisquer despesas adicionais que voc\u00ea possa incorrer durante o passeio, como refei\u00e7\u00f5es ou despesas pessoais.<\/span><\/p>\n<h3><strong>3 \u2013 POL\u00cdTICA DE CANCELAMENTO<\/strong><\/h3>\n<p><span style=\"font-weight: 400;\">Se voc\u00ea cancelar seu passeio:<\/span><\/p>\n<p><span style=\"font-weight: 400;\">\u2013 Mais de 30 dias antes da data do passeio, voc\u00ea receber\u00e1 um reembolso total.<\/span><\/p>\n<p><span style=\"font-weight: 400;\">\u2013 Entre 29 e 7 dias antes da data do passeio, voc\u00ea receber\u00e1 um reembolso de 50%.<\/span><\/p>\n<p><span style=\"font-weight: 400;\">\u2013 Menos de 6 dias antes da data do passeio, nenhum reembolso ser\u00e1 fornecido.<\/span><\/p>\n<p><span style=\"font-weight: 400;\">No caso raro de precisarmos cancelar sua excurs\u00e3o devido a circunst\u00e2ncias imprevistas, forneceremos um reembolso total.<\/span><\/p>\n<h2><strong>4 \u2013 RESPONSABILIDADE<\/strong><\/h2>\n<p><span style=\"font-weight: 400;\">Nossa empresa e nossos guias se esfor\u00e7am para oferecer a voc\u00ea uma experi\u00eancia de passeio segura e agrad\u00e1vel. No entanto, n\u00e3o somos respons\u00e1veis por qualquer perda, dano, les\u00e3o ou atraso que possa ocorrer enquanto voc\u00ea estiver em nosso passeio. Tamb\u00e9m nos reservamos o direito de alterar ou cancelar (com reembolso) qualquer itiner\u00e1rio de passeio devido a circunst\u00e2ncias imprevistas ou situa\u00e7\u00f5es fora do nosso controle.<\/span><\/p>\n<h2><strong>5 \u2013 POL\u00cdTICA DE PRIVACIDADE<\/strong><\/h2>\n<p><span style=\"font-weight: 400;\">Sua privacidade \u00e9 importante para n\u00f3s e tomamos todas as medidas necess\u00e1rias para proteger suas informa\u00e7\u00f5es pessoais. Coletamos seus dados pessoais apenas para fins de reserva de sua excurs\u00e3o e n\u00e3o compartilhamos suas informa\u00e7\u00f5es com terceiros, a menos que exigido por lei.<\/span><\/p>\n<h2><strong>6 \u2013 ALTERA\u00c7\u00d5ES NOS TERMOS E CONDI\u00c7\u00d5ES<\/strong><\/h2>\n<p><span style=\"font-weight: 400;\">Reservamo-nos o direito de fazer altera\u00e7\u00f5es ou atualiza\u00e7\u00f5es em nossos Termos e Condi\u00e7\u00f5es a qualquer momento sem aviso pr\u00e9vio. Seu uso continuado de nossos servi\u00e7os ap\u00f3s quaisquer altera\u00e7\u00f5es a estes termos constitui sua aceita\u00e7\u00e3o dos novos termos.<\/span><\/p>\n<h2><strong>7 \u2013 TERMOS DE PARTICIPA\u00c7\u00c3O<\/strong><\/h2>\n<p><span style=\"font-weight: 400;\">Para passeios no exterior, todos os clientes devem ter seu passaporte com eles.&nbsp;<\/span><\/p>\n<p><span style=\"font-weight: 400;\">Os clientes menores devem ser acompanhados por um adulto com poderes de representa\u00e7\u00e3o.<\/span><\/p>\n<p><span style=\"font-weight: 400;\">Animais de estima\u00e7\u00e3o s\u00e3o permitidos.&nbsp;<\/span><\/p>\n<p><span style=\"font-weight: 400;\">As nossas carrinhas n\u00e3o est\u00e3o equipadas com rampa. Solicita-se aos clientes com defici\u00eancia que necessitem de assist\u00eancia para entrar e sair do carro que providenciem eles pr\u00f3prios essa assist\u00eancia.&nbsp;<\/span><\/p>\n<p><span style=\"font-weight: 400;\">Os clientes comprometem-se a informar quaisquer problemas de sa\u00fade.&nbsp;<\/span><\/p>\n<p><span style=\"font-weight: 400;\">O Swiss Xplorer reserva-se o direito de encerrar um passeio se o comportamento de um cliente ou grupo for considerado perturbador, perigoso ou perturbador para outras pessoas ou se tal cliente ou grupo tiver causado ou puder causar danos \u00e0 propriedade.<\/span><\/p>\n<p><span style=\"font-weight: 400;\">A adequada cobertura de seguro de sa\u00fade e acidentes \u00e9 da responsabilidade dos clientes (incluindo seguro complementar contra acidentes desportivos no caso de passeios com atividades desportivas).&nbsp;<\/span><\/p>\n<p><span style=\"font-weight: 400;\">Os clientes cuja condi\u00e7\u00e3o m\u00e9dica ou n\u00edvel de condicionamento f\u00edsico n\u00e3o seja apropriado para determinadas atividades podem ser solicitados a fazer arranjos alternativos. Nesses casos, uma compensa\u00e7\u00e3o n\u00e3o ser\u00e1 oferecida por nossa empresa.<\/span><\/p>\n<p><span style=\"font-weight: 400;\">N\u00e3o \u00e9 permitido participar de um passeio sob a influ\u00eancia de drogas, medicamentos ou \u00e1lcool em excesso.&nbsp;<\/span><\/p>\n<p><span style=\"font-weight: 400;\">Os clientes s\u00e3o obrigados a usar cintos de seguran\u00e7a e as crian\u00e7as precisam usar cadeiras de seguran\u00e7a para crian\u00e7as.&nbsp;<\/span><\/p>\n<p><span style=\"font-weight: 400;\">Bagagens e pequenos artigos (casacos, celulares, etc.) s\u00e3o de responsabilidade do propriet\u00e1rio durante todo o passeio. Pertences esquecidos no carro ap\u00f3s o passeio ser\u00e3o devolvidos mediante pagamento do frete.<\/span><\/p>\n<p><span style=\"font-weight: 400;\">Os clientes comprometem-se a cumprir rigorosamente as condi\u00e7\u00f5es de participa\u00e7\u00e3o. O Swiss Xplorer reserva-se o direito de excluir um cliente do passeio em caso de n\u00e3o cumprimento dos termos.&nbsp;<\/span><\/p>\n<p><span style=\"font-weight: 400;\">Obrigado por escolher nossa empresa para seu tour privado na Su\u00ed\u00e7a. Estamos ansiosos para lhe proporcionar uma experi\u00eancia inesquec\u00edvel.<\/span><\/p>\n\t\t\t\t\t\t\t\t<\/div>\n\t\t\t\t<\/div>\n\t\t\t\t\t<\/div>\n\t\t<\/div>\n\t\t\t\t\t<\/div>\n\t\t<\/section>\n\t\t\t\t<\/div>","protected":false},"excerpt":{"rendered":"<p>Bem-vindo ao Swiss Xplorer Turismo. Nossa empresa oferece passeios privados na Su\u00ed\u00e7a. Ao acessar nosso site e reservar nossos passeios, voc\u00ea concorda em aceitar nossos Termos e Condi\u00e7\u00f5es que regem o uso de nossos servi\u00e7os. 1 \u2013 PROCESSO DE RESERVA Nosso processo de reserva foi projetado para ser simples e f\u00e1cil de usar. Para agendar um passeio [\u2026]<\/p>","protected":false},"author":3,"featured_media":0,"parent":0,"menu_order":0,"comment_status":"closed","ping_status":"open","template":"elementor_theme","meta":{"footnotes":""},"class_list":["post-3","page","type-page","status-publish","hentry"],"acf":[],"yoast_head":"<!-- This site is optimized with the Yoast SEO plugin v21.7 - https:\/\/yoast.com\/wordpress\/plugins\/seo\/ -->\n<title>Terms and Conditions - Swiss Xplorer<\/title>\n<meta name=\"robots\" content=\"index, follow, max-snippet:-1, max-image-preview:large, max-video-preview:-1\" \/>\n<link rel=\"canonical\" href=\"https:\/\/swissxplorer.com\/pt\/politica-de-privacidade\/\" \/>\n<meta property=\"og:locale\" content=\"pt_BR\" \/>\n<meta property=\"og:type\" content=\"article\" \/>\n<meta property=\"og:title\" content=\"Terms and Conditions - Swiss Xplorer\" \/>\n<meta property=\"og:description\" content=\"Welcome to Swiss Xplorer Tourism. Our company offers private tours in Switzerland. By accessing our website and booking our tours, you agree to accept our Terms and Conditions that govern your use of our services. 1 &#8211; BOOKING PROCESS Our booking process is designed to be simple and easy to use. To book a tour [&hellip;]\" \/>\n<meta property=\"og:url\" content=\"https:\/\/swissxplorer.com\/pt\/politica-de-privacidade\/\" \/>\n<meta property=\"og:site_name\" content=\"Swiss Xplorer\" \/>\n<meta property=\"article:modified_time\" content=\"2023-05-15T14:25:11+00:00\" \/>\n<meta name=\"twitter:card\" content=\"summary_large_image\" \/>\n<meta name=\"twitter:label1\" content=\"Est. tempo de leitura\" \/>\n\t<meta name=\"twitter:data1\" content=\"3 minutos\" \/>\n<script type=\"application\/ld+json\" class=\"yoast-schema-graph\">{\"@context\":\"https:\/\/schema.org\",\"@graph\":[{\"@type\":\"WebPage\",\"@id\":\"https:\/\/swissxplorer.com\/politica-de-privacidade\/\",\"url\":\"https:\/\/swissxplorer.com\/politica-de-privacidade\/\",\"name\":\"Terms and Conditions - Swiss Xplorer\",\"isPartOf\":{\"@id\":\"https:\/\/swissxplorer.com\/#website\"},\"datePublished\":\"2023-01-05T15:18:13+00:00\",\"dateModified\":\"2023-05-15T14:25:11+00:00\",\"breadcrumb\":{\"@id\":\"https:\/\/swissxplorer.com\/politica-de-privacidade\/#breadcrumb\"},\"inLanguage\":\"pt-BR\",\"potentialAction\":[{\"@type\":\"ReadAction\",\"target\":[\"https:\/\/swissxplorer.com\/politica-de-privacidade\/\"]}]},{\"@type\":\"BreadcrumbList\",\"@id\":\"https:\/\/swissxplorer.com\/politica-de-privacidade\/#breadcrumb\",\"itemListElement\":[{\"@type\":\"ListItem\",\"position\":1,\"name\":\"Home\",\"item\":\"https:\/\/swissxplorer.com\/\"},{\"@type\":\"ListItem\",\"position\":2,\"name\":\"Terms and Conditions\"}]},{\"@type\":\"WebSite\",\"@id\":\"https:\/\/swissxplorer.com\/#website\",\"url\":\"https:\/\/swissxplorer.com\/\",\"name\":\"Swiss Xplorer\",\"description\":\"Tours in Switzerland\",\"potentialAction\":[{\"@type\":\"SearchAction\",\"target\":{\"@type\":\"EntryPoint\",\"urlTemplate\":\"https:\/\/swissxplorer.com\/?s={search_term_string}\"},\"query-input\":\"required name=search_term_string\"}],\"inLanguage\":\"pt-BR\"}]}<\/script>\n<!-- \/ Yoast SEO plugin. -->","yoast_head_json":{"title":"Terms and Conditions - Swiss Xplorer","robots":{"index":"index","follow":"follow","max-snippet":"max-snippet:-1","max-image-preview":"max-image-preview:large","max-video-preview":"max-video-preview:-1"},"canonical":"https:\/\/swissxplorer.com\/pt\/politica-de-privacidade\/","og_locale":"pt_BR","og_type":"article","og_title":"Terms and Conditions - Swiss Xplorer","og_description":"Welcome to Swiss Xplorer Tourism. Our company offers private tours in Switzerland. By accessing our website and booking our tours, you agree to accept our Terms and Conditions that govern your use of our services. 1 &#8211; BOOKING PROCESS Our booking process is designed to be simple and easy to use. To book a tour [&hellip;]","og_url":"https:\/\/swissxplorer.com\/pt\/politica-de-privacidade\/","og_site_name":"Swiss Xplorer","article_modified_time":"2023-05-15T14:25:11+00:00","twitter_card":"summary_large_image","twitter_misc":{"Est. tempo de leitura":"3 minutos"},"schema":{"@context":"https:\/\/schema.org","@graph":[{"@type":"WebPage","@id":"https:\/\/swissxplorer.com\/politica-de-privacidade\/","url":"https:\/\/swissxplorer.com\/politica-de-privacidade\/","name":"Terms and Conditions - Swiss Xplorer","isPartOf":{"@id":"https:\/\/swissxplorer.com\/#website"},"datePublished":"2023-01-05T15:18:13+00:00","dateModified":"2023-05-15T14:25:11+00:00","breadcrumb":{"@id":"https:\/\/swissxplorer.com\/politica-de-privacidade\/#breadcrumb"},"inLanguage":"pt-BR","potentialAction":[{"@type":"ReadAction","target":["https:\/\/swissxplorer.com\/politica-de-privacidade\/"]}]},{"@type":"BreadcrumbList","@id":"https:\/\/swissxplorer.com\/politica-de-privacidade\/#breadcrumb","itemListElement":[{"@type":"ListItem","position":1,"name":"Home","item":"https:\/\/swissxplorer.com\/"},{"@type":"ListItem","position":2,"name":"Terms and Conditions"}]},{"@type":"WebSite","@id":"https:\/\/swissxplorer.com\/#website","url":"https:\/\/swissxplorer.com\/","name":"Swiss Xplorer","description":"Tours in Switzerland","potentialAction":[{"@type":"SearchAction","target":{"@type":"EntryPoint","urlTemplate":"https:\/\/swissxplorer.com\/?s={search_term_string}"},"query-input":"required name=search_term_string"}],"inLanguage":"pt-BR"}]}},"_links":{"self":[{"href":"https:\/\/swissxplorer.com\/pt\/wp-json\/wp\/v2\/pages\/3","targetHints":{"allow":["GET"]}}],"collection":[{"href":"https:\/\/swissxplorer.com\/pt\/wp-json\/wp\/v2\/pages"}],"about":[{"href":"https:\/\/swissxplorer.com\/pt\/wp-json\/wp\/v2\/types\/page"}],"author":[{"embeddable":true,"href":"https:\/\/swissxplorer.com\/pt\/wp-json\/wp\/v2\/users\/3"}],"replies":[{"embeddable":true,"href":"https:\/\/swissxplorer.com\/pt\/wp-json\/wp\/v2\/comments?post=3"}],"version-history":[{"count":28,"href":"https:\/\/swissxplorer.com\/pt\/wp-json\/wp\/v2\/pages\/3\/revisions"}],"predecessor-version":[{"id":6068,"href":"https:\/\/swissxplorer.com\/pt\/wp-json\/wp\/v2\/pages\/3\/revisions\/6068"}],"wp:attachment":[{"href":"https:\/\/swissxplorer.com\/pt\/wp-json\/wp\/v2\/media?parent=3"}],"curies":[{"name":"wp","href":"https:\/\/api.w.org\/{rel}","templated":true}]}}