{"id":1185,"date":"2022-07-07T04:36:44","date_gmt":"2022-07-07T04:36:44","guid":{"rendered":"https:\/\/demo.ovatheme.com\/tripgo\/?page_id=1185"},"modified":"2025-02-06T18:24:32","modified_gmt":"2025-02-06T17:24:32","slug":"about-us","status":"publish","type":"page","link":"https:\/\/swissxplorer.com\/pt\/sobre-nos\/","title":{"rendered":"<p>Sobre n\u00f3s<\/p>"},"content":{"rendered":"<div data-elementor-type=\"wp-page\" data-elementor-id=\"1185\" class=\"elementor elementor-1185\" data-elementor-post-type=\"page\">\n\t\t\t\t\t\t<section class=\"elementor-section elementor-top-section elementor-element elementor-element-b7df894 elementor-section-boxed elementor-section-height-default elementor-section-height-default\" data-id=\"b7df894\" data-element_type=\"section\" data-settings='{\"background_background\":\"gradient\"}'>\n\t\t\t\t\t\t\t<div class=\"elementor-background-overlay\"><\/div>\n\t\t\t\t\t\t\t<div class=\"elementor-container elementor-column-gap-no\">\n\t\t\t\t\t<div class=\"elementor-column elementor-col-50 elementor-top-column elementor-element elementor-element-e8ca6c7 elementor-invisible\" data-id=\"e8ca6c7\" data-element_type=\"column\" data-settings='{\"animation\":\"ova-move-right\",\"animation_tablet\":\"none\"}'>\n\t\t\t<div class=\"elementor-widget-wrap elementor-element-populated\">\n\t\t\t\t\t\t<div class=\"elementor-element elementor-element-4ed1a3a elementor-widget elementor-widget-tripgo_elementor_heading\" data-id=\"4ed1a3a\" data-element_type=\"widget\" data-widget_type=\"tripgo_elementor_heading.default\">\n\t\t\t\t<div class=\"elementor-widget-container\">\n\t\t\t\t\t\t\t<div class=\"ova-title\">\n\n\t\t\t\t\t\t\t<h3 class=\"sub-title\">bem-vindo ao Swiss Xplorer<\/h3>\n\t\t\t\n\t\t\t\t\t\t\t\n\t\t\t\t\t\t\t<h2 class=\"title\">\n\t\t\t\t\t\t\t\t \n\t\t\t\t\t\t\t\tSobre n\u00f3s\n\t\t\t\t\t\t\t<\/h2>\n\t\t\t\t\t\t\t\n\t\t\t\n\t\t<\/div> \n\t\t \t\n\t\t\t\t\t\t<\/div>\n\t\t\t\t<\/div>\n\t\t\t\t<section class=\"elementor-section elementor-inner-section elementor-element elementor-element-651c821 elementor-section-boxed elementor-section-height-default elementor-section-height-default\" data-id=\"651c821\" data-element_type=\"section\">\n\t\t\t\t\t\t<div class=\"elementor-container elementor-column-gap-no\">\n\t\t\t\t\t<div class=\"elementor-column elementor-col-100 elementor-inner-column elementor-element elementor-element-88cd609\" data-id=\"88cd609\" data-element_type=\"column\">\n\t\t\t<div class=\"elementor-widget-wrap elementor-element-populated\">\n\t\t\t\t\t\t<div class=\"elementor-element elementor-element-51bc3ea elementor-widget elementor-widget-text-editor\" data-id=\"51bc3ea\" data-element_type=\"widget\" data-widget_type=\"text-editor.default\">\n\t\t\t\t<div class=\"elementor-widget-container\">\n\t\t\t\t\t\t\t\t\t<p><strong>Descubra a Su\u00ed\u00e7a com a Swiss Xplorer ? Sua Experi\u00eancia de Viagem Exclusiva<\/strong><\/p><p>A Swiss Xplorer \u00e9 uma ag\u00eancia de viagens de primeira linha com sede em Zurique, especializada em passeios privados de luxo para as paisagens mais deslumbrantes da Su\u00ed\u00e7a. Nossas excurs\u00f5es exclusivas partem de Zurique, Lucerna e regi\u00f5es vizinhas.<\/p><p>Cada itiner\u00e1rio \u00e9 cuidadosamente elaborado para mostrar o melhor da Su\u00ed\u00e7a, oferecendo n\u00e3o apenas visitas a destinos ic\u00f4nicos, mas tamb\u00e9m experi\u00eancias \u00fanicas e fora do comum. Com a Swiss Xplorer, voc\u00ea descobrir\u00e1 a Su\u00ed\u00e7a da perspectiva de um local, com passeios cuidadosamente projetados para serem verdadeiramente \u00fanicos.<\/p><p>Nossa frota de ve\u00edculos de luxo, conduzida por guias especialistas que s\u00e3o amig\u00e1veis e profissionais, garante uma viagem tranquila e confort\u00e1vel para indiv\u00edduos e pequenos grupos. Quer voc\u00ea escolha um de nossos passeios com curadoria ou deseje criar uma experi\u00eancia personalizada, estamos aqui para dar vida \u00e0 sua viagem dos sonhos. Nosso foco \u00e9 a personaliza\u00e7\u00e3o \u2014 cada passeio \u00e9 projetado para ser especial, \u00fanico e inesquec\u00edvel.<\/p><p>Na Swiss Xplorer, estamos comprometidos em fornecer o servi\u00e7o da mais alta qualidade. Para enriquecer sua jornada, oferecemos guias de \u00e1udio multil\u00edngues que fornecem insights fascinantes sobre a hist\u00f3ria, cultura, tradi\u00e7\u00f5es e joias escondidas da Su\u00ed\u00e7a. Esses coment\u00e1rios envolventes e educacionais aprimoram sua experi\u00eancia de excurs\u00e3o de dia inteiro, tornando cada momento mais significativo.<\/p><p>Se voc\u00ea busca uma experi\u00eancia de viagem excepcional, voc\u00ea est\u00e1 no lugar certo! Nossa gama diversificada de temas de passeios atende a todos os tipos de viajantes?seja voc\u00ea que prefere um passeio de barco panor\u00e2mico, uma aventura alpina, paisagens naturais intocadas ou uma caminhada relaxante por montanhas majestosas.<\/p><p>Nossos passeios privados s\u00e3o projetados para aqueles que valorizam exclusividade, flexibilidade e um ritmo personalizado. Sem pressa e com total aten\u00e7\u00e3o \u00e0s suas prefer\u00eancias, criamos experi\u00eancias personalizadas que garantem um dia memor\u00e1vel. Nossos guias especializados s\u00e3o adapt\u00e1veis, fazendo ajustes em tempo real para exceder suas expectativas e fornecer uma experi\u00eancia su\u00ed\u00e7a aut\u00eantica. Al\u00e9m disso, com nosso servi\u00e7o privado porta a porta, voc\u00ea pode aproveitar ao m\u00e1ximo seu tempo com um guia experiente ao seu lado.<\/p><p>Estamos ansiosos para receber voc\u00ea na Su\u00ed\u00e7a e criar mem\u00f3rias inesquec\u00edveis juntos.<\/p>\t\t\t\t\t\t\t\t<\/div>\n\t\t\t\t<\/div>\n\t\t\t\t\t<\/div>\n\t\t<\/div>\n\t\t\t\t\t<\/div>\n\t\t<\/section>\n\t\t\t\t<div class=\"elementor-element elementor-element-6677e38 elementor-align-left elementor-widget-mobile__width-auto elementor-widget elementor-widget-button\" data-id=\"6677e38\" data-element_type=\"widget\" data-widget_type=\"button.default\">\n\t\t\t\t<div class=\"elementor-widget-container\">\n\t\t\t\t\t\t\t\t\t<div class=\"elementor-button-wrapper\">\n\t\t\t\t\t<a class=\"elementor-button elementor-button-link elementor-size-sm\" href=\"https:\/\/swissxplorer.com\/pt\/contato\/\">\n\t\t\t\t\t\t<span class=\"elementor-button-content-wrapper\">\n\t\t\t\t\t\t\t\t\t<span class=\"elementor-button-text\">Contate-nos<\/span>\n\t\t\t\t\t<\/span>\n\t\t\t\t\t<\/a>\n\t\t\t\t<\/div>\n\t\t\t\t\t\t\t\t<\/div>\n\t\t\t\t<\/div>\n\t\t\t\t\t<\/div>\n\t\t<\/div>\n\t\t\t\t<div class=\"elementor-column elementor-col-50 elementor-top-column elementor-element elementor-element-f012ac5\" data-id=\"f012ac5\" data-element_type=\"column\">\n\t\t\t<div class=\"elementor-widget-wrap elementor-element-populated\">\n\t\t\t\t\t\t<div class=\"elementor-element elementor-element-d7f4a30 elementor-invisible elementor-widget elementor-widget-image\" data-id=\"d7f4a30\" data-element_type=\"widget\" data-settings='{\"_animation\":\"fadeIn\",\"_animation_tablet\":\"none\"}' data-widget_type=\"image.default\">\n\t\t\t\t<div class=\"elementor-widget-container\">\n\t\t\t\t\t\t\t\t\t\t\t\t\t\t\t<img fetchpriority=\"high\" decoding=\"async\" width=\"768\" height=\"750\" src=\"https:\/\/swissxplorer.com\/wp-content\/uploads\/2024\/06\/Swissxplorer-team-2-768x750.webp\" class=\"attachment-medium_large size-medium_large wp-image-6757\" alt=\"passeios privados de Zurique\" srcset=\"https:\/\/swissxplorer.com\/wp-content\/uploads\/2024\/06\/Swissxplorer-team-2-768x750.webp 768w, https:\/\/swissxplorer.com\/wp-content\/uploads\/2024\/06\/Swissxplorer-team-2-300x293.webp 300w, https:\/\/swissxplorer.com\/wp-content\/uploads\/2024\/06\/Swissxplorer-team-2-1024x1001.webp 1024w, https:\/\/swissxplorer.com\/wp-content\/uploads\/2024\/06\/Swissxplorer-team-2-1536x1501.webp 1536w, https:\/\/swissxplorer.com\/wp-content\/uploads\/2024\/06\/Swissxplorer-team-2-12x12.webp 12w, https:\/\/swissxplorer.com\/wp-content\/uploads\/2024\/06\/Swissxplorer-team-2-600x586.webp 600w, https:\/\/swissxplorer.com\/wp-content\/uploads\/2024\/06\/Swissxplorer-team-2.webp 1572w\" sizes=\"(max-width: 768px) 100vw, 768px\">\t\t\t\t\t\t\t\t\t\t\t\t\t\t\t<\/div>\n\t\t\t\t<\/div>\n\t\t\t\t<div class=\"elementor-element elementor-element-2ef6c1f elementor-invisible elementor-widget elementor-widget-image\" data-id=\"2ef6c1f\" data-element_type=\"widget\" data-settings='{\"_animation\":\"ova-move-up\",\"_animation_tablet\":\"none\"}' data-widget_type=\"image.default\">\n\t\t\t\t<div class=\"elementor-widget-container\">\n\t\t\t\t\t\t\t\t\t\t\t\t\t\t\t<img decoding=\"async\" width=\"800\" height=\"840\" src=\"https:\/\/swissxplorer.com\/wp-content\/uploads\/2023\/06\/Private-toursin-Switzerland.jpg\" class=\"attachment-large size-large wp-image-6461\" alt=\"Passeios privados na Su\u00ed\u00e7a saindo de Zurique e Lucerna\" srcset=\"https:\/\/swissxplorer.com\/wp-content\/uploads\/2023\/06\/Private-toursin-Switzerland.jpg 970w, https:\/\/swissxplorer.com\/wp-content\/uploads\/2023\/06\/Private-toursin-Switzerland-286x300.jpg 286w, https:\/\/swissxplorer.com\/wp-content\/uploads\/2023\/06\/Private-toursin-Switzerland-768x807.jpg 768w, https:\/\/swissxplorer.com\/wp-content\/uploads\/2023\/06\/Private-toursin-Switzerland-11x12.jpg 11w, https:\/\/swissxplorer.com\/wp-content\/uploads\/2023\/06\/Private-toursin-Switzerland-600x630.jpg 600w\" sizes=\"(max-width: 800px) 100vw, 800px\">\t\t\t\t\t\t\t\t\t\t\t\t\t\t\t<\/div>\n\t\t\t\t<\/div>\n\t\t\t\t\t<\/div>\n\t\t<\/div>\n\t\t\t\t\t<\/div>\n\t\t<\/section>\n\t\t\t\t<\/div>","protected":false},"excerpt":{"rendered":"<p>Bem-vindo \u00e0 Swiss Xplorer. Sobre n\u00f3s: Descubra a Su\u00ed\u00e7a com a Swiss Xplorer? Sua Experi\u00eancia de Viagem Exclusiva. A Swiss Xplorer \u00e9 uma ag\u00eancia de viagens de primeira linha com sede em Zurique, especializada em passeios privativos de luxo para as paisagens mais deslumbrantes da Su\u00ed\u00e7a. Nossas excurs\u00f5es exclusivas partem de Zurique, Lucerna e regi\u00f5es vizinhas. Cada itiner\u00e1rio \u00e9 cuidadosamente elaborado para apresentar o melhor [\u2026]<\/p>","protected":false},"author":3,"featured_media":5001,"parent":0,"menu_order":0,"comment_status":"closed","ping_status":"closed","template":"elementor_header_footer","meta":{"footnotes":""},"class_list":["post-1185","page","type-page","status-publish","has-post-thumbnail","hentry"],"acf":[],"yoast_head":"<!-- This site is optimized with the Yoast SEO plugin v21.7 - https:\/\/yoast.com\/wordpress\/plugins\/seo\/ -->\n<title>About Us - Swiss Xplorer<\/title>\n<meta name=\"description\" content=\"Swiss Xplorer is a premier travel agency specializing in private tours. Our company is dedicated to providing tailored and personalized trips\" \/>\n<meta name=\"robots\" content=\"index, follow, max-snippet:-1, max-image-preview:large, max-video-preview:-1\" \/>\n<link rel=\"canonical\" href=\"https:\/\/swissxplorer.com\/pt\/sobre-nos\/\" \/>\n<meta property=\"og:locale\" content=\"pt_BR\" \/>\n<meta property=\"og:type\" content=\"article\" \/>\n<meta property=\"og:title\" content=\"About Us - Swiss Xplorer\" \/>\n<meta property=\"og:description\" content=\"Swiss Xplorer is a premier travel agency specializing in private tours. Our company is dedicated to providing tailored and personalized trips\" \/>\n<meta property=\"og:url\" content=\"https:\/\/swissxplorer.com\/pt\/sobre-nos\/\" \/>\n<meta property=\"og:site_name\" content=\"Swiss Xplorer\" \/>\n<meta property=\"article:modified_time\" content=\"2025-02-06T17:24:32+00:00\" \/>\n<meta property=\"og:image\" content=\"http:\/\/swissxplorer.com\/wp-content\/uploads\/2023\/03\/Schynige-Platte-Wandern-Alpengarten05.webp\" \/>\n\t<meta property=\"og:image:width\" content=\"1200\" \/>\n\t<meta property=\"og:image:height\" content=\"428\" \/>\n\t<meta property=\"og:image:type\" content=\"image\/webp\" \/>\n<meta name=\"twitter:card\" content=\"summary_large_image\" \/>\n<meta name=\"twitter:label1\" content=\"Est. tempo de leitura\" \/>\n\t<meta name=\"twitter:data1\" content=\"2 minutos\" \/>\n<script type=\"application\/ld+json\" class=\"yoast-schema-graph\">{\"@context\":\"https:\/\/schema.org\",\"@graph\":[{\"@type\":\"WebPage\",\"@id\":\"https:\/\/swissxplorer.com\/en\/about-us\/\",\"url\":\"https:\/\/swissxplorer.com\/en\/about-us\/\",\"name\":\"About Us - Swiss Xplorer\",\"isPartOf\":{\"@id\":\"https:\/\/swissxplorer.com\/#website\"},\"datePublished\":\"2022-07-07T04:36:44+00:00\",\"dateModified\":\"2025-02-06T17:24:32+00:00\",\"description\":\"Swiss Xplorer is a premier travel agency specializing in private tours. Our company is dedicated to providing tailored and personalized trips\",\"breadcrumb\":{\"@id\":\"https:\/\/swissxplorer.com\/en\/about-us\/#breadcrumb\"},\"inLanguage\":\"pt-BR\",\"potentialAction\":[{\"@type\":\"ReadAction\",\"target\":[\"https:\/\/swissxplorer.com\/en\/about-us\/\"]}]},{\"@type\":\"BreadcrumbList\",\"@id\":\"https:\/\/swissxplorer.com\/en\/about-us\/#breadcrumb\",\"itemListElement\":[{\"@type\":\"ListItem\",\"position\":1,\"name\":\"Home\",\"item\":\"https:\/\/swissxplorer.com\/\"},{\"@type\":\"ListItem\",\"position\":2,\"name\":\"About Us\"}]},{\"@type\":\"WebSite\",\"@id\":\"https:\/\/swissxplorer.com\/#website\",\"url\":\"https:\/\/swissxplorer.com\/\",\"name\":\"Swiss Xplorer\",\"description\":\"Tours in Switzerland\",\"potentialAction\":[{\"@type\":\"SearchAction\",\"target\":{\"@type\":\"EntryPoint\",\"urlTemplate\":\"https:\/\/swissxplorer.com\/?s={search_term_string}\"},\"query-input\":\"required name=search_term_string\"}],\"inLanguage\":\"pt-BR\"}]}<\/script>\n<!-- \/ Yoast SEO plugin. -->","yoast_head_json":{"title":"About Us - Swiss Xplorer","description":"Swiss Xplorer is a premier travel agency specializing in private tours. Our company is dedicated to providing tailored and personalized trips","robots":{"index":"index","follow":"follow","max-snippet":"max-snippet:-1","max-image-preview":"max-image-preview:large","max-video-preview":"max-video-preview:-1"},"canonical":"https:\/\/swissxplorer.com\/pt\/sobre-nos\/","og_locale":"pt_BR","og_type":"article","og_title":"About Us - Swiss Xplorer","og_description":"Swiss Xplorer is a premier travel agency specializing in private tours. Our company is dedicated to providing tailored and personalized trips","og_url":"https:\/\/swissxplorer.com\/pt\/sobre-nos\/","og_site_name":"Swiss Xplorer","article_modified_time":"2025-02-06T17:24:32+00:00","og_image":[{"width":1200,"height":428,"url":"http:\/\/swissxplorer.com\/wp-content\/uploads\/2023\/03\/Schynige-Platte-Wandern-Alpengarten05.webp","type":"image\/webp"}],"twitter_card":"summary_large_image","twitter_misc":{"Est. tempo de leitura":"2 minutos"},"schema":{"@context":"https:\/\/schema.org","@graph":[{"@type":"WebPage","@id":"https:\/\/swissxplorer.com\/en\/about-us\/","url":"https:\/\/swissxplorer.com\/en\/about-us\/","name":"About Us - Swiss Xplorer","isPartOf":{"@id":"https:\/\/swissxplorer.com\/#website"},"datePublished":"2022-07-07T04:36:44+00:00","dateModified":"2025-02-06T17:24:32+00:00","description":"Swiss Xplorer is a premier travel agency specializing in private tours. Our company is dedicated to providing tailored and personalized trips","breadcrumb":{"@id":"https:\/\/swissxplorer.com\/en\/about-us\/#breadcrumb"},"inLanguage":"pt-BR","potentialAction":[{"@type":"ReadAction","target":["https:\/\/swissxplorer.com\/en\/about-us\/"]}]},{"@type":"BreadcrumbList","@id":"https:\/\/swissxplorer.com\/en\/about-us\/#breadcrumb","itemListElement":[{"@type":"ListItem","position":1,"name":"Home","item":"https:\/\/swissxplorer.com\/"},{"@type":"ListItem","position":2,"name":"About Us"}]},{"@type":"WebSite","@id":"https:\/\/swissxplorer.com\/#website","url":"https:\/\/swissxplorer.com\/","name":"Swiss Xplorer","description":"Tours in Switzerland","potentialAction":[{"@type":"SearchAction","target":{"@type":"EntryPoint","urlTemplate":"https:\/\/swissxplorer.com\/?s={search_term_string}"},"query-input":"required name=search_term_string"}],"inLanguage":"pt-BR"}]}},"_links":{"self":[{"href":"https:\/\/swissxplorer.com\/pt\/wp-json\/wp\/v2\/pages\/1185","targetHints":{"allow":["GET"]}}],"collection":[{"href":"https:\/\/swissxplorer.com\/pt\/wp-json\/wp\/v2\/pages"}],"about":[{"href":"https:\/\/swissxplorer.com\/pt\/wp-json\/wp\/v2\/types\/page"}],"author":[{"embeddable":true,"href":"https:\/\/swissxplorer.com\/pt\/wp-json\/wp\/v2\/users\/3"}],"replies":[{"embeddable":true,"href":"https:\/\/swissxplorer.com\/pt\/wp-json\/wp\/v2\/comments?post=1185"}],"version-history":[{"count":59,"href":"https:\/\/swissxplorer.com\/pt\/wp-json\/wp\/v2\/pages\/1185\/revisions"}],"predecessor-version":[{"id":7056,"href":"https:\/\/swissxplorer.com\/pt\/wp-json\/wp\/v2\/pages\/1185\/revisions\/7056"}],"wp:featuredmedia":[{"embeddable":true,"href":"https:\/\/swissxplorer.com\/pt\/wp-json\/wp\/v2\/media\/5001"}],"wp:attachment":[{"href":"https:\/\/swissxplorer.com\/pt\/wp-json\/wp\/v2\/media?parent=1185"}],"curies":[{"name":"wp","href":"https:\/\/api.w.org\/{rel}","templated":true}]}}