{"id":6687,"date":"2024-05-22T11:59:41","date_gmt":"2024-05-22T09:59:41","guid":{"rendered":"https:\/\/swissxplorer.com\/?post_type=product&#038;p=6687"},"modified":"2024-06-12T17:25:23","modified_gmt":"2024-06-12T15:25:23","slug":"blue-lake-oeschinen-lake-private-tour-lucerne","status":"publish","type":"product","link":"https:\/\/swissxplorer.com\/es\/tours\/lago-azul-lago-oeschinen-tour-privado-lucerna\/","title":{"rendered":"<p>Tour privado a Blausee y Oeschinensee desde Lucerna<\/p>"},"content":{"rendered":"<p>Descubra lo mejor de los lagos suizos con el tour privado de Swiss Xplorer desde Lucerna<p>\u00bfSue\u00f1as con explorar los lagos de Suiza pero no sabes cu\u00e1l elegir? \u00a1Visita cuatro de ellos en solo un d\u00eda!<\/p><p>Gestionar numerosas conexiones de tren y recorrer largas distancias a pie puede resultar agotador, agotar tu energ\u00eda y limitar tu experiencia. Con el transporte p\u00fablico, un viaje desde Lucerna hasta el lago Oeschinen dura tres horas, lo que hace que sea dif\u00edcil incluir varios destinos en un solo d\u00eda.<\/p><p>Imag\u00ednese perderse las joyas ocultas de Suiza debido a los r\u00edgidos horarios de los trenes y los viajes largos y agotadores. Imag\u00ednese la frustraci\u00f3n de intentar capturar fotograf\u00edas perfectas en momentos apresurados o preocuparse por encontrar el camino en lugares desconocidos. El estr\u00e9s de coordinar el transporte puede convertir las vacaciones de sus sue\u00f1os en una molestia log\u00edstica, dej\u00e1ndolo m\u00e1s agotado que entusiasmado.<\/p><p>El tour privado de Swiss Xplorer es la soluci\u00f3n perfecta, especialmente para aquellos con tiempo limitado que desean ver muchos lugares y optimizar su agenda. Lo llevamos desde la puerta de su hotel en Lucerna a los lagos m\u00e1s pintorescos de Suiza: Lungern, Iseltwald con los impresionantes Brienzersee, Blausee y Oeschinensee en una c\u00f3moda camioneta privada. Nuestro gu\u00eda experto garantiza que no se pierda ning\u00fan punto destacado y nuestro horario flexible le permite realizar paradas espont\u00e1neas para tomar fotograf\u00edas seg\u00fan su conveniencia. Disfrute de una experiencia perfecta, puerta a puerta, que le permitir\u00e1 centrarse en la belleza que le rodea, no en la log\u00edstica.<\/p><p>\u00bfPor qu\u00e9 elegir Swiss Xplorer?<\/p><p>Viaje eficiente: reduzca el tiempo de viaje a la mitad con nuestra furgoneta privada y llegue a Oeschinensee en solo 1,5 horas desde Lucerna, en comparaci\u00f3n con las 3 horas en tren.<br>\nDestinos exclusivos: visite cuatro impresionantes lagos en un d\u00eda, una haza\u00f1a casi imposible con el transporte p\u00fablico.<br>\nExperiencia personalizada: nuestro gu\u00eda experto no solo es su conductor sino tambi\u00e9n su fot\u00f3grafo, lo que garantiza que capture cada momento memorable.<br>\nComodidad y conveniencia: viaje c\u00f3modamente desde la puerta de su hotel directamente a cada lugar impresionante sin preocuparse por los horarios de trenes o los traslados.<\/p><h3><strong>Proceso de reserva y pago:<\/strong><\/h3><p>Para confirmar el precio del tour, proporcione el n\u00famero de participantes en el campo de datos en el lado derecho. El valor anterior se actualizar\u00e1 autom\u00e1ticamente.<\/p><p>Para comenzar su proceso de reserva, por favor proporcione los detalles necesarios para el viaje. A continuaci\u00f3n, le enviaremos un correo electr\u00f3nico confirmando la disponibilidad de fechas. Posteriormente, se le proporcionar\u00e1 un enlace de pago seguro. Este enlace le permitir\u00e1 realizar un pago inicial de 20% y asegurar la fecha seleccionada. Adem\u00e1s, este pago inicial sirve como garant\u00eda financiera en caso de cancelaci\u00f3n del cliente. El pago restante se podr\u00e1 realizar el d\u00eda del tour, ya sea con tarjeta de cr\u00e9dito o en efectivo. Tenga en cuenta que solo podemos confirmar su reserva tras recibir el pago inicial del 20%. Si desea cancelar el recorrido, puede hacerlo hasta 30 d\u00edas antes de la fecha del recorrido y recibir un reembolso completo.<\/p><p>Para m\u00e1s opciones de tours y variedad de experiencias, lo invitamos a explorar nuestra selecci\u00f3n en nuestro sitio web: <a href=\"https:\/\/swissxplorer.com\/es\/\">Explorador suizo<\/a>. Descubra las posibilidades y cree recuerdos inolvidables de su viaje por Suiza.<\/p><p>Vea nuestros T\u00e9rminos y Condiciones aqu\u00ed: <a href=\"https:\/\/swissxplorer.com\/es\/politica-de-privacidad\/\" target=\"_blank\" rel=\"noopener\">T\u00e9rminos y condiciones<\/a><\/p><\/p>","protected":false},"excerpt":{"rendered":"<p>\u00bfSue\u00f1as con explorar los lagos de Suiza pero no sabes cu\u00e1l elegir? \u00a1Visita cuatro de ellos en solo un d\u00eda! Descubra lo mejor de los lagos suizos con el tour privado de Swiss Xplorer desde Lucerna.<\/p>","protected":false},"featured_media":6688,"comment_status":"closed","ping_status":"closed","template":"","meta":[],"product_cat":[98,89],"product_tag":[338,345,337,336,344,339,342,333,343,340,335,334,341],"class_list":["post-6687","product","type-product","status-publish","has-post-thumbnail","hentry","product_cat-all","product_cat-lucerne","product_tag-guided-tour-to-oeschinen-lake-and-blue-lake-from-lucerne","product_tag-guided-tour-to-oeschinen-lake-from-lucerne","product_tag-guided-tour-to-oeschinensee-and-blausee-from-lucerne","product_tag-private-tour-to-oeschinensee-and-blausee-from-lucerne","product_tag-privatetour-to-oeschinen-lake","product_tag-tour-to-blausee-from-lucerne","product_tag-tour-to-oeschinen-lake","product_tag-tour-to-oeschinen-lake-and-blue-lake-from-lucerne","product_tag-tour-to-oeschinen-lake-from-lucerne","product_tag-tour-to-oeschinensee","product_tag-tour-to-oeschinensee-and-blausee-from-lucerne","product_tag-tour-to-oeschinensee-and-blausee-from-lucerne-switzerland","product_tag-tour-to-oeschinensee-from-lucerne"],"acf":[],"yoast_head":"<!-- This site is optimized with the Yoast SEO plugin v21.7 - https:\/\/yoast.com\/wordpress\/plugins\/seo\/ -->\n<title>Blausee &amp; Oeschinensee Private Tour from Lucerne<\/title>\n<meta name=\"description\" content=\"Dreaming of exploring Switzerland&#039;s lakes but can&#039;t decide? Visit four in one day! Blausee, Oeschinensee. Brienzersee and Lungern- Private Tour from Lucerne\" \/>\n<meta name=\"robots\" content=\"index, follow, max-snippet:-1, max-image-preview:large, max-video-preview:-1\" \/>\n<link rel=\"canonical\" href=\"https:\/\/swissxplorer.com\/es\/tours\/lago-azul-lago-oeschinen-tour-privado-lucerna\/\" \/>\n<meta property=\"og:locale\" content=\"es_ES\" \/>\n<meta property=\"og:type\" content=\"article\" \/>\n<meta property=\"og:title\" content=\"Blausee &amp; Oeschinensee Private Tour from Lucerne\" \/>\n<meta property=\"og:description\" content=\"Dreaming of exploring Switzerland&#039;s lakes but can&#039;t decide? Visit four in one day! Blausee, Oeschinensee. Brienzersee and Lungern- Private Tour from Lucerne\" \/>\n<meta property=\"og:url\" content=\"https:\/\/swissxplorer.com\/es\/tours\/lago-azul-lago-oeschinen-tour-privado-lucerna\/\" \/>\n<meta property=\"og:site_name\" content=\"Swiss Xplorer\" \/>\n<meta property=\"article:modified_time\" content=\"2024-06-12T15:25:23+00:00\" \/>\n<meta property=\"og:image\" content=\"http:\/\/swissxplorer.com\/wp-content\/uploads\/2024\/05\/Oeschinen-lake-day-trip-from-Lucerne.jpg\" \/>\n\t<meta property=\"og:image:width\" content=\"1152\" \/>\n\t<meta property=\"og:image:height\" content=\"768\" \/>\n\t<meta property=\"og:image:type\" content=\"image\/jpeg\" \/>\n<meta name=\"twitter:card\" content=\"summary_large_image\" \/>\n<meta name=\"twitter:label1\" content=\"Tiempo de lectura\" \/>\n\t<meta name=\"twitter:data1\" content=\"3 minutos\" \/>\n<script type=\"application\/ld+json\" class=\"yoast-schema-graph\">{\"@context\":\"https:\/\/schema.org\",\"@graph\":[{\"@type\":\"WebPage\",\"@id\":\"https:\/\/swissxplorer.com\/tours\/blue-lake-oeschinen-lake-private-tour-lucerne\/\",\"url\":\"https:\/\/swissxplorer.com\/tours\/blue-lake-oeschinen-lake-private-tour-lucerne\/\",\"name\":\"Blausee & Oeschinensee Private Tour from Lucerne\",\"isPartOf\":{\"@id\":\"https:\/\/swissxplorer.com\/#website\"},\"datePublished\":\"2024-05-22T09:59:41+00:00\",\"dateModified\":\"2024-06-12T15:25:23+00:00\",\"description\":\"Dreaming of exploring Switzerland's lakes but can't decide? Visit four in one day! Blausee, Oeschinensee. Brienzersee and Lungern- Private Tour from Lucerne\",\"breadcrumb\":{\"@id\":\"https:\/\/swissxplorer.com\/tours\/blue-lake-oeschinen-lake-private-tour-lucerne\/#breadcrumb\"},\"inLanguage\":\"es\",\"potentialAction\":[{\"@type\":\"ReadAction\",\"target\":[\"https:\/\/swissxplorer.com\/tours\/blue-lake-oeschinen-lake-private-tour-lucerne\/\"]}]},{\"@type\":\"BreadcrumbList\",\"@id\":\"https:\/\/swissxplorer.com\/tours\/blue-lake-oeschinen-lake-private-tour-lucerne\/#breadcrumb\",\"itemListElement\":[{\"@type\":\"ListItem\",\"position\":1,\"name\":\"Home\",\"item\":\"https:\/\/swissxplorer.com\/\"},{\"@type\":\"ListItem\",\"position\":2,\"name\":\"Tours\",\"item\":\"https:\/\/swissxplorer.com\/tours\/\"},{\"@type\":\"ListItem\",\"position\":3,\"name\":\"Blausee &#038; Oeschinensee Private Tour from Lucerne\"}]},{\"@type\":\"WebSite\",\"@id\":\"https:\/\/swissxplorer.com\/#website\",\"url\":\"https:\/\/swissxplorer.com\/\",\"name\":\"Swiss Xplorer\",\"description\":\"Tours in Switzerland\",\"potentialAction\":[{\"@type\":\"SearchAction\",\"target\":{\"@type\":\"EntryPoint\",\"urlTemplate\":\"https:\/\/swissxplorer.com\/?s={search_term_string}\"},\"query-input\":\"required name=search_term_string\"}],\"inLanguage\":\"es\"}]}<\/script>\n<!-- \/ Yoast SEO plugin. -->","yoast_head_json":{"title":"Blausee & Oeschinensee Private Tour from Lucerne","description":"Dreaming of exploring Switzerland's lakes but can't decide? Visit four in one day! Blausee, Oeschinensee. Brienzersee and Lungern- Private Tour from Lucerne","robots":{"index":"index","follow":"follow","max-snippet":"max-snippet:-1","max-image-preview":"max-image-preview:large","max-video-preview":"max-video-preview:-1"},"canonical":"https:\/\/swissxplorer.com\/es\/tours\/lago-azul-lago-oeschinen-tour-privado-lucerna\/","og_locale":"es_ES","og_type":"article","og_title":"Blausee & Oeschinensee Private Tour from Lucerne","og_description":"Dreaming of exploring Switzerland's lakes but can't decide? Visit four in one day! Blausee, Oeschinensee. Brienzersee and Lungern- Private Tour from Lucerne","og_url":"https:\/\/swissxplorer.com\/es\/tours\/lago-azul-lago-oeschinen-tour-privado-lucerna\/","og_site_name":"Swiss Xplorer","article_modified_time":"2024-06-12T15:25:23+00:00","og_image":[{"width":1152,"height":768,"url":"http:\/\/swissxplorer.com\/wp-content\/uploads\/2024\/05\/Oeschinen-lake-day-trip-from-Lucerne.jpg","type":"image\/jpeg"}],"twitter_card":"summary_large_image","twitter_misc":{"Tiempo de lectura":"3 minutos"},"schema":{"@context":"https:\/\/schema.org","@graph":[{"@type":"WebPage","@id":"https:\/\/swissxplorer.com\/tours\/blue-lake-oeschinen-lake-private-tour-lucerne\/","url":"https:\/\/swissxplorer.com\/tours\/blue-lake-oeschinen-lake-private-tour-lucerne\/","name":"Blausee & Oeschinensee Private Tour from Lucerne","isPartOf":{"@id":"https:\/\/swissxplorer.com\/#website"},"datePublished":"2024-05-22T09:59:41+00:00","dateModified":"2024-06-12T15:25:23+00:00","description":"Dreaming of exploring Switzerland's lakes but can't decide? Visit four in one day! Blausee, Oeschinensee. Brienzersee and Lungern- Private Tour from Lucerne","breadcrumb":{"@id":"https:\/\/swissxplorer.com\/tours\/blue-lake-oeschinen-lake-private-tour-lucerne\/#breadcrumb"},"inLanguage":"es","potentialAction":[{"@type":"ReadAction","target":["https:\/\/swissxplorer.com\/tours\/blue-lake-oeschinen-lake-private-tour-lucerne\/"]}]},{"@type":"BreadcrumbList","@id":"https:\/\/swissxplorer.com\/tours\/blue-lake-oeschinen-lake-private-tour-lucerne\/#breadcrumb","itemListElement":[{"@type":"ListItem","position":1,"name":"Home","item":"https:\/\/swissxplorer.com\/"},{"@type":"ListItem","position":2,"name":"Tours","item":"https:\/\/swissxplorer.com\/tours\/"},{"@type":"ListItem","position":3,"name":"Blausee &#038; Oeschinensee Private Tour from Lucerne"}]},{"@type":"WebSite","@id":"https:\/\/swissxplorer.com\/#website","url":"https:\/\/swissxplorer.com\/","name":"Swiss Xplorer","description":"Tours in Switzerland","potentialAction":[{"@type":"SearchAction","target":{"@type":"EntryPoint","urlTemplate":"https:\/\/swissxplorer.com\/?s={search_term_string}"},"query-input":"required name=search_term_string"}],"inLanguage":"es"}]}},"_links":{"self":[{"href":"https:\/\/swissxplorer.com\/es\/wp-json\/wp\/v2\/product\/6687","targetHints":{"allow":["GET"]}}],"collection":[{"href":"https:\/\/swissxplorer.com\/es\/wp-json\/wp\/v2\/product"}],"about":[{"href":"https:\/\/swissxplorer.com\/es\/wp-json\/wp\/v2\/types\/product"}],"replies":[{"embeddable":true,"href":"https:\/\/swissxplorer.com\/es\/wp-json\/wp\/v2\/comments?post=6687"}],"wp:featuredmedia":[{"embeddable":true,"href":"https:\/\/swissxplorer.com\/es\/wp-json\/wp\/v2\/media\/6688"}],"wp:attachment":[{"href":"https:\/\/swissxplorer.com\/es\/wp-json\/wp\/v2\/media?parent=6687"}],"wp:term":[{"taxonomy":"product_cat","embeddable":true,"href":"https:\/\/swissxplorer.com\/es\/wp-json\/wp\/v2\/product_cat?post=6687"},{"taxonomy":"product_tag","embeddable":true,"href":"https:\/\/swissxplorer.com\/es\/wp-json\/wp\/v2\/product_tag?post=6687"}],"curies":[{"name":"wp","href":"https:\/\/api.w.org\/{rel}","templated":true}]}}