{"id":5609,"date":"2023-04-24T19:49:55","date_gmt":"2023-04-24T17:49:55","guid":{"rendered":"https:\/\/swissxplorer.com\/?post_type=product&#038;p=5609"},"modified":"2023-12-19T18:52:46","modified_gmt":"2023-12-19T17:52:46","slug":"tour-to-cheese-factory-from-zurich","status":"publish","type":"product","link":"https:\/\/swissxplorer.com\/es\/tours\/tour-privado-a-la-fabrica-de-queso-desde-zurich-2\/","title":{"rendered":"<p>Tour a Queser\u00eda desde Zurich (Privado)<\/p>"},"content":{"rendered":"<h2><span style=\"font-weight: 400;\"><strong>Sum\u00e9rgete en la historia del queso suizo<\/strong><\/span><p><span style=\"font-weight: 400;\">Ad\u00e9ntrate en los aspectos \u00fanicos de la historia del queso suizo en un tour privado a la f\u00e1brica de queso desde Z\u00farich. \u00a1El Emmentaler suizo fue nombrado mejor queso del mundo en 2014! <\/span><\/p><h3><strong>Experiencias personalizadas para exploraciones de queso inolvidables<\/strong><\/h3><p><span style=\"font-weight: 400;\">La f\u00e1brica est\u00e1 a 1h30min de Z\u00farich y el recorrido comienza con una vista de una parte pintoresca de la campi\u00f1a suiza.&nbsp;<\/span><\/p><p><span style=\"font-weight: 400;\">En la queser\u00eda emprenderemos un recorrido de 20 minutos por salas subterr\u00e1neas. Estas salas presentan de forma divertida la historia de la queser\u00eda y sus t\u00e9cnicas de elaboraci\u00f3n. En esta peque\u00f1a f\u00e1brica se unen tradici\u00f3n y modernidad. Aqu\u00ed, tendr\u00e1 la oportunidad de probar el queso Emmentaler, famoso por sus distintivos agujeros, y presenciar su proceso de producci\u00f3n de queso.&nbsp;<\/span><\/p><p><span style=\"font-weight: 400;\">\u00a1Nuestro gu\u00eda va a hacer fotos de ti y de tu familia durante el tour, brind\u00e1ndote im\u00e1genes excelentes y los mejores recuerdos!<\/span><\/p><h3>Cheese Factory Magic con comodidad sin estr\u00e9s<\/h3><p>\u00a1No tendr\u00e1s que preocuparte por nada! Haremos las reservas, compraremos las entradas y os recogeremos en vuestro hotel de Zurich para el Tour a la F\u00e1brica de Queso. Siempre procurando que tu recorrido por la queser\u00eda se realice a tu propio ritmo, sin prisas. Al finalizar el recorrido por la f\u00e1brica y la visita a la tienda, tendr\u00e1s la opci\u00f3n de disfrutar de una fondue t\u00edpica para almorzar en su restaurante.<\/p><p><span style=\"font-weight: 400;\">El queso tiene una gran importancia en la cultura suiza; por lo tanto, no puedes visitar Suiza sin hacer una visita a una f\u00e1brica de quesos.<\/span><\/p><p><span style=\"font-weight: 400;\">Previa solicitud, tambi\u00e9n podemos adaptar tu viaje para necesidades especiales.<br>\n<\/span><\/p><h3><strong>Proceso de reserva y pago:<\/strong><\/h3><p>Para confirmar el precio del tour, proporcione el n\u00famero de participantes en el campo de datos en el lado derecho. El valor anterior se actualizar\u00e1 autom\u00e1ticamente.<\/p><p>Para comenzar su proceso de reserva, por favor proporcione los detalles necesarios para el viaje. Despu\u00e9s de eso, le enviaremos de inmediato un correo electr\u00f3nico confirmando la disponibilidad de fechas. Posteriormente, se le proporcionar\u00e1 un enlace de pago seguro para que realice un pago inicial 20% y asegure la fecha seleccionada. Este pago inicial sirve como garant\u00eda financiera en caso de cancelaci\u00f3n del cliente. El pago restante se puede realizar el d\u00eda del tour, ya sea con tarjeta de cr\u00e9dito o en efectivo. Tenga en cuenta que solo podemos confirmar su reserva una vez recibido el pago inicial de 20%. Si desea cancelar el recorrido, puede hacerlo hasta 30 d\u00edas antes de la fecha del recorrido y recibir un reembolso completo.<\/p><p>Para m\u00e1s opciones de tours y variedad de experiencias, lo invitamos a explorar nuestra selecci\u00f3n en nuestro sitio web: <a href=\"https:\/\/swissxplorer.com\/es\/\">Explorador suizo<\/a>. Descubra las posibilidades y cree recuerdos inolvidables de su viaje por Suiza.<\/p><\/h2>","protected":false},"excerpt":{"rendered":"<p><span style=\"font-weight: 400;\">Visite la producci\u00f3n tradicional y aut\u00e9ntica de queso en el<\/span> <span style=\"font-weight: 400;\">campi\u00f1a suiza.<\/span><\/p>","protected":false},"featured_media":5646,"comment_status":"open","ping_status":"closed","template":"","meta":[],"product_cat":[98,44],"product_tag":[209,191,207,208,210,180,211,130,88,87,176,67],"class_list":["post-5609","product","type-product","status-publish","has-post-thumbnail","hentry","brw_type_of_tour-all","brw_type_of_tour-half-day-tour","product_cat-all","product_cat-zurich","product_tag-best-cheese-tour-zurich","product_tag-best-day-trips-from-zurich","product_tag-cheese-experience-zurich","product_tag-cheese-factory-zurich","product_tag-guided-tour-cheese-factory","product_tag-guided-tours-from-zurich","product_tag-private-tour-cheese-factory","product_tag-tour-to-cheese-factory-from-zurich","product_tag-walen","product_tag-zurich","product_tag-zurich-attractions","product_tag-zurichtour"],"acf":[],"yoast_head":"<!-- This site is optimized with the Yoast SEO plugin v21.7 - https:\/\/yoast.com\/wordpress\/plugins\/seo\/ -->\n<title>Tour to Cheese Factory from Zurich Swiss (Private)<\/title>\n<meta name=\"description\" content=\"Searching for Tour to Cheese Factory from Zurich Swiss? Discover the cheese-making tradition craftsmanship, and savor the mouthwatering flavors of authentic Swiss cheese.\" \/>\n<meta name=\"robots\" content=\"index, follow, max-snippet:-1, max-image-preview:large, max-video-preview:-1\" \/>\n<link rel=\"canonical\" href=\"https:\/\/swissxplorer.com\/es\/tours\/tour-privado-a-la-fabrica-de-queso-desde-zurich-2\/\" \/>\n<meta property=\"og:locale\" content=\"es_ES\" \/>\n<meta property=\"og:type\" content=\"article\" \/>\n<meta property=\"og:title\" content=\"Tour to Cheese Factory from Zurich Swiss (Private)\" \/>\n<meta property=\"og:description\" content=\"Searching for Tour to Cheese Factory from Zurich Swiss? Discover the cheese-making tradition craftsmanship, and savor the mouthwatering flavors of authentic Swiss cheese.\" \/>\n<meta property=\"og:url\" content=\"https:\/\/swissxplorer.com\/es\/tours\/tour-privado-a-la-fabrica-de-queso-desde-zurich-2\/\" \/>\n<meta property=\"og:site_name\" content=\"Swiss Xplorer\" \/>\n<meta property=\"article:modified_time\" content=\"2023-12-19T17:52:46+00:00\" \/>\n<meta property=\"og:image\" content=\"http:\/\/swissxplorer.com\/wp-content\/uploads\/2023\/04\/IMG_8688.jpg\" \/>\n\t<meta property=\"og:image:width\" content=\"2122\" \/>\n\t<meta property=\"og:image:height\" content=\"1368\" \/>\n\t<meta property=\"og:image:type\" content=\"image\/jpeg\" \/>\n<meta name=\"twitter:card\" content=\"summary_large_image\" \/>\n<meta name=\"twitter:label1\" content=\"Tiempo de lectura\" \/>\n\t<meta name=\"twitter:data1\" content=\"2 minutos\" \/>\n<script type=\"application\/ld+json\" class=\"yoast-schema-graph\">{\"@context\":\"https:\/\/schema.org\",\"@graph\":[{\"@type\":\"WebPage\",\"@id\":\"https:\/\/swissxplorer.com\/tours\/tour-to-cheese-factory-from-zurich\/\",\"url\":\"https:\/\/swissxplorer.com\/tours\/tour-to-cheese-factory-from-zurich\/\",\"name\":\"Tour to Cheese Factory from Zurich Swiss (Private)\",\"isPartOf\":{\"@id\":\"https:\/\/swissxplorer.com\/#website\"},\"datePublished\":\"2023-04-24T17:49:55+00:00\",\"dateModified\":\"2023-12-19T17:52:46+00:00\",\"description\":\"Searching for Tour to Cheese Factory from Zurich Swiss? Discover the cheese-making tradition craftsmanship, and savor the mouthwatering flavors of authentic Swiss cheese.\",\"breadcrumb\":{\"@id\":\"https:\/\/swissxplorer.com\/tours\/tour-to-cheese-factory-from-zurich\/#breadcrumb\"},\"inLanguage\":\"es\",\"potentialAction\":[{\"@type\":\"ReadAction\",\"target\":[\"https:\/\/swissxplorer.com\/tours\/tour-to-cheese-factory-from-zurich\/\"]}]},{\"@type\":\"BreadcrumbList\",\"@id\":\"https:\/\/swissxplorer.com\/tours\/tour-to-cheese-factory-from-zurich\/#breadcrumb\",\"itemListElement\":[{\"@type\":\"ListItem\",\"position\":1,\"name\":\"Home\",\"item\":\"https:\/\/swissxplorer.com\/\"},{\"@type\":\"ListItem\",\"position\":2,\"name\":\"Tours\",\"item\":\"https:\/\/swissxplorer.com\/tours\/\"},{\"@type\":\"ListItem\",\"position\":3,\"name\":\"Tour to Cheese Factory from Zurich (Private)\"}]},{\"@type\":\"WebSite\",\"@id\":\"https:\/\/swissxplorer.com\/#website\",\"url\":\"https:\/\/swissxplorer.com\/\",\"name\":\"Swiss Xplorer\",\"description\":\"Tours in Switzerland\",\"potentialAction\":[{\"@type\":\"SearchAction\",\"target\":{\"@type\":\"EntryPoint\",\"urlTemplate\":\"https:\/\/swissxplorer.com\/?s={search_term_string}\"},\"query-input\":\"required name=search_term_string\"}],\"inLanguage\":\"es\"}]}<\/script>\n<!-- \/ Yoast SEO plugin. -->","yoast_head_json":{"title":"Tour to Cheese Factory from Zurich Swiss (Private)","description":"Searching for Tour to Cheese Factory from Zurich Swiss? Discover the cheese-making tradition craftsmanship, and savor the mouthwatering flavors of authentic Swiss cheese.","robots":{"index":"index","follow":"follow","max-snippet":"max-snippet:-1","max-image-preview":"max-image-preview:large","max-video-preview":"max-video-preview:-1"},"canonical":"https:\/\/swissxplorer.com\/es\/tours\/tour-privado-a-la-fabrica-de-queso-desde-zurich-2\/","og_locale":"es_ES","og_type":"article","og_title":"Tour to Cheese Factory from Zurich Swiss (Private)","og_description":"Searching for Tour to Cheese Factory from Zurich Swiss? Discover the cheese-making tradition craftsmanship, and savor the mouthwatering flavors of authentic Swiss cheese.","og_url":"https:\/\/swissxplorer.com\/es\/tours\/tour-privado-a-la-fabrica-de-queso-desde-zurich-2\/","og_site_name":"Swiss Xplorer","article_modified_time":"2023-12-19T17:52:46+00:00","og_image":[{"width":2122,"height":1368,"url":"http:\/\/swissxplorer.com\/wp-content\/uploads\/2023\/04\/IMG_8688.jpg","type":"image\/jpeg"}],"twitter_card":"summary_large_image","twitter_misc":{"Tiempo de lectura":"2 minutos"},"schema":{"@context":"https:\/\/schema.org","@graph":[{"@type":"WebPage","@id":"https:\/\/swissxplorer.com\/tours\/tour-to-cheese-factory-from-zurich\/","url":"https:\/\/swissxplorer.com\/tours\/tour-to-cheese-factory-from-zurich\/","name":"Tour to Cheese Factory from Zurich Swiss (Private)","isPartOf":{"@id":"https:\/\/swissxplorer.com\/#website"},"datePublished":"2023-04-24T17:49:55+00:00","dateModified":"2023-12-19T17:52:46+00:00","description":"Searching for Tour to Cheese Factory from Zurich Swiss? Discover the cheese-making tradition craftsmanship, and savor the mouthwatering flavors of authentic Swiss cheese.","breadcrumb":{"@id":"https:\/\/swissxplorer.com\/tours\/tour-to-cheese-factory-from-zurich\/#breadcrumb"},"inLanguage":"es","potentialAction":[{"@type":"ReadAction","target":["https:\/\/swissxplorer.com\/tours\/tour-to-cheese-factory-from-zurich\/"]}]},{"@type":"BreadcrumbList","@id":"https:\/\/swissxplorer.com\/tours\/tour-to-cheese-factory-from-zurich\/#breadcrumb","itemListElement":[{"@type":"ListItem","position":1,"name":"Home","item":"https:\/\/swissxplorer.com\/"},{"@type":"ListItem","position":2,"name":"Tours","item":"https:\/\/swissxplorer.com\/tours\/"},{"@type":"ListItem","position":3,"name":"Tour to Cheese Factory from Zurich (Private)"}]},{"@type":"WebSite","@id":"https:\/\/swissxplorer.com\/#website","url":"https:\/\/swissxplorer.com\/","name":"Swiss Xplorer","description":"Tours in Switzerland","potentialAction":[{"@type":"SearchAction","target":{"@type":"EntryPoint","urlTemplate":"https:\/\/swissxplorer.com\/?s={search_term_string}"},"query-input":"required name=search_term_string"}],"inLanguage":"es"}]}},"_links":{"self":[{"href":"https:\/\/swissxplorer.com\/es\/wp-json\/wp\/v2\/product\/5609","targetHints":{"allow":["GET"]}}],"collection":[{"href":"https:\/\/swissxplorer.com\/es\/wp-json\/wp\/v2\/product"}],"about":[{"href":"https:\/\/swissxplorer.com\/es\/wp-json\/wp\/v2\/types\/product"}],"replies":[{"embeddable":true,"href":"https:\/\/swissxplorer.com\/es\/wp-json\/wp\/v2\/comments?post=5609"}],"wp:featuredmedia":[{"embeddable":true,"href":"https:\/\/swissxplorer.com\/es\/wp-json\/wp\/v2\/media\/5646"}],"wp:attachment":[{"href":"https:\/\/swissxplorer.com\/es\/wp-json\/wp\/v2\/media?parent=5609"}],"wp:term":[{"taxonomy":"product_cat","embeddable":true,"href":"https:\/\/swissxplorer.com\/es\/wp-json\/wp\/v2\/product_cat?post=5609"},{"taxonomy":"product_tag","embeddable":true,"href":"https:\/\/swissxplorer.com\/es\/wp-json\/wp\/v2\/product_tag?post=5609"}],"curies":[{"name":"wp","href":"https:\/\/api.w.org\/{rel}","templated":true}]}}