{"id":5144,"date":"2023-04-03T20:01:19","date_gmt":"2023-04-03T18:01:19","guid":{"rendered":"http:\/\/swissxplorer.com\/?post_type=product&#038;p=5144"},"modified":"2023-08-31T16:09:11","modified_gmt":"2023-08-31T14:09:11","slug":"tour-from-lucerne-to-lakes-and-alpine-villages","status":"publish","type":"product","link":"https:\/\/swissxplorer.com\/es\/tours\/tour-de-los-alpes-suizos-desde-lucerna-excursion-privada-de-un-dia-a-lagos-y-pueblos-alpinos\/","title":{"rendered":"<p>Tour Alpes Suizos desde Lucerna ? excursi\u00f3n privada de un d\u00eda a lagos y pueblos alpinos<\/p>"},"content":{"rendered":"<h2><strong> Descubra el esplendor alpino de los Alpes suizos<\/strong><p>Explore los Alpes suizos con un recorrido privado desde Lucerna a lagos y pueblos alpinos. \u00a1Descubre la regi\u00f3n m\u00e1s hermosa de Suiza en un solo d\u00eda!Suiza en su conjunto es innegablemente hermosa. Sin embargo, es la regi\u00f3n del Oberland bern\u00e9s la que destaca, con sus picos m\u00e1s altos que superan los 4.000 metros sobre el nivel del mar. El tour de un d\u00eda completo optimiza su viaje y le permite experimentar una multitud de lugares de inter\u00e9s en un solo d\u00eda.<\/p><h3><strong>Un viaje panor\u00e1mico por los Alpes suizos<\/strong><\/h3><p>Desde Lucerna, emprenda un viaje de ida y vuelta de 185 km en un c\u00f3modo Mercedes Clase V. Durante su viaje, ser\u00e1 recompensado con paisajes impresionantes. Adem\u00e1s, habr\u00e1 paradas espont\u00e1neas en los miradores, brindando amplias oportunidades para capturar fotos memorables.<\/p><p><span style=\"font-weight: 400;\">Su gu\u00eda lo llevar\u00e1 directamente al punto m\u00e1gico de los pueblos de cuento de hadas imperdibles en el campo de Suiza, brind\u00e1ndole mucha informaci\u00f3n sobre la regi\u00f3n. Descubre los mejores pueblos alpinos fuera de los caminos trillados en lugares remotos donde puedes reducir la velocidad, conectarte con la energ\u00eda de la naturaleza, respirar el aire puro de los Alpes y sentirte totalmente renovado. Tambi\u00e9n podr\u00e1s ver dos glaciares (incluso en verano) y dar un corto paseo en el tren local.&nbsp;&nbsp;<\/span><\/p><p><span style=\"font-weight: 400;\">\u00a1Nuestro gu\u00eda lo fotografiar\u00e1 a usted y a su familia a lo largo del recorrido Swiss Alps Tour, brindando im\u00e1genes sobresalientes y los mejores recuerdos!&nbsp;<\/span><\/p><h3><strong>Exploraci\u00f3n sin prisas \u2013 Tour de lagos y pueblos alpinos \u2013 desde Lucerna<\/strong><\/h3><p><span style=\"font-weight: 400;\">Un viaje a Suiza no puede considerarse completo sin una visita a los impresionantes Alpes suizos, \u00bfverdad? Por eso hemos seleccionado nuestros 3 pueblos alpinos favoritos para presentarle lo mejor de Suiza, la aut\u00e9ntica guinda del pastel. Y podr\u00e1s disfrutar de cada uno de ellos a tu propio ritmo y tiempo, sin prisas. Si lo solicita, tambi\u00e9n podemos adaptar su viaje a necesidades especiales. Si te alojas en Lucerna, nuestro tour de un d\u00eda completo desde Lucerna a lagos y pueblos alpinos es una opci\u00f3n ideal para sumergirte en la cautivadora belleza de la regi\u00f3n alpina.&nbsp;<\/span><\/p><h3><strong>Proceso de reserva y pago:<\/strong><\/h3><p>Para confirmar el precio del tour, proporcione el n\u00famero de participantes en el campo de datos en el lado derecho. El valor anterior se actualizar\u00e1 autom\u00e1ticamente.<\/p><p>Para comenzar su proceso de reserva, por favor proporcione los detalles necesarios para el viaje. Despu\u00e9s de eso, le enviaremos de inmediato un correo electr\u00f3nico confirmando la disponibilidad de fechas. Posteriormente, se le proporcionar\u00e1 un enlace de pago seguro para que realice un pago inicial 20% y asegure la fecha seleccionada. Este pago inicial sirve como garant\u00eda financiera en caso de cancelaci\u00f3n del cliente. El pago restante se puede realizar el d\u00eda del tour, ya sea con tarjeta de cr\u00e9dito o en efectivo. Tenga en cuenta que solo podemos confirmar su reserva una vez recibido el pago inicial de 20%. Si desea cancelar el recorrido, puede hacerlo hasta 30 d\u00edas antes de la fecha del recorrido y recibir un reembolso completo.<\/p><p>Para m\u00e1s opciones de tours y variedad de experiencias, lo invitamos a explorar nuestra selecci\u00f3n en nuestro sitio web: <a href=\"https:\/\/swissxplorer.com\/es\/\">Explorador suizo<\/a>. Descubra las posibilidades y cree recuerdos inolvidables de su viaje por Suiza.<\/p><p>Vea nuestros T\u00e9rminos y Condiciones aqu\u00ed: <a href=\"https:\/\/swissxplorer.com\/es\/politica-de-privacidad\/\" target=\"_blank\" rel=\"noopener\">T\u00e9rminos y condiciones<\/a><\/p><\/h2>","protected":false},"excerpt":{"rendered":"<p>Descubre el encanto de los pueblos de monta\u00f1a m\u00e1s serenos en un recorrido que quedar\u00e1 grabado en tu memoria para siempre. Cada destino tiene una belleza pintoresca distinta que cautivar\u00e1 tus sentidos. Nuestro recorrido cuidadosamente dise\u00f1ado est\u00e1 dise\u00f1ado para guiarlo a trav\u00e9s de estos impresionantes paisajes y crear un viaje inolvidable.<\/p>","protected":false},"featured_media":5647,"comment_status":"open","ping_status":"closed","template":"","meta":[],"product_cat":[98,89],"product_tag":[49,90,102,100,104,105,47],"class_list":["post-5144","product","type-product","status-publish","has-post-thumbnail","hentry","brw_type_of_tour-all","brw_type_of_tour-day-trip","product_cat-all","product_cat-lucerne","product_tag-holidayinswitzerland","product_tag-lucerne","product_tag-luxury-alpine-tours-in-switzerland","product_tag-private-guided-tours-of-the-swiss-alps","product_tag-private-tour-to-lauterbrunnen-from-lucerne","product_tag-private-tour-to-the-alps-from-lucerne","product_tag-privatetourinswitzerland"],"acf":[],"yoast_head":"<!-- This site is optimized with the Yoast SEO plugin v21.7 - https:\/\/yoast.com\/wordpress\/plugins\/seo\/ -->\n<title>Tour from Lucerne to lakes and alpine villages<\/title>\n<meta name=\"description\" content=\"Private Tour from Lucerne to explore enchanting lakes and alpine villages. Discover the undeniable charm of handpicked, picturesque mountains and villages.\" \/>\n<meta name=\"robots\" content=\"index, follow, max-snippet:-1, max-image-preview:large, max-video-preview:-1\" \/>\n<link rel=\"canonical\" href=\"https:\/\/swissxplorer.com\/es\/tours\/tour-de-los-alpes-suizos-desde-lucerna-excursion-privada-de-un-dia-a-lagos-y-pueblos-alpinos\/\" \/>\n<meta property=\"og:locale\" content=\"es_ES\" \/>\n<meta property=\"og:type\" content=\"article\" \/>\n<meta property=\"og:title\" content=\"Tour from Lucerne to lakes and alpine villages\" \/>\n<meta property=\"og:description\" content=\"Private Tour from Lucerne to explore enchanting lakes and alpine villages. Discover the undeniable charm of handpicked, picturesque mountains and villages.\" \/>\n<meta property=\"og:url\" content=\"https:\/\/swissxplorer.com\/es\/tours\/tour-de-los-alpes-suizos-desde-lucerna-excursion-privada-de-un-dia-a-lagos-y-pueblos-alpinos\/\" \/>\n<meta property=\"og:site_name\" content=\"Swiss Xplorer\" \/>\n<meta property=\"article:modified_time\" content=\"2023-08-31T14:09:11+00:00\" \/>\n<meta property=\"og:image\" content=\"http:\/\/swissxplorer.com\/wp-content\/uploads\/2023\/04\/IMG_6454.jpg\" \/>\n\t<meta property=\"og:image:width\" content=\"2016\" \/>\n\t<meta property=\"og:image:height\" content=\"1512\" \/>\n\t<meta property=\"og:image:type\" content=\"image\/jpeg\" \/>\n<meta name=\"twitter:card\" content=\"summary_large_image\" \/>\n<meta name=\"twitter:label1\" content=\"Tiempo de lectura\" \/>\n\t<meta name=\"twitter:data1\" content=\"3 minutos\" \/>\n<script type=\"application\/ld+json\" class=\"yoast-schema-graph\">{\"@context\":\"https:\/\/schema.org\",\"@graph\":[{\"@type\":\"WebPage\",\"@id\":\"https:\/\/swissxplorer.com\/tours\/tour-from-lucerne-to-lakes-and-alpine-villages\/\",\"url\":\"https:\/\/swissxplorer.com\/tours\/tour-from-lucerne-to-lakes-and-alpine-villages\/\",\"name\":\"Tour from Lucerne to lakes and alpine villages\",\"isPartOf\":{\"@id\":\"https:\/\/swissxplorer.com\/#website\"},\"datePublished\":\"2023-04-03T18:01:19+00:00\",\"dateModified\":\"2023-08-31T14:09:11+00:00\",\"description\":\"Private Tour from Lucerne to explore enchanting lakes and alpine villages. Discover the undeniable charm of handpicked, picturesque mountains and villages.\",\"breadcrumb\":{\"@id\":\"https:\/\/swissxplorer.com\/tours\/tour-from-lucerne-to-lakes-and-alpine-villages\/#breadcrumb\"},\"inLanguage\":\"es\",\"potentialAction\":[{\"@type\":\"ReadAction\",\"target\":[\"https:\/\/swissxplorer.com\/tours\/tour-from-lucerne-to-lakes-and-alpine-villages\/\"]}]},{\"@type\":\"BreadcrumbList\",\"@id\":\"https:\/\/swissxplorer.com\/tours\/tour-from-lucerne-to-lakes-and-alpine-villages\/#breadcrumb\",\"itemListElement\":[{\"@type\":\"ListItem\",\"position\":1,\"name\":\"Home\",\"item\":\"https:\/\/swissxplorer.com\/\"},{\"@type\":\"ListItem\",\"position\":2,\"name\":\"Tours\",\"item\":\"https:\/\/swissxplorer.com\/tours\/\"},{\"@type\":\"ListItem\",\"position\":3,\"name\":\"Swiss Alps Tour from Lucerne \u2013 private day trip to lakes and alpine villages\"}]},{\"@type\":\"WebSite\",\"@id\":\"https:\/\/swissxplorer.com\/#website\",\"url\":\"https:\/\/swissxplorer.com\/\",\"name\":\"Swiss Xplorer\",\"description\":\"Tours in Switzerland\",\"potentialAction\":[{\"@type\":\"SearchAction\",\"target\":{\"@type\":\"EntryPoint\",\"urlTemplate\":\"https:\/\/swissxplorer.com\/?s={search_term_string}\"},\"query-input\":\"required name=search_term_string\"}],\"inLanguage\":\"es\"}]}<\/script>\n<!-- \/ Yoast SEO plugin. -->","yoast_head_json":{"title":"Tour from Lucerne to lakes and alpine villages","description":"Private Tour from Lucerne to explore enchanting lakes and alpine villages. Discover the undeniable charm of handpicked, picturesque mountains and villages.","robots":{"index":"index","follow":"follow","max-snippet":"max-snippet:-1","max-image-preview":"max-image-preview:large","max-video-preview":"max-video-preview:-1"},"canonical":"https:\/\/swissxplorer.com\/es\/tours\/tour-de-los-alpes-suizos-desde-lucerna-excursion-privada-de-un-dia-a-lagos-y-pueblos-alpinos\/","og_locale":"es_ES","og_type":"article","og_title":"Tour from Lucerne to lakes and alpine villages","og_description":"Private Tour from Lucerne to explore enchanting lakes and alpine villages. Discover the undeniable charm of handpicked, picturesque mountains and villages.","og_url":"https:\/\/swissxplorer.com\/es\/tours\/tour-de-los-alpes-suizos-desde-lucerna-excursion-privada-de-un-dia-a-lagos-y-pueblos-alpinos\/","og_site_name":"Swiss Xplorer","article_modified_time":"2023-08-31T14:09:11+00:00","og_image":[{"width":2016,"height":1512,"url":"http:\/\/swissxplorer.com\/wp-content\/uploads\/2023\/04\/IMG_6454.jpg","type":"image\/jpeg"}],"twitter_card":"summary_large_image","twitter_misc":{"Tiempo de lectura":"3 minutos"},"schema":{"@context":"https:\/\/schema.org","@graph":[{"@type":"WebPage","@id":"https:\/\/swissxplorer.com\/tours\/tour-from-lucerne-to-lakes-and-alpine-villages\/","url":"https:\/\/swissxplorer.com\/tours\/tour-from-lucerne-to-lakes-and-alpine-villages\/","name":"Tour from Lucerne to lakes and alpine villages","isPartOf":{"@id":"https:\/\/swissxplorer.com\/#website"},"datePublished":"2023-04-03T18:01:19+00:00","dateModified":"2023-08-31T14:09:11+00:00","description":"Private Tour from Lucerne to explore enchanting lakes and alpine villages. Discover the undeniable charm of handpicked, picturesque mountains and villages.","breadcrumb":{"@id":"https:\/\/swissxplorer.com\/tours\/tour-from-lucerne-to-lakes-and-alpine-villages\/#breadcrumb"},"inLanguage":"es","potentialAction":[{"@type":"ReadAction","target":["https:\/\/swissxplorer.com\/tours\/tour-from-lucerne-to-lakes-and-alpine-villages\/"]}]},{"@type":"BreadcrumbList","@id":"https:\/\/swissxplorer.com\/tours\/tour-from-lucerne-to-lakes-and-alpine-villages\/#breadcrumb","itemListElement":[{"@type":"ListItem","position":1,"name":"Home","item":"https:\/\/swissxplorer.com\/"},{"@type":"ListItem","position":2,"name":"Tours","item":"https:\/\/swissxplorer.com\/tours\/"},{"@type":"ListItem","position":3,"name":"Swiss Alps Tour from Lucerne \u2013 private day trip to lakes and alpine villages"}]},{"@type":"WebSite","@id":"https:\/\/swissxplorer.com\/#website","url":"https:\/\/swissxplorer.com\/","name":"Swiss Xplorer","description":"Tours in Switzerland","potentialAction":[{"@type":"SearchAction","target":{"@type":"EntryPoint","urlTemplate":"https:\/\/swissxplorer.com\/?s={search_term_string}"},"query-input":"required name=search_term_string"}],"inLanguage":"es"}]}},"_links":{"self":[{"href":"https:\/\/swissxplorer.com\/es\/wp-json\/wp\/v2\/product\/5144","targetHints":{"allow":["GET"]}}],"collection":[{"href":"https:\/\/swissxplorer.com\/es\/wp-json\/wp\/v2\/product"}],"about":[{"href":"https:\/\/swissxplorer.com\/es\/wp-json\/wp\/v2\/types\/product"}],"replies":[{"embeddable":true,"href":"https:\/\/swissxplorer.com\/es\/wp-json\/wp\/v2\/comments?post=5144"}],"wp:featuredmedia":[{"embeddable":true,"href":"https:\/\/swissxplorer.com\/es\/wp-json\/wp\/v2\/media\/5647"}],"wp:attachment":[{"href":"https:\/\/swissxplorer.com\/es\/wp-json\/wp\/v2\/media?parent=5144"}],"wp:term":[{"taxonomy":"product_cat","embeddable":true,"href":"https:\/\/swissxplorer.com\/es\/wp-json\/wp\/v2\/product_cat?post=5144"},{"taxonomy":"product_tag","embeddable":true,"href":"https:\/\/swissxplorer.com\/es\/wp-json\/wp\/v2\/product_tag?post=5144"}],"curies":[{"name":"wp","href":"https:\/\/api.w.org\/{rel}","templated":true}]}}