{"id":5142,"date":"2023-04-03T19:56:25","date_gmt":"2023-04-03T17:56:25","guid":{"rendered":"http:\/\/swissxplorer.com\/?post_type=product&#038;p=5142"},"modified":"2024-06-29T19:33:31","modified_gmt":"2024-06-29T17:33:31","slug":"tour-interlaken-boat-trip-brienz-lake","status":"publish","type":"product","link":"https:\/\/swissxplorer.com\/es\/tours\/tour-de-dia-completo-a-interlaken-y-viaje-en-barco-por-el-lago-brienz-desde-lucerna\/","title":{"rendered":"<p>Excursi\u00f3n de d\u00eda completo a Interlaken y paseo en barco por el lago de Brienz desde Lucerna<\/p>"},"content":{"rendered":"<p>El tour de un d\u00eda completo a Interlaken y el paseo en barco por el lago Brienz desde Lucerna ofrece una visi\u00f3n impresionante de algunos de los paisajes m\u00e1s impresionantes que Suiza tiene para ofrecer.<h3>Primera parada<\/h3><p>Su recorrido de d\u00eda completo comienza en su hotel en Lucerna, donde su gu\u00eda lo recibir\u00e1 y abordar\u00e1 un lujoso Mercedes V Class que lo llevar\u00e1 a uno de los paisajes m\u00e1s pintorescos del campo de Suiza. El viaje privado de 50 minutos a Interlaken se ve recompensado por maravillosos paisajes y paradas espont\u00e1neas para tomar fotograf\u00edas en miradores, lagos turquesas y pueblos con encanto.<\/p><h3>Segunda parada<\/h3><p>En Interlaken abordaremos un barco para un paseo de 1 hora. Podr\u00e1s apreciar todo el entorno que de repente parece a\u00fan m\u00e1s m\u00e1gico que en la vida real: prados, t\u00edpicos chalets de madera suizos y el color \u00fanico de Brienz: \u00a1el turquesa! Se podr\u00eda pensar que el fot\u00f3grafo aument\u00f3 la saturaci\u00f3n en Photoshop. Sin embargo, el color es real debido a los peque\u00f1os sedimentos depositados en el lago por el deshielo del glaciar.<\/p><h3>Tercera parada<\/h3><p>Este d\u00eda memorable contin\u00faa con un viaje en funicular antiguo hasta el hist\u00f3rico Grand Hotel Giessbach. \u00a1Aqu\u00ed puedes hacer una parada para tomar un caf\u00e9, champ\u00e1n o almorzar! Tambi\u00e9n puede realizar una corta caminata opcional para ver el majestuoso espect\u00e1culo natural de las cataratas de Giessbach que caen en el lago Brienz.<\/p><p>\u00a1Nuestro gu\u00eda lo fotografiar\u00e1 a usted y a su familia a lo largo del recorrido brind\u00e1ndole im\u00e1genes excepcionales y los mejores recuerdos! Podr\u00e1s disfrutar de cada momento a tu propio tiempo y ritmo, sin prisas.<\/p><p>El recorrido por Interlaken y el paseo en barco por el lago Brienz desde Lucerna ofrece flexibilidad y personalizaci\u00f3n para adaptarse a sus preferencias. Si tiene requisitos espec\u00edficos, no dude en hac\u00e9rnoslo saber y tambi\u00e9n podemos satisfacer cualquier necesidad especial que pueda tener.<\/p><p>&nbsp;<\/p><h3><strong>Proceso de reserva y pago:<\/strong><\/h3><p>Para confirmar el precio del tour, proporcione el n\u00famero de participantes en el campo de datos en el lado derecho. El valor anterior se actualizar\u00e1 autom\u00e1ticamente.<\/p><p>Para comenzar su proceso de reserva, por favor proporcione los detalles necesarios para el viaje. A continuaci\u00f3n, le enviaremos un correo electr\u00f3nico confirmando la disponibilidad de fechas. Posteriormente, le proporcionaremos un enlace de pago seguro. Este enlace le permitir\u00e1 realizar un pago inicial de 20% y asegurar la fecha seleccionada. Este pago inicial sirve como garant\u00eda financiera en caso de cancelaci\u00f3n del cliente. El pago restante se podr\u00e1 realizar el d\u00eda del tour, ya sea con tarjeta de cr\u00e9dito o en efectivo. Tenga en cuenta que solo podemos confirmar su reserva tras recibir el pago inicial del 20%. Si desea cancelar el recorrido, tiene la opci\u00f3n de hacerlo hasta 30 d\u00edas antes de la fecha del recorrido. En tales casos, recibir\u00e1 un reembolso completo.<\/p><p>Para m\u00e1s opciones de tours y variedad de experiencias, lo invitamos a explorar nuestra selecci\u00f3n en nuestro sitio web: <a href=\"https:\/\/swissxplorer.com\/es\/\">Explorador suizo<\/a>. Descubra las posibilidades y cree recuerdos inolvidables de su viaje por Suiza.<\/p><p>Vea nuestros T\u00e9rminos y Condiciones aqu\u00ed: <a href=\"https:\/\/swissxplorer.com\/es\/politica-de-privacidad\/\" target=\"_blank\" rel=\"noopener\">T\u00e9rminos y condiciones<\/a><\/p><\/p>","protected":false},"excerpt":{"rendered":"<p>El tour de un d\u00eda completo a Interlaken y el paseo en barco por el lago Brienz desde Lucerna ofrece una visi\u00f3n impresionante de algunos de los paisajes m\u00e1s impresionantes que Suiza tiene para ofrecer.<\/p>","protected":false},"featured_media":5648,"comment_status":"open","ping_status":"closed","template":"","meta":[],"product_cat":[98,89],"product_tag":[112,113,118,90,110,111,117,114,116,115,119],"class_list":["post-5142","product","type-product","status-publish","has-post-thumbnail","hentry","brw_type_of_tour-all","brw_type_of_tour-day-trip","product_cat-all","product_cat-lucerne","product_tag-best-private-tours-in-switzerland","product_tag-full-day-tour-to-interlaken","product_tag-guided-tour-to-lake-brienz","product_tag-lucerne","product_tag-luxury-private-tour-switzerland","product_tag-private-tour-guide-in-switzerland","product_tag-tor-from-luzern-to-lake-brienz","product_tag-tour-from-lucerne","product_tag-tour-from-luzern","product_tag-tours-from-lucerne","product_tag-trip-to-brienzersee-from-lucerne"],"acf":[],"yoast_head":"<!-- This site is optimized with the Yoast SEO plugin v21.7 - https:\/\/yoast.com\/wordpress\/plugins\/seo\/ -->\n<title>Tour to Interlaken with Boat Trip on Brienz Lake<\/title>\n<meta name=\"description\" content=\"Experience the Tour to Interlaken, marveling at mountain ranges on a turquoise Lake Brienz boat trip and enjoying panoramic village views.\" \/>\n<meta name=\"robots\" content=\"index, follow, max-snippet:-1, max-image-preview:large, max-video-preview:-1\" \/>\n<link rel=\"canonical\" href=\"https:\/\/swissxplorer.com\/es\/tours\/tour-de-dia-completo-a-interlaken-y-viaje-en-barco-por-el-lago-brienz-desde-lucerna\/\" \/>\n<meta property=\"og:locale\" content=\"es_ES\" \/>\n<meta property=\"og:type\" content=\"article\" \/>\n<meta property=\"og:title\" content=\"Tour to Interlaken with Boat Trip on Brienz Lake\" \/>\n<meta property=\"og:description\" content=\"Experience the Tour to Interlaken, marveling at mountain ranges on a turquoise Lake Brienz boat trip and enjoying panoramic village views.\" \/>\n<meta property=\"og:url\" content=\"https:\/\/swissxplorer.com\/es\/tours\/tour-de-dia-completo-a-interlaken-y-viaje-en-barco-por-el-lago-brienz-desde-lucerna\/\" \/>\n<meta property=\"og:site_name\" content=\"Swiss Xplorer\" \/>\n<meta property=\"article:modified_time\" content=\"2024-06-29T17:33:31+00:00\" \/>\n<meta property=\"og:image\" content=\"http:\/\/swissxplorer.com\/wp-content\/uploads\/2023\/04\/IMG_4853.jpg\" \/>\n\t<meta property=\"og:image:width\" content=\"2016\" \/>\n\t<meta property=\"og:image:height\" content=\"1512\" \/>\n\t<meta property=\"og:image:type\" content=\"image\/jpeg\" \/>\n<meta name=\"twitter:card\" content=\"summary_large_image\" \/>\n<meta name=\"twitter:label1\" content=\"Tiempo de lectura\" \/>\n\t<meta name=\"twitter:data1\" content=\"3 minutos\" \/>\n<script type=\"application\/ld+json\" class=\"yoast-schema-graph\">{\"@context\":\"https:\/\/schema.org\",\"@graph\":[{\"@type\":\"WebPage\",\"@id\":\"https:\/\/swissxplorer.com\/tours\/tour-interlaken-boat-trip-brienz-lake\/\",\"url\":\"https:\/\/swissxplorer.com\/tours\/tour-interlaken-boat-trip-brienz-lake\/\",\"name\":\"Tour to Interlaken with Boat Trip on Brienz Lake\",\"isPartOf\":{\"@id\":\"https:\/\/swissxplorer.com\/#website\"},\"datePublished\":\"2023-04-03T17:56:25+00:00\",\"dateModified\":\"2024-06-29T17:33:31+00:00\",\"description\":\"Experience the Tour to Interlaken, marveling at mountain ranges on a turquoise Lake Brienz boat trip and enjoying panoramic village views.\",\"breadcrumb\":{\"@id\":\"https:\/\/swissxplorer.com\/tours\/tour-interlaken-boat-trip-brienz-lake\/#breadcrumb\"},\"inLanguage\":\"es\",\"potentialAction\":[{\"@type\":\"ReadAction\",\"target\":[\"https:\/\/swissxplorer.com\/tours\/tour-interlaken-boat-trip-brienz-lake\/\"]}]},{\"@type\":\"BreadcrumbList\",\"@id\":\"https:\/\/swissxplorer.com\/tours\/tour-interlaken-boat-trip-brienz-lake\/#breadcrumb\",\"itemListElement\":[{\"@type\":\"ListItem\",\"position\":1,\"name\":\"Home\",\"item\":\"https:\/\/swissxplorer.com\/\"},{\"@type\":\"ListItem\",\"position\":2,\"name\":\"Tours\",\"item\":\"https:\/\/swissxplorer.com\/tours\/\"},{\"@type\":\"ListItem\",\"position\":3,\"name\":\"Full Day Tour to Interlaken and Boat Trip on Brienz Lake from Lucerne\"}]},{\"@type\":\"WebSite\",\"@id\":\"https:\/\/swissxplorer.com\/#website\",\"url\":\"https:\/\/swissxplorer.com\/\",\"name\":\"Swiss Xplorer\",\"description\":\"Tours in Switzerland\",\"potentialAction\":[{\"@type\":\"SearchAction\",\"target\":{\"@type\":\"EntryPoint\",\"urlTemplate\":\"https:\/\/swissxplorer.com\/?s={search_term_string}\"},\"query-input\":\"required name=search_term_string\"}],\"inLanguage\":\"es\"}]}<\/script>\n<!-- \/ Yoast SEO plugin. -->","yoast_head_json":{"title":"Tour to Interlaken with Boat Trip on Brienz Lake","description":"Experience the Tour to Interlaken, marveling at mountain ranges on a turquoise Lake Brienz boat trip and enjoying panoramic village views.","robots":{"index":"index","follow":"follow","max-snippet":"max-snippet:-1","max-image-preview":"max-image-preview:large","max-video-preview":"max-video-preview:-1"},"canonical":"https:\/\/swissxplorer.com\/es\/tours\/tour-de-dia-completo-a-interlaken-y-viaje-en-barco-por-el-lago-brienz-desde-lucerna\/","og_locale":"es_ES","og_type":"article","og_title":"Tour to Interlaken with Boat Trip on Brienz Lake","og_description":"Experience the Tour to Interlaken, marveling at mountain ranges on a turquoise Lake Brienz boat trip and enjoying panoramic village views.","og_url":"https:\/\/swissxplorer.com\/es\/tours\/tour-de-dia-completo-a-interlaken-y-viaje-en-barco-por-el-lago-brienz-desde-lucerna\/","og_site_name":"Swiss Xplorer","article_modified_time":"2024-06-29T17:33:31+00:00","og_image":[{"width":2016,"height":1512,"url":"http:\/\/swissxplorer.com\/wp-content\/uploads\/2023\/04\/IMG_4853.jpg","type":"image\/jpeg"}],"twitter_card":"summary_large_image","twitter_misc":{"Tiempo de lectura":"3 minutos"},"schema":{"@context":"https:\/\/schema.org","@graph":[{"@type":"WebPage","@id":"https:\/\/swissxplorer.com\/tours\/tour-interlaken-boat-trip-brienz-lake\/","url":"https:\/\/swissxplorer.com\/tours\/tour-interlaken-boat-trip-brienz-lake\/","name":"Tour to Interlaken with Boat Trip on Brienz Lake","isPartOf":{"@id":"https:\/\/swissxplorer.com\/#website"},"datePublished":"2023-04-03T17:56:25+00:00","dateModified":"2024-06-29T17:33:31+00:00","description":"Experience the Tour to Interlaken, marveling at mountain ranges on a turquoise Lake Brienz boat trip and enjoying panoramic village views.","breadcrumb":{"@id":"https:\/\/swissxplorer.com\/tours\/tour-interlaken-boat-trip-brienz-lake\/#breadcrumb"},"inLanguage":"es","potentialAction":[{"@type":"ReadAction","target":["https:\/\/swissxplorer.com\/tours\/tour-interlaken-boat-trip-brienz-lake\/"]}]},{"@type":"BreadcrumbList","@id":"https:\/\/swissxplorer.com\/tours\/tour-interlaken-boat-trip-brienz-lake\/#breadcrumb","itemListElement":[{"@type":"ListItem","position":1,"name":"Home","item":"https:\/\/swissxplorer.com\/"},{"@type":"ListItem","position":2,"name":"Tours","item":"https:\/\/swissxplorer.com\/tours\/"},{"@type":"ListItem","position":3,"name":"Full Day Tour to Interlaken and Boat Trip on Brienz Lake from Lucerne"}]},{"@type":"WebSite","@id":"https:\/\/swissxplorer.com\/#website","url":"https:\/\/swissxplorer.com\/","name":"Swiss Xplorer","description":"Tours in Switzerland","potentialAction":[{"@type":"SearchAction","target":{"@type":"EntryPoint","urlTemplate":"https:\/\/swissxplorer.com\/?s={search_term_string}"},"query-input":"required name=search_term_string"}],"inLanguage":"es"}]}},"_links":{"self":[{"href":"https:\/\/swissxplorer.com\/es\/wp-json\/wp\/v2\/product\/5142","targetHints":{"allow":["GET"]}}],"collection":[{"href":"https:\/\/swissxplorer.com\/es\/wp-json\/wp\/v2\/product"}],"about":[{"href":"https:\/\/swissxplorer.com\/es\/wp-json\/wp\/v2\/types\/product"}],"replies":[{"embeddable":true,"href":"https:\/\/swissxplorer.com\/es\/wp-json\/wp\/v2\/comments?post=5142"}],"wp:featuredmedia":[{"embeddable":true,"href":"https:\/\/swissxplorer.com\/es\/wp-json\/wp\/v2\/media\/5648"}],"wp:attachment":[{"href":"https:\/\/swissxplorer.com\/es\/wp-json\/wp\/v2\/media?parent=5142"}],"wp:term":[{"taxonomy":"product_cat","embeddable":true,"href":"https:\/\/swissxplorer.com\/es\/wp-json\/wp\/v2\/product_cat?post=5142"},{"taxonomy":"product_tag","embeddable":true,"href":"https:\/\/swissxplorer.com\/es\/wp-json\/wp\/v2\/product_tag?post=5142"}],"curies":[{"name":"wp","href":"https:\/\/api.w.org\/{rel}","templated":true}]}}