{"id":5141,"date":"2023-04-03T19:37:21","date_gmt":"2023-04-03T17:37:21","guid":{"rendered":"http:\/\/swissxplorer.com\/?post_type=product&#038;p=5141"},"modified":"2023-08-31T16:11:09","modified_gmt":"2023-08-31T14:11:09","slug":"tour-pilatus-mountain","status":"publish","type":"product","link":"https:\/\/swissxplorer.com\/es\/tours\/tour-privado-de-medio-dia-desde-lucerna-a-pilatus-mountain-adventure-in-summer-paradise\/","title":{"rendered":"<p>Tour privado de medio d\u00eda desde Lucerna al monte Pilatus: aventura en el para\u00edso de verano<\/p>"},"content":{"rendered":"<p>\u00bfQu\u00e9 tal disfrutar de una pista de trineo de verano en Suiza?<p>Despu\u00e9s de que nuestro chofer lo recoja en su hotel en Z\u00farich, rel\u00e1jese en un c\u00f3modo Mercedes Clase V y saboree el viaje privado de 50 minutos hasta el punto de partida del telef\u00e9rico.<\/p><p>Primero, subiremos juntos hasta la cima. Se puede llegar a la cordillera de Pilatus, que se eleva sobre la regi\u00f3n con sus 2.128 metros de altura, en telecabina y en telef\u00e9rico. En d\u00edas claros, la monta\u00f1a ofrece una vista panor\u00e1mica de 73 picos alpinos. \u00a1Podremos contemplar una vista impresionante!<\/p><p>Despu\u00e9s de eso, \u00a1comenzar\u00e1 la diversi\u00f3n en trineo para toda la familia! En una longitud de 1350 metros, puedes contar con numerosas curvas pronunciadas y t\u00faneles. \u00a1Una experiencia inolvidable! Puedes optar por bajar por el valle a alta velocidad o disfrutar del paseo a un ritmo m\u00e1s tranquilo - cada persona puede determinar su propia velocidad. Disfruta de una magn\u00edfica vista panor\u00e1mica alpina mientras te transportan de regreso al punto inicial en telesilla.<\/p><p>\u00a1No tendr\u00e1s que preocuparte por nada! Nosotros hacemos las reservas, compramos las entradas, te recogemos y te acompa\u00f1amos durante todo el d\u00eda y en todas las actividades, a tu ritmo, sin prisas. \u00a1Nuestro gu\u00eda lo fotografiar\u00e1 a usted y a su familia a lo largo del recorrido brind\u00e1ndole im\u00e1genes excepcionales y los mejores recuerdos! Si lo solicita, tambi\u00e9n podemos personalizar su viaje para satisfacer necesidades especiales.<\/p><h3><strong>Proceso de reserva y pago:<\/strong><\/h3><p>Para confirmar el precio del tour, proporcione el n\u00famero de participantes en el campo de datos en el lado derecho. El valor anterior se actualizar\u00e1 autom\u00e1ticamente.<\/p><p>Para comenzar su proceso de reserva, por favor proporcione los detalles necesarios para el viaje. A continuaci\u00f3n, le enviaremos un correo electr\u00f3nico confirmando la disponibilidad de fechas. Posteriormente, se le proporcionar\u00e1 un enlace de pago seguro. Este enlace le permitir\u00e1 realizar un pago inicial de 20% y asegurar la fecha seleccionada. Adem\u00e1s, este pago inicial sirve como garant\u00eda financiera en caso de cancelaci\u00f3n del cliente. El pago restante se podr\u00e1 realizar el d\u00eda del tour, ya sea con tarjeta de cr\u00e9dito o en efectivo. Tenga en cuenta que solo podemos confirmar su reserva tras recibir el pago inicial del 20%. Si desea cancelar el recorrido, puede hacerlo hasta 30 d\u00edas antes de la fecha del recorrido y recibir un reembolso completo.<\/p><p>Para m\u00e1s opciones de tours y variedad de experiencias, lo invitamos a explorar nuestra selecci\u00f3n en nuestro sitio web: <a href=\"https:\/\/swissxplorer.com\/es\/\">Explorador suizo<\/a>. Descubra las posibilidades y cree recuerdos inolvidables de su viaje por Suiza.<\/p><p>Vea nuestros T\u00e9rminos y Condiciones aqu\u00ed: <a href=\"https:\/\/swissxplorer.com\/es\/politica-de-privacidad\/\" target=\"_blank\" rel=\"noopener\">T\u00e9rminos y condiciones<\/a><\/p><\/p>","protected":false},"excerpt":{"rendered":"<p>Disfrute de la pista de trineo de verano m\u00e1s larga de Suiza con un tour privado a un suizo<br>\nMonta\u00f1a<\/p>","protected":false},"featured_media":5759,"comment_status":"open","ping_status":"closed","template":"","meta":[],"product_cat":[98,89],"product_tag":[140,141,90,142,144,145,143],"class_list":["post-5141","product","type-product","status-publish","has-post-thumbnail","hentry","brw_type_of_tour-all","brw_type_of_tour-half-day-tour","product_cat-all","product_cat-lucerne","product_tag-half-day-tour-from-lucerne","product_tag-half-day-tour-from-luzerne","product_tag-lucerne","product_tag-lucerne-atractions","product_tag-lucerne-summer-tours","product_tag-lucerne-tour-mountain","product_tag-what-to-do-in-luzern-tours"],"acf":[],"yoast_head":"<!-- This site is optimized with the Yoast SEO plugin v21.7 - https:\/\/yoast.com\/wordpress\/plugins\/seo\/ -->\n<title>Tour to Pilatus Mountain Summer Paradise<\/title>\n<meta name=\"description\" content=\"Enjoy the longest summer-toboggan run in Switzerland with a private tour to Pilatus Mountain from Lucerne, a summer paradise!\" \/>\n<meta name=\"robots\" content=\"index, follow, max-snippet:-1, max-image-preview:large, max-video-preview:-1\" \/>\n<link rel=\"canonical\" href=\"https:\/\/swissxplorer.com\/es\/tours\/tour-privado-de-medio-dia-desde-lucerna-a-pilatus-mountain-adventure-in-summer-paradise\/\" \/>\n<meta property=\"og:locale\" content=\"es_ES\" \/>\n<meta property=\"og:type\" content=\"article\" \/>\n<meta property=\"og:title\" content=\"Tour to Pilatus Mountain Summer Paradise\" \/>\n<meta property=\"og:description\" content=\"Enjoy the longest summer-toboggan run in Switzerland with a private tour to Pilatus Mountain from Lucerne, a summer paradise!\" \/>\n<meta property=\"og:url\" content=\"https:\/\/swissxplorer.com\/es\/tours\/tour-privado-de-medio-dia-desde-lucerna-a-pilatus-mountain-adventure-in-summer-paradise\/\" \/>\n<meta property=\"og:site_name\" content=\"Swiss Xplorer\" \/>\n<meta property=\"article:modified_time\" content=\"2023-08-31T14:11:09+00:00\" \/>\n<meta property=\"og:image\" content=\"http:\/\/swissxplorer.com\/wp-content\/uploads\/2023\/04\/Pilatus_DragonRide_Sommer_Vierwaldstattersee-scaled.jpg\" \/>\n\t<meta property=\"og:image:width\" content=\"2560\" \/>\n\t<meta property=\"og:image:height\" content=\"1748\" \/>\n\t<meta property=\"og:image:type\" content=\"image\/jpeg\" \/>\n<meta name=\"twitter:card\" content=\"summary_large_image\" \/>\n<meta name=\"twitter:label1\" content=\"Tiempo de lectura\" \/>\n\t<meta name=\"twitter:data1\" content=\"2 minutos\" \/>\n<script type=\"application\/ld+json\" class=\"yoast-schema-graph\">{\"@context\":\"https:\/\/schema.org\",\"@graph\":[{\"@type\":\"WebPage\",\"@id\":\"https:\/\/swissxplorer.com\/tours\/tour-pilatus-mountain\/\",\"url\":\"https:\/\/swissxplorer.com\/tours\/tour-pilatus-mountain\/\",\"name\":\"Tour to Pilatus Mountain Summer Paradise\",\"isPartOf\":{\"@id\":\"https:\/\/swissxplorer.com\/#website\"},\"datePublished\":\"2023-04-03T17:37:21+00:00\",\"dateModified\":\"2023-08-31T14:11:09+00:00\",\"description\":\"Enjoy the longest summer-toboggan run in Switzerland with a private tour to Pilatus Mountain from Lucerne, a summer paradise!\",\"breadcrumb\":{\"@id\":\"https:\/\/swissxplorer.com\/tours\/tour-pilatus-mountain\/#breadcrumb\"},\"inLanguage\":\"es\",\"potentialAction\":[{\"@type\":\"ReadAction\",\"target\":[\"https:\/\/swissxplorer.com\/tours\/tour-pilatus-mountain\/\"]}]},{\"@type\":\"BreadcrumbList\",\"@id\":\"https:\/\/swissxplorer.com\/tours\/tour-pilatus-mountain\/#breadcrumb\",\"itemListElement\":[{\"@type\":\"ListItem\",\"position\":1,\"name\":\"Home\",\"item\":\"https:\/\/swissxplorer.com\/\"},{\"@type\":\"ListItem\",\"position\":2,\"name\":\"Tours\",\"item\":\"https:\/\/swissxplorer.com\/tours\/\"},{\"@type\":\"ListItem\",\"position\":3,\"name\":\"Private Half Day Tour from Lucerne to Pilatus Mountain &#8211; Adventure in Summer Paradise\"}]},{\"@type\":\"WebSite\",\"@id\":\"https:\/\/swissxplorer.com\/#website\",\"url\":\"https:\/\/swissxplorer.com\/\",\"name\":\"Swiss Xplorer\",\"description\":\"Tours in Switzerland\",\"potentialAction\":[{\"@type\":\"SearchAction\",\"target\":{\"@type\":\"EntryPoint\",\"urlTemplate\":\"https:\/\/swissxplorer.com\/?s={search_term_string}\"},\"query-input\":\"required name=search_term_string\"}],\"inLanguage\":\"es\"}]}<\/script>\n<!-- \/ Yoast SEO plugin. -->","yoast_head_json":{"title":"Tour to Pilatus Mountain Summer Paradise","description":"Enjoy the longest summer-toboggan run in Switzerland with a private tour to Pilatus Mountain from Lucerne, a summer paradise!","robots":{"index":"index","follow":"follow","max-snippet":"max-snippet:-1","max-image-preview":"max-image-preview:large","max-video-preview":"max-video-preview:-1"},"canonical":"https:\/\/swissxplorer.com\/es\/tours\/tour-privado-de-medio-dia-desde-lucerna-a-pilatus-mountain-adventure-in-summer-paradise\/","og_locale":"es_ES","og_type":"article","og_title":"Tour to Pilatus Mountain Summer Paradise","og_description":"Enjoy the longest summer-toboggan run in Switzerland with a private tour to Pilatus Mountain from Lucerne, a summer paradise!","og_url":"https:\/\/swissxplorer.com\/es\/tours\/tour-privado-de-medio-dia-desde-lucerna-a-pilatus-mountain-adventure-in-summer-paradise\/","og_site_name":"Swiss Xplorer","article_modified_time":"2023-08-31T14:11:09+00:00","og_image":[{"width":2560,"height":1748,"url":"http:\/\/swissxplorer.com\/wp-content\/uploads\/2023\/04\/Pilatus_DragonRide_Sommer_Vierwaldstattersee-scaled.jpg","type":"image\/jpeg"}],"twitter_card":"summary_large_image","twitter_misc":{"Tiempo de lectura":"2 minutos"},"schema":{"@context":"https:\/\/schema.org","@graph":[{"@type":"WebPage","@id":"https:\/\/swissxplorer.com\/tours\/tour-pilatus-mountain\/","url":"https:\/\/swissxplorer.com\/tours\/tour-pilatus-mountain\/","name":"Tour to Pilatus Mountain Summer Paradise","isPartOf":{"@id":"https:\/\/swissxplorer.com\/#website"},"datePublished":"2023-04-03T17:37:21+00:00","dateModified":"2023-08-31T14:11:09+00:00","description":"Enjoy the longest summer-toboggan run in Switzerland with a private tour to Pilatus Mountain from Lucerne, a summer paradise!","breadcrumb":{"@id":"https:\/\/swissxplorer.com\/tours\/tour-pilatus-mountain\/#breadcrumb"},"inLanguage":"es","potentialAction":[{"@type":"ReadAction","target":["https:\/\/swissxplorer.com\/tours\/tour-pilatus-mountain\/"]}]},{"@type":"BreadcrumbList","@id":"https:\/\/swissxplorer.com\/tours\/tour-pilatus-mountain\/#breadcrumb","itemListElement":[{"@type":"ListItem","position":1,"name":"Home","item":"https:\/\/swissxplorer.com\/"},{"@type":"ListItem","position":2,"name":"Tours","item":"https:\/\/swissxplorer.com\/tours\/"},{"@type":"ListItem","position":3,"name":"Private Half Day Tour from Lucerne to Pilatus Mountain &#8211; Adventure in Summer Paradise"}]},{"@type":"WebSite","@id":"https:\/\/swissxplorer.com\/#website","url":"https:\/\/swissxplorer.com\/","name":"Swiss Xplorer","description":"Tours in Switzerland","potentialAction":[{"@type":"SearchAction","target":{"@type":"EntryPoint","urlTemplate":"https:\/\/swissxplorer.com\/?s={search_term_string}"},"query-input":"required name=search_term_string"}],"inLanguage":"es"}]}},"_links":{"self":[{"href":"https:\/\/swissxplorer.com\/es\/wp-json\/wp\/v2\/product\/5141","targetHints":{"allow":["GET"]}}],"collection":[{"href":"https:\/\/swissxplorer.com\/es\/wp-json\/wp\/v2\/product"}],"about":[{"href":"https:\/\/swissxplorer.com\/es\/wp-json\/wp\/v2\/types\/product"}],"replies":[{"embeddable":true,"href":"https:\/\/swissxplorer.com\/es\/wp-json\/wp\/v2\/comments?post=5141"}],"wp:featuredmedia":[{"embeddable":true,"href":"https:\/\/swissxplorer.com\/es\/wp-json\/wp\/v2\/media\/5759"}],"wp:attachment":[{"href":"https:\/\/swissxplorer.com\/es\/wp-json\/wp\/v2\/media?parent=5141"}],"wp:term":[{"taxonomy":"product_cat","embeddable":true,"href":"https:\/\/swissxplorer.com\/es\/wp-json\/wp\/v2\/product_cat?post=5141"},{"taxonomy":"product_tag","embeddable":true,"href":"https:\/\/swissxplorer.com\/es\/wp-json\/wp\/v2\/product_tag?post=5141"}],"curies":[{"name":"wp","href":"https:\/\/api.w.org\/{rel}","templated":true}]}}