{"id":5140,"date":"2023-04-03T19:34:59","date_gmt":"2023-04-03T17:34:59","guid":{"rendered":"http:\/\/swissxplorer.com\/?post_type=product&#038;p=5140"},"modified":"2024-10-25T18:37:27","modified_gmt":"2024-10-25T16:37:27","slug":"tour-cheese-factory-from-lucerne","status":"publish","type":"product","link":"https:\/\/swissxplorer.com\/es\/tours\/tour-privado-a-la-fabrica-de-queso-desde-lucerna\/","title":{"rendered":"<p>Tour Privado a una F\u00e1brica de Queso desde Lucerna<\/p>"},"content":{"rendered":"<p>Ad\u00e9ntrate en los aspectos \u00fanicos de la historia del queso suizo en un tour privado a la f\u00e1brica de queso Emmentaler. \u00a1El Emmentaler suizo fue nombrado mejor queso del mundo en 2014! La f\u00e1brica est\u00e1 a 1 hora de Lucerna y el recorrido comienza con la vista de una parte pintoresca de la campi\u00f1a suiza.<p>En la queser\u00eda realizaremos un recorrido de 20 minutos por salas subterr\u00e1neas que presentan de forma divertida la historia de la queser\u00eda y sus t\u00e9cnicas de elaboraci\u00f3n. \u00a1Descubrir\u00e1 los secretos detr\u00e1s del notable deleite culinario y el sabroso sabor de los mejores quesos suizos! En esta peque\u00f1a f\u00e1brica donde se unen tradici\u00f3n y modernidad, podr\u00e1s degustar 3 tipos diferentes de Emmentaler, famoso por sus distintivos agujeros y ver la producci\u00f3n real del mejor queso de los Alpes suizos.<\/p><p>\u00a1No tendr\u00e1s que preocuparte por nada! Nosotros haremos las reservas, compraremos las entradas, recogeremos en tu hotel, asegur\u00e1ndonos siempre de que tu recorrido por la queser\u00eda transcurra a tu ritmo, sin prisas.<\/p><p>Al final del recorrido por la f\u00e1brica y despu\u00e9s de visitar la tienda, podr\u00e1s almorzar una fondue t\u00edpica en el restaurante del establecimiento (opcional).<\/p><p>El queso tiene una gran importancia en la cultura suiza; por lo tanto, no puedes visitar Suiza sin hacer una visita a una f\u00e1brica de quesos.<\/p><h3><strong>Proceso de reserva y pago:<\/strong><\/h3><p>Para confirmar el precio del tour, proporcione el n\u00famero de participantes en el campo de datos en el lado derecho. El valor anterior se actualizar\u00e1 autom\u00e1ticamente.<\/p><p>Para comenzar su proceso de reserva, por favor proporcione los detalles necesarios para el viaje. Despu\u00e9s de eso, le enviaremos de inmediato un correo electr\u00f3nico confirmando la disponibilidad de fechas. Posteriormente, se le proporcionar\u00e1 un enlace de pago seguro para que realice un pago inicial 20% y asegure la fecha seleccionada. Este pago inicial sirve como garant\u00eda financiera en caso de cancelaci\u00f3n del cliente. El pago restante se puede realizar el d\u00eda del tour, ya sea con tarjeta de cr\u00e9dito o en efectivo. Tenga en cuenta que solo podemos confirmar su reserva una vez recibido el pago inicial de 20%. Si desea cancelar el recorrido, puede hacerlo hasta 30 d\u00edas antes de la fecha del recorrido y recibir un reembolso completo.<\/p><p>Para m\u00e1s opciones de tours y variedad de experiencias, lo invitamos a explorar nuestra selecci\u00f3n en nuestro sitio web: <a href=\"https:\/\/swissxplorer.com\/es\/\">Explorador suizo<\/a>. Descubra las posibilidades y cree recuerdos inolvidables de su viaje por Suiza.<\/p><p>Vea nuestros T\u00e9rminos y Condiciones aqu\u00ed: <a href=\"https:\/\/swissxplorer.com\/es\/politica-de-privacidad\/\" target=\"_blank\" rel=\"noopener\">T\u00e9rminos y condiciones<\/a><\/p><\/p>","protected":false},"excerpt":{"rendered":"<p>Visite la producci\u00f3n tradicional y aut\u00e9ntica de queso en la campi\u00f1a suiza. Gusto<br>\nel queso Emmentaler, considerado el mejor queso del mundo.<\/p>","protected":false},"featured_media":5761,"comment_status":"open","ping_status":"closed","template":"","meta":[],"product_cat":[98,89],"product_tag":[149,92,147,90,148,80,146,115],"class_list":["post-5140","product","type-product","status-publish","has-post-thumbnail","hentry","brw_type_of_tour-all","brw_type_of_tour-day-trip","product_cat-all","product_cat-lucerne","product_tag-cheese-experience-lucerne","product_tag-cheese-factory","product_tag-lucernce-best-experience","product_tag-lucerne","product_tag-lucerne-tourism","product_tag-lucernetour","product_tag-tour-to-cheese-factory-from-lucerne","product_tag-tours-from-lucerne"],"acf":[],"yoast_head":"<!-- This site is optimized with the Yoast SEO plugin v21.7 - https:\/\/yoast.com\/wordpress\/plugins\/seo\/ -->\n<title>Tour to Cheese Factory Lucerne<\/title>\n<meta name=\"description\" content=\"Experience the Tour to Cheese Factory Lucerne, where you can witness traditional cheese production and savor the world&#039;s best Emmentaler cheese\" \/>\n<meta name=\"robots\" content=\"index, follow, max-snippet:-1, max-image-preview:large, max-video-preview:-1\" \/>\n<link rel=\"canonical\" href=\"https:\/\/swissxplorer.com\/es\/tours\/tour-privado-a-la-fabrica-de-queso-desde-lucerna\/\" \/>\n<meta property=\"og:locale\" content=\"es_ES\" \/>\n<meta property=\"og:type\" content=\"article\" \/>\n<meta property=\"og:title\" content=\"Tour to Cheese Factory Lucerne\" \/>\n<meta property=\"og:description\" content=\"Experience the Tour to Cheese Factory Lucerne, where you can witness traditional cheese production and savor the world&#039;s best Emmentaler cheese\" \/>\n<meta property=\"og:url\" content=\"https:\/\/swissxplorer.com\/es\/tours\/tour-privado-a-la-fabrica-de-queso-desde-lucerna\/\" \/>\n<meta property=\"og:site_name\" content=\"Swiss Xplorer\" \/>\n<meta property=\"article:modified_time\" content=\"2024-10-25T16:37:27+00:00\" \/>\n<meta property=\"og:image\" content=\"http:\/\/swissxplorer.com\/wp-content\/uploads\/2023\/04\/IMG_8688-1.jpg\" \/>\n\t<meta property=\"og:image:width\" content=\"2122\" \/>\n\t<meta property=\"og:image:height\" content=\"1368\" \/>\n\t<meta property=\"og:image:type\" content=\"image\/jpeg\" \/>\n<meta name=\"twitter:card\" content=\"summary_large_image\" \/>\n<meta name=\"twitter:label1\" content=\"Tiempo de lectura\" \/>\n\t<meta name=\"twitter:data1\" content=\"2 minutos\" \/>\n<script type=\"application\/ld+json\" class=\"yoast-schema-graph\">{\"@context\":\"https:\/\/schema.org\",\"@graph\":[{\"@type\":\"WebPage\",\"@id\":\"https:\/\/swissxplorer.com\/tours\/tour-cheese-factory-from-lucerne\/\",\"url\":\"https:\/\/swissxplorer.com\/tours\/tour-cheese-factory-from-lucerne\/\",\"name\":\"Tour to Cheese Factory Lucerne\",\"isPartOf\":{\"@id\":\"https:\/\/swissxplorer.com\/#website\"},\"datePublished\":\"2023-04-03T17:34:59+00:00\",\"dateModified\":\"2024-10-25T16:37:27+00:00\",\"description\":\"Experience the Tour to Cheese Factory Lucerne, where you can witness traditional cheese production and savor the world's best Emmentaler cheese\",\"breadcrumb\":{\"@id\":\"https:\/\/swissxplorer.com\/tours\/tour-cheese-factory-from-lucerne\/#breadcrumb\"},\"inLanguage\":\"es\",\"potentialAction\":[{\"@type\":\"ReadAction\",\"target\":[\"https:\/\/swissxplorer.com\/tours\/tour-cheese-factory-from-lucerne\/\"]}]},{\"@type\":\"BreadcrumbList\",\"@id\":\"https:\/\/swissxplorer.com\/tours\/tour-cheese-factory-from-lucerne\/#breadcrumb\",\"itemListElement\":[{\"@type\":\"ListItem\",\"position\":1,\"name\":\"Home\",\"item\":\"https:\/\/swissxplorer.com\/\"},{\"@type\":\"ListItem\",\"position\":2,\"name\":\"Tours\",\"item\":\"https:\/\/swissxplorer.com\/tours\/\"},{\"@type\":\"ListItem\",\"position\":3,\"name\":\"Private Tour to Cheese Factory from Lucerne\"}]},{\"@type\":\"WebSite\",\"@id\":\"https:\/\/swissxplorer.com\/#website\",\"url\":\"https:\/\/swissxplorer.com\/\",\"name\":\"Swiss Xplorer\",\"description\":\"Tours in Switzerland\",\"potentialAction\":[{\"@type\":\"SearchAction\",\"target\":{\"@type\":\"EntryPoint\",\"urlTemplate\":\"https:\/\/swissxplorer.com\/?s={search_term_string}\"},\"query-input\":\"required name=search_term_string\"}],\"inLanguage\":\"es\"}]}<\/script>\n<!-- \/ Yoast SEO plugin. -->","yoast_head_json":{"title":"Tour to Cheese Factory Lucerne","description":"Experience the Tour to Cheese Factory Lucerne, where you can witness traditional cheese production and savor the world's best Emmentaler cheese","robots":{"index":"index","follow":"follow","max-snippet":"max-snippet:-1","max-image-preview":"max-image-preview:large","max-video-preview":"max-video-preview:-1"},"canonical":"https:\/\/swissxplorer.com\/es\/tours\/tour-privado-a-la-fabrica-de-queso-desde-lucerna\/","og_locale":"es_ES","og_type":"article","og_title":"Tour to Cheese Factory Lucerne","og_description":"Experience the Tour to Cheese Factory Lucerne, where you can witness traditional cheese production and savor the world's best Emmentaler cheese","og_url":"https:\/\/swissxplorer.com\/es\/tours\/tour-privado-a-la-fabrica-de-queso-desde-lucerna\/","og_site_name":"Swiss Xplorer","article_modified_time":"2024-10-25T16:37:27+00:00","og_image":[{"width":2122,"height":1368,"url":"http:\/\/swissxplorer.com\/wp-content\/uploads\/2023\/04\/IMG_8688-1.jpg","type":"image\/jpeg"}],"twitter_card":"summary_large_image","twitter_misc":{"Tiempo de lectura":"2 minutos"},"schema":{"@context":"https:\/\/schema.org","@graph":[{"@type":"WebPage","@id":"https:\/\/swissxplorer.com\/tours\/tour-cheese-factory-from-lucerne\/","url":"https:\/\/swissxplorer.com\/tours\/tour-cheese-factory-from-lucerne\/","name":"Tour to Cheese Factory Lucerne","isPartOf":{"@id":"https:\/\/swissxplorer.com\/#website"},"datePublished":"2023-04-03T17:34:59+00:00","dateModified":"2024-10-25T16:37:27+00:00","description":"Experience the Tour to Cheese Factory Lucerne, where you can witness traditional cheese production and savor the world's best Emmentaler cheese","breadcrumb":{"@id":"https:\/\/swissxplorer.com\/tours\/tour-cheese-factory-from-lucerne\/#breadcrumb"},"inLanguage":"es","potentialAction":[{"@type":"ReadAction","target":["https:\/\/swissxplorer.com\/tours\/tour-cheese-factory-from-lucerne\/"]}]},{"@type":"BreadcrumbList","@id":"https:\/\/swissxplorer.com\/tours\/tour-cheese-factory-from-lucerne\/#breadcrumb","itemListElement":[{"@type":"ListItem","position":1,"name":"Home","item":"https:\/\/swissxplorer.com\/"},{"@type":"ListItem","position":2,"name":"Tours","item":"https:\/\/swissxplorer.com\/tours\/"},{"@type":"ListItem","position":3,"name":"Private Tour to Cheese Factory from Lucerne"}]},{"@type":"WebSite","@id":"https:\/\/swissxplorer.com\/#website","url":"https:\/\/swissxplorer.com\/","name":"Swiss Xplorer","description":"Tours in Switzerland","potentialAction":[{"@type":"SearchAction","target":{"@type":"EntryPoint","urlTemplate":"https:\/\/swissxplorer.com\/?s={search_term_string}"},"query-input":"required name=search_term_string"}],"inLanguage":"es"}]}},"_links":{"self":[{"href":"https:\/\/swissxplorer.com\/es\/wp-json\/wp\/v2\/product\/5140","targetHints":{"allow":["GET"]}}],"collection":[{"href":"https:\/\/swissxplorer.com\/es\/wp-json\/wp\/v2\/product"}],"about":[{"href":"https:\/\/swissxplorer.com\/es\/wp-json\/wp\/v2\/types\/product"}],"replies":[{"embeddable":true,"href":"https:\/\/swissxplorer.com\/es\/wp-json\/wp\/v2\/comments?post=5140"}],"wp:featuredmedia":[{"embeddable":true,"href":"https:\/\/swissxplorer.com\/es\/wp-json\/wp\/v2\/media\/5761"}],"wp:attachment":[{"href":"https:\/\/swissxplorer.com\/es\/wp-json\/wp\/v2\/media?parent=5140"}],"wp:term":[{"taxonomy":"product_cat","embeddable":true,"href":"https:\/\/swissxplorer.com\/es\/wp-json\/wp\/v2\/product_cat?post=5140"},{"taxonomy":"product_tag","embeddable":true,"href":"https:\/\/swissxplorer.com\/es\/wp-json\/wp\/v2\/product_tag?post=5140"}],"curies":[{"name":"wp","href":"https:\/\/api.w.org\/{rel}","templated":true}]}}