{"id":5139,"date":"2023-04-01T15:53:12","date_gmt":"2023-04-01T13:53:12","guid":{"rendered":"http:\/\/swissxplorer.com\/?post_type=product&#038;p=5139"},"modified":"2023-08-31T16:12:29","modified_gmt":"2023-08-31T14:12:29","slug":"tour-blausee-alpine-villages","status":"publish","type":"product","link":"https:\/\/swissxplorer.com\/es\/tours\/tour-de-dia-completo-al-lago-blausee-y-pueblos-alpinos-desde-lucerna\/","title":{"rendered":"<p>Excursi\u00f3n de Un D\u00eda Completo al lago de Blausee y a pueblos alpinos desde Lucerna<\/p>"},"content":{"rendered":"<p><span style=\"font-weight: 400;\">El recorrido por el hermoso lago Blausee y los pueblos alpinos comienza en su hotel, donde su gu\u00eda lo recibir\u00e1 y abordar\u00e1 un lujoso Mercedes V Class que lo llevar\u00e1 a los pintorescos paisajes del Oberland bern\u00e9s. Disfrute de un viaje matutino con una hermosa vista de la zona rural m\u00e1s hermosa de Suiza. Despu\u00e9s de una pausa fotogr\u00e1fica en el pueblo de Iseltwald, te llevaremos al lago m\u00e1s azul de Suiza.<\/span><p><span style=\"font-weight: 400;\">Despu\u00e9s de un agradable paseo alrededor del lago y una parada para tomar un caf\u00e9 o capuchino con vistas a las truchas nadando en las aguas azules del Blausee, continuaremos hacia Lauterbrunnen, \u00a1el encantador valle de las 72 cascadas!<\/span><\/p><p><span style=\"font-weight: 400;\">\u00a1Descubra la regi\u00f3n m\u00e1s bella de Suiza en solo un d\u00eda! Se trata de una excursi\u00f3n privada de un d\u00eda optimizada, dirigida a aquellos que tienen un tiempo limitado en Suiza pero quieren aprovechar al m\u00e1ximo la regi\u00f3n alpina.&nbsp;<\/span><\/p><p><span style=\"font-weight: 400;\">Este tour privado optimiza tu viaje y te permite visitar los principales pueblos alpinos y lagos en un solo d\u00eda. Visitaremos los siguientes lugares: Lungern, Iseltwald, Lauterbrunnen y Blausee.&nbsp;<\/span><\/p><p>El largo viaje a los Alpes merece la pena desde el principio. Podr\u00e1s admirar hermosos paisajes desde la ventana de una c\u00f3moda furgoneta Mercedes Clase V de lujo. Adem\u00e1s, como el recorrido es privado, lo adaptaremos a sus propios deseos. De esta forma podr\u00e1s disfrutar cada segundo del d\u00eda sin sentirte apurado.<\/p><h3><strong>Proceso de reserva y pago:<\/strong><\/h3><p>Para confirmar el precio del tour, proporcione el n\u00famero de participantes en el campo de datos en el lado derecho. El valor anterior se actualizar\u00e1 autom\u00e1ticamente.<\/p><p>Para comenzar su proceso de reserva, por favor proporcione los detalles necesarios para el viaje. Despu\u00e9s de eso, le enviaremos de inmediato un correo electr\u00f3nico confirmando la disponibilidad de fechas. Posteriormente, se le proporcionar\u00e1 un enlace de pago seguro para que realice un pago inicial 20% y asegure la fecha seleccionada. Este pago inicial sirve como garant\u00eda financiera en caso de cancelaci\u00f3n del cliente. El pago restante se puede realizar el d\u00eda del tour, ya sea con tarjeta de cr\u00e9dito o en efectivo. Tenga en cuenta que solo podemos confirmar su reserva una vez recibido el pago inicial de 20%. Si desea cancelar el recorrido, puede hacerlo hasta 30 d\u00edas antes de la fecha del recorrido y recibir un reembolso completo.<\/p><p>Para m\u00e1s opciones de tours y variedad de experiencias, lo invitamos a explorar nuestra selecci\u00f3n en nuestro sitio web: <a href=\"https:\/\/swissxplorer.com\/es\/\">Explorador suizo<\/a>. Descubra las posibilidades y cree recuerdos inolvidables de su viaje por Suiza.<\/p><p>Vea nuestros T\u00e9rminos y Condiciones aqu\u00ed: <a href=\"https:\/\/swissxplorer.com\/es\/politica-de-privacidad\/\" target=\"_blank\" rel=\"noopener\">T\u00e9rminos y condiciones<\/a><\/p><\/p>","protected":false},"excerpt":{"rendered":"<p><span style=\"font-weight: 400;\">&nbsp;Descubre la belleza de Blausee, una joya de paisaje con aguas de un azul intenso rodeada de rocas y bosques en un Parque Natural rodeado de muchos otros pueblos con encanto.<\/span><\/p>","protected":false},"featured_media":5649,"comment_status":"open","ping_status":"closed","template":"","meta":[],"product_cat":[98,89],"product_tag":[158,155,156,157,90,154,153,152,151,150],"class_list":["post-5139","product","type-product","status-publish","has-post-thumbnail","hentry","brw_type_of_tour-all","brw_type_of_tour-day-trip","product_cat-all","product_cat-lucerne","product_tag-best-alps-experience-from-lucernce","product_tag-blausee-from-lucerne","product_tag-day-trips-lucerne","product_tag-half-day-tours-lucerne","product_tag-lucerne","product_tag-tour-to-alpine-villages","product_tag-tour-to-blausee","product_tag-tour-to-blausee-lake-and-alpine-villages-from-lucerne","product_tag-tourism-lucerne","product_tag-tourism-luzern"],"acf":[],"yoast_head":"<!-- This site is optimized with the Yoast SEO plugin v21.7 - https:\/\/yoast.com\/wordpress\/plugins\/seo\/ -->\n<title>Tour to Blausee Lake and Alpine villages<\/title>\n<meta name=\"description\" content=\"Tour to Blausee Lake and Alpine villages to see the beauty of a deep blue water surrounded by forest and visit the best charming villages in the Alps\" \/>\n<meta name=\"robots\" content=\"index, follow, max-snippet:-1, max-image-preview:large, max-video-preview:-1\" \/>\n<link rel=\"canonical\" href=\"https:\/\/swissxplorer.com\/es\/tours\/tour-de-dia-completo-al-lago-blausee-y-pueblos-alpinos-desde-lucerna\/\" \/>\n<meta property=\"og:locale\" content=\"es_ES\" \/>\n<meta property=\"og:type\" content=\"article\" \/>\n<meta property=\"og:title\" content=\"Tour to Blausee Lake and Alpine villages\" \/>\n<meta property=\"og:description\" content=\"Tour to Blausee Lake and Alpine villages to see the beauty of a deep blue water surrounded by forest and visit the best charming villages in the Alps\" \/>\n<meta property=\"og:url\" content=\"https:\/\/swissxplorer.com\/es\/tours\/tour-de-dia-completo-al-lago-blausee-y-pueblos-alpinos-desde-lucerna\/\" \/>\n<meta property=\"og:site_name\" content=\"Swiss Xplorer\" \/>\n<meta property=\"article:modified_time\" content=\"2023-08-31T14:12:29+00:00\" \/>\n<meta property=\"og:image\" content=\"http:\/\/swissxplorer.com\/wp-content\/uploads\/2023\/04\/IMG_3003.jpg\" \/>\n\t<meta property=\"og:image:width\" content=\"2016\" \/>\n\t<meta property=\"og:image:height\" content=\"1512\" \/>\n\t<meta property=\"og:image:type\" content=\"image\/jpeg\" \/>\n<meta name=\"twitter:card\" content=\"summary_large_image\" \/>\n<meta name=\"twitter:label1\" content=\"Tiempo de lectura\" \/>\n\t<meta name=\"twitter:data1\" content=\"2 minutos\" \/>\n<script type=\"application\/ld+json\" class=\"yoast-schema-graph\">{\"@context\":\"https:\/\/schema.org\",\"@graph\":[{\"@type\":\"WebPage\",\"@id\":\"https:\/\/swissxplorer.com\/tours\/tour-blausee-alpine-villages\/\",\"url\":\"https:\/\/swissxplorer.com\/tours\/tour-blausee-alpine-villages\/\",\"name\":\"Tour to Blausee Lake and Alpine villages\",\"isPartOf\":{\"@id\":\"https:\/\/swissxplorer.com\/#website\"},\"datePublished\":\"2023-04-01T13:53:12+00:00\",\"dateModified\":\"2023-08-31T14:12:29+00:00\",\"description\":\"Tour to Blausee Lake and Alpine villages to see the beauty of a deep blue water surrounded by forest and visit the best charming villages in the Alps\",\"breadcrumb\":{\"@id\":\"https:\/\/swissxplorer.com\/tours\/tour-blausee-alpine-villages\/#breadcrumb\"},\"inLanguage\":\"es\",\"potentialAction\":[{\"@type\":\"ReadAction\",\"target\":[\"https:\/\/swissxplorer.com\/tours\/tour-blausee-alpine-villages\/\"]}]},{\"@type\":\"BreadcrumbList\",\"@id\":\"https:\/\/swissxplorer.com\/tours\/tour-blausee-alpine-villages\/#breadcrumb\",\"itemListElement\":[{\"@type\":\"ListItem\",\"position\":1,\"name\":\"Home\",\"item\":\"https:\/\/swissxplorer.com\/\"},{\"@type\":\"ListItem\",\"position\":2,\"name\":\"Tours\",\"item\":\"https:\/\/swissxplorer.com\/tours\/\"},{\"@type\":\"ListItem\",\"position\":3,\"name\":\"Full Day Tour to Blausee Lake and Alpine villages from Lucerne\"}]},{\"@type\":\"WebSite\",\"@id\":\"https:\/\/swissxplorer.com\/#website\",\"url\":\"https:\/\/swissxplorer.com\/\",\"name\":\"Swiss Xplorer\",\"description\":\"Tours in Switzerland\",\"potentialAction\":[{\"@type\":\"SearchAction\",\"target\":{\"@type\":\"EntryPoint\",\"urlTemplate\":\"https:\/\/swissxplorer.com\/?s={search_term_string}\"},\"query-input\":\"required name=search_term_string\"}],\"inLanguage\":\"es\"}]}<\/script>\n<!-- \/ Yoast SEO plugin. -->","yoast_head_json":{"title":"Tour to Blausee Lake and Alpine villages","description":"Tour to Blausee Lake and Alpine villages to see the beauty of a deep blue water surrounded by forest and visit the best charming villages in the Alps","robots":{"index":"index","follow":"follow","max-snippet":"max-snippet:-1","max-image-preview":"max-image-preview:large","max-video-preview":"max-video-preview:-1"},"canonical":"https:\/\/swissxplorer.com\/es\/tours\/tour-de-dia-completo-al-lago-blausee-y-pueblos-alpinos-desde-lucerna\/","og_locale":"es_ES","og_type":"article","og_title":"Tour to Blausee Lake and Alpine villages","og_description":"Tour to Blausee Lake and Alpine villages to see the beauty of a deep blue water surrounded by forest and visit the best charming villages in the Alps","og_url":"https:\/\/swissxplorer.com\/es\/tours\/tour-de-dia-completo-al-lago-blausee-y-pueblos-alpinos-desde-lucerna\/","og_site_name":"Swiss Xplorer","article_modified_time":"2023-08-31T14:12:29+00:00","og_image":[{"width":2016,"height":1512,"url":"http:\/\/swissxplorer.com\/wp-content\/uploads\/2023\/04\/IMG_3003.jpg","type":"image\/jpeg"}],"twitter_card":"summary_large_image","twitter_misc":{"Tiempo de lectura":"2 minutos"},"schema":{"@context":"https:\/\/schema.org","@graph":[{"@type":"WebPage","@id":"https:\/\/swissxplorer.com\/tours\/tour-blausee-alpine-villages\/","url":"https:\/\/swissxplorer.com\/tours\/tour-blausee-alpine-villages\/","name":"Tour to Blausee Lake and Alpine villages","isPartOf":{"@id":"https:\/\/swissxplorer.com\/#website"},"datePublished":"2023-04-01T13:53:12+00:00","dateModified":"2023-08-31T14:12:29+00:00","description":"Tour to Blausee Lake and Alpine villages to see the beauty of a deep blue water surrounded by forest and visit the best charming villages in the Alps","breadcrumb":{"@id":"https:\/\/swissxplorer.com\/tours\/tour-blausee-alpine-villages\/#breadcrumb"},"inLanguage":"es","potentialAction":[{"@type":"ReadAction","target":["https:\/\/swissxplorer.com\/tours\/tour-blausee-alpine-villages\/"]}]},{"@type":"BreadcrumbList","@id":"https:\/\/swissxplorer.com\/tours\/tour-blausee-alpine-villages\/#breadcrumb","itemListElement":[{"@type":"ListItem","position":1,"name":"Home","item":"https:\/\/swissxplorer.com\/"},{"@type":"ListItem","position":2,"name":"Tours","item":"https:\/\/swissxplorer.com\/tours\/"},{"@type":"ListItem","position":3,"name":"Full Day Tour to Blausee Lake and Alpine villages from Lucerne"}]},{"@type":"WebSite","@id":"https:\/\/swissxplorer.com\/#website","url":"https:\/\/swissxplorer.com\/","name":"Swiss Xplorer","description":"Tours in Switzerland","potentialAction":[{"@type":"SearchAction","target":{"@type":"EntryPoint","urlTemplate":"https:\/\/swissxplorer.com\/?s={search_term_string}"},"query-input":"required name=search_term_string"}],"inLanguage":"es"}]}},"_links":{"self":[{"href":"https:\/\/swissxplorer.com\/es\/wp-json\/wp\/v2\/product\/5139","targetHints":{"allow":["GET"]}}],"collection":[{"href":"https:\/\/swissxplorer.com\/es\/wp-json\/wp\/v2\/product"}],"about":[{"href":"https:\/\/swissxplorer.com\/es\/wp-json\/wp\/v2\/types\/product"}],"replies":[{"embeddable":true,"href":"https:\/\/swissxplorer.com\/es\/wp-json\/wp\/v2\/comments?post=5139"}],"wp:featuredmedia":[{"embeddable":true,"href":"https:\/\/swissxplorer.com\/es\/wp-json\/wp\/v2\/media\/5649"}],"wp:attachment":[{"href":"https:\/\/swissxplorer.com\/es\/wp-json\/wp\/v2\/media?parent=5139"}],"wp:term":[{"taxonomy":"product_cat","embeddable":true,"href":"https:\/\/swissxplorer.com\/es\/wp-json\/wp\/v2\/product_cat?post=5139"},{"taxonomy":"product_tag","embeddable":true,"href":"https:\/\/swissxplorer.com\/es\/wp-json\/wp\/v2\/product_tag?post=5139"}],"curies":[{"name":"wp","href":"https:\/\/api.w.org\/{rel}","templated":true}]}}