{"id":5138,"date":"2023-04-01T15:47:52","date_gmt":"2023-04-01T13:47:52","guid":{"rendered":"http:\/\/swissxplorer.com\/?post_type=product&#038;p=5138"},"modified":"2024-05-18T13:24:00","modified_gmt":"2024-05-18T11:24:00","slug":"tour-to-jungfraujoch-the-top-of-europe","status":"publish","type":"product","link":"https:\/\/swissxplorer.com\/es\/tours\/excursion-de-dia-completo-a-la-montana-jungfraujoch-la-cima-de-europa\/","title":{"rendered":"<p>Tour de d\u00eda completo a la monta\u00f1a Jungfraujoch, la cima de Europa<\/p>"},"content":{"rendered":"<p>\u00a1Disfruta de un viaje memorable a la monta\u00f1a Jungfraujoch!<p>El viaje comienza en tu hotel en Lucerna, en un autom\u00f3vil privado c\u00f3modo y lujoso que te llevar\u00e1 al campo suizo. El viaje de 1h30min a Grindelwald se ve recompensado por los maravillosos paisajes y por las paradas espont\u00e1neas para tomar fotos en miradores, valles alpinos y lagos.<\/p><p>En Grindelwald emprenderemos un viaje \u00fanico en telef\u00e9rico y tren de cremallera a trav\u00e9s de las monta\u00f1as Eiger y M\u00f6nch hasta llegar a la estaci\u00f3n de tren m\u00e1s alta de Europa. Despu\u00e9s de 45 minutos de ascenso continuo, llegaremos a la Cima de Europa, situada a 3.571 metros sobre el nivel del mar (11.760 pies), \u00a1donde la nieve y el hielo est\u00e1n garantizados durante todo el a\u00f1o!<\/p><p>Hay numerosas atracciones en la cima, \u00a1pero la m\u00e1s incre\u00edble es sin duda la vista! \u00a1El paisaje panor\u00e1mico casi te deja sin aliento! Podr\u00e1s ver el glaciar de Aletsch, el glaciar alpino m\u00e1s grande de Europa.<\/p><p>Visitar esta monta\u00f1a ic\u00f3nica es una experiencia \u00fanica en la vida, adem\u00e1s de ofrecer muchas oportunidades para tomar fotograf\u00edas. Nuestro gu\u00eda va a hacer fotos de ti y de tu familia durante el tour, \u00a1brind\u00e1ndote im\u00e1genes excelentes y los mejores recuerdos!<\/p><p>La impresionante Cima de Europa fue declarada Patrimonio Natural Alpino de la Humanidad por la UNESCO.<\/p><h3><strong>Proceso de reserva y pago:<\/strong><\/h3><p>Para confirmar el precio del tour, proporcione el n\u00famero de participantes en el campo de datos en el lado derecho. El valor anterior se actualizar\u00e1 autom\u00e1ticamente.<\/p><p>Para comenzar su proceso de reserva, por favor proporcione los detalles necesarios para el viaje. Despu\u00e9s de eso, le enviaremos de inmediato un correo electr\u00f3nico confirmando la disponibilidad de fechas. Posteriormente, se le proporcionar\u00e1 un enlace de pago seguro para que realice un pago inicial 20% y asegure la fecha seleccionada. Este pago inicial sirve como garant\u00eda financiera en caso de cancelaci\u00f3n del cliente. El pago restante se puede realizar el d\u00eda del tour, ya sea con tarjeta de cr\u00e9dito o en efectivo. Tenga en cuenta que solo podemos confirmar su reserva una vez recibido el pago inicial de 20%. Si desea cancelar el recorrido, puede hacerlo hasta 30 d\u00edas antes de la fecha del recorrido y recibir un reembolso completo.<\/p><p>Para m\u00e1s opciones de tours y variedad de experiencias, lo invitamos a explorar nuestra selecci\u00f3n en nuestro sitio web: <a href=\"https:\/\/swissxplorer.com\/es\/\">Explorador suizo<\/a>. Descubra las posibilidades y cree recuerdos inolvidables de su viaje por Suiza.<\/p><p>Vea nuestros T\u00e9rminos y Condiciones aqu\u00ed: <a href=\"https:\/\/swissxplorer.com\/es\/politica-de-privacidad\/\" target=\"_blank\" rel=\"noopener\">T\u00e9rminos y condiciones<\/a><\/p><\/p>","protected":false},"excerpt":{"rendered":"<p>Los Alpes suizos son un destino de ensue\u00f1o y el para\u00edso nevado de Jungfraujoch<br>\nLa monta\u00f1a combina paisajes incre\u00edbles con una experiencia \u00fanica en la vida.<\/p>","protected":false},"featured_media":5650,"comment_status":"open","ping_status":"closed","template":"","meta":[],"product_cat":[98,89],"product_tag":[161,166,165,163,90,80,162,160,159,164],"class_list":["post-5138","product","type-product","status-publish","has-post-thumbnail","hentry","brw_type_of_tour-all","brw_type_of_tour-day-trip","product_cat-all","product_cat-lucerne","product_tag-day-trip-to-jungfraujoch-lucernce","product_tag-full-day-tour-to-top-of-europe-from-lucerne","product_tag-full-day-trip-jungfraujoch","product_tag-guided-tour-to-trip-to-jungfraujoch-top-of-europe","product_tag-lucerne","product_tag-lucernetour","product_tag-private-tour-to-trip-to-jungfraujoch-top-of-europe","product_tag-trip-to-jungfraujoch-top-of-europe","product_tag-trip-to-jungfraujoch-top-of-europe-from-lucerne","product_tag-trip-to-jungfraujoch-top-of-europe-with-private-transfer"],"acf":[],"yoast_head":"<!-- This site is optimized with the Yoast SEO plugin v21.7 - https:\/\/yoast.com\/wordpress\/plugins\/seo\/ -->\n<title>Tour to Jungfraujoch the Top of Europe<\/title>\n<meta name=\"description\" content=\"The Swiss Alps are a dream destination. The snow wonderland in Jungfraujoch Top of Europe combines incredible scenery with a truly unique tour experience.\" \/>\n<meta name=\"robots\" content=\"index, follow, max-snippet:-1, max-image-preview:large, max-video-preview:-1\" \/>\n<link rel=\"canonical\" href=\"https:\/\/swissxplorer.com\/es\/tours\/excursion-de-dia-completo-a-la-montana-jungfraujoch-la-cima-de-europa\/\" \/>\n<meta property=\"og:locale\" content=\"es_ES\" \/>\n<meta property=\"og:type\" content=\"article\" \/>\n<meta property=\"og:title\" content=\"Tour to Jungfraujoch the Top of Europe\" \/>\n<meta property=\"og:description\" content=\"The Swiss Alps are a dream destination. The snow wonderland in Jungfraujoch Top of Europe combines incredible scenery with a truly unique tour experience.\" \/>\n<meta property=\"og:url\" content=\"https:\/\/swissxplorer.com\/es\/tours\/excursion-de-dia-completo-a-la-montana-jungfraujoch-la-cima-de-europa\/\" \/>\n<meta property=\"og:site_name\" content=\"Swiss Xplorer\" \/>\n<meta property=\"article:modified_time\" content=\"2024-05-18T11:24:00+00:00\" \/>\n<meta property=\"og:image\" content=\"http:\/\/swissxplorer.com\/wp-content\/uploads\/2023\/04\/IMG_4194.jpg\" \/>\n\t<meta property=\"og:image:width\" content=\"2016\" \/>\n\t<meta property=\"og:image:height\" content=\"1512\" \/>\n\t<meta property=\"og:image:type\" content=\"image\/jpeg\" \/>\n<meta name=\"twitter:card\" content=\"summary_large_image\" \/>\n<meta name=\"twitter:label1\" content=\"Tiempo de lectura\" \/>\n\t<meta name=\"twitter:data1\" content=\"2 minutos\" \/>\n<script type=\"application\/ld+json\" class=\"yoast-schema-graph\">{\"@context\":\"https:\/\/schema.org\",\"@graph\":[{\"@type\":\"WebPage\",\"@id\":\"https:\/\/swissxplorer.com\/tours\/tour-to-jungfraujoch-the-top-of-europe\/\",\"url\":\"https:\/\/swissxplorer.com\/tours\/tour-to-jungfraujoch-the-top-of-europe\/\",\"name\":\"Tour to Jungfraujoch the Top of Europe\",\"isPartOf\":{\"@id\":\"https:\/\/swissxplorer.com\/#website\"},\"datePublished\":\"2023-04-01T13:47:52+00:00\",\"dateModified\":\"2024-05-18T11:24:00+00:00\",\"description\":\"The Swiss Alps are a dream destination. The snow wonderland in Jungfraujoch Top of Europe combines incredible scenery with a truly unique tour experience.\",\"breadcrumb\":{\"@id\":\"https:\/\/swissxplorer.com\/tours\/tour-to-jungfraujoch-the-top-of-europe\/#breadcrumb\"},\"inLanguage\":\"es\",\"potentialAction\":[{\"@type\":\"ReadAction\",\"target\":[\"https:\/\/swissxplorer.com\/tours\/tour-to-jungfraujoch-the-top-of-europe\/\"]}]},{\"@type\":\"BreadcrumbList\",\"@id\":\"https:\/\/swissxplorer.com\/tours\/tour-to-jungfraujoch-the-top-of-europe\/#breadcrumb\",\"itemListElement\":[{\"@type\":\"ListItem\",\"position\":1,\"name\":\"Home\",\"item\":\"https:\/\/swissxplorer.com\/\"},{\"@type\":\"ListItem\",\"position\":2,\"name\":\"Tours\",\"item\":\"https:\/\/swissxplorer.com\/tours\/\"},{\"@type\":\"ListItem\",\"position\":3,\"name\":\"Full Day Tour to Jungfraujoch Mountain, the Top of Europe\"}]},{\"@type\":\"WebSite\",\"@id\":\"https:\/\/swissxplorer.com\/#website\",\"url\":\"https:\/\/swissxplorer.com\/\",\"name\":\"Swiss Xplorer\",\"description\":\"Tours in Switzerland\",\"potentialAction\":[{\"@type\":\"SearchAction\",\"target\":{\"@type\":\"EntryPoint\",\"urlTemplate\":\"https:\/\/swissxplorer.com\/?s={search_term_string}\"},\"query-input\":\"required name=search_term_string\"}],\"inLanguage\":\"es\"}]}<\/script>\n<!-- \/ Yoast SEO plugin. -->","yoast_head_json":{"title":"Tour to Jungfraujoch the Top of Europe","description":"The Swiss Alps are a dream destination. The snow wonderland in Jungfraujoch Top of Europe combines incredible scenery with a truly unique tour experience.","robots":{"index":"index","follow":"follow","max-snippet":"max-snippet:-1","max-image-preview":"max-image-preview:large","max-video-preview":"max-video-preview:-1"},"canonical":"https:\/\/swissxplorer.com\/es\/tours\/excursion-de-dia-completo-a-la-montana-jungfraujoch-la-cima-de-europa\/","og_locale":"es_ES","og_type":"article","og_title":"Tour to Jungfraujoch the Top of Europe","og_description":"The Swiss Alps are a dream destination. The snow wonderland in Jungfraujoch Top of Europe combines incredible scenery with a truly unique tour experience.","og_url":"https:\/\/swissxplorer.com\/es\/tours\/excursion-de-dia-completo-a-la-montana-jungfraujoch-la-cima-de-europa\/","og_site_name":"Swiss Xplorer","article_modified_time":"2024-05-18T11:24:00+00:00","og_image":[{"width":2016,"height":1512,"url":"http:\/\/swissxplorer.com\/wp-content\/uploads\/2023\/04\/IMG_4194.jpg","type":"image\/jpeg"}],"twitter_card":"summary_large_image","twitter_misc":{"Tiempo de lectura":"2 minutos"},"schema":{"@context":"https:\/\/schema.org","@graph":[{"@type":"WebPage","@id":"https:\/\/swissxplorer.com\/tours\/tour-to-jungfraujoch-the-top-of-europe\/","url":"https:\/\/swissxplorer.com\/tours\/tour-to-jungfraujoch-the-top-of-europe\/","name":"Tour to Jungfraujoch the Top of Europe","isPartOf":{"@id":"https:\/\/swissxplorer.com\/#website"},"datePublished":"2023-04-01T13:47:52+00:00","dateModified":"2024-05-18T11:24:00+00:00","description":"The Swiss Alps are a dream destination. The snow wonderland in Jungfraujoch Top of Europe combines incredible scenery with a truly unique tour experience.","breadcrumb":{"@id":"https:\/\/swissxplorer.com\/tours\/tour-to-jungfraujoch-the-top-of-europe\/#breadcrumb"},"inLanguage":"es","potentialAction":[{"@type":"ReadAction","target":["https:\/\/swissxplorer.com\/tours\/tour-to-jungfraujoch-the-top-of-europe\/"]}]},{"@type":"BreadcrumbList","@id":"https:\/\/swissxplorer.com\/tours\/tour-to-jungfraujoch-the-top-of-europe\/#breadcrumb","itemListElement":[{"@type":"ListItem","position":1,"name":"Home","item":"https:\/\/swissxplorer.com\/"},{"@type":"ListItem","position":2,"name":"Tours","item":"https:\/\/swissxplorer.com\/tours\/"},{"@type":"ListItem","position":3,"name":"Full Day Tour to Jungfraujoch Mountain, the Top of Europe"}]},{"@type":"WebSite","@id":"https:\/\/swissxplorer.com\/#website","url":"https:\/\/swissxplorer.com\/","name":"Swiss Xplorer","description":"Tours in Switzerland","potentialAction":[{"@type":"SearchAction","target":{"@type":"EntryPoint","urlTemplate":"https:\/\/swissxplorer.com\/?s={search_term_string}"},"query-input":"required name=search_term_string"}],"inLanguage":"es"}]}},"_links":{"self":[{"href":"https:\/\/swissxplorer.com\/es\/wp-json\/wp\/v2\/product\/5138","targetHints":{"allow":["GET"]}}],"collection":[{"href":"https:\/\/swissxplorer.com\/es\/wp-json\/wp\/v2\/product"}],"about":[{"href":"https:\/\/swissxplorer.com\/es\/wp-json\/wp\/v2\/types\/product"}],"replies":[{"embeddable":true,"href":"https:\/\/swissxplorer.com\/es\/wp-json\/wp\/v2\/comments?post=5138"}],"wp:featuredmedia":[{"embeddable":true,"href":"https:\/\/swissxplorer.com\/es\/wp-json\/wp\/v2\/media\/5650"}],"wp:attachment":[{"href":"https:\/\/swissxplorer.com\/es\/wp-json\/wp\/v2\/media?parent=5138"}],"wp:term":[{"taxonomy":"product_cat","embeddable":true,"href":"https:\/\/swissxplorer.com\/es\/wp-json\/wp\/v2\/product_cat?post=5138"},{"taxonomy":"product_tag","embeddable":true,"href":"https:\/\/swissxplorer.com\/es\/wp-json\/wp\/v2\/product_tag?post=5138"}],"curies":[{"name":"wp","href":"https:\/\/api.w.org\/{rel}","templated":true}]}}