{"id":5136,"date":"2023-04-01T15:43:19","date_gmt":"2023-04-01T13:43:19","guid":{"rendered":"http:\/\/swissxplorer.com\/?post_type=product&#038;p=5136"},"modified":"2024-09-04T11:37:55","modified_gmt":"2024-09-04T09:37:55","slug":"tour-to-grindelwald-first-mountain","status":"publish","type":"product","link":"https:\/\/swissxplorer.com\/es\/tours\/tour-de-un-dia-completo-desde-lucerna-a-grindelwald-primera-montana-con-impresionantes-vistas-de-los-alpes\/","title":{"rendered":"<p>Tour de Un D\u00eda Completo desde Lucerna a Grindelwald-First Mountain (primera monta\u00f1a) con una Impresionante vista de los Alpes<\/p>"},"content":{"rendered":"<p>Su recorrido comienza en su hotel en Lucerna. Aqu\u00ed, tu gu\u00eda te dar\u00e1 la bienvenida y subir\u00e1s a bordo de un lujoso Mercedes Clase V. Luego, este veh\u00edculo lo transportar\u00e1 a los impresionantes paisajes rurales suizos. El viaje a Grindelwald dura aproximadamente 1 hora y 30 minutos. Este tiempo de viaje se enriquece con paisajes cautivadores y paradas improvisadas para fotografiar miradores, lagos turquesas y pueblos con encanto.<p>Al llegar a Grindelwald, un pueblo alpino rodeado de un majestuoso paisaje monta\u00f1oso, caminaremos por la calle principal hasta llegar al punto de partida del telef\u00e9rico. El trayecto lleva 25 minutos (en cada sentido) hasta a la cima, donde disfrutaremos de un agradable paseo hasta el puente colgante llamado \u201cFirst Cliff Walk\u201d, \u00a1con una vista impresionante!<\/p><p>Haremos una parada en un restaurante para tomar un caf\u00e9, un capuchino o una copa de vino a fin de apreciar mejor la vista de los Alpes, y luego pasaremos a las actividades opcionales que se ofrecen en la Primera monta\u00f1a: tirolesa a hasta 80 km por hora y bajada por la monta\u00f1a en Mountain Cart o Trottibike scooter. Las actividades no son obligatorias. \u00a1Grindelwald-First es uno de los lugares m\u00e1s populares para visitar en la regi\u00f3n de Jungfrau y es perfecto para los amantes de las aventuras!<\/p><p>\u00a1No tendr\u00e1s que preocuparte por nada! Nosotros hacemos las reservas, compramos los billetes, te recogemos en tu hotel y te acompa\u00f1amos durante todo el d\u00eda y en todas las actividades, a tu ritmo y sin prisas. \u00a1Nuestro gu\u00eda lo fotografiar\u00e1 a usted y a su familia a lo largo del recorrido brind\u00e1ndole im\u00e1genes excepcionales y los mejores recuerdos!<\/p><p>Previa solicitud, tambi\u00e9n podemos adaptar tu viaje para necesidades especiales.<\/p><h3><strong>Proceso de reserva y pago:<\/strong><\/h3><p>Para confirmar el precio del tour, proporcione el n\u00famero de participantes en el campo de datos en el lado derecho. El valor anterior se actualizar\u00e1 autom\u00e1ticamente.<\/p><p>Para comenzar su proceso de reserva, por favor proporcione los detalles necesarios para el viaje. Despu\u00e9s de eso, le enviaremos de inmediato un correo electr\u00f3nico confirmando la disponibilidad de fechas. Posteriormente, se le proporcionar\u00e1 un enlace de pago seguro para que realice un pago inicial 20% y asegure la fecha seleccionada. Este pago inicial sirve como garant\u00eda financiera en caso de cancelaci\u00f3n del cliente. El pago restante se puede realizar el d\u00eda del tour, ya sea con tarjeta de cr\u00e9dito o en efectivo. Tenga en cuenta que solo podemos confirmar su reserva una vez recibido el pago inicial de 20%. Si desea cancelar el recorrido, puede hacerlo hasta 30 d\u00edas antes de la fecha del recorrido y recibir un reembolso completo.<\/p><p>Para m\u00e1s opciones de tours y variedad de experiencias, lo invitamos a explorar nuestra selecci\u00f3n en nuestro sitio web: <a href=\"https:\/\/swissxplorer.com\/es\/\">Explorador suizo<\/a>. Descubra las posibilidades y cree recuerdos inolvidables de su viaje por Suiza.<\/p><p>Vea nuestros T\u00e9rminos y Condiciones aqu\u00ed: <a href=\"https:\/\/swissxplorer.com\/es\/politica-de-privacidad\/\" target=\"_blank\" rel=\"noopener\">T\u00e9rminos y condiciones<\/a><\/p><\/p>","protected":false},"excerpt":{"rendered":"<p>Descubra uno de los paisajes alpinos m\u00e1s atractivos de Suiza en un tour de un d\u00eda completo<br>\nCon o sin aventura.<\/p>","protected":false},"featured_media":6351,"comment_status":"open","ping_status":"closed","template":"","meta":[],"product_cat":[98,89],"product_tag":[167,91,169,170,90,80,168,171],"class_list":["post-5136","product","type-product","status-publish","has-post-thumbnail","hentry","brw_type_of_tour-all","brw_type_of_tour-day-trip","product_cat-all","product_cat-lucerne","product_tag-full-day-tour-from-lucerne-to-grindelwald-first-mountain","product_tag-grindelwald","product_tag-guided-tour-from-lucerne","product_tag-guided-tour-from-lucerne-to-grindelwald-first","product_tag-lucerne","product_tag-lucernetour","product_tag-tour-to-first-mountain-lucerne","product_tag-transfer-to-grindelwald-first-from-lucernce"],"acf":[],"yoast_head":"<!-- This site is optimized with the Yoast SEO plugin v21.7 - https:\/\/yoast.com\/wordpress\/plugins\/seo\/ -->\n<title>Tour to Grindelwald First Mountain<\/title>\n<meta name=\"description\" content=\"Discover one of most attractive Alpine landscapes on a full-day tour from Lucerne to Grindelwald First Mountain located in the Swiss Alps\" \/>\n<meta name=\"robots\" content=\"index, follow, max-snippet:-1, max-image-preview:large, max-video-preview:-1\" \/>\n<link rel=\"canonical\" href=\"https:\/\/swissxplorer.com\/es\/tours\/tour-de-un-dia-completo-desde-lucerna-a-grindelwald-primera-montana-con-impresionantes-vistas-de-los-alpes\/\" \/>\n<meta property=\"og:locale\" content=\"es_ES\" \/>\n<meta property=\"og:type\" content=\"article\" \/>\n<meta property=\"og:title\" content=\"Tour to Grindelwald First Mountain\" \/>\n<meta property=\"og:description\" content=\"Discover one of most attractive Alpine landscapes on a full-day tour from Lucerne to Grindelwald First Mountain located in the Swiss Alps\" \/>\n<meta property=\"og:url\" content=\"https:\/\/swissxplorer.com\/es\/tours\/tour-de-un-dia-completo-desde-lucerna-a-grindelwald-primera-montana-con-impresionantes-vistas-de-los-alpes\/\" \/>\n<meta property=\"og:site_name\" content=\"Swiss Xplorer\" \/>\n<meta property=\"article:modified_time\" content=\"2024-09-04T09:37:55+00:00\" \/>\n<meta property=\"og:image\" content=\"http:\/\/swissxplorer.com\/wp-content\/uploads\/2023\/06\/Grindelwald-First-Mountain-summer.jpg\" \/>\n\t<meta property=\"og:image:width\" content=\"900\" \/>\n\t<meta property=\"og:image:height\" content=\"601\" \/>\n\t<meta property=\"og:image:type\" content=\"image\/jpeg\" \/>\n<meta name=\"twitter:card\" content=\"summary_large_image\" \/>\n<meta name=\"twitter:label1\" content=\"Tiempo de lectura\" \/>\n\t<meta name=\"twitter:data1\" content=\"3 minutos\" \/>\n<script type=\"application\/ld+json\" class=\"yoast-schema-graph\">{\"@context\":\"https:\/\/schema.org\",\"@graph\":[{\"@type\":\"WebPage\",\"@id\":\"https:\/\/swissxplorer.com\/tours\/tour-to-grindelwald-first-mountain\/\",\"url\":\"https:\/\/swissxplorer.com\/tours\/tour-to-grindelwald-first-mountain\/\",\"name\":\"Tour to Grindelwald First Mountain\",\"isPartOf\":{\"@id\":\"https:\/\/swissxplorer.com\/#website\"},\"datePublished\":\"2023-04-01T13:43:19+00:00\",\"dateModified\":\"2024-09-04T09:37:55+00:00\",\"description\":\"Discover one of most attractive Alpine landscapes on a full-day tour from Lucerne to Grindelwald First Mountain located in the Swiss Alps\",\"breadcrumb\":{\"@id\":\"https:\/\/swissxplorer.com\/tours\/tour-to-grindelwald-first-mountain\/#breadcrumb\"},\"inLanguage\":\"es\",\"potentialAction\":[{\"@type\":\"ReadAction\",\"target\":[\"https:\/\/swissxplorer.com\/tours\/tour-to-grindelwald-first-mountain\/\"]}]},{\"@type\":\"BreadcrumbList\",\"@id\":\"https:\/\/swissxplorer.com\/tours\/tour-to-grindelwald-first-mountain\/#breadcrumb\",\"itemListElement\":[{\"@type\":\"ListItem\",\"position\":1,\"name\":\"Home\",\"item\":\"https:\/\/swissxplorer.com\/\"},{\"@type\":\"ListItem\",\"position\":2,\"name\":\"Tours\",\"item\":\"https:\/\/swissxplorer.com\/tours\/\"},{\"@type\":\"ListItem\",\"position\":3,\"name\":\"Full Day Tour from Lucerne to Grindelwald First Mountain with Breathtaking Alps view\"}]},{\"@type\":\"WebSite\",\"@id\":\"https:\/\/swissxplorer.com\/#website\",\"url\":\"https:\/\/swissxplorer.com\/\",\"name\":\"Swiss Xplorer\",\"description\":\"Tours in Switzerland\",\"potentialAction\":[{\"@type\":\"SearchAction\",\"target\":{\"@type\":\"EntryPoint\",\"urlTemplate\":\"https:\/\/swissxplorer.com\/?s={search_term_string}\"},\"query-input\":\"required name=search_term_string\"}],\"inLanguage\":\"es\"}]}<\/script>\n<!-- \/ Yoast SEO plugin. -->","yoast_head_json":{"title":"Tour to Grindelwald First Mountain","description":"Discover one of most attractive Alpine landscapes on a full-day tour from Lucerne to Grindelwald First Mountain located in the Swiss Alps","robots":{"index":"index","follow":"follow","max-snippet":"max-snippet:-1","max-image-preview":"max-image-preview:large","max-video-preview":"max-video-preview:-1"},"canonical":"https:\/\/swissxplorer.com\/es\/tours\/tour-de-un-dia-completo-desde-lucerna-a-grindelwald-primera-montana-con-impresionantes-vistas-de-los-alpes\/","og_locale":"es_ES","og_type":"article","og_title":"Tour to Grindelwald First Mountain","og_description":"Discover one of most attractive Alpine landscapes on a full-day tour from Lucerne to Grindelwald First Mountain located in the Swiss Alps","og_url":"https:\/\/swissxplorer.com\/es\/tours\/tour-de-un-dia-completo-desde-lucerna-a-grindelwald-primera-montana-con-impresionantes-vistas-de-los-alpes\/","og_site_name":"Swiss Xplorer","article_modified_time":"2024-09-04T09:37:55+00:00","og_image":[{"width":900,"height":601,"url":"http:\/\/swissxplorer.com\/wp-content\/uploads\/2023\/06\/Grindelwald-First-Mountain-summer.jpg","type":"image\/jpeg"}],"twitter_card":"summary_large_image","twitter_misc":{"Tiempo de lectura":"3 minutos"},"schema":{"@context":"https:\/\/schema.org","@graph":[{"@type":"WebPage","@id":"https:\/\/swissxplorer.com\/tours\/tour-to-grindelwald-first-mountain\/","url":"https:\/\/swissxplorer.com\/tours\/tour-to-grindelwald-first-mountain\/","name":"Tour to Grindelwald First Mountain","isPartOf":{"@id":"https:\/\/swissxplorer.com\/#website"},"datePublished":"2023-04-01T13:43:19+00:00","dateModified":"2024-09-04T09:37:55+00:00","description":"Discover one of most attractive Alpine landscapes on a full-day tour from Lucerne to Grindelwald First Mountain located in the Swiss Alps","breadcrumb":{"@id":"https:\/\/swissxplorer.com\/tours\/tour-to-grindelwald-first-mountain\/#breadcrumb"},"inLanguage":"es","potentialAction":[{"@type":"ReadAction","target":["https:\/\/swissxplorer.com\/tours\/tour-to-grindelwald-first-mountain\/"]}]},{"@type":"BreadcrumbList","@id":"https:\/\/swissxplorer.com\/tours\/tour-to-grindelwald-first-mountain\/#breadcrumb","itemListElement":[{"@type":"ListItem","position":1,"name":"Home","item":"https:\/\/swissxplorer.com\/"},{"@type":"ListItem","position":2,"name":"Tours","item":"https:\/\/swissxplorer.com\/tours\/"},{"@type":"ListItem","position":3,"name":"Full Day Tour from Lucerne to Grindelwald First Mountain with Breathtaking Alps view"}]},{"@type":"WebSite","@id":"https:\/\/swissxplorer.com\/#website","url":"https:\/\/swissxplorer.com\/","name":"Swiss Xplorer","description":"Tours in Switzerland","potentialAction":[{"@type":"SearchAction","target":{"@type":"EntryPoint","urlTemplate":"https:\/\/swissxplorer.com\/?s={search_term_string}"},"query-input":"required name=search_term_string"}],"inLanguage":"es"}]}},"_links":{"self":[{"href":"https:\/\/swissxplorer.com\/es\/wp-json\/wp\/v2\/product\/5136","targetHints":{"allow":["GET"]}}],"collection":[{"href":"https:\/\/swissxplorer.com\/es\/wp-json\/wp\/v2\/product"}],"about":[{"href":"https:\/\/swissxplorer.com\/es\/wp-json\/wp\/v2\/types\/product"}],"replies":[{"embeddable":true,"href":"https:\/\/swissxplorer.com\/es\/wp-json\/wp\/v2\/comments?post=5136"}],"wp:featuredmedia":[{"embeddable":true,"href":"https:\/\/swissxplorer.com\/es\/wp-json\/wp\/v2\/media\/6351"}],"wp:attachment":[{"href":"https:\/\/swissxplorer.com\/es\/wp-json\/wp\/v2\/media?parent=5136"}],"wp:term":[{"taxonomy":"product_cat","embeddable":true,"href":"https:\/\/swissxplorer.com\/es\/wp-json\/wp\/v2\/product_cat?post=5136"},{"taxonomy":"product_tag","embeddable":true,"href":"https:\/\/swissxplorer.com\/es\/wp-json\/wp\/v2\/product_tag?post=5136"}],"curies":[{"name":"wp","href":"https:\/\/api.w.org\/{rel}","templated":true}]}}