{"id":5135,"date":"2023-04-01T15:33:23","date_gmt":"2023-04-01T13:33:23","guid":{"rendered":"http:\/\/swissxplorer.com\/?post_type=product&#038;p=5135"},"modified":"2024-04-18T12:06:38","modified_gmt":"2024-04-18T10:06:38","slug":"tour-to-mount-titlis-from-zurich","status":"publish","type":"product","link":"https:\/\/swissxplorer.com\/es\/tours\/tour-privado-al-monte-titlis-desde-zurich\/","title":{"rendered":"<p>\u00bfTour privado al monte Titlis desde Z\u00farich? un destino de ensue\u00f1o<\/p>"},"content":{"rendered":"<p>Hay muchas monta\u00f1as en Suiza y, a veces, es dif\u00edcil elegir la mejor para visitar. Una cosa es segura, la belleza de los paisajes est\u00e1 garantizada desde cualquier cima que decidas escalar. \u00a1Suiza nunca decepciona! Durante este tour al Monte Titlis desde Z\u00farich, tendr\u00e1s la oportunidad de visitar uno de nuestros lugares m\u00e1s preciados de todo el pa\u00eds.<p>Desde Zurich, creemos que la mejor monta\u00f1a para ver la nieve y los m\u00e1gicos Alpes es el Monte Titlis porque est\u00e1 relativamente cerca (1h15min de ida) y no perder\u00e1s mucho tiempo en el viaje para llegar all\u00ed.<\/p><p>Por su altitud, 3.239 metros sobre el nivel del mar (10.626 pies), podr\u00e1s ver nieve durante todo el a\u00f1o. \u00a1Las vistas panor\u00e1micas de los picos alpinos, las escarpadas paredes rocosas y un glaciar helado y agrietado son simplemente impresionantes!<\/p><p>El tour al Monte Titlis desde Z\u00farich comienza en su hotel en Z\u00farich. Juntos viajaremos en un c\u00f3modo Mercedes Clase V hasta Engelberg, donde comienza nuestro ascenso a la cima. Estaremos siempre contigo en los cambios de telef\u00e9rico y en cada parada en las estaciones intermedias, para que disfrutes de todos los atractivos que te ofrece la monta\u00f1a, siempre a tu propio ritmo y tiempo, sin prisas.<\/p><p>En este recorrido podr\u00e1 caminar 100 metros a trav\u00e9s del ?Titlis Cliff Walk?, un puente colgante a 3.041 metros sobre el nivel del mar y 500 metros sobre el suelo. El TITLIS Cliff Walk ostenta el r\u00e9cord de ser el puente colgante m\u00e1s alto de Europa.<\/p><p>En la cima, tambi\u00e9n experimentar\u00e1s un paseo m\u00e1gico (de 150 metros de longitud) dentro de una verdadera cueva glaciar, donde el hielo tiene hasta 5000 a\u00f1os.<\/p><p>\u00a1No tendr\u00e1s que preocuparte por nada! Nos encargaremos de las reservas y compra de entradas y estaremos contigo durante todo el d\u00eda. Esto garantiza una experiencia sin complicaciones durante su excursi\u00f3n privada de un d\u00eda al Monte Titlis. Esta elecci\u00f3n le permite participar en actividades fascinantes. Si lo solicita, tambi\u00e9n podemos adaptar su viaje a necesidades especiales.<\/p><h3><strong>Proceso de reserva y pago:<\/strong><\/h3><p>Para confirmar el precio del tour, proporcione el n\u00famero de participantes en el campo de datos en el lado derecho. El valor anterior se actualizar\u00e1 autom\u00e1ticamente.<\/p><p>Para comenzar su proceso de reserva, por favor proporcione los detalles necesarios para el viaje. Despu\u00e9s de eso, le enviaremos de inmediato un correo electr\u00f3nico confirmando la disponibilidad de fechas. Posteriormente, se le proporcionar\u00e1 un enlace de pago seguro para que realice un pago inicial 20% y asegure la fecha seleccionada. Este pago inicial sirve como garant\u00eda financiera en caso de cancelaci\u00f3n del cliente. El pago restante se puede realizar el d\u00eda del tour, ya sea con tarjeta de cr\u00e9dito o en efectivo. Tenga en cuenta que solo podemos confirmar su reserva una vez recibido el pago inicial de 20%. Si desea cancelar el recorrido, puede hacerlo hasta 30 d\u00edas antes de la fecha del recorrido y recibir un reembolso completo.<\/p><p>Para m\u00e1s opciones de tours y variedad de experiencias, lo invitamos a explorar nuestra selecci\u00f3n en nuestro sitio web: <a href=\"https:\/\/swissxplorer.com\/es\/\">Explorador suizo<\/a>. Descubra las posibilidades y cree recuerdos inolvidables de su viaje por Suiza.<\/p><p>Vea nuestros T\u00e9rminos y Condiciones aqu\u00ed: <a href=\"https:\/\/swissxplorer.com\/es\/politica-de-privacidad\/\" target=\"_blank\" rel=\"noopener\">T\u00e9rminos y condiciones<\/a><\/p><\/p>","protected":false},"excerpt":{"rendered":"<p>Viaje de un d\u00eda completo al Monte Titlis con incre\u00edbles atracciones: viaje en telef\u00e9rico, el m\u00e1s alto<br>\npuente colgante en Europa y caminar dentro de un glaciar.<\/p>","protected":false},"featured_media":5764,"comment_status":"open","ping_status":"closed","template":"","meta":[],"product_cat":[98,44],"product_tag":[173,174,172,175,178,87,176,177,136,67],"class_list":["post-5135","product","type-product","status-publish","has-post-thumbnail","hentry","brw_type_of_tour-all","brw_type_of_tour-day-trip","product_cat-all","product_cat-zurich","product_tag-guided-tour-to-titlis-from-zurich","product_tag-private-guided-tour-zurich","product_tag-private-tour-to-mount-titlis-from-zurich","product_tag-private-tour-to-mount-titlis-starting-in-zurich","product_tag-snow-mountain-from-zurich","product_tag-zurich","product_tag-zurich-attractions","product_tag-zurich-mountain-attractions","product_tag-zurich-tourism","product_tag-zurichtour"],"acf":[],"yoast_head":"<!-- This site is optimized with the Yoast SEO plugin v21.7 - https:\/\/yoast.com\/wordpress\/plugins\/seo\/ -->\n<title>Tour to Mount Titlis from Zurich<\/title>\n<meta name=\"description\" content=\"Full-day tour to Mount Titlis from Zurich with amazing attractions: cable car ride, highest suspension bridge in Europe, and walk inside a glacier.\" \/>\n<meta name=\"robots\" content=\"index, follow, max-snippet:-1, max-image-preview:large, max-video-preview:-1\" \/>\n<link rel=\"canonical\" href=\"https:\/\/swissxplorer.com\/es\/tours\/tour-privado-al-monte-titlis-desde-zurich\/\" \/>\n<meta property=\"og:locale\" content=\"es_ES\" \/>\n<meta property=\"og:type\" content=\"article\" \/>\n<meta property=\"og:title\" content=\"Tour to Mount Titlis from Zurich\" \/>\n<meta property=\"og:description\" content=\"Full-day tour to Mount Titlis from Zurich with amazing attractions: cable car ride, highest suspension bridge in Europe, and walk inside a glacier.\" \/>\n<meta property=\"og:url\" content=\"https:\/\/swissxplorer.com\/es\/tours\/tour-privado-al-monte-titlis-desde-zurich\/\" \/>\n<meta property=\"og:site_name\" content=\"Swiss Xplorer\" \/>\n<meta property=\"article:modified_time\" content=\"2024-04-18T10:06:38+00:00\" \/>\n<meta property=\"og:image\" content=\"http:\/\/swissxplorer.com\/wp-content\/uploads\/2023\/04\/130826_TitlisHangebruckeEnander2-3-scaled.jpg\" \/>\n\t<meta property=\"og:image:width\" content=\"2560\" \/>\n\t<meta property=\"og:image:height\" content=\"1707\" \/>\n\t<meta property=\"og:image:type\" content=\"image\/jpeg\" \/>\n<meta name=\"twitter:card\" content=\"summary_large_image\" \/>\n<meta name=\"twitter:label1\" content=\"Tiempo de lectura\" \/>\n\t<meta name=\"twitter:data1\" content=\"3 minutos\" \/>\n<script type=\"application\/ld+json\" class=\"yoast-schema-graph\">{\"@context\":\"https:\/\/schema.org\",\"@graph\":[{\"@type\":\"WebPage\",\"@id\":\"https:\/\/swissxplorer.com\/tours\/tour-to-mount-titlis-from-zurich\/\",\"url\":\"https:\/\/swissxplorer.com\/tours\/tour-to-mount-titlis-from-zurich\/\",\"name\":\"Tour to Mount Titlis from Zurich\",\"isPartOf\":{\"@id\":\"https:\/\/swissxplorer.com\/#website\"},\"datePublished\":\"2023-04-01T13:33:23+00:00\",\"dateModified\":\"2024-04-18T10:06:38+00:00\",\"description\":\"Full-day tour to Mount Titlis from Zurich with amazing attractions: cable car ride, highest suspension bridge in Europe, and walk inside a glacier.\",\"breadcrumb\":{\"@id\":\"https:\/\/swissxplorer.com\/tours\/tour-to-mount-titlis-from-zurich\/#breadcrumb\"},\"inLanguage\":\"es\",\"potentialAction\":[{\"@type\":\"ReadAction\",\"target\":[\"https:\/\/swissxplorer.com\/tours\/tour-to-mount-titlis-from-zurich\/\"]}]},{\"@type\":\"BreadcrumbList\",\"@id\":\"https:\/\/swissxplorer.com\/tours\/tour-to-mount-titlis-from-zurich\/#breadcrumb\",\"itemListElement\":[{\"@type\":\"ListItem\",\"position\":1,\"name\":\"Home\",\"item\":\"https:\/\/swissxplorer.com\/\"},{\"@type\":\"ListItem\",\"position\":2,\"name\":\"Tours\",\"item\":\"https:\/\/swissxplorer.com\/tours\/\"},{\"@type\":\"ListItem\",\"position\":3,\"name\":\"Private Tour to Mount Titlis from Zurich \u2013 a dream destination\"}]},{\"@type\":\"WebSite\",\"@id\":\"https:\/\/swissxplorer.com\/#website\",\"url\":\"https:\/\/swissxplorer.com\/\",\"name\":\"Swiss Xplorer\",\"description\":\"Tours in Switzerland\",\"potentialAction\":[{\"@type\":\"SearchAction\",\"target\":{\"@type\":\"EntryPoint\",\"urlTemplate\":\"https:\/\/swissxplorer.com\/?s={search_term_string}\"},\"query-input\":\"required name=search_term_string\"}],\"inLanguage\":\"es\"}]}<\/script>\n<!-- \/ Yoast SEO plugin. -->","yoast_head_json":{"title":"Tour to Mount Titlis from Zurich","description":"Full-day tour to Mount Titlis from Zurich with amazing attractions: cable car ride, highest suspension bridge in Europe, and walk inside a glacier.","robots":{"index":"index","follow":"follow","max-snippet":"max-snippet:-1","max-image-preview":"max-image-preview:large","max-video-preview":"max-video-preview:-1"},"canonical":"https:\/\/swissxplorer.com\/es\/tours\/tour-privado-al-monte-titlis-desde-zurich\/","og_locale":"es_ES","og_type":"article","og_title":"Tour to Mount Titlis from Zurich","og_description":"Full-day tour to Mount Titlis from Zurich with amazing attractions: cable car ride, highest suspension bridge in Europe, and walk inside a glacier.","og_url":"https:\/\/swissxplorer.com\/es\/tours\/tour-privado-al-monte-titlis-desde-zurich\/","og_site_name":"Swiss Xplorer","article_modified_time":"2024-04-18T10:06:38+00:00","og_image":[{"width":2560,"height":1707,"url":"http:\/\/swissxplorer.com\/wp-content\/uploads\/2023\/04\/130826_TitlisHangebruckeEnander2-3-scaled.jpg","type":"image\/jpeg"}],"twitter_card":"summary_large_image","twitter_misc":{"Tiempo de lectura":"3 minutos"},"schema":{"@context":"https:\/\/schema.org","@graph":[{"@type":"WebPage","@id":"https:\/\/swissxplorer.com\/tours\/tour-to-mount-titlis-from-zurich\/","url":"https:\/\/swissxplorer.com\/tours\/tour-to-mount-titlis-from-zurich\/","name":"Tour to Mount Titlis from Zurich","isPartOf":{"@id":"https:\/\/swissxplorer.com\/#website"},"datePublished":"2023-04-01T13:33:23+00:00","dateModified":"2024-04-18T10:06:38+00:00","description":"Full-day tour to Mount Titlis from Zurich with amazing attractions: cable car ride, highest suspension bridge in Europe, and walk inside a glacier.","breadcrumb":{"@id":"https:\/\/swissxplorer.com\/tours\/tour-to-mount-titlis-from-zurich\/#breadcrumb"},"inLanguage":"es","potentialAction":[{"@type":"ReadAction","target":["https:\/\/swissxplorer.com\/tours\/tour-to-mount-titlis-from-zurich\/"]}]},{"@type":"BreadcrumbList","@id":"https:\/\/swissxplorer.com\/tours\/tour-to-mount-titlis-from-zurich\/#breadcrumb","itemListElement":[{"@type":"ListItem","position":1,"name":"Home","item":"https:\/\/swissxplorer.com\/"},{"@type":"ListItem","position":2,"name":"Tours","item":"https:\/\/swissxplorer.com\/tours\/"},{"@type":"ListItem","position":3,"name":"Private Tour to Mount Titlis from Zurich \u2013 a dream destination"}]},{"@type":"WebSite","@id":"https:\/\/swissxplorer.com\/#website","url":"https:\/\/swissxplorer.com\/","name":"Swiss Xplorer","description":"Tours in Switzerland","potentialAction":[{"@type":"SearchAction","target":{"@type":"EntryPoint","urlTemplate":"https:\/\/swissxplorer.com\/?s={search_term_string}"},"query-input":"required name=search_term_string"}],"inLanguage":"es"}]}},"_links":{"self":[{"href":"https:\/\/swissxplorer.com\/es\/wp-json\/wp\/v2\/product\/5135","targetHints":{"allow":["GET"]}}],"collection":[{"href":"https:\/\/swissxplorer.com\/es\/wp-json\/wp\/v2\/product"}],"about":[{"href":"https:\/\/swissxplorer.com\/es\/wp-json\/wp\/v2\/types\/product"}],"replies":[{"embeddable":true,"href":"https:\/\/swissxplorer.com\/es\/wp-json\/wp\/v2\/comments?post=5135"}],"wp:featuredmedia":[{"embeddable":true,"href":"https:\/\/swissxplorer.com\/es\/wp-json\/wp\/v2\/media\/5764"}],"wp:attachment":[{"href":"https:\/\/swissxplorer.com\/es\/wp-json\/wp\/v2\/media?parent=5135"}],"wp:term":[{"taxonomy":"product_cat","embeddable":true,"href":"https:\/\/swissxplorer.com\/es\/wp-json\/wp\/v2\/product_cat?post=5135"},{"taxonomy":"product_tag","embeddable":true,"href":"https:\/\/swissxplorer.com\/es\/wp-json\/wp\/v2\/product_tag?post=5135"}],"curies":[{"name":"wp","href":"https:\/\/api.w.org\/{rel}","templated":true}]}}