{"id":5134,"date":"2023-04-01T15:25:46","date_gmt":"2023-04-01T13:25:46","guid":{"rendered":"http:\/\/swissxplorer.com\/?post_type=product&#038;p=5134"},"modified":"2023-12-19T18:52:46","modified_gmt":"2023-12-19T17:52:46","slug":"boat-trip-zurich","status":"publish","type":"product","link":"https:\/\/swissxplorer.com\/es\/tours\/paseo-en-barco-a-un-pueblo-de-vinedos-desde-zurich\/","title":{"rendered":"<p>Excursi\u00f3n de medio d\u00eda con paseo panor\u00e1mico en barco por el lago Walen hasta un pueblo de vi\u00f1edos. de Z\u00farich<\/p>"},"content":{"rendered":"<p>Despu\u00e9s de que te recojan en tu hotel en Z\u00farich, si\u00e9ntate en un c\u00f3modo Mercedes Clase V y disfruta del viaje privado de 50 minutos hasta el lago de Walen, donde comienza el viaje en barco.<p>El lago Walen es uno de los lagos m\u00e1s bellos de \n Suiza. Las monta\u00f1as se alzan casi verticales por todos los lados del lago y anidan en peque\u00f1as mesetas y en sus aguas claras y turquesas.El viaje en barco entre Weesen y Quinten dura unos 40 minutos, cubriendo aproximadamente 10 km.<\/p><p>La joya del viaje es la incre\u00edble cascada. Las Cataratas de Seerenbach brotan de un sistema de cuevas y forman un conjunto de tres cascadas de casi 600 metros (1,968 ft) que caen por los acantilados. Las cascadas son especialmente impresionantes en primavera cuando la nieve que se derrite las convierte en un torrente.La joya del viaje es la incre\u00edble cascada. Las Cataratas de Seerenbach brotan de un sistema de cuevas y forman un conjunto de tres cascadas de casi 600 metros (1,968 ft) que caen por los acantilados. Las cascadas son especialmente impresionantes en primavera cuando la nieve que se derrite las convierte en un torrente.<\/p><p>\u00a1No tendr\u00e1s que preocuparte por nada! Nosotros hacemos las reservas, compramos las entradas, te recogemos y te acompa\u00f1amos durante todo el d\u00eda y en todas las actividades, a tu ritmo, sin prisas. \u00a1Nuestro gu\u00eda lo fotografiar\u00e1 a usted y a su familia a lo largo del recorrido brind\u00e1ndole im\u00e1genes excepcionales y los mejores recuerdos! Si lo solicita, tambi\u00e9n podemos adaptar su viaje a necesidades especiales.<\/p><h3><strong>Proceso de reserva y pago:<\/strong><\/h3><p>Para confirmar el precio del tour, proporcione el n\u00famero de participantes en el campo de datos en el lado derecho. El valor anterior se actualizar\u00e1 autom\u00e1ticamente.<\/p><p>Para comenzar su proceso de reserva, por favor proporcione los detalles necesarios para el viaje. Despu\u00e9s de eso, le enviaremos de inmediato un correo electr\u00f3nico confirmando la disponibilidad de fechas. Posteriormente, se le proporcionar\u00e1 un enlace de pago seguro para que realice un pago inicial 20% y asegure la fecha seleccionada. Este pago inicial sirve como garant\u00eda financiera en caso de cancelaci\u00f3n del cliente. El pago restante se puede realizar el d\u00eda del tour, ya sea con tarjeta de cr\u00e9dito o en efectivo. Tenga en cuenta que solo podemos confirmar su reserva una vez recibido el pago inicial de 20%. Si desea cancelar el recorrido, puede hacerlo hasta 30 d\u00edas antes de la fecha del recorrido y recibir un reembolso completo.<\/p><p>Para m\u00e1s opciones de tours y variedad de experiencias, lo invitamos a explorar nuestra selecci\u00f3n en nuestro sitio web: <a href=\"https:\/\/swissxplorer.com\/es\/\">Explorador suizo<\/a>. Descubra las posibilidades y cree recuerdos inolvidables de su viaje por Suiza.<\/p><p>Vea nuestros T\u00e9rminos y Condiciones aqu\u00ed: <a href=\"https:\/\/swissxplorer.com\/es\/politica-de-privacidad\/\" target=\"_blank\" rel=\"noopener\">T\u00e9rminos y condiciones<\/a><\/p><\/p>","protected":false},"excerpt":{"rendered":"<p>Escapa de la realidad y sum\u00e9rgete en paisajes de cuento de hadas en un entorno privado.<br>\nExcursi\u00f3n de un d\u00eda por uno de los lagos m\u00e1s impresionantes de Suiza.<\/p>","protected":false},"featured_media":5960,"comment_status":"open","ping_status":"closed","template":"","meta":[],"product_cat":[98,44],"product_tag":[179,181,180,88,184,183,87,182,67],"class_list":["post-5134","product","type-product","status-publish","has-post-thumbnail","hentry","brw_type_of_tour-all","brw_type_of_tour-half-day-tour","product_cat-all","product_cat-zurich","product_tag-boat-tour-zurich","product_tag-guided-tour-from-zurich-to-beautiful-landscapes","product_tag-guided-tours-from-zurich","product_tag-walen","product_tag-walen-lake-boat-trip","product_tag-walensee-lake-tour","product_tag-zurich","product_tag-zurich-best-attractions-tours","product_tag-zurichtour"],"acf":[],"yoast_head":"<!-- This site is optimized with the Yoast SEO plugin v21.7 - https:\/\/yoast.com\/wordpress\/plugins\/seo\/ -->\n<title>Boat trip from Zurich<\/title>\n<meta name=\"description\" content=\"Escape from reality and immerse yourself in fairytale landscape in a boat trip tour from Zurich to one of the most impressive lakes in Switzerland.\" \/>\n<meta name=\"robots\" content=\"index, follow, max-snippet:-1, max-image-preview:large, max-video-preview:-1\" \/>\n<link rel=\"canonical\" href=\"https:\/\/swissxplorer.com\/es\/tours\/paseo-en-barco-a-un-pueblo-de-vinedos-desde-zurich\/\" \/>\n<meta property=\"og:locale\" content=\"es_ES\" \/>\n<meta property=\"og:type\" content=\"article\" \/>\n<meta property=\"og:title\" content=\"Boat trip from Zurich\" \/>\n<meta property=\"og:description\" content=\"Escape from reality and immerse yourself in fairytale landscape in a boat trip tour from Zurich to one of the most impressive lakes in Switzerland.\" \/>\n<meta property=\"og:url\" content=\"https:\/\/swissxplorer.com\/es\/tours\/paseo-en-barco-a-un-pueblo-de-vinedos-desde-zurich\/\" \/>\n<meta property=\"og:site_name\" content=\"Swiss Xplorer\" \/>\n<meta property=\"article:modified_time\" content=\"2023-12-19T17:52:46+00:00\" \/>\n<meta property=\"og:image\" content=\"http:\/\/swissxplorer.com\/wp-content\/uploads\/2023\/04\/quinten-ms-seerenbachfalle-betlis-walensee-schiff.jpg\" \/>\n\t<meta property=\"og:image:width\" content=\"1533\" \/>\n\t<meta property=\"og:image:height\" content=\"1120\" \/>\n\t<meta property=\"og:image:type\" content=\"image\/jpeg\" \/>\n<meta name=\"twitter:card\" content=\"summary_large_image\" \/>\n<meta name=\"twitter:label1\" content=\"Tiempo de lectura\" \/>\n\t<meta name=\"twitter:data1\" content=\"2 minutos\" \/>\n<script type=\"application\/ld+json\" class=\"yoast-schema-graph\">{\"@context\":\"https:\/\/schema.org\",\"@graph\":[{\"@type\":\"WebPage\",\"@id\":\"https:\/\/swissxplorer.com\/tours\/boat-trip-zurich\/\",\"url\":\"https:\/\/swissxplorer.com\/tours\/boat-trip-zurich\/\",\"name\":\"Boat trip from Zurich\",\"isPartOf\":{\"@id\":\"https:\/\/swissxplorer.com\/#website\"},\"datePublished\":\"2023-04-01T13:25:46+00:00\",\"dateModified\":\"2023-12-19T17:52:46+00:00\",\"description\":\"Escape from reality and immerse yourself in fairytale landscape in a boat trip tour from Zurich to one of the most impressive lakes in Switzerland.\",\"breadcrumb\":{\"@id\":\"https:\/\/swissxplorer.com\/tours\/boat-trip-zurich\/#breadcrumb\"},\"inLanguage\":\"es\",\"potentialAction\":[{\"@type\":\"ReadAction\",\"target\":[\"https:\/\/swissxplorer.com\/tours\/boat-trip-zurich\/\"]}]},{\"@type\":\"BreadcrumbList\",\"@id\":\"https:\/\/swissxplorer.com\/tours\/boat-trip-zurich\/#breadcrumb\",\"itemListElement\":[{\"@type\":\"ListItem\",\"position\":1,\"name\":\"Home\",\"item\":\"https:\/\/swissxplorer.com\/\"},{\"@type\":\"ListItem\",\"position\":2,\"name\":\"Tours\",\"item\":\"https:\/\/swissxplorer.com\/tours\/\"},{\"@type\":\"ListItem\",\"position\":3,\"name\":\"Half Day Tour with Scenic Boat Trip on lake Walen to a Vineyard village \u2013 from Zurich\"}]},{\"@type\":\"WebSite\",\"@id\":\"https:\/\/swissxplorer.com\/#website\",\"url\":\"https:\/\/swissxplorer.com\/\",\"name\":\"Swiss Xplorer\",\"description\":\"Tours in Switzerland\",\"potentialAction\":[{\"@type\":\"SearchAction\",\"target\":{\"@type\":\"EntryPoint\",\"urlTemplate\":\"https:\/\/swissxplorer.com\/?s={search_term_string}\"},\"query-input\":\"required name=search_term_string\"}],\"inLanguage\":\"es\"}]}<\/script>\n<!-- \/ Yoast SEO plugin. -->","yoast_head_json":{"title":"Boat trip from Zurich","description":"Escape from reality and immerse yourself in fairytale landscape in a boat trip tour from Zurich to one of the most impressive lakes in Switzerland.","robots":{"index":"index","follow":"follow","max-snippet":"max-snippet:-1","max-image-preview":"max-image-preview:large","max-video-preview":"max-video-preview:-1"},"canonical":"https:\/\/swissxplorer.com\/es\/tours\/paseo-en-barco-a-un-pueblo-de-vinedos-desde-zurich\/","og_locale":"es_ES","og_type":"article","og_title":"Boat trip from Zurich","og_description":"Escape from reality and immerse yourself in fairytale landscape in a boat trip tour from Zurich to one of the most impressive lakes in Switzerland.","og_url":"https:\/\/swissxplorer.com\/es\/tours\/paseo-en-barco-a-un-pueblo-de-vinedos-desde-zurich\/","og_site_name":"Swiss Xplorer","article_modified_time":"2023-12-19T17:52:46+00:00","og_image":[{"width":1533,"height":1120,"url":"http:\/\/swissxplorer.com\/wp-content\/uploads\/2023\/04\/quinten-ms-seerenbachfalle-betlis-walensee-schiff.jpg","type":"image\/jpeg"}],"twitter_card":"summary_large_image","twitter_misc":{"Tiempo de lectura":"2 minutos"},"schema":{"@context":"https:\/\/schema.org","@graph":[{"@type":"WebPage","@id":"https:\/\/swissxplorer.com\/tours\/boat-trip-zurich\/","url":"https:\/\/swissxplorer.com\/tours\/boat-trip-zurich\/","name":"Boat trip from Zurich","isPartOf":{"@id":"https:\/\/swissxplorer.com\/#website"},"datePublished":"2023-04-01T13:25:46+00:00","dateModified":"2023-12-19T17:52:46+00:00","description":"Escape from reality and immerse yourself in fairytale landscape in a boat trip tour from Zurich to one of the most impressive lakes in Switzerland.","breadcrumb":{"@id":"https:\/\/swissxplorer.com\/tours\/boat-trip-zurich\/#breadcrumb"},"inLanguage":"es","potentialAction":[{"@type":"ReadAction","target":["https:\/\/swissxplorer.com\/tours\/boat-trip-zurich\/"]}]},{"@type":"BreadcrumbList","@id":"https:\/\/swissxplorer.com\/tours\/boat-trip-zurich\/#breadcrumb","itemListElement":[{"@type":"ListItem","position":1,"name":"Home","item":"https:\/\/swissxplorer.com\/"},{"@type":"ListItem","position":2,"name":"Tours","item":"https:\/\/swissxplorer.com\/tours\/"},{"@type":"ListItem","position":3,"name":"Half Day Tour with Scenic Boat Trip on lake Walen to a Vineyard village \u2013 from Zurich"}]},{"@type":"WebSite","@id":"https:\/\/swissxplorer.com\/#website","url":"https:\/\/swissxplorer.com\/","name":"Swiss Xplorer","description":"Tours in Switzerland","potentialAction":[{"@type":"SearchAction","target":{"@type":"EntryPoint","urlTemplate":"https:\/\/swissxplorer.com\/?s={search_term_string}"},"query-input":"required name=search_term_string"}],"inLanguage":"es"}]}},"_links":{"self":[{"href":"https:\/\/swissxplorer.com\/es\/wp-json\/wp\/v2\/product\/5134","targetHints":{"allow":["GET"]}}],"collection":[{"href":"https:\/\/swissxplorer.com\/es\/wp-json\/wp\/v2\/product"}],"about":[{"href":"https:\/\/swissxplorer.com\/es\/wp-json\/wp\/v2\/types\/product"}],"replies":[{"embeddable":true,"href":"https:\/\/swissxplorer.com\/es\/wp-json\/wp\/v2\/comments?post=5134"}],"wp:featuredmedia":[{"embeddable":true,"href":"https:\/\/swissxplorer.com\/es\/wp-json\/wp\/v2\/media\/5960"}],"wp:attachment":[{"href":"https:\/\/swissxplorer.com\/es\/wp-json\/wp\/v2\/media?parent=5134"}],"wp:term":[{"taxonomy":"product_cat","embeddable":true,"href":"https:\/\/swissxplorer.com\/es\/wp-json\/wp\/v2\/product_cat?post=5134"},{"taxonomy":"product_tag","embeddable":true,"href":"https:\/\/swissxplorer.com\/es\/wp-json\/wp\/v2\/product_tag?post=5134"}],"curies":[{"name":"wp","href":"https:\/\/api.w.org\/{rel}","templated":true}]}}