{"id":5123,"date":"2023-03-31T17:04:04","date_gmt":"2023-03-31T20:04:04","guid":{"rendered":"http:\/\/swissxplorer.com\/?post_type=product&#038;p=5123"},"modified":"2023-08-31T16:18:04","modified_gmt":"2023-08-31T14:18:04","slug":"tour-to-rhine-falls-zurich","status":"publish","type":"product","link":"https:\/\/swissxplorer.com\/es\/tours\/tour-privado-de-medio-dia-a-rhine-falls-europes-largest-waterfalls-from-zurich\/","title":{"rendered":"<p>Excursi\u00f3n privada de medio d\u00eda a las cataratas del Rin, las cataratas m\u00e1s grandes de Europa, desde Z\u00farich<\/p>"},"content":{"rendered":"<p>Despu\u00e9s de que lo recojan en su hotel en Z\u00farich, si\u00e9ntese y disfrute del viaje de 40 minutos en un c\u00f3modo y privado Mercedes Clase V hasta el recorrido por las cataratas del Rin.<p>Descubra las impresionantes cataratas del Rin, la cascada m\u00e1s grande de Europa y una de las principales atracciones tur\u00edsticas de Suiza. El sendero panor\u00e1mico Belvedere te lleva a una plataforma de observaci\u00f3n justo encima de las cataratas, donde puedes sentir el movimiento de las aguas retumbantes. Sienta el rugido y la vibraci\u00f3n de una media de 700.000 litros de agua por segundo que se hunden en un ancho de 150 metros en el r\u00edo.<\/p><p>Visita el Castillo de Laufen y la exposici\u00f3n Historama y sube al ascensor panor\u00e1mico para obtener vistas espectaculares de las Cataratas del Rin.<\/p><p>\u00a1No tendr\u00e1s que preocuparte por nada! Nosotros hacemos las reservas, compramos los billetes, te recogemos y te acompa\u00f1amos durante el d\u00eda, a tu ritmo, sin prisas. \u00a1Nuestro gu\u00eda lo fotografiar\u00e1 a usted y a su familia a lo largo del recorrido brind\u00e1ndole im\u00e1genes excepcionales y los mejores recuerdos! Si lo solicita, tambi\u00e9n podemos adaptar su viaje a necesidades especiales.<\/p><h3><strong>Proceso de reserva y pago:<\/strong><\/h3><p>Para confirmar el precio del tour, proporcione el n\u00famero de participantes en el campo de datos en el lado derecho. El valor anterior se actualizar\u00e1 autom\u00e1ticamente.<\/p><p>Para comenzar su proceso de reserva, por favor proporcione los detalles necesarios para el viaje. Despu\u00e9s de eso, le enviaremos de inmediato un correo electr\u00f3nico confirmando la disponibilidad de fechas. Posteriormente, se le proporcionar\u00e1 un enlace de pago seguro para que realice un pago inicial 20% y asegure la fecha seleccionada. Este pago inicial sirve como garant\u00eda financiera en caso de cancelaci\u00f3n del cliente. El pago restante se puede realizar el d\u00eda del tour, ya sea con tarjeta de cr\u00e9dito o en efectivo. Tenga en cuenta que solo podemos confirmar su reserva una vez recibido el pago inicial de 20%. Si desea cancelar el recorrido, puede hacerlo hasta 30 d\u00edas antes de la fecha del recorrido y recibir un reembolso completo.<\/p><p>Para m\u00e1s opciones de tours y variedad de experiencias, lo invitamos a explorar nuestra selecci\u00f3n en nuestro sitio web: <a href=\"https:\/\/swissxplorer.com\/es\/\">Explorador suizo<\/a>. Descubra las posibilidades y cree recuerdos inolvidables de su viaje por Suiza.<\/p><\/p>","protected":false},"excerpt":{"rendered":"<p>Visite las cataratas del Rin, una de las cascadas m\u00e1s espectaculares de Europa, una visita obligada para todos.<br>\n\u00a1amantes de la naturaleza!<\/p>","protected":false},"featured_media":5666,"comment_status":"open","ping_status":"closed","template":"","meta":[],"product_cat":[98,44],"product_tag":[57,58,191,186,189,190,292,185,188,187],"class_list":["post-5123","product","type-product","status-publish","has-post-thumbnail","hentry","brw_type_of_tour-all","brw_type_of_tour-half-day-tour","product_cat-all","product_cat-zurich","product_tag-adventureinswitzerland","product_tag-alpstour","product_tag-best-day-trips-from-zurich","product_tag-europes-largest-waterfalls-from-zurich","product_tag-guided-tour-to-rhine-falls","product_tag-guided-tour-to-rhine-falls-from-zurich","product_tag-guided-tours-switzerland","product_tag-half-day-tour-to-rhine-falls","product_tag-places-to-visit-from-zurich","product_tag-the-best-outdoor-activities-in-zurich"],"acf":[],"yoast_head":"<!-- This site is optimized with the Yoast SEO plugin v21.7 - https:\/\/yoast.com\/wordpress\/plugins\/seo\/ -->\n<title>Tour to Rhine Falls from Zurich<\/title>\n<meta name=\"description\" content=\"From Zurich: Rhine Falls Tour, the largest Waterfalls in Europe. Visit one of the most spectacular waterfalls in Switzerland, a must-see for nature lovers!\" \/>\n<meta name=\"robots\" content=\"index, follow, max-snippet:-1, max-image-preview:large, max-video-preview:-1\" \/>\n<link rel=\"canonical\" href=\"https:\/\/swissxplorer.com\/es\/tours\/tour-privado-de-medio-dia-a-rhine-falls-europes-largest-waterfalls-from-zurich\/\" \/>\n<meta property=\"og:locale\" content=\"es_ES\" \/>\n<meta property=\"og:type\" content=\"article\" \/>\n<meta property=\"og:title\" content=\"Tour to Rhine Falls from Zurich\" \/>\n<meta property=\"og:description\" content=\"From Zurich: Rhine Falls Tour, the largest Waterfalls in Europe. Visit one of the most spectacular waterfalls in Switzerland, a must-see for nature lovers!\" \/>\n<meta property=\"og:url\" content=\"https:\/\/swissxplorer.com\/es\/tours\/tour-privado-de-medio-dia-a-rhine-falls-europes-largest-waterfalls-from-zurich\/\" \/>\n<meta property=\"og:site_name\" content=\"Swiss Xplorer\" \/>\n<meta property=\"article:modified_time\" content=\"2023-08-31T14:18:04+00:00\" \/>\n<meta property=\"og:image\" content=\"http:\/\/swissxplorer.com\/wp-content\/uploads\/2023\/03\/IMG_7500.jpg\" \/>\n\t<meta property=\"og:image:width\" content=\"2016\" \/>\n\t<meta property=\"og:image:height\" content=\"1512\" \/>\n\t<meta property=\"og:image:type\" content=\"image\/jpeg\" \/>\n<meta name=\"twitter:card\" content=\"summary_large_image\" \/>\n<meta name=\"twitter:label1\" content=\"Tiempo de lectura\" \/>\n\t<meta name=\"twitter:data1\" content=\"2 minutos\" \/>\n<script type=\"application\/ld+json\" class=\"yoast-schema-graph\">{\"@context\":\"https:\/\/schema.org\",\"@graph\":[{\"@type\":\"WebPage\",\"@id\":\"https:\/\/swissxplorer.com\/tours\/tour-to-rhine-falls-zurich\/\",\"url\":\"https:\/\/swissxplorer.com\/tours\/tour-to-rhine-falls-zurich\/\",\"name\":\"Tour to Rhine Falls from Zurich\",\"isPartOf\":{\"@id\":\"https:\/\/swissxplorer.com\/#website\"},\"datePublished\":\"2023-03-31T20:04:04+00:00\",\"dateModified\":\"2023-08-31T14:18:04+00:00\",\"description\":\"From Zurich: Rhine Falls Tour, the largest Waterfalls in Europe. Visit one of the most spectacular waterfalls in Switzerland, a must-see for nature lovers!\",\"breadcrumb\":{\"@id\":\"https:\/\/swissxplorer.com\/tours\/tour-to-rhine-falls-zurich\/#breadcrumb\"},\"inLanguage\":\"es\",\"potentialAction\":[{\"@type\":\"ReadAction\",\"target\":[\"https:\/\/swissxplorer.com\/tours\/tour-to-rhine-falls-zurich\/\"]}]},{\"@type\":\"BreadcrumbList\",\"@id\":\"https:\/\/swissxplorer.com\/tours\/tour-to-rhine-falls-zurich\/#breadcrumb\",\"itemListElement\":[{\"@type\":\"ListItem\",\"position\":1,\"name\":\"Home\",\"item\":\"https:\/\/swissxplorer.com\/\"},{\"@type\":\"ListItem\",\"position\":2,\"name\":\"Tours\",\"item\":\"https:\/\/swissxplorer.com\/tours\/\"},{\"@type\":\"ListItem\",\"position\":3,\"name\":\"Private Half Day Tour to Rhine Falls &#8211; Europe&#8217;s largest Waterfalls &#8211; from Zurich\"}]},{\"@type\":\"WebSite\",\"@id\":\"https:\/\/swissxplorer.com\/#website\",\"url\":\"https:\/\/swissxplorer.com\/\",\"name\":\"Swiss Xplorer\",\"description\":\"Tours in Switzerland\",\"potentialAction\":[{\"@type\":\"SearchAction\",\"target\":{\"@type\":\"EntryPoint\",\"urlTemplate\":\"https:\/\/swissxplorer.com\/?s={search_term_string}\"},\"query-input\":\"required name=search_term_string\"}],\"inLanguage\":\"es\"}]}<\/script>\n<!-- \/ Yoast SEO plugin. -->","yoast_head_json":{"title":"Tour to Rhine Falls from Zurich","description":"From Zurich: Rhine Falls Tour, the largest Waterfalls in Europe. Visit one of the most spectacular waterfalls in Switzerland, a must-see for nature lovers!","robots":{"index":"index","follow":"follow","max-snippet":"max-snippet:-1","max-image-preview":"max-image-preview:large","max-video-preview":"max-video-preview:-1"},"canonical":"https:\/\/swissxplorer.com\/es\/tours\/tour-privado-de-medio-dia-a-rhine-falls-europes-largest-waterfalls-from-zurich\/","og_locale":"es_ES","og_type":"article","og_title":"Tour to Rhine Falls from Zurich","og_description":"From Zurich: Rhine Falls Tour, the largest Waterfalls in Europe. Visit one of the most spectacular waterfalls in Switzerland, a must-see for nature lovers!","og_url":"https:\/\/swissxplorer.com\/es\/tours\/tour-privado-de-medio-dia-a-rhine-falls-europes-largest-waterfalls-from-zurich\/","og_site_name":"Swiss Xplorer","article_modified_time":"2023-08-31T14:18:04+00:00","og_image":[{"width":2016,"height":1512,"url":"http:\/\/swissxplorer.com\/wp-content\/uploads\/2023\/03\/IMG_7500.jpg","type":"image\/jpeg"}],"twitter_card":"summary_large_image","twitter_misc":{"Tiempo de lectura":"2 minutos"},"schema":{"@context":"https:\/\/schema.org","@graph":[{"@type":"WebPage","@id":"https:\/\/swissxplorer.com\/tours\/tour-to-rhine-falls-zurich\/","url":"https:\/\/swissxplorer.com\/tours\/tour-to-rhine-falls-zurich\/","name":"Tour to Rhine Falls from Zurich","isPartOf":{"@id":"https:\/\/swissxplorer.com\/#website"},"datePublished":"2023-03-31T20:04:04+00:00","dateModified":"2023-08-31T14:18:04+00:00","description":"From Zurich: Rhine Falls Tour, the largest Waterfalls in Europe. Visit one of the most spectacular waterfalls in Switzerland, a must-see for nature lovers!","breadcrumb":{"@id":"https:\/\/swissxplorer.com\/tours\/tour-to-rhine-falls-zurich\/#breadcrumb"},"inLanguage":"es","potentialAction":[{"@type":"ReadAction","target":["https:\/\/swissxplorer.com\/tours\/tour-to-rhine-falls-zurich\/"]}]},{"@type":"BreadcrumbList","@id":"https:\/\/swissxplorer.com\/tours\/tour-to-rhine-falls-zurich\/#breadcrumb","itemListElement":[{"@type":"ListItem","position":1,"name":"Home","item":"https:\/\/swissxplorer.com\/"},{"@type":"ListItem","position":2,"name":"Tours","item":"https:\/\/swissxplorer.com\/tours\/"},{"@type":"ListItem","position":3,"name":"Private Half Day Tour to Rhine Falls &#8211; Europe&#8217;s largest Waterfalls &#8211; from Zurich"}]},{"@type":"WebSite","@id":"https:\/\/swissxplorer.com\/#website","url":"https:\/\/swissxplorer.com\/","name":"Swiss Xplorer","description":"Tours in Switzerland","potentialAction":[{"@type":"SearchAction","target":{"@type":"EntryPoint","urlTemplate":"https:\/\/swissxplorer.com\/?s={search_term_string}"},"query-input":"required name=search_term_string"}],"inLanguage":"es"}]}},"_links":{"self":[{"href":"https:\/\/swissxplorer.com\/es\/wp-json\/wp\/v2\/product\/5123","targetHints":{"allow":["GET"]}}],"collection":[{"href":"https:\/\/swissxplorer.com\/es\/wp-json\/wp\/v2\/product"}],"about":[{"href":"https:\/\/swissxplorer.com\/es\/wp-json\/wp\/v2\/types\/product"}],"replies":[{"embeddable":true,"href":"https:\/\/swissxplorer.com\/es\/wp-json\/wp\/v2\/comments?post=5123"}],"wp:featuredmedia":[{"embeddable":true,"href":"https:\/\/swissxplorer.com\/es\/wp-json\/wp\/v2\/media\/5666"}],"wp:attachment":[{"href":"https:\/\/swissxplorer.com\/es\/wp-json\/wp\/v2\/media?parent=5123"}],"wp:term":[{"taxonomy":"product_cat","embeddable":true,"href":"https:\/\/swissxplorer.com\/es\/wp-json\/wp\/v2\/product_cat?post=5123"},{"taxonomy":"product_tag","embeddable":true,"href":"https:\/\/swissxplorer.com\/es\/wp-json\/wp\/v2\/product_tag?post=5123"}],"curies":[{"name":"wp","href":"https:\/\/api.w.org\/{rel}","templated":true}]}}