{"id":5122,"date":"2023-03-31T17:00:32","date_gmt":"2023-03-31T15:00:32","guid":{"rendered":"http:\/\/swissxplorer.com\/?post_type=product&#038;p=5122"},"modified":"2023-08-31T15:31:26","modified_gmt":"2023-08-31T13:31:26","slug":"mountain-coaster-adventure-from-zurich","status":"publish","type":"product","link":"https:\/\/swissxplorer.com\/es\/tours\/tour-privado-a-una-montana-suiza-con-tobogan-desde-zurich\/","title":{"rendered":"<p>Tour privado a un pico con aventura en la monta\u00f1a rusa desde Z\u00farich<\/p>"},"content":{"rendered":"<p>Despu\u00e9s de que te recojan en tu hotel en Z\u00farich, si\u00e9ntate y disfruta de la vista durante el viaje de 45 minutos hasta el punto de partida del telef\u00e9rico para la Mountain Coaster Adventure desde Z\u00farich. El viaje en un Mercedes Clase V privado y c\u00f3modo ofrece vistas al lago, con escarpadas cadenas monta\u00f1osas como fondo impresionante.<p>Ahora nuestro viaje cuesta arriba comienza con un telef\u00e9rico y luego con un telesilla. Estaremos siempre contigo, asegur\u00e1ndonos de que disfrutes de todas las atracciones. \u00a1No tendr\u00e1s que preocuparte por nada! Nosotros hacemos las reservas, compramos los billetes, te recogemos y te acompa\u00f1amos durante el d\u00eda, siempre a tu ritmo, sin prisas.<\/p><p>En este pintoresco viaje podr\u00e1 disfrutar de un absoluto para\u00edso de verano y magn\u00edficas vistas. Esta monta\u00f1a es visitada por lugare\u00f1os, pero todav\u00eda est\u00e1 fuera de los caminos trillados para los turistas internacionales. De esa manera, tendr\u00e1 una experiencia m\u00e1s aut\u00e9ntica sin el flujo excesivo de turistas y las multitudes densas.<\/p><p>Esta monta\u00f1a se encuentra en una terraza soleada sobre un lago y la emocionante pista de trineo de verano se encuentra a 1.600 metros sobre el nivel del mar. Los amantes de la aventura podr\u00e1n disfrutar del recorrido de 2 kil\u00f3metros lleno de t\u00faneles, curvas y puentes que pueden alcanzar hasta 40 km\/h. Todo el recorrido ofrece una vista impresionante de las monta\u00f1as Churfirsten, situadas enfrente.<\/p><p>Los ni\u00f1os de al menos 1,25 m de altura y mayores de 9 a\u00f1os pueden realizar el trayecto solos. Los ni\u00f1os de 3 a 9 a\u00f1os deben ir acompa\u00f1ados de un adulto. Nuestro gu\u00eda va a hacer fotos de ti y de tu familia durante el tour, \u00a1brind\u00e1ndote im\u00e1genes excelentes y los mejores recuerdos! Previa solicitud, tambi\u00e9n podemos adaptar tu viaje para necesidades especiales.<\/p><h3><strong>Proceso de reserva y pago:<\/strong><\/h3><p>Para confirmar el precio del tour, proporcione el n\u00famero de participantes en el campo de datos en el lado derecho. El valor anterior se actualizar\u00e1 autom\u00e1ticamente.<\/p><p>Para comenzar su proceso de reserva, por favor proporcione los detalles necesarios para el viaje. Despu\u00e9s de eso, le enviaremos de inmediato un correo electr\u00f3nico confirmando la disponibilidad de fechas. Posteriormente, se le proporcionar\u00e1 un enlace de pago seguro para que realice un pago inicial 20% y asegure la fecha seleccionada. Este pago inicial sirve como garant\u00eda financiera en caso de cancelaci\u00f3n del cliente. El pago restante se puede realizar el d\u00eda del tour, ya sea con tarjeta de cr\u00e9dito o en efectivo. Tenga en cuenta que solo podemos confirmar su reserva una vez recibido el pago inicial de 20%. Si desea cancelar el recorrido, puede hacerlo hasta 30 d\u00edas antes de la fecha del recorrido y recibir un reembolso completo.<\/p><p>Para m\u00e1s opciones de tours y variedad de experiencias, lo invitamos a explorar nuestra selecci\u00f3n en nuestro sitio web: <a href=\"https:\/\/swissxplorer.com\/es\/\">Explorador suizo<\/a>. Descubra las posibilidades y cree recuerdos inolvidables de su viaje por Suiza.<\/p><p>Vea nuestros T\u00e9rminos y Condiciones aqu\u00ed: <a href=\"https:\/\/swissxplorer.com\/es\/politica-de-privacidad\/\" target=\"_blank\" rel=\"noopener\">T\u00e9rminos y condiciones<\/a><\/p><\/p>","protected":false},"excerpt":{"rendered":"<p>Un gu\u00eda tur\u00edstico privado dedicado exclusivamente a usted y su familia le proporcionar\u00e1<br>\n\u00a1Con servicio completo, im\u00e1genes excepcionales y los mejores recuerdos!<\/p>","protected":false},"featured_media":5719,"comment_status":"open","ping_status":"closed","template":"","meta":[],"product_cat":[98,44],"product_tag":[58,191,69,83,194,192,193,124,195,196,137],"class_list":["post-5122","product","type-product","status-publish","has-post-thumbnail","hentry","brw_type_of_tour-all","brw_type_of_tour-day-trip","product_cat-all","product_cat-zurich","product_tag-alpstour","product_tag-best-day-trips-from-zurich","product_tag-familytour","product_tag-fulldaytripswitzerland","product_tag-guided-tour-from-zurich","product_tag-private-tour-to-a-swiss-mountain-from-zurich","product_tag-sledding-zurich","product_tag-toboggan-run-zurich","product_tag-zurich-best-attractions","product_tag-zurich-full-day-trip","product_tag-zurich-half-day-trip"],"acf":[],"yoast_head":"<!-- This site is optimized with the Yoast SEO plugin v21.7 - https:\/\/yoast.com\/wordpress\/plugins\/seo\/ -->\n<title>Mountain Coaster Adventure from Zurich<\/title>\n<meta name=\"description\" content=\"A private tour guide dedicated exclusively to your will provide full service, remarkable images and the best memories of the Mountain Coaster Adventure\" \/>\n<meta name=\"robots\" content=\"index, follow, max-snippet:-1, max-image-preview:large, max-video-preview:-1\" \/>\n<link rel=\"canonical\" href=\"https:\/\/swissxplorer.com\/es\/tours\/tour-privado-a-una-montana-suiza-con-tobogan-desde-zurich\/\" \/>\n<meta property=\"og:locale\" content=\"es_ES\" \/>\n<meta property=\"og:type\" content=\"article\" \/>\n<meta property=\"og:title\" content=\"Mountain Coaster Adventure from Zurich\" \/>\n<meta property=\"og:description\" content=\"A private tour guide dedicated exclusively to your will provide full service, remarkable images and the best memories of the Mountain Coaster Adventure\" \/>\n<meta property=\"og:url\" content=\"https:\/\/swissxplorer.com\/es\/tours\/tour-privado-a-una-montana-suiza-con-tobogan-desde-zurich\/\" \/>\n<meta property=\"og:site_name\" content=\"Swiss Xplorer\" \/>\n<meta property=\"article:modified_time\" content=\"2023-08-31T13:31:26+00:00\" \/>\n<meta property=\"og:image\" content=\"http:\/\/swissxplorer.com\/wp-content\/uploads\/2023\/03\/Foto-03-FLOOMZER-C-Bergbahnen-Flumserberg-AG-scaled.jpg\" \/>\n\t<meta property=\"og:image:width\" content=\"2560\" \/>\n\t<meta property=\"og:image:height\" content=\"1707\" \/>\n\t<meta property=\"og:image:type\" content=\"image\/jpeg\" \/>\n<meta name=\"twitter:card\" content=\"summary_large_image\" \/>\n<meta name=\"twitter:label1\" content=\"Tiempo de lectura\" \/>\n\t<meta name=\"twitter:data1\" content=\"3 minutos\" \/>\n<script type=\"application\/ld+json\" class=\"yoast-schema-graph\">{\"@context\":\"https:\/\/schema.org\",\"@graph\":[{\"@type\":\"WebPage\",\"@id\":\"https:\/\/swissxplorer.com\/tours\/mountain-coaster-adventure-from-zurich\/\",\"url\":\"https:\/\/swissxplorer.com\/tours\/mountain-coaster-adventure-from-zurich\/\",\"name\":\"Mountain Coaster Adventure from Zurich\",\"isPartOf\":{\"@id\":\"https:\/\/swissxplorer.com\/#website\"},\"datePublished\":\"2023-03-31T15:00:32+00:00\",\"dateModified\":\"2023-08-31T13:31:26+00:00\",\"description\":\"A private tour guide dedicated exclusively to your will provide full service, remarkable images and the best memories of the Mountain Coaster Adventure\",\"breadcrumb\":{\"@id\":\"https:\/\/swissxplorer.com\/tours\/mountain-coaster-adventure-from-zurich\/#breadcrumb\"},\"inLanguage\":\"es\",\"potentialAction\":[{\"@type\":\"ReadAction\",\"target\":[\"https:\/\/swissxplorer.com\/tours\/mountain-coaster-adventure-from-zurich\/\"]}]},{\"@type\":\"BreadcrumbList\",\"@id\":\"https:\/\/swissxplorer.com\/tours\/mountain-coaster-adventure-from-zurich\/#breadcrumb\",\"itemListElement\":[{\"@type\":\"ListItem\",\"position\":1,\"name\":\"Home\",\"item\":\"https:\/\/swissxplorer.com\/\"},{\"@type\":\"ListItem\",\"position\":2,\"name\":\"Tours\",\"item\":\"https:\/\/swissxplorer.com\/tours\/\"},{\"@type\":\"ListItem\",\"position\":3,\"name\":\"Private Tour to a Peak with Mountain Coaster Adventure from Zurich\"}]},{\"@type\":\"WebSite\",\"@id\":\"https:\/\/swissxplorer.com\/#website\",\"url\":\"https:\/\/swissxplorer.com\/\",\"name\":\"Swiss Xplorer\",\"description\":\"Tours in Switzerland\",\"potentialAction\":[{\"@type\":\"SearchAction\",\"target\":{\"@type\":\"EntryPoint\",\"urlTemplate\":\"https:\/\/swissxplorer.com\/?s={search_term_string}\"},\"query-input\":\"required name=search_term_string\"}],\"inLanguage\":\"es\"}]}<\/script>\n<!-- \/ Yoast SEO plugin. -->","yoast_head_json":{"title":"Mountain Coaster Adventure from Zurich","description":"A private tour guide dedicated exclusively to your will provide full service, remarkable images and the best memories of the Mountain Coaster Adventure","robots":{"index":"index","follow":"follow","max-snippet":"max-snippet:-1","max-image-preview":"max-image-preview:large","max-video-preview":"max-video-preview:-1"},"canonical":"https:\/\/swissxplorer.com\/es\/tours\/tour-privado-a-una-montana-suiza-con-tobogan-desde-zurich\/","og_locale":"es_ES","og_type":"article","og_title":"Mountain Coaster Adventure from Zurich","og_description":"A private tour guide dedicated exclusively to your will provide full service, remarkable images and the best memories of the Mountain Coaster Adventure","og_url":"https:\/\/swissxplorer.com\/es\/tours\/tour-privado-a-una-montana-suiza-con-tobogan-desde-zurich\/","og_site_name":"Swiss Xplorer","article_modified_time":"2023-08-31T13:31:26+00:00","og_image":[{"width":2560,"height":1707,"url":"http:\/\/swissxplorer.com\/wp-content\/uploads\/2023\/03\/Foto-03-FLOOMZER-C-Bergbahnen-Flumserberg-AG-scaled.jpg","type":"image\/jpeg"}],"twitter_card":"summary_large_image","twitter_misc":{"Tiempo de lectura":"3 minutos"},"schema":{"@context":"https:\/\/schema.org","@graph":[{"@type":"WebPage","@id":"https:\/\/swissxplorer.com\/tours\/mountain-coaster-adventure-from-zurich\/","url":"https:\/\/swissxplorer.com\/tours\/mountain-coaster-adventure-from-zurich\/","name":"Mountain Coaster Adventure from Zurich","isPartOf":{"@id":"https:\/\/swissxplorer.com\/#website"},"datePublished":"2023-03-31T15:00:32+00:00","dateModified":"2023-08-31T13:31:26+00:00","description":"A private tour guide dedicated exclusively to your will provide full service, remarkable images and the best memories of the Mountain Coaster Adventure","breadcrumb":{"@id":"https:\/\/swissxplorer.com\/tours\/mountain-coaster-adventure-from-zurich\/#breadcrumb"},"inLanguage":"es","potentialAction":[{"@type":"ReadAction","target":["https:\/\/swissxplorer.com\/tours\/mountain-coaster-adventure-from-zurich\/"]}]},{"@type":"BreadcrumbList","@id":"https:\/\/swissxplorer.com\/tours\/mountain-coaster-adventure-from-zurich\/#breadcrumb","itemListElement":[{"@type":"ListItem","position":1,"name":"Home","item":"https:\/\/swissxplorer.com\/"},{"@type":"ListItem","position":2,"name":"Tours","item":"https:\/\/swissxplorer.com\/tours\/"},{"@type":"ListItem","position":3,"name":"Private Tour to a Peak with Mountain Coaster Adventure from Zurich"}]},{"@type":"WebSite","@id":"https:\/\/swissxplorer.com\/#website","url":"https:\/\/swissxplorer.com\/","name":"Swiss Xplorer","description":"Tours in Switzerland","potentialAction":[{"@type":"SearchAction","target":{"@type":"EntryPoint","urlTemplate":"https:\/\/swissxplorer.com\/?s={search_term_string}"},"query-input":"required name=search_term_string"}],"inLanguage":"es"}]}},"_links":{"self":[{"href":"https:\/\/swissxplorer.com\/es\/wp-json\/wp\/v2\/product\/5122","targetHints":{"allow":["GET"]}}],"collection":[{"href":"https:\/\/swissxplorer.com\/es\/wp-json\/wp\/v2\/product"}],"about":[{"href":"https:\/\/swissxplorer.com\/es\/wp-json\/wp\/v2\/types\/product"}],"replies":[{"embeddable":true,"href":"https:\/\/swissxplorer.com\/es\/wp-json\/wp\/v2\/comments?post=5122"}],"wp:featuredmedia":[{"embeddable":true,"href":"https:\/\/swissxplorer.com\/es\/wp-json\/wp\/v2\/media\/5719"}],"wp:attachment":[{"href":"https:\/\/swissxplorer.com\/es\/wp-json\/wp\/v2\/media?parent=5122"}],"wp:term":[{"taxonomy":"product_cat","embeddable":true,"href":"https:\/\/swissxplorer.com\/es\/wp-json\/wp\/v2\/product_cat?post=5122"},{"taxonomy":"product_tag","embeddable":true,"href":"https:\/\/swissxplorer.com\/es\/wp-json\/wp\/v2\/product_tag?post=5122"}],"curies":[{"name":"wp","href":"https:\/\/api.w.org\/{rel}","templated":true}]}}