{"id":5120,"date":"2023-03-31T16:23:33","date_gmt":"2023-03-31T14:23:33","guid":{"rendered":"http:\/\/swissxplorer.com\/?post_type=product&#038;p=5120"},"modified":"2023-08-31T16:19:10","modified_gmt":"2023-08-31T14:19:10","slug":"tour-to-rapperswil-zurich","status":"publish","type":"product","link":"https:\/\/swissxplorer.com\/es\/tours\/tour-a-rapperswil-a-fairy-tale-swiss-town\/","title":{"rendered":"<p>Tour de medio d\u00eda a Rapperswil, una ciudad suiza de cuento de hadas<\/p>"},"content":{"rendered":"<p>Salga de su hotel de Zurich en un Mercedes Clase V privado y embarque en el Tour a Rapperswil, una ciudad suiza de cuento de hadas. Experimente un relajante paseo de 40 minutos mientras comienza su recorrido por Rapperswil. Del\u00e9itese con una visita guiada a pie por esta acogedora, hermosa e hist\u00f3rica ciudad dentro de la Riviera suiza, a su propio ritmo c\u00f3modo. Llegue a la terraza del castillo y disfrute de una vista panor\u00e1mica desde el punto m\u00e1s alto de la ciudad, que abarca los tejados, el puerto, las monta\u00f1as y el lago. Rel\u00e1jese mientras contempla las pintorescas vistas de los alrededores de la ciudad.<p>Rapperswil es una hermosa ciudad medieval en el extremo sur del lago de Z\u00farich. Su destacado castillo medieval alberga un museo polaco que se puede visitar previa solicitud. Luego nos dirigiremos a los jardines de rosas donde podr\u00e1s admirar 600 tipos de rosas (en verano).<\/p><p>Rapperswil es visitado por los lugare\u00f1os, por lo que est\u00e1 fuera del circuito tur\u00edstico habitual. Podr\u00e1s disfrutar de un t\u00edpico pueblo suizo en su pura esencia y podr\u00e1s reducir el ritmo y apreciar la calma. Este tour es ideal para quienes disfrutan de las ciudades hist\u00f3ricas y los mejores paisajes pero no tienen mucho tiempo disponible.<\/p><p>\u00a1Nuestro gu\u00eda va a hacer fotos de ti y de tu familia durante el tour, brind\u00e1ndote im\u00e1genes excelentes y los mejores recuerdos! Previa solicitud, tambi\u00e9n podemos adaptar tu viaje para necesidades especiales.<\/p><h3><strong>Proceso de reserva y pago:<\/strong><\/h3><p>Para confirmar el precio del tour, proporcione el n\u00famero de participantes en el campo de datos en el lado derecho. El valor anterior se actualizar\u00e1 autom\u00e1ticamente.<\/p><p>Para comenzar su proceso de reserva, por favor proporcione los detalles necesarios para el viaje. Despu\u00e9s de eso, le enviaremos de inmediato un correo electr\u00f3nico confirmando la disponibilidad de fechas. Posteriormente, se le proporcionar\u00e1 un enlace de pago seguro para que realice un pago inicial 20% y asegure la fecha seleccionada. Este pago inicial sirve como garant\u00eda financiera en caso de cancelaci\u00f3n del cliente. El pago restante se puede realizar el d\u00eda del tour, ya sea con tarjeta de cr\u00e9dito o en efectivo. Tenga en cuenta que solo podemos confirmar su reserva una vez recibido el pago inicial de 20%. Si desea cancelar el recorrido, puede hacerlo hasta 30 d\u00edas antes de la fecha del recorrido y recibir un reembolso completo.<\/p><p>Para m\u00e1s opciones de tours y variedad de experiencias, lo invitamos a explorar nuestra selecci\u00f3n en nuestro sitio web: <a href=\"https:\/\/swissxplorer.com\/es\/\">Explorador suizo<\/a>. Descubra las posibilidades y cree recuerdos inolvidables de su viaje por Suiza.<\/p><\/p>","protected":false},"excerpt":{"rendered":"<p>Tour privado desde Zurich a un castillo medieval del siglo XIII ubicado en un casco hist\u00f3rico<br>\nPueblo tambi\u00e9n conocido como la pintoresca ciudad de las rosas. Disfruta del mejor paisaje en un recorrido guiado por la<br>\norillas del lago de Z\u00farich.<\/p>","protected":false},"featured_media":5680,"comment_status":"open","ping_status":"closed","template":"","meta":[],"product_cat":[44],"product_tag":[198,133,83,74,199,200,197,49,201,55,202],"class_list":["post-5120","product","type-product","status-publish","has-post-thumbnail","hentry","brw_type_of_tour-all","brw_type_of_tour-day-trip","product_cat-zurich","product_tag-around-zurich-activities-tours","product_tag-day-trip-zurich","product_tag-fulldaytripswitzerland","product_tag-grouptours","product_tag-guided-private-tour-from-zurich-day-trip","product_tag-guided-tour-zurich","product_tag-half-day-tour-to-rapperswil","product_tag-holidayinswitzerland","product_tag-medieval-town-around-zurich","product_tag-privatedriverinswitzerland","product_tag-zurich-off-the-beaten-tourist-track"],"acf":[],"yoast_head":"<!-- This site is optimized with the Yoast SEO plugin v21.7 - https:\/\/yoast.com\/wordpress\/plugins\/seo\/ -->\n<title>Tour to Rapperswil from Zurich<\/title>\n<meta name=\"description\" content=\"Join a tour from Zurich to Rapperswil, housing a 13th-century medieval castle in its historic old town. Immerse in breathtaking scenery on this guided tour.\" \/>\n<meta name=\"robots\" content=\"index, follow, max-snippet:-1, max-image-preview:large, max-video-preview:-1\" \/>\n<link rel=\"canonical\" href=\"https:\/\/swissxplorer.com\/es\/tours\/tour-a-rapperswil-a-fairy-tale-swiss-town\/\" \/>\n<meta property=\"og:locale\" content=\"es_ES\" \/>\n<meta property=\"og:type\" content=\"article\" \/>\n<meta property=\"og:title\" content=\"Tour to Rapperswil from Zurich\" \/>\n<meta property=\"og:description\" content=\"Join a tour from Zurich to Rapperswil, housing a 13th-century medieval castle in its historic old town. Immerse in breathtaking scenery on this guided tour.\" \/>\n<meta property=\"og:url\" content=\"https:\/\/swissxplorer.com\/es\/tours\/tour-a-rapperswil-a-fairy-tale-swiss-town\/\" \/>\n<meta property=\"og:site_name\" content=\"Swiss Xplorer\" \/>\n<meta property=\"article:modified_time\" content=\"2023-08-31T14:19:10+00:00\" \/>\n<meta property=\"og:image\" content=\"http:\/\/swissxplorer.com\/wp-content\/uploads\/2023\/03\/Hafenansicht-Rapperswil-Jona_RZST-scaled.jpg\" \/>\n\t<meta property=\"og:image:width\" content=\"2560\" \/>\n\t<meta property=\"og:image:height\" content=\"1709\" \/>\n\t<meta property=\"og:image:type\" content=\"image\/jpeg\" \/>\n<meta name=\"twitter:card\" content=\"summary_large_image\" \/>\n<meta name=\"twitter:label1\" content=\"Tiempo de lectura\" \/>\n\t<meta name=\"twitter:data1\" content=\"2 minutos\" \/>\n<script type=\"application\/ld+json\" class=\"yoast-schema-graph\">{\"@context\":\"https:\/\/schema.org\",\"@graph\":[{\"@type\":\"WebPage\",\"@id\":\"https:\/\/swissxplorer.com\/tours\/tour-to-rapperswil-zurich\/\",\"url\":\"https:\/\/swissxplorer.com\/tours\/tour-to-rapperswil-zurich\/\",\"name\":\"Tour to Rapperswil from Zurich\",\"isPartOf\":{\"@id\":\"https:\/\/swissxplorer.com\/#website\"},\"datePublished\":\"2023-03-31T14:23:33+00:00\",\"dateModified\":\"2023-08-31T14:19:10+00:00\",\"description\":\"Join a tour from Zurich to Rapperswil, housing a 13th-century medieval castle in its historic old town. Immerse in breathtaking scenery on this guided tour.\",\"breadcrumb\":{\"@id\":\"https:\/\/swissxplorer.com\/tours\/tour-to-rapperswil-zurich\/#breadcrumb\"},\"inLanguage\":\"es\",\"potentialAction\":[{\"@type\":\"ReadAction\",\"target\":[\"https:\/\/swissxplorer.com\/tours\/tour-to-rapperswil-zurich\/\"]}]},{\"@type\":\"BreadcrumbList\",\"@id\":\"https:\/\/swissxplorer.com\/tours\/tour-to-rapperswil-zurich\/#breadcrumb\",\"itemListElement\":[{\"@type\":\"ListItem\",\"position\":1,\"name\":\"Home\",\"item\":\"https:\/\/swissxplorer.com\/\"},{\"@type\":\"ListItem\",\"position\":2,\"name\":\"Tours\",\"item\":\"https:\/\/swissxplorer.com\/tours\/\"},{\"@type\":\"ListItem\",\"position\":3,\"name\":\"Half Day Tour to Rapperswil, a Fairy Tale Swiss Town\"}]},{\"@type\":\"WebSite\",\"@id\":\"https:\/\/swissxplorer.com\/#website\",\"url\":\"https:\/\/swissxplorer.com\/\",\"name\":\"Swiss Xplorer\",\"description\":\"Tours in Switzerland\",\"potentialAction\":[{\"@type\":\"SearchAction\",\"target\":{\"@type\":\"EntryPoint\",\"urlTemplate\":\"https:\/\/swissxplorer.com\/?s={search_term_string}\"},\"query-input\":\"required name=search_term_string\"}],\"inLanguage\":\"es\"}]}<\/script>\n<!-- \/ Yoast SEO plugin. -->","yoast_head_json":{"title":"Tour to Rapperswil from Zurich","description":"Join a tour from Zurich to Rapperswil, housing a 13th-century medieval castle in its historic old town. Immerse in breathtaking scenery on this guided tour.","robots":{"index":"index","follow":"follow","max-snippet":"max-snippet:-1","max-image-preview":"max-image-preview:large","max-video-preview":"max-video-preview:-1"},"canonical":"https:\/\/swissxplorer.com\/es\/tours\/tour-a-rapperswil-a-fairy-tale-swiss-town\/","og_locale":"es_ES","og_type":"article","og_title":"Tour to Rapperswil from Zurich","og_description":"Join a tour from Zurich to Rapperswil, housing a 13th-century medieval castle in its historic old town. Immerse in breathtaking scenery on this guided tour.","og_url":"https:\/\/swissxplorer.com\/es\/tours\/tour-a-rapperswil-a-fairy-tale-swiss-town\/","og_site_name":"Swiss Xplorer","article_modified_time":"2023-08-31T14:19:10+00:00","og_image":[{"width":2560,"height":1709,"url":"http:\/\/swissxplorer.com\/wp-content\/uploads\/2023\/03\/Hafenansicht-Rapperswil-Jona_RZST-scaled.jpg","type":"image\/jpeg"}],"twitter_card":"summary_large_image","twitter_misc":{"Tiempo de lectura":"2 minutos"},"schema":{"@context":"https:\/\/schema.org","@graph":[{"@type":"WebPage","@id":"https:\/\/swissxplorer.com\/tours\/tour-to-rapperswil-zurich\/","url":"https:\/\/swissxplorer.com\/tours\/tour-to-rapperswil-zurich\/","name":"Tour to Rapperswil from Zurich","isPartOf":{"@id":"https:\/\/swissxplorer.com\/#website"},"datePublished":"2023-03-31T14:23:33+00:00","dateModified":"2023-08-31T14:19:10+00:00","description":"Join a tour from Zurich to Rapperswil, housing a 13th-century medieval castle in its historic old town. Immerse in breathtaking scenery on this guided tour.","breadcrumb":{"@id":"https:\/\/swissxplorer.com\/tours\/tour-to-rapperswil-zurich\/#breadcrumb"},"inLanguage":"es","potentialAction":[{"@type":"ReadAction","target":["https:\/\/swissxplorer.com\/tours\/tour-to-rapperswil-zurich\/"]}]},{"@type":"BreadcrumbList","@id":"https:\/\/swissxplorer.com\/tours\/tour-to-rapperswil-zurich\/#breadcrumb","itemListElement":[{"@type":"ListItem","position":1,"name":"Home","item":"https:\/\/swissxplorer.com\/"},{"@type":"ListItem","position":2,"name":"Tours","item":"https:\/\/swissxplorer.com\/tours\/"},{"@type":"ListItem","position":3,"name":"Half Day Tour to Rapperswil, a Fairy Tale Swiss Town"}]},{"@type":"WebSite","@id":"https:\/\/swissxplorer.com\/#website","url":"https:\/\/swissxplorer.com\/","name":"Swiss Xplorer","description":"Tours in Switzerland","potentialAction":[{"@type":"SearchAction","target":{"@type":"EntryPoint","urlTemplate":"https:\/\/swissxplorer.com\/?s={search_term_string}"},"query-input":"required name=search_term_string"}],"inLanguage":"es"}]}},"_links":{"self":[{"href":"https:\/\/swissxplorer.com\/es\/wp-json\/wp\/v2\/product\/5120","targetHints":{"allow":["GET"]}}],"collection":[{"href":"https:\/\/swissxplorer.com\/es\/wp-json\/wp\/v2\/product"}],"about":[{"href":"https:\/\/swissxplorer.com\/es\/wp-json\/wp\/v2\/types\/product"}],"replies":[{"embeddable":true,"href":"https:\/\/swissxplorer.com\/es\/wp-json\/wp\/v2\/comments?post=5120"}],"wp:featuredmedia":[{"embeddable":true,"href":"https:\/\/swissxplorer.com\/es\/wp-json\/wp\/v2\/media\/5680"}],"wp:attachment":[{"href":"https:\/\/swissxplorer.com\/es\/wp-json\/wp\/v2\/media?parent=5120"}],"wp:term":[{"taxonomy":"product_cat","embeddable":true,"href":"https:\/\/swissxplorer.com\/es\/wp-json\/wp\/v2\/product_cat?post=5120"},{"taxonomy":"product_tag","embeddable":true,"href":"https:\/\/swissxplorer.com\/es\/wp-json\/wp\/v2\/product_tag?post=5120"}],"curies":[{"name":"wp","href":"https:\/\/api.w.org\/{rel}","templated":true}]}}