{"id":5117,"date":"2023-03-31T16:10:16","date_gmt":"2023-03-31T14:10:16","guid":{"rendered":"http:\/\/swissxplorer.com\/?post_type=product&#038;p=5117"},"modified":"2023-12-19T18:52:46","modified_gmt":"2023-12-19T17:52:46","slug":"tour-chocolate-factory-zurich","status":"publish","type":"product","link":"https:\/\/swissxplorer.com\/es\/tours\/tour-privado-a-la-fabrica-de-queso-desde-zurich\/","title":{"rendered":"<p>Visita a la f\u00e1brica de chocolate desde Z\u00farich ? con traslado desde su hotel a Lindt<\/p>"},"content":{"rendered":"<p><span style=\"font-weight: 400;\">Experimenta el mundo del chocolate con todos tus sentidos, desde su historia hasta su producci\u00f3n y significado cultural. Aprende hechos fascinantes sobre el chocolate a trav\u00e9s de exposiciones multimedia e interactivas y disfruta de una degustaci\u00f3n ilimitada de chocolate.&nbsp;<\/span><p><span style=\"font-weight: 400;\">Este tour es perfecto para aquellos que desean un servicio completo. \u00a1No tendr\u00e1s que preocuparte por nada! Realizaremos las reservas, compraremos los billetes, os recogeremos en vuestro hotel en un coche privado Mercedes Clase V y os guiaremos durante todo el viaje interno.&nbsp;<\/span><\/p><p><span style=\"font-weight: 400;\">El museo del chocolate Lindt en Kilchberg (a unos 20 minutos de la ciudad de Z\u00farich) est\u00e1 ubicado en un impresionante edificio nuevo dise\u00f1ado por los arquitectos estrella Christ &amp; Gantenbein. Una fuente de chocolate gigante de 9,3 metros de altura (30,5 pies) rezuma chocolate y deja un delicioso aroma por todas partes.&nbsp;<\/span><\/p><p><span style=\"font-weight: 400;\">Visite una f\u00e1brica real en la cuna del chocolate con esta excursi\u00f3n de medio d\u00eda desde Z\u00farich. Una vez all\u00ed, tendr\u00e1 tiempo para visitar el museo y la tienda de chocolates Lindt m\u00e1s grande del mundo.&nbsp;<\/span><\/p><p><span style=\"font-weight: 400;\">\u00a1Esta es la forma m\u00e1s f\u00e1cil para que usted y su familia descubran y experimenten el famoso chocolate Lindt &amp; Spr\u00fcngli! Si lo solicita, tambi\u00e9n podemos adaptar su viaje a necesidades especiales.&nbsp;<\/span><\/p><p>El traslado privado lo recibir\u00e1 a las 3:00 p. m. en el lobby del hotel. El recorrido comienza a las 15:45 y dura aproximadamente 1 hora y 30 minutos, ofreci\u00e9ndote una experiencia encantadora.<\/p><p>Durante este recorrido de 90 minutos dirigido por un gu\u00eda chocolatero experto, tendr\u00e1s la oportunidad de explorar el universo del cacao y el proceso de elaboraci\u00f3n del chocolate. Nuestro recorrido lo llevar\u00e1 en un viaje para descubrir c\u00f3mo la bebida maya tradicional se transform\u00f3 en una bebida de lujo indulgente en Europa y luego se convirti\u00f3 en un placer cotidiano para personas de todo el mundo.<\/p><p>\u00a1Prep\u00e1rate para una dulce aventura!<\/p><p>Esta visita guiada est\u00e1 disponible solo en ingl\u00e9s. <span style=\"font-weight: 400;\">Una audiogu\u00eda para la visita a la f\u00e1brica est\u00e1 disponible en seis idiomas: franc\u00e9s, alem\u00e1n, italiano, mandar\u00edn y espa\u00f1ol.&nbsp;<\/span><\/p><h3><strong>Proceso de reserva y pago:<\/strong><\/h3><p>Para confirmar el precio del tour, proporcione el n\u00famero de participantes en el campo de datos en el lado derecho. El valor anterior se actualizar\u00e1 autom\u00e1ticamente.<\/p><p>Para comenzar su proceso de reserva, por favor proporcione los detalles necesarios para el viaje. Despu\u00e9s de eso, le enviaremos de inmediato un correo electr\u00f3nico confirmando la disponibilidad de fechas. Posteriormente, se le proporcionar\u00e1 un enlace de pago seguro para que realice un pago inicial 20% y asegure la fecha seleccionada. Este pago inicial sirve como garant\u00eda financiera en caso de cancelaci\u00f3n del cliente. El pago restante se puede realizar el d\u00eda del tour, ya sea con tarjeta de cr\u00e9dito o en efectivo. Tenga en cuenta que solo podemos confirmar su reserva una vez recibido el pago inicial de 20%. Si desea cancelar el recorrido, puede hacerlo hasta 30 d\u00edas antes de la fecha del recorrido y recibir un reembolso completo.<\/p><p>Para m\u00e1s opciones de tours y variedad de experiencias, lo invitamos a explorar nuestra selecci\u00f3n en nuestro sitio web: <a href=\"https:\/\/swissxplorer.com\/es\/\">Explorador suizo<\/a>. Descubra las posibilidades y cree recuerdos inolvidables de su viaje por Suiza.<\/p><p>Vea nuestros T\u00e9rminos y Condiciones aqu\u00ed: <a href=\"https:\/\/swissxplorer.com\/es\/politica-de-privacidad\/\" target=\"_blank\" rel=\"noopener\">T\u00e9rminos y condiciones<\/a><\/p><\/p>","protected":false},"excerpt":{"rendered":"<p><span style=\"font-weight: 400;\">&nbsp;Descubre el mundo del chocolate, una experiencia imprescindible para los amantes del chocolate.&nbsp;<\/span><\/p>","protected":false},"featured_media":5667,"comment_status":"open","ping_status":"closed","template":"","meta":[],"product_cat":[98,44],"product_tag":[57,58,135,204,203,205,62,69,83,70,74,180,49,206],"class_list":["post-5117","product","type-product","status-publish","has-post-thumbnail","hentry","brw_type_of_tour-all","brw_type_of_tour-half-day-tour","product_cat-all","product_cat-zurich","product_tag-adventureinswitzerland","product_tag-alpstour","product_tag-around-zurich-attractions","product_tag-best-trips-from-zurich","product_tag-chocolate-factory-tour-from-zurich","product_tag-chocolate-factory-zurich","product_tag-daytours","product_tag-familytour","product_tag-fulldaytripswitzerland","product_tag-grouptour","product_tag-grouptours","product_tag-guided-tours-from-zurich","product_tag-holidayinswitzerland","product_tag-private-transfer-lindt-factory"],"acf":[],"yoast_head":"<!-- This site is optimized with the Yoast SEO plugin v21.7 - https:\/\/yoast.com\/wordpress\/plugins\/seo\/ -->\n<title>Tour to Chocolate Factory from Zurich<\/title>\n<meta name=\"description\" content=\"Guided tour the Lindt Chocolate Factory with transfer from your hotel in Zurich. See the chocolate manufacturing process with unlimited chocolate tasting\" \/>\n<meta name=\"robots\" content=\"index, follow, max-snippet:-1, max-image-preview:large, max-video-preview:-1\" \/>\n<link rel=\"canonical\" href=\"https:\/\/swissxplorer.com\/es\/tours\/tour-privado-a-la-fabrica-de-queso-desde-zurich\/\" \/>\n<meta property=\"og:locale\" content=\"es_ES\" \/>\n<meta property=\"og:type\" content=\"article\" \/>\n<meta property=\"og:title\" content=\"Tour to Chocolate Factory from Zurich\" \/>\n<meta property=\"og:description\" content=\"Guided tour the Lindt Chocolate Factory with transfer from your hotel in Zurich. See the chocolate manufacturing process with unlimited chocolate tasting\" \/>\n<meta property=\"og:url\" content=\"https:\/\/swissxplorer.com\/es\/tours\/tour-privado-a-la-fabrica-de-queso-desde-zurich\/\" \/>\n<meta property=\"og:site_name\" content=\"Swiss Xplorer\" \/>\n<meta property=\"article:modified_time\" content=\"2023-12-19T17:52:46+00:00\" \/>\n<meta property=\"og:image\" content=\"http:\/\/swissxplorer.com\/wp-content\/uploads\/2023\/03\/IMG_8669.jpg\" \/>\n\t<meta property=\"og:image:width\" content=\"2016\" \/>\n\t<meta property=\"og:image:height\" content=\"1512\" \/>\n\t<meta property=\"og:image:type\" content=\"image\/jpeg\" \/>\n<meta name=\"twitter:card\" content=\"summary_large_image\" \/>\n<meta name=\"twitter:label1\" content=\"Tiempo de lectura\" \/>\n\t<meta name=\"twitter:data1\" content=\"3 minutos\" \/>\n<script type=\"application\/ld+json\" class=\"yoast-schema-graph\">{\"@context\":\"https:\/\/schema.org\",\"@graph\":[{\"@type\":\"WebPage\",\"@id\":\"https:\/\/swissxplorer.com\/tours\/tour-chocolate-factory-zurich\/\",\"url\":\"https:\/\/swissxplorer.com\/tours\/tour-chocolate-factory-zurich\/\",\"name\":\"Tour to Chocolate Factory from Zurich\",\"isPartOf\":{\"@id\":\"https:\/\/swissxplorer.com\/#website\"},\"datePublished\":\"2023-03-31T14:10:16+00:00\",\"dateModified\":\"2023-12-19T17:52:46+00:00\",\"description\":\"Guided tour the Lindt Chocolate Factory with transfer from your hotel in Zurich. See the chocolate manufacturing process with unlimited chocolate tasting\",\"breadcrumb\":{\"@id\":\"https:\/\/swissxplorer.com\/tours\/tour-chocolate-factory-zurich\/#breadcrumb\"},\"inLanguage\":\"es\",\"potentialAction\":[{\"@type\":\"ReadAction\",\"target\":[\"https:\/\/swissxplorer.com\/tours\/tour-chocolate-factory-zurich\/\"]}]},{\"@type\":\"BreadcrumbList\",\"@id\":\"https:\/\/swissxplorer.com\/tours\/tour-chocolate-factory-zurich\/#breadcrumb\",\"itemListElement\":[{\"@type\":\"ListItem\",\"position\":1,\"name\":\"Home\",\"item\":\"https:\/\/swissxplorer.com\/\"},{\"@type\":\"ListItem\",\"position\":2,\"name\":\"Tours\",\"item\":\"https:\/\/swissxplorer.com\/tours\/\"},{\"@type\":\"ListItem\",\"position\":3,\"name\":\"Chocolate Factory Tour from Zurich \u2013 with transfer from your hotel to Lindt\"}]},{\"@type\":\"WebSite\",\"@id\":\"https:\/\/swissxplorer.com\/#website\",\"url\":\"https:\/\/swissxplorer.com\/\",\"name\":\"Swiss Xplorer\",\"description\":\"Tours in Switzerland\",\"potentialAction\":[{\"@type\":\"SearchAction\",\"target\":{\"@type\":\"EntryPoint\",\"urlTemplate\":\"https:\/\/swissxplorer.com\/?s={search_term_string}\"},\"query-input\":\"required name=search_term_string\"}],\"inLanguage\":\"es\"}]}<\/script>\n<!-- \/ Yoast SEO plugin. -->","yoast_head_json":{"title":"Tour to Chocolate Factory from Zurich","description":"Guided tour the Lindt Chocolate Factory with transfer from your hotel in Zurich. See the chocolate manufacturing process with unlimited chocolate tasting","robots":{"index":"index","follow":"follow","max-snippet":"max-snippet:-1","max-image-preview":"max-image-preview:large","max-video-preview":"max-video-preview:-1"},"canonical":"https:\/\/swissxplorer.com\/es\/tours\/tour-privado-a-la-fabrica-de-queso-desde-zurich\/","og_locale":"es_ES","og_type":"article","og_title":"Tour to Chocolate Factory from Zurich","og_description":"Guided tour the Lindt Chocolate Factory with transfer from your hotel in Zurich. See the chocolate manufacturing process with unlimited chocolate tasting","og_url":"https:\/\/swissxplorer.com\/es\/tours\/tour-privado-a-la-fabrica-de-queso-desde-zurich\/","og_site_name":"Swiss Xplorer","article_modified_time":"2023-12-19T17:52:46+00:00","og_image":[{"width":2016,"height":1512,"url":"http:\/\/swissxplorer.com\/wp-content\/uploads\/2023\/03\/IMG_8669.jpg","type":"image\/jpeg"}],"twitter_card":"summary_large_image","twitter_misc":{"Tiempo de lectura":"3 minutos"},"schema":{"@context":"https:\/\/schema.org","@graph":[{"@type":"WebPage","@id":"https:\/\/swissxplorer.com\/tours\/tour-chocolate-factory-zurich\/","url":"https:\/\/swissxplorer.com\/tours\/tour-chocolate-factory-zurich\/","name":"Tour to Chocolate Factory from Zurich","isPartOf":{"@id":"https:\/\/swissxplorer.com\/#website"},"datePublished":"2023-03-31T14:10:16+00:00","dateModified":"2023-12-19T17:52:46+00:00","description":"Guided tour the Lindt Chocolate Factory with transfer from your hotel in Zurich. See the chocolate manufacturing process with unlimited chocolate tasting","breadcrumb":{"@id":"https:\/\/swissxplorer.com\/tours\/tour-chocolate-factory-zurich\/#breadcrumb"},"inLanguage":"es","potentialAction":[{"@type":"ReadAction","target":["https:\/\/swissxplorer.com\/tours\/tour-chocolate-factory-zurich\/"]}]},{"@type":"BreadcrumbList","@id":"https:\/\/swissxplorer.com\/tours\/tour-chocolate-factory-zurich\/#breadcrumb","itemListElement":[{"@type":"ListItem","position":1,"name":"Home","item":"https:\/\/swissxplorer.com\/"},{"@type":"ListItem","position":2,"name":"Tours","item":"https:\/\/swissxplorer.com\/tours\/"},{"@type":"ListItem","position":3,"name":"Chocolate Factory Tour from Zurich \u2013 with transfer from your hotel to Lindt"}]},{"@type":"WebSite","@id":"https:\/\/swissxplorer.com\/#website","url":"https:\/\/swissxplorer.com\/","name":"Swiss Xplorer","description":"Tours in Switzerland","potentialAction":[{"@type":"SearchAction","target":{"@type":"EntryPoint","urlTemplate":"https:\/\/swissxplorer.com\/?s={search_term_string}"},"query-input":"required name=search_term_string"}],"inLanguage":"es"}]}},"_links":{"self":[{"href":"https:\/\/swissxplorer.com\/es\/wp-json\/wp\/v2\/product\/5117","targetHints":{"allow":["GET"]}}],"collection":[{"href":"https:\/\/swissxplorer.com\/es\/wp-json\/wp\/v2\/product"}],"about":[{"href":"https:\/\/swissxplorer.com\/es\/wp-json\/wp\/v2\/types\/product"}],"replies":[{"embeddable":true,"href":"https:\/\/swissxplorer.com\/es\/wp-json\/wp\/v2\/comments?post=5117"}],"wp:featuredmedia":[{"embeddable":true,"href":"https:\/\/swissxplorer.com\/es\/wp-json\/wp\/v2\/media\/5667"}],"wp:attachment":[{"href":"https:\/\/swissxplorer.com\/es\/wp-json\/wp\/v2\/media?parent=5117"}],"wp:term":[{"taxonomy":"product_cat","embeddable":true,"href":"https:\/\/swissxplorer.com\/es\/wp-json\/wp\/v2\/product_cat?post=5117"},{"taxonomy":"product_tag","embeddable":true,"href":"https:\/\/swissxplorer.com\/es\/wp-json\/wp\/v2\/product_tag?post=5117"}],"curies":[{"name":"wp","href":"https:\/\/api.w.org\/{rel}","templated":true}]}}