{"id":5115,"date":"2023-03-31T15:56:15","date_gmt":"2023-03-31T13:56:15","guid":{"rendered":"http:\/\/swissxplorer.com\/?post_type=product&#038;p=5115"},"modified":"2024-09-25T12:26:11","modified_gmt":"2024-09-25T10:26:11","slug":"swiss-alps-tour-zurich","status":"publish","type":"product","link":"https:\/\/swissxplorer.com\/es\/tours\/tour-alpes-suizos-desde-zurich-excursion-de-un-dia-a-lagos-y-pueblos-alpinos\/","title":{"rendered":"<p>Excursi\u00f3n a los Alpes suizos desde Z\u00farich: excursi\u00f3n de un d\u00eda a lagos y pueblos alpinos<\/p>"},"content":{"rendered":"<p>\u00a1Explore los Alpes suizos con una visita guiada privada desde Z\u00farich! \u00a1Descubra la regi\u00f3n m\u00e1s bella de Suiza en solo un d\u00eda! Suiza alberga numerosos pueblos de monta\u00f1a impresionantes, pero hay algunos que realmente destacan. En la regi\u00f3n del Oberland bern\u00e9s se encuentran los picos m\u00e1s altos del pa\u00eds, a m\u00e1s de 4.000 metros sobre el nivel del mar. Nuestro recorrido de un d\u00eda optimiza su viaje y le permite explorar tantas cosas en solo un d\u00eda.<p>Tu gu\u00eda te llevar\u00e1 directamente al punto m\u00e1gico de estos pueblos imperdibles que parecen salidos de cuentos de hadas en el campo suizo, adem\u00e1s de compartir informaci\u00f3n valiosa y datos interesantes sobre la regi\u00f3n y su naturaleza. Descubre los mejores pueblos alpinos fuera de los circuitos tur\u00edsticos, en lugares remotos donde puedes calmarte, conectarte con la energ\u00eda e la naturaleza, respirar el aire puro de los Alpes y sentirte totalmente renovado(a).<\/p><p>Desde Z\u00farich, el recorrido de ida y vuelta de 285 km tiene recompensa: contemplar\u00e1s paisajes maravillosos y podr\u00e1s tomar fotograf\u00edas espont\u00e1neas en miradores, valles alpinos y lagos. Viaja en un muy c\u00f3modo Mercedes Clase V, en un viaje privado desde tu hotel en Z\u00farich a tu aire y a tu propio ritmo, sin prisas.<\/p><p>\u00a1Nuestro gu\u00eda va a hacer fotos de ti y de tu familia durante el tour, brind\u00e1ndote im\u00e1genes excelentes y los mejores recuerdos!<\/p><p>\u00a1Un viaje a Suiza no puede considerarse completo sin una visita a los impresionantes Alpes Suizos!<\/p><p>Previa solicitud, tambi\u00e9n podemos adaptar tu viaje para necesidades especiales.<\/p><p>Informaci\u00f3n importante: est\u00e1 prohibido fumar en el coche.<\/p><h3><strong>Proceso de reserva y pago:<\/strong><\/h3><p>Para confirmar el precio del tour, proporcione el n\u00famero de participantes en el campo de datos en el lado derecho. El valor anterior se actualizar\u00e1 autom\u00e1ticamente.<\/p><p>Para comenzar su proceso de reserva, por favor proporcione los detalles necesarios para el viaje. Despu\u00e9s de eso, le enviaremos de inmediato un correo electr\u00f3nico confirmando la disponibilidad de fechas. Posteriormente, se le proporcionar\u00e1 un enlace de pago seguro para que realice un pago inicial 20% y asegure la fecha seleccionada. Este pago inicial sirve como garant\u00eda financiera en caso de cancelaci\u00f3n del cliente. El pago restante se puede realizar el d\u00eda del tour, ya sea con tarjeta de cr\u00e9dito o en efectivo. Tenga en cuenta que solo podemos confirmar su reserva una vez recibido el pago inicial de 20%. Si desea cancelar el recorrido, puede hacerlo hasta 30 d\u00edas antes de la fecha del recorrido y recibir un reembolso completo.<\/p><p>Para m\u00e1s opciones de tours y variedad de experiencias, lo invitamos a explorar nuestra selecci\u00f3n en nuestro sitio web: <a href=\"https:\/\/swissxplorer.com\/es\/\">Explorador suizo<\/a>. Descubra las posibilidades y cree recuerdos inolvidables de su viaje por Suiza.<\/p><p>Vea nuestros T\u00e9rminos y Condiciones aqu\u00ed: <a href=\"https:\/\/swissxplorer.com\/es\/politica-de-privacidad\/\" target=\"_blank\" rel=\"noopener\">T\u00e9rminos y condiciones<\/a><\/p><\/p>","protected":false},"excerpt":{"rendered":"<p>Vive un recorrido inolvidable por los pueblos de monta\u00f1a m\u00e1s id\u00edlicos, cada uno con su singular y pintoresca belleza que te dejar\u00e1 cautivado. Nuestro recorrido mejorado est\u00e1 especialmente dise\u00f1ado para llevarlo a trav\u00e9s de los impresionantes paisajes de estos destinos imperdibles.<\/p>","protected":false},"featured_media":5672,"comment_status":"open","ping_status":"closed","template":"","meta":[],"product_cat":[98,44],"product_tag":[58,102,103,100,82,66,101,87],"class_list":["post-5115","product","type-product","status-publish","has-post-thumbnail","hentry","brw_type_of_tour-all","brw_type_of_tour-day-trip","product_cat-all","product_cat-zurich","product_tag-alpstour","product_tag-luxury-alpine-tours-in-switzerland","product_tag-must-see-idyllic-villages-in-switzerland","product_tag-private-guided-tours-of-the-swiss-alps","product_tag-swissalpstour","product_tag-swissprivatetour","product_tag-tours-from-zurich","product_tag-zurich"],"acf":[],"yoast_head":"<!-- This site is optimized with the Yoast SEO plugin v21.7 - https:\/\/yoast.com\/wordpress\/plugins\/seo\/ -->\n<title>Swiss Alps tour from Zurich<\/title>\n<meta name=\"description\" content=\"The Swiss Alps Tour brings you to the most charming alpine villages! We&#039;ve handpicked the top 4 must-see villages in the heart of swiss alps!\" \/>\n<meta name=\"robots\" content=\"index, follow, max-snippet:-1, max-image-preview:large, max-video-preview:-1\" \/>\n<link rel=\"canonical\" href=\"https:\/\/swissxplorer.com\/es\/tours\/tour-alpes-suizos-desde-zurich-excursion-de-un-dia-a-lagos-y-pueblos-alpinos\/\" \/>\n<meta property=\"og:locale\" content=\"es_ES\" \/>\n<meta property=\"og:type\" content=\"article\" \/>\n<meta property=\"og:title\" content=\"Swiss Alps tour from Zurich\" \/>\n<meta property=\"og:description\" content=\"The Swiss Alps Tour brings you to the most charming alpine villages! We&#039;ve handpicked the top 4 must-see villages in the heart of swiss alps!\" \/>\n<meta property=\"og:url\" content=\"https:\/\/swissxplorer.com\/es\/tours\/tour-alpes-suizos-desde-zurich-excursion-de-un-dia-a-lagos-y-pueblos-alpinos\/\" \/>\n<meta property=\"og:site_name\" content=\"Swiss Xplorer\" \/>\n<meta property=\"article:modified_time\" content=\"2024-09-25T10:26:11+00:00\" \/>\n<meta property=\"og:image\" content=\"http:\/\/swissxplorer.com\/wp-content\/uploads\/2023\/03\/IMG_4396.jpg\" \/>\n\t<meta property=\"og:image:width\" content=\"2016\" \/>\n\t<meta property=\"og:image:height\" content=\"1512\" \/>\n\t<meta property=\"og:image:type\" content=\"image\/jpeg\" \/>\n<meta name=\"twitter:card\" content=\"summary_large_image\" \/>\n<meta name=\"twitter:label1\" content=\"Tiempo de lectura\" \/>\n\t<meta name=\"twitter:data1\" content=\"3 minutos\" \/>\n<script type=\"application\/ld+json\" class=\"yoast-schema-graph\">{\"@context\":\"https:\/\/schema.org\",\"@graph\":[{\"@type\":\"WebPage\",\"@id\":\"https:\/\/swissxplorer.com\/tours\/swiss-alps-tour-zurich\/\",\"url\":\"https:\/\/swissxplorer.com\/tours\/swiss-alps-tour-zurich\/\",\"name\":\"Swiss Alps tour from Zurich\",\"isPartOf\":{\"@id\":\"https:\/\/swissxplorer.com\/#website\"},\"datePublished\":\"2023-03-31T13:56:15+00:00\",\"dateModified\":\"2024-09-25T10:26:11+00:00\",\"description\":\"The Swiss Alps Tour brings you to the most charming alpine villages! We've handpicked the top 4 must-see villages in the heart of swiss alps!\",\"breadcrumb\":{\"@id\":\"https:\/\/swissxplorer.com\/tours\/swiss-alps-tour-zurich\/#breadcrumb\"},\"inLanguage\":\"es\",\"potentialAction\":[{\"@type\":\"ReadAction\",\"target\":[\"https:\/\/swissxplorer.com\/tours\/swiss-alps-tour-zurich\/\"]}]},{\"@type\":\"BreadcrumbList\",\"@id\":\"https:\/\/swissxplorer.com\/tours\/swiss-alps-tour-zurich\/#breadcrumb\",\"itemListElement\":[{\"@type\":\"ListItem\",\"position\":1,\"name\":\"Home\",\"item\":\"https:\/\/swissxplorer.com\/\"},{\"@type\":\"ListItem\",\"position\":2,\"name\":\"Tours\",\"item\":\"https:\/\/swissxplorer.com\/tours\/\"},{\"@type\":\"ListItem\",\"position\":3,\"name\":\"Swiss Alps Tour from Zurich &#8211; Day Trip to Lakes and Alpine Villages\"}]},{\"@type\":\"WebSite\",\"@id\":\"https:\/\/swissxplorer.com\/#website\",\"url\":\"https:\/\/swissxplorer.com\/\",\"name\":\"Swiss Xplorer\",\"description\":\"Tours in Switzerland\",\"potentialAction\":[{\"@type\":\"SearchAction\",\"target\":{\"@type\":\"EntryPoint\",\"urlTemplate\":\"https:\/\/swissxplorer.com\/?s={search_term_string}\"},\"query-input\":\"required name=search_term_string\"}],\"inLanguage\":\"es\"}]}<\/script>\n<!-- \/ Yoast SEO plugin. -->","yoast_head_json":{"title":"Swiss Alps tour from Zurich","description":"The Swiss Alps Tour brings you to the most charming alpine villages! We've handpicked the top 4 must-see villages in the heart of swiss alps!","robots":{"index":"index","follow":"follow","max-snippet":"max-snippet:-1","max-image-preview":"max-image-preview:large","max-video-preview":"max-video-preview:-1"},"canonical":"https:\/\/swissxplorer.com\/es\/tours\/tour-alpes-suizos-desde-zurich-excursion-de-un-dia-a-lagos-y-pueblos-alpinos\/","og_locale":"es_ES","og_type":"article","og_title":"Swiss Alps tour from Zurich","og_description":"The Swiss Alps Tour brings you to the most charming alpine villages! We've handpicked the top 4 must-see villages in the heart of swiss alps!","og_url":"https:\/\/swissxplorer.com\/es\/tours\/tour-alpes-suizos-desde-zurich-excursion-de-un-dia-a-lagos-y-pueblos-alpinos\/","og_site_name":"Swiss Xplorer","article_modified_time":"2024-09-25T10:26:11+00:00","og_image":[{"width":2016,"height":1512,"url":"http:\/\/swissxplorer.com\/wp-content\/uploads\/2023\/03\/IMG_4396.jpg","type":"image\/jpeg"}],"twitter_card":"summary_large_image","twitter_misc":{"Tiempo de lectura":"3 minutos"},"schema":{"@context":"https:\/\/schema.org","@graph":[{"@type":"WebPage","@id":"https:\/\/swissxplorer.com\/tours\/swiss-alps-tour-zurich\/","url":"https:\/\/swissxplorer.com\/tours\/swiss-alps-tour-zurich\/","name":"Swiss Alps tour from Zurich","isPartOf":{"@id":"https:\/\/swissxplorer.com\/#website"},"datePublished":"2023-03-31T13:56:15+00:00","dateModified":"2024-09-25T10:26:11+00:00","description":"The Swiss Alps Tour brings you to the most charming alpine villages! We've handpicked the top 4 must-see villages in the heart of swiss alps!","breadcrumb":{"@id":"https:\/\/swissxplorer.com\/tours\/swiss-alps-tour-zurich\/#breadcrumb"},"inLanguage":"es","potentialAction":[{"@type":"ReadAction","target":["https:\/\/swissxplorer.com\/tours\/swiss-alps-tour-zurich\/"]}]},{"@type":"BreadcrumbList","@id":"https:\/\/swissxplorer.com\/tours\/swiss-alps-tour-zurich\/#breadcrumb","itemListElement":[{"@type":"ListItem","position":1,"name":"Home","item":"https:\/\/swissxplorer.com\/"},{"@type":"ListItem","position":2,"name":"Tours","item":"https:\/\/swissxplorer.com\/tours\/"},{"@type":"ListItem","position":3,"name":"Swiss Alps Tour from Zurich &#8211; Day Trip to Lakes and Alpine Villages"}]},{"@type":"WebSite","@id":"https:\/\/swissxplorer.com\/#website","url":"https:\/\/swissxplorer.com\/","name":"Swiss Xplorer","description":"Tours in Switzerland","potentialAction":[{"@type":"SearchAction","target":{"@type":"EntryPoint","urlTemplate":"https:\/\/swissxplorer.com\/?s={search_term_string}"},"query-input":"required name=search_term_string"}],"inLanguage":"es"}]}},"_links":{"self":[{"href":"https:\/\/swissxplorer.com\/es\/wp-json\/wp\/v2\/product\/5115","targetHints":{"allow":["GET"]}}],"collection":[{"href":"https:\/\/swissxplorer.com\/es\/wp-json\/wp\/v2\/product"}],"about":[{"href":"https:\/\/swissxplorer.com\/es\/wp-json\/wp\/v2\/types\/product"}],"replies":[{"embeddable":true,"href":"https:\/\/swissxplorer.com\/es\/wp-json\/wp\/v2\/comments?post=5115"}],"wp:featuredmedia":[{"embeddable":true,"href":"https:\/\/swissxplorer.com\/es\/wp-json\/wp\/v2\/media\/5672"}],"wp:attachment":[{"href":"https:\/\/swissxplorer.com\/es\/wp-json\/wp\/v2\/media?parent=5115"}],"wp:term":[{"taxonomy":"product_cat","embeddable":true,"href":"https:\/\/swissxplorer.com\/es\/wp-json\/wp\/v2\/product_cat?post=5115"},{"taxonomy":"product_tag","embeddable":true,"href":"https:\/\/swissxplorer.com\/es\/wp-json\/wp\/v2\/product_tag?post=5115"}],"curies":[{"name":"wp","href":"https:\/\/api.w.org\/{rel}","templated":true}]}}