{"id":4828,"date":"2023-01-26T16:17:07","date_gmt":"2023-01-26T19:17:07","guid":{"rendered":"http:\/\/swissxplorer.com\/?post_type=product&#038;p=4828"},"modified":"2023-08-31T16:06:18","modified_gmt":"2023-08-31T14:06:18","slug":"trip-to-pilatus-mountain-toboggan-run","status":"publish","type":"product","link":"https:\/\/swissxplorer.com\/es\/tours\/viaje-privado-de-un-dia-a-pilatus-mountain-adventure-with-snow-toboggan-run-2\/","title":{"rendered":"<p>Excursi\u00f3n privada de un d\u00eda a la monta\u00f1a Pilatus: aventura en trineo<\/p>"},"content":{"rendered":"<p>\u00bfQu\u00e9 tal disfrutar de una pista de trineo de verano en Suiza?<br>\nDespu\u00e9s de que te recojan en tu hotel en Lucerna, \u00a1si\u00e9ntate en un c\u00f3modo Mercedes Clase V y disfruta del viaje privado de 10 minutos hasta el punto de partida del telef\u00e9rico!<p>Primero, subiremos juntos hasta la cima. Se puede llegar a la cordillera de Pilatus, que se eleva sobre la regi\u00f3n con sus 2.128 metros de altura, en telecabina y en telef\u00e9rico. En d\u00edas claros, la monta\u00f1a ofrece una vista panor\u00e1mica de 73 picos alpinos. \u00a1Podremos contemplar una vista impresionante!<\/p><p>Despu\u00e9s de eso, \u00a1comenzar\u00e1 la diversi\u00f3n en trineo para toda la familia! En una longitud de 1350 metros, puedes contar con numerosas curvas pronunciadas y t\u00faneles. \u00a1Una experiencia inolvidable! Puedes optar por bajar por el valle a alta velocidad o disfrutar del paseo a un ritmo m\u00e1s tranquilo - cada persona puede determinar su propia velocidad. Disfruta de una magn\u00edfica vista panor\u00e1mica alpina mientras te transportan de regreso al punto inicial en telesilla.<\/p><p>\u00a1No tendr\u00e1s que preocuparte por nada! Nosotros hacemos las reservas, compramos las entradas, te recogemos y te acompa\u00f1amos durante todo el d\u00eda y en todas las actividades, a tu ritmo, sin prisas. \u00a1Nuestro gu\u00eda lo fotografiar\u00e1 a usted y a su familia a lo largo del recorrido brind\u00e1ndole im\u00e1genes excepcionales y los mejores recuerdos! Si lo solicita, tambi\u00e9n podemos adaptar su viaje a necesidades especiales.<\/p><h3><strong>Proceso de reserva y pago:<\/strong><\/h3><p>Para confirmar el precio del tour, proporcione el n\u00famero de participantes en el campo de datos en el lado derecho. El valor anterior se actualizar\u00e1 autom\u00e1ticamente.<\/p><p>Para comenzar su proceso de reserva, por favor proporcione los detalles necesarios para el viaje. Despu\u00e9s de eso, le enviaremos de inmediato un correo electr\u00f3nico confirmando la disponibilidad de fechas. Posteriormente, se le proporcionar\u00e1 un enlace de pago seguro para que realice un pago inicial 20% y asegure la fecha seleccionada. Este pago inicial sirve como garant\u00eda financiera en caso de cancelaci\u00f3n del cliente. El pago restante se puede realizar el d\u00eda del tour, ya sea con tarjeta de cr\u00e9dito o en efectivo. Tenga en cuenta que solo podemos confirmar su reserva una vez recibido el pago inicial de 20%. Si desea cancelar el recorrido, puede hacerlo hasta 30 d\u00edas antes de la fecha del recorrido y recibir un reembolso completo.<\/p><p>Para m\u00e1s opciones de tours y variedad de experiencias, lo invitamos a explorar nuestra selecci\u00f3n en nuestro sitio web: <a href=\"https:\/\/swissxplorer.com\/es\/\">Explorador suizo<\/a>. Descubra las posibilidades y cree recuerdos inolvidables de su viaje por Suiza.<\/p><p>Vea nuestros T\u00e9rminos y Condiciones aqu\u00ed: <a href=\"https:\/\/swissxplorer.com\/es\/politica-de-privacidad\/\" target=\"_blank\" rel=\"noopener\">T\u00e9rminos y condiciones<\/a><\/p><\/p>","protected":false},"excerpt":{"rendered":"<p><span style=\"font-weight: 400;\">Visite las Cataratas del Rin, una de las cascadas m\u00e1s espectaculares de Europa, \u00a1una visita obligada para todos los amantes de la naturaleza!<\/span><\/p>","protected":false},"featured_media":4829,"comment_status":"open","ping_status":"closed","template":"","meta":[],"product_cat":[98,44],"product_tag":[126,127,128,129,122,121,120,125,124,123],"class_list":["post-4828","product","type-product","status-publish","has-post-thumbnail","hentry","brw_type_of_tour-all","brw_type_of_tour-day-trip","product_cat-all","product_cat-zurich","product_tag-alpine-coasters-from-zurich","product_tag-beatiful-mountain-around-zurich","product_tag-day-trip-from-zurich","product_tag-halp-day-trip-from-zurich","product_tag-private-tours-from-zurich","product_tag-swiss-private-tour-reviews","product_tag-switzerland-guided-tour","product_tag-toboggan-ride-zurich","product_tag-toboggan-run-zurich","product_tag-what-to-do-in-zurich"],"acf":[],"yoast_head":"<!-- This site is optimized with the Yoast SEO plugin v21.7 - https:\/\/yoast.com\/wordpress\/plugins\/seo\/ -->\n<title>Trip to Pilatus Mountain with Sledding<\/title>\n<meta name=\"description\" content=\"Trip to Pilatus Mountain with Sledding experience! Enjoy breathtaking landscapes and unforgettable adventures on this private tour from Zurich\" \/>\n<meta name=\"robots\" content=\"index, follow, max-snippet:-1, max-image-preview:large, max-video-preview:-1\" \/>\n<link rel=\"canonical\" href=\"https:\/\/swissxplorer.com\/es\/tours\/viaje-privado-de-un-dia-a-pilatus-mountain-adventure-with-snow-toboggan-run-2\/\" \/>\n<meta property=\"og:locale\" content=\"es_ES\" \/>\n<meta property=\"og:type\" content=\"article\" \/>\n<meta property=\"og:title\" content=\"Trip to Pilatus Mountain with Sledding\" \/>\n<meta property=\"og:description\" content=\"Trip to Pilatus Mountain with Sledding experience! Enjoy breathtaking landscapes and unforgettable adventures on this private tour from Zurich\" \/>\n<meta property=\"og:url\" content=\"https:\/\/swissxplorer.com\/es\/tours\/viaje-privado-de-un-dia-a-pilatus-mountain-adventure-with-snow-toboggan-run-2\/\" \/>\n<meta property=\"og:site_name\" content=\"Swiss Xplorer\" \/>\n<meta property=\"article:modified_time\" content=\"2023-08-31T14:06:18+00:00\" \/>\n<meta property=\"og:image\" content=\"http:\/\/swissxplorer.com\/wp-content\/uploads\/2023\/01\/63d2d0098eb63-min.webp\" \/>\n\t<meta property=\"og:image:width\" content=\"1024\" \/>\n\t<meta property=\"og:image:height\" content=\"683\" \/>\n\t<meta property=\"og:image:type\" content=\"image\/webp\" \/>\n<meta name=\"twitter:card\" content=\"summary_large_image\" \/>\n<meta name=\"twitter:label1\" content=\"Tiempo de lectura\" \/>\n\t<meta name=\"twitter:data1\" content=\"2 minutos\" \/>\n<script type=\"application\/ld+json\" class=\"yoast-schema-graph\">{\"@context\":\"https:\/\/schema.org\",\"@graph\":[{\"@type\":\"WebPage\",\"@id\":\"https:\/\/swissxplorer.com\/tours\/trip-to-pilatus-mountain-toboggan-run\/\",\"url\":\"https:\/\/swissxplorer.com\/tours\/trip-to-pilatus-mountain-toboggan-run\/\",\"name\":\"Trip to Pilatus Mountain with Sledding\",\"isPartOf\":{\"@id\":\"https:\/\/swissxplorer.com\/#website\"},\"datePublished\":\"2023-01-26T19:17:07+00:00\",\"dateModified\":\"2023-08-31T14:06:18+00:00\",\"description\":\"Trip to Pilatus Mountain with Sledding experience! Enjoy breathtaking landscapes and unforgettable adventures on this private tour from Zurich\",\"breadcrumb\":{\"@id\":\"https:\/\/swissxplorer.com\/tours\/trip-to-pilatus-mountain-toboggan-run\/#breadcrumb\"},\"inLanguage\":\"es\",\"potentialAction\":[{\"@type\":\"ReadAction\",\"target\":[\"https:\/\/swissxplorer.com\/tours\/trip-to-pilatus-mountain-toboggan-run\/\"]}]},{\"@type\":\"BreadcrumbList\",\"@id\":\"https:\/\/swissxplorer.com\/tours\/trip-to-pilatus-mountain-toboggan-run\/#breadcrumb\",\"itemListElement\":[{\"@type\":\"ListItem\",\"position\":1,\"name\":\"Home\",\"item\":\"https:\/\/swissxplorer.com\/\"},{\"@type\":\"ListItem\",\"position\":2,\"name\":\"Tours\",\"item\":\"https:\/\/swissxplorer.com\/tours\/\"},{\"@type\":\"ListItem\",\"position\":3,\"name\":\"Private Day Trip to Pilatus Mountain &#8211; Adventure with Sledding\"}]},{\"@type\":\"WebSite\",\"@id\":\"https:\/\/swissxplorer.com\/#website\",\"url\":\"https:\/\/swissxplorer.com\/\",\"name\":\"Swiss Xplorer\",\"description\":\"Tours in Switzerland\",\"potentialAction\":[{\"@type\":\"SearchAction\",\"target\":{\"@type\":\"EntryPoint\",\"urlTemplate\":\"https:\/\/swissxplorer.com\/?s={search_term_string}\"},\"query-input\":\"required name=search_term_string\"}],\"inLanguage\":\"es\"}]}<\/script>\n<!-- \/ Yoast SEO plugin. -->","yoast_head_json":{"title":"Trip to Pilatus Mountain with Sledding","description":"Trip to Pilatus Mountain with Sledding experience! Enjoy breathtaking landscapes and unforgettable adventures on this private tour from Zurich","robots":{"index":"index","follow":"follow","max-snippet":"max-snippet:-1","max-image-preview":"max-image-preview:large","max-video-preview":"max-video-preview:-1"},"canonical":"https:\/\/swissxplorer.com\/es\/tours\/viaje-privado-de-un-dia-a-pilatus-mountain-adventure-with-snow-toboggan-run-2\/","og_locale":"es_ES","og_type":"article","og_title":"Trip to Pilatus Mountain with Sledding","og_description":"Trip to Pilatus Mountain with Sledding experience! Enjoy breathtaking landscapes and unforgettable adventures on this private tour from Zurich","og_url":"https:\/\/swissxplorer.com\/es\/tours\/viaje-privado-de-un-dia-a-pilatus-mountain-adventure-with-snow-toboggan-run-2\/","og_site_name":"Swiss Xplorer","article_modified_time":"2023-08-31T14:06:18+00:00","og_image":[{"width":1024,"height":683,"url":"http:\/\/swissxplorer.com\/wp-content\/uploads\/2023\/01\/63d2d0098eb63-min.webp","type":"image\/webp"}],"twitter_card":"summary_large_image","twitter_misc":{"Tiempo de lectura":"2 minutos"},"schema":{"@context":"https:\/\/schema.org","@graph":[{"@type":"WebPage","@id":"https:\/\/swissxplorer.com\/tours\/trip-to-pilatus-mountain-toboggan-run\/","url":"https:\/\/swissxplorer.com\/tours\/trip-to-pilatus-mountain-toboggan-run\/","name":"Trip to Pilatus Mountain with Sledding","isPartOf":{"@id":"https:\/\/swissxplorer.com\/#website"},"datePublished":"2023-01-26T19:17:07+00:00","dateModified":"2023-08-31T14:06:18+00:00","description":"Trip to Pilatus Mountain with Sledding experience! Enjoy breathtaking landscapes and unforgettable adventures on this private tour from Zurich","breadcrumb":{"@id":"https:\/\/swissxplorer.com\/tours\/trip-to-pilatus-mountain-toboggan-run\/#breadcrumb"},"inLanguage":"es","potentialAction":[{"@type":"ReadAction","target":["https:\/\/swissxplorer.com\/tours\/trip-to-pilatus-mountain-toboggan-run\/"]}]},{"@type":"BreadcrumbList","@id":"https:\/\/swissxplorer.com\/tours\/trip-to-pilatus-mountain-toboggan-run\/#breadcrumb","itemListElement":[{"@type":"ListItem","position":1,"name":"Home","item":"https:\/\/swissxplorer.com\/"},{"@type":"ListItem","position":2,"name":"Tours","item":"https:\/\/swissxplorer.com\/tours\/"},{"@type":"ListItem","position":3,"name":"Private Day Trip to Pilatus Mountain &#8211; Adventure with Sledding"}]},{"@type":"WebSite","@id":"https:\/\/swissxplorer.com\/#website","url":"https:\/\/swissxplorer.com\/","name":"Swiss Xplorer","description":"Tours in Switzerland","potentialAction":[{"@type":"SearchAction","target":{"@type":"EntryPoint","urlTemplate":"https:\/\/swissxplorer.com\/?s={search_term_string}"},"query-input":"required name=search_term_string"}],"inLanguage":"es"}]}},"_links":{"self":[{"href":"https:\/\/swissxplorer.com\/es\/wp-json\/wp\/v2\/product\/4828","targetHints":{"allow":["GET"]}}],"collection":[{"href":"https:\/\/swissxplorer.com\/es\/wp-json\/wp\/v2\/product"}],"about":[{"href":"https:\/\/swissxplorer.com\/es\/wp-json\/wp\/v2\/types\/product"}],"replies":[{"embeddable":true,"href":"https:\/\/swissxplorer.com\/es\/wp-json\/wp\/v2\/comments?post=4828"}],"wp:featuredmedia":[{"embeddable":true,"href":"https:\/\/swissxplorer.com\/es\/wp-json\/wp\/v2\/media\/4829"}],"wp:attachment":[{"href":"https:\/\/swissxplorer.com\/es\/wp-json\/wp\/v2\/media?parent=4828"}],"wp:term":[{"taxonomy":"product_cat","embeddable":true,"href":"https:\/\/swissxplorer.com\/es\/wp-json\/wp\/v2\/product_cat?post=4828"},{"taxonomy":"product_tag","embeddable":true,"href":"https:\/\/swissxplorer.com\/es\/wp-json\/wp\/v2\/product_tag?post=4828"}],"curies":[{"name":"wp","href":"https:\/\/api.w.org\/{rel}","templated":true}]}}