{"id":3,"date":"2023-01-05T12:18:13","date_gmt":"2023-01-05T15:18:13","guid":{"rendered":"http:\/\/swissxplorer.com\/?page_id=3"},"modified":"2023-05-15T16:25:11","modified_gmt":"2023-05-15T14:25:11","slug":"politica-de-privacidade","status":"publish","type":"page","link":"https:\/\/swissxplorer.com\/es\/politica-de-privacidad\/","title":{"rendered":"<p>T\u00e9rminos y condiciones<\/p>"},"content":{"rendered":"<div data-elementor-type=\"wp-page\" data-elementor-id=\"3\" class=\"elementor elementor-3\" data-elementor-post-type=\"page\">\n\t\t\t\t\t\t<section class=\"elementor-section elementor-top-section elementor-element elementor-element-2d053fad elementor-section-boxed elementor-section-height-default elementor-section-height-default\" data-id=\"2d053fad\" data-element_type=\"section\">\n\t\t\t\t\t\t<div class=\"elementor-container elementor-column-gap-default\">\n\t\t\t\t\t<div class=\"elementor-column elementor-col-100 elementor-top-column elementor-element elementor-element-221cd0fa\" data-id=\"221cd0fa\" data-element_type=\"column\">\n\t\t\t<div class=\"elementor-widget-wrap elementor-element-populated\">\n\t\t\t\t\t\t<div class=\"elementor-element elementor-element-10e4d852 elementor-widget elementor-widget-text-editor\" data-id=\"10e4d852\" data-element_type=\"widget\" data-widget_type=\"text-editor.default\">\n\t\t\t\t<div class=\"elementor-widget-container\">\n\t\t\t\t\t\t\t\t\t\n<p><span style=\"font-weight: 400;\">Bienvenido a Swiss Xplorer Turismo. Nuestra empresa ofrece tours privados en Suiza. Al acceder a nuestro sitio web y reservar nuestros tours, acepta nuestros T\u00e9rminos y condiciones que rigen el uso de nuestros servicios.<\/span><\/p>\n<h3 class=\"wp-block-heading\"><strong>1 \u2013 PROCESO DE RESERVA<\/strong><\/h3>\n<p><span style=\"font-weight: 400;\">Nuestro proceso de reserva est\u00e1 dise\u00f1ado para ser simple y f\u00e1cil de usar. Para reservar un tour con nosotros, debe proporcionarnos sus datos personales y de pago. Una vez que recibamos su solicitud de reserva y pago, le enviaremos un correo electr\u00f3nico de confirmaci\u00f3n que incluye los detalles de su recorrido.&nbsp;<\/span><\/p>\n<h3><strong>2 \u2013 PRECIO DEL TOUR<\/strong><\/h3>\n<p><span style=\"font-weight: 400;\">Los precios de nuestros tours est\u00e1n sujetos a cambios sin previo aviso. Los precios que figuran en nuestro sitio web incluyen todos los impuestos y cargos, pero no incluyen ning\u00fan gasto adicional en el que pueda incurrir durante su recorrido, como comidas o gastos personales.<\/span><\/p>\n<h3><strong>3 \u2013 POL\u00cdTICA DE CANCELACI\u00d3N<\/strong><\/h3>\n<p><span style=\"font-weight: 400;\">Si cancelas tu tour:<\/span><\/p>\n<p><span style=\"font-weight: 400;\">\u2013 M\u00e1s de 30 d\u00edas antes de la fecha del tour, recibir\u00e1s un reembolso completo.<\/span><\/p>\n<p><span style=\"font-weight: 400;\">\u2013 Entre 29 y 7 d\u00edas antes de la fecha del tour, recibir\u00e1s un reembolso 50%.<\/span><\/p>\n<p><span style=\"font-weight: 400;\">\u2013 Menos de 6 d\u00edas antes de la fecha del tour, no se realizar\u00e1 ning\u00fan reembolso.<\/span><\/p>\n<p><span style=\"font-weight: 400;\">En el raro caso de que necesitemos cancelar su recorrido debido a circunstancias imprevistas, le proporcionaremos un reembolso completo.<\/span><\/p>\n<h2><strong>4 \u2013 RESPONSABILIDAD<\/strong><\/h2>\n<p><span style=\"font-weight: 400;\">Nuestra empresa y nuestros gu\u00edas se esfuerzan por ofrecerle una experiencia tur\u00edstica segura y agradable. Sin embargo, no somos responsables de ninguna p\u00e9rdida, da\u00f1o, lesi\u00f3n o demora que pueda ocurrir mientras realiza nuestro recorrido. Tambi\u00e9n nos reservamos el derecho de cambiar o cancelar (con reembolso) cualquier itinerario de viaje debido a circunstancias imprevistas o situaciones fuera de nuestro control.<\/span><\/p>\n<h2><strong>5 \u2013 POL\u00cdTICA DE PRIVACIDAD<\/strong><\/h2>\n<p><span style=\"font-weight: 400;\">Su privacidad es importante para nosotros y tomamos todas las medidas necesarias para proteger su informaci\u00f3n personal. Solo recopilamos sus datos personales con el fin de reservar su recorrido, y no compartimos su informaci\u00f3n con terceros a menos que lo exija la ley.<\/span><\/p>\n<h2><strong>6 \u2013 CAMBIOS A LOS T\u00c9RMINOS Y CONDICIONES<\/strong><\/h2>\n<p><span style=\"font-weight: 400;\">Nos reservamos el derecho de realizar cambios o actualizaciones a nuestros T\u00e9rminos y Condiciones en cualquier momento sin previo aviso. Su uso continuado de nuestros servicios despu\u00e9s de cualquier cambio en estos t\u00e9rminos constituye su aceptaci\u00f3n de los nuevos t\u00e9rminos.<\/span><\/p>\n<h2><strong>7 \u2013 T\u00c9RMINOS DE PARTICIPACI\u00d3N<\/strong><\/h2>\n<p><span style=\"font-weight: 400;\">Para viajes al extranjero, todos los clientes deben tener su pasaporte con ellos.&nbsp;<\/span><\/p>\n<p><span style=\"font-weight: 400;\">Los clientes menores de edad deben estar acompa\u00f1ados por un adulto que tenga el poder de representaci\u00f3n.<\/span><\/p>\n<p><span style=\"font-weight: 400;\">Se permiten mascotas.&nbsp;<\/span><\/p>\n<p><span style=\"font-weight: 400;\">Nuestras furgonetas no est\u00e1n equipadas con rampa. Se ruega a los clientes discapacitados que necesiten asistencia para subir y bajar del autom\u00f3vil que organicen dicha asistencia ellos mismos.&nbsp;<\/span><\/p>\n<p><span style=\"font-weight: 400;\">Los clientes se comprometen a informar cualquier problema de salud.&nbsp;<\/span><\/p>\n<p><span style=\"font-weight: 400;\">Swiss Xplorer se reserva el derecho de finalizar un recorrido si es probable que el comportamiento de un cliente o grupo sea perturbador, peligroso o molesto para otras personas o si dicho cliente o grupo ha causado o es probable que cause da\u00f1os a la propiedad.<\/span><\/p>\n<p><span style=\"font-weight: 400;\">La adecuada cobertura de seguro m\u00e9dico y de accidentes es responsabilidad de los clientes (incluido un seguro complementario contra accidentes deportivos en caso de excursiones con actividades deportivas).&nbsp;<\/span><\/p>\n<p><span style=\"font-weight: 400;\">A los clientes cuya condici\u00f3n m\u00e9dica o nivel de condici\u00f3n f\u00edsica no sea apropiado para ciertas actividades se les puede pedir que hagan arreglos alternativos. En esos casos, nuestra empresa no ofrecer\u00e1 una compensaci\u00f3n.<\/span><\/p>\n<p><span style=\"font-weight: 400;\">No est\u00e1 permitido unirse a un tour bajo la influencia de drogas, medicamentos o alcohol en exceso.&nbsp;<\/span><\/p>\n<p><span style=\"font-weight: 400;\">Los clientes est\u00e1n obligados a usar cinturones de seguridad y los ni\u00f1os deben usar asientos de seguridad para ni\u00f1os.&nbsp;<\/span><\/p>\n<p><span style=\"font-weight: 400;\">El equipaje y los art\u00edculos peque\u00f1os (abrigos, m\u00f3viles, etc.) corren por cuenta y riesgo del propietario durante todo el recorrido. Las pertenencias olvidadas en el auto despu\u00e9s del tour ser\u00e1n devueltas previo pago del env\u00edo.<\/span><\/p>\n<p><span style=\"font-weight: 400;\">Los clientes se comprometen a cumplir estrictamente las condiciones de participaci\u00f3n. Swiss Xplorer se reserva el derecho de excluir a un cliente del tour en caso de incumplimiento de los t\u00e9rminos.&nbsp;<\/span><\/p>\n<p><span style=\"font-weight: 400;\">Gracias por elegir nuestra empresa para su tour privado en Suiza. Esperamos brindarle una experiencia inolvidable.<\/span><\/p>\n\t\t\t\t\t\t\t\t<\/div>\n\t\t\t\t<\/div>\n\t\t\t\t\t<\/div>\n\t\t<\/div>\n\t\t\t\t\t<\/div>\n\t\t<\/section>\n\t\t\t\t<\/div>","protected":false},"excerpt":{"rendered":"<p>Bienvenido a Turismo Swiss Xplorer. Nuestra empresa ofrece tours privados en Suiza. Al acceder a nuestro sitio web y reservar nuestros tours, usted acepta nuestros T\u00e9rminos y condiciones que rigen el uso de nuestros servicios. 1 \u2013 PROCESO DE RESERVA Nuestro proceso de reserva est\u00e1 dise\u00f1ado para ser simple y f\u00e1cil de usar. Para reservar un recorrido [\u2026]<\/p>","protected":false},"author":3,"featured_media":0,"parent":0,"menu_order":0,"comment_status":"closed","ping_status":"open","template":"elementor_theme","meta":{"footnotes":""},"class_list":["post-3","page","type-page","status-publish","hentry"],"acf":[],"yoast_head":"<!-- This site is optimized with the Yoast SEO plugin v21.7 - https:\/\/yoast.com\/wordpress\/plugins\/seo\/ -->\n<title>Terms and Conditions - Swiss Xplorer<\/title>\n<meta name=\"robots\" content=\"index, follow, max-snippet:-1, max-image-preview:large, max-video-preview:-1\" \/>\n<link rel=\"canonical\" href=\"https:\/\/swissxplorer.com\/es\/politica-de-privacidad\/\" \/>\n<meta property=\"og:locale\" content=\"es_ES\" \/>\n<meta property=\"og:type\" content=\"article\" \/>\n<meta property=\"og:title\" content=\"Terms and Conditions - Swiss Xplorer\" \/>\n<meta property=\"og:description\" content=\"Welcome to Swiss Xplorer Tourism. Our company offers private tours in Switzerland. By accessing our website and booking our tours, you agree to accept our Terms and Conditions that govern your use of our services. 1 &#8211; BOOKING PROCESS Our booking process is designed to be simple and easy to use. To book a tour [&hellip;]\" \/>\n<meta property=\"og:url\" content=\"https:\/\/swissxplorer.com\/es\/politica-de-privacidad\/\" \/>\n<meta property=\"og:site_name\" content=\"Swiss Xplorer\" \/>\n<meta property=\"article:modified_time\" content=\"2023-05-15T14:25:11+00:00\" \/>\n<meta name=\"twitter:card\" content=\"summary_large_image\" \/>\n<meta name=\"twitter:label1\" content=\"Tiempo de lectura\" \/>\n\t<meta name=\"twitter:data1\" content=\"3 minutos\" \/>\n<script type=\"application\/ld+json\" class=\"yoast-schema-graph\">{\"@context\":\"https:\/\/schema.org\",\"@graph\":[{\"@type\":\"WebPage\",\"@id\":\"https:\/\/swissxplorer.com\/politica-de-privacidade\/\",\"url\":\"https:\/\/swissxplorer.com\/politica-de-privacidade\/\",\"name\":\"Terms and Conditions - Swiss Xplorer\",\"isPartOf\":{\"@id\":\"https:\/\/swissxplorer.com\/#website\"},\"datePublished\":\"2023-01-05T15:18:13+00:00\",\"dateModified\":\"2023-05-15T14:25:11+00:00\",\"breadcrumb\":{\"@id\":\"https:\/\/swissxplorer.com\/politica-de-privacidade\/#breadcrumb\"},\"inLanguage\":\"es\",\"potentialAction\":[{\"@type\":\"ReadAction\",\"target\":[\"https:\/\/swissxplorer.com\/politica-de-privacidade\/\"]}]},{\"@type\":\"BreadcrumbList\",\"@id\":\"https:\/\/swissxplorer.com\/politica-de-privacidade\/#breadcrumb\",\"itemListElement\":[{\"@type\":\"ListItem\",\"position\":1,\"name\":\"Home\",\"item\":\"https:\/\/swissxplorer.com\/\"},{\"@type\":\"ListItem\",\"position\":2,\"name\":\"Terms and Conditions\"}]},{\"@type\":\"WebSite\",\"@id\":\"https:\/\/swissxplorer.com\/#website\",\"url\":\"https:\/\/swissxplorer.com\/\",\"name\":\"Swiss Xplorer\",\"description\":\"Tours in Switzerland\",\"potentialAction\":[{\"@type\":\"SearchAction\",\"target\":{\"@type\":\"EntryPoint\",\"urlTemplate\":\"https:\/\/swissxplorer.com\/?s={search_term_string}\"},\"query-input\":\"required name=search_term_string\"}],\"inLanguage\":\"es\"}]}<\/script>\n<!-- \/ Yoast SEO plugin. -->","yoast_head_json":{"title":"Terms and Conditions - Swiss Xplorer","robots":{"index":"index","follow":"follow","max-snippet":"max-snippet:-1","max-image-preview":"max-image-preview:large","max-video-preview":"max-video-preview:-1"},"canonical":"https:\/\/swissxplorer.com\/es\/politica-de-privacidad\/","og_locale":"es_ES","og_type":"article","og_title":"Terms and Conditions - Swiss Xplorer","og_description":"Welcome to Swiss Xplorer Tourism. Our company offers private tours in Switzerland. By accessing our website and booking our tours, you agree to accept our Terms and Conditions that govern your use of our services. 1 &#8211; BOOKING PROCESS Our booking process is designed to be simple and easy to use. To book a tour [&hellip;]","og_url":"https:\/\/swissxplorer.com\/es\/politica-de-privacidad\/","og_site_name":"Swiss Xplorer","article_modified_time":"2023-05-15T14:25:11+00:00","twitter_card":"summary_large_image","twitter_misc":{"Tiempo de lectura":"3 minutos"},"schema":{"@context":"https:\/\/schema.org","@graph":[{"@type":"WebPage","@id":"https:\/\/swissxplorer.com\/politica-de-privacidade\/","url":"https:\/\/swissxplorer.com\/politica-de-privacidade\/","name":"Terms and Conditions - Swiss Xplorer","isPartOf":{"@id":"https:\/\/swissxplorer.com\/#website"},"datePublished":"2023-01-05T15:18:13+00:00","dateModified":"2023-05-15T14:25:11+00:00","breadcrumb":{"@id":"https:\/\/swissxplorer.com\/politica-de-privacidade\/#breadcrumb"},"inLanguage":"es","potentialAction":[{"@type":"ReadAction","target":["https:\/\/swissxplorer.com\/politica-de-privacidade\/"]}]},{"@type":"BreadcrumbList","@id":"https:\/\/swissxplorer.com\/politica-de-privacidade\/#breadcrumb","itemListElement":[{"@type":"ListItem","position":1,"name":"Home","item":"https:\/\/swissxplorer.com\/"},{"@type":"ListItem","position":2,"name":"Terms and Conditions"}]},{"@type":"WebSite","@id":"https:\/\/swissxplorer.com\/#website","url":"https:\/\/swissxplorer.com\/","name":"Swiss Xplorer","description":"Tours in Switzerland","potentialAction":[{"@type":"SearchAction","target":{"@type":"EntryPoint","urlTemplate":"https:\/\/swissxplorer.com\/?s={search_term_string}"},"query-input":"required name=search_term_string"}],"inLanguage":"es"}]}},"_links":{"self":[{"href":"https:\/\/swissxplorer.com\/es\/wp-json\/wp\/v2\/pages\/3","targetHints":{"allow":["GET"]}}],"collection":[{"href":"https:\/\/swissxplorer.com\/es\/wp-json\/wp\/v2\/pages"}],"about":[{"href":"https:\/\/swissxplorer.com\/es\/wp-json\/wp\/v2\/types\/page"}],"author":[{"embeddable":true,"href":"https:\/\/swissxplorer.com\/es\/wp-json\/wp\/v2\/users\/3"}],"replies":[{"embeddable":true,"href":"https:\/\/swissxplorer.com\/es\/wp-json\/wp\/v2\/comments?post=3"}],"version-history":[{"count":28,"href":"https:\/\/swissxplorer.com\/es\/wp-json\/wp\/v2\/pages\/3\/revisions"}],"predecessor-version":[{"id":6068,"href":"https:\/\/swissxplorer.com\/es\/wp-json\/wp\/v2\/pages\/3\/revisions\/6068"}],"wp:attachment":[{"href":"https:\/\/swissxplorer.com\/es\/wp-json\/wp\/v2\/media?parent=3"}],"curies":[{"name":"wp","href":"https:\/\/api.w.org\/{rel}","templated":true}]}}