{"id":2,"date":"2023-01-05T12:18:13","date_gmt":"2023-01-05T15:18:13","guid":{"rendered":"http:\/\/swissxplorer.com\/?page_id=2"},"modified":"2023-01-05T12:18:13","modified_gmt":"2023-01-05T15:18:13","slug":"pagina-exemplo","status":"publish","type":"page","link":"https:\/\/swissxplorer.com\/es\/pagina-de-ejemplo\/","title":{"rendered":"<p>P\u00e1gina de ejemplo<\/p>"},"content":{"rendered":"<p>Esta es una p\u00e1gina de ejemplo. \u00c9 diferente de una publicaci\u00f3n en un blog porque ella permanecer\u00e1 en un lugar y aparecer\u00e1 en la navegaci\u00f3n de su sitio en la mayor\u00eda de los temas. Muitas pessoas come\u00e7am com uma p\u00e1gina que as presenta a poss\u00edveis visitantes do site. Ela pode dizer algo as\u00ed:<blockquote class=\"wp-block-quote is-layout-flow wp-block-quote-is-layout-flow\"><p>\u00a1Ol\u00e1! Eu sou um mensajeiro de bicicleta durante el d\u00eda, ator aspirante \u00e0 noite, e este \u00e9 o mi sitio. Eu moro em S\u00e3o Paulo, tenho um grande cachorro chamado Rex e gosto de tomar caipirinha (e banhos de chuva).<\/p><\/blockquote><p>\u2026o alguna cosa as\u00ed:<\/p><blockquote class=\"wp-block-quote is-layout-flow wp-block-quote-is-layout-flow\"><p>La Companhia de Miniaturas XYZ fue fundada en 1971, y desde entonces tem fornecido miniaturas de calidad para el p\u00fablico. Localizada en la ciudad de Itu, a XYZ emprega mais de 2.000 personas y faz coisas grandiosas para una comunidade da cidade.<\/p><\/blockquote><p>Como nuevo usuario de WordPress, deber\u00e1s ir ao <a href=\"http:\/\/swissxplorer.com\/es\/wp-admin\/\">panel<\/a> para eliminar esa p\u00e1gina y escribir nuevas p\u00e1ginas para su contenido. \u00a1Divi\u00e9rtase!<\/p><\/p>","protected":false},"excerpt":{"rendered":"<p>Esta es una p\u00e1gina de ejemplo. \u00c9 diferente de una publicaci\u00f3n en un blog porque ella permanecer\u00e1 en un lugar y aparecer\u00e1 en la navegaci\u00f3n de su sitio en la mayor\u00eda de los temas. Muitas pessoas come\u00e7am com uma p\u00e1gina que as presenta a poss\u00edveis visitantes do site. Ela pode dizer algo assim: \u00a1Ol\u00e1! Eu sou um mensajeiro de [\u2026]<\/p>","protected":false},"author":3,"featured_media":0,"parent":0,"menu_order":0,"comment_status":"closed","ping_status":"open","template":"","meta":{"footnotes":""},"class_list":["post-2","page","type-page","status-publish","hentry"],"acf":[],"yoast_head":"<!-- This site is optimized with the Yoast SEO plugin v21.7 - https:\/\/yoast.com\/wordpress\/plugins\/seo\/ -->\n<title>P\u00e1gina de exemplo - Swiss Xplorer<\/title>\n<meta name=\"robots\" content=\"index, follow, max-snippet:-1, max-image-preview:large, max-video-preview:-1\" \/>\n<link rel=\"canonical\" href=\"https:\/\/swissxplorer.com\/es\/pagina-de-ejemplo\/\" \/>\n<meta property=\"og:locale\" content=\"es_ES\" \/>\n<meta property=\"og:type\" content=\"article\" \/>\n<meta property=\"og:title\" content=\"P\u00e1gina de exemplo - Swiss Xplorer\" \/>\n<meta property=\"og:description\" content=\"Esta \u00e9 uma p\u00e1gina de exemplo. \u00c9 diferente de um post no blog porque ela permanecer\u00e1 em um lugar e aparecer\u00e1 na navega\u00e7\u00e3o do seu site na maioria dos temas. Muitas pessoas come\u00e7am com uma p\u00e1gina que as apresenta a poss\u00edveis visitantes do site. Ela pode dizer algo assim: Ol\u00e1! Eu sou um mensageiro de [&hellip;]\" \/>\n<meta property=\"og:url\" content=\"https:\/\/swissxplorer.com\/es\/pagina-de-ejemplo\/\" \/>\n<meta property=\"og:site_name\" content=\"Swiss Xplorer\" \/>\n<meta name=\"twitter:card\" content=\"summary_large_image\" \/>\n<meta name=\"twitter:label1\" content=\"Tiempo de lectura\" \/>\n\t<meta name=\"twitter:data1\" content=\"1 minuto\" \/>\n<script type=\"application\/ld+json\" class=\"yoast-schema-graph\">{\"@context\":\"https:\/\/schema.org\",\"@graph\":[{\"@type\":\"WebPage\",\"@id\":\"https:\/\/swissxplorer.com\/pagina-exemplo\/\",\"url\":\"https:\/\/swissxplorer.com\/pagina-exemplo\/\",\"name\":\"P\u00e1gina de exemplo - Swiss Xplorer\",\"isPartOf\":{\"@id\":\"https:\/\/swissxplorer.com\/#website\"},\"datePublished\":\"2023-01-05T15:18:13+00:00\",\"dateModified\":\"2023-01-05T15:18:13+00:00\",\"breadcrumb\":{\"@id\":\"https:\/\/swissxplorer.com\/pagina-exemplo\/#breadcrumb\"},\"inLanguage\":\"es\",\"potentialAction\":[{\"@type\":\"ReadAction\",\"target\":[\"https:\/\/swissxplorer.com\/pagina-exemplo\/\"]}]},{\"@type\":\"BreadcrumbList\",\"@id\":\"https:\/\/swissxplorer.com\/pagina-exemplo\/#breadcrumb\",\"itemListElement\":[{\"@type\":\"ListItem\",\"position\":1,\"name\":\"Home\",\"item\":\"https:\/\/swissxplorer.com\/\"},{\"@type\":\"ListItem\",\"position\":2,\"name\":\"P\u00e1gina de exemplo\"}]},{\"@type\":\"WebSite\",\"@id\":\"https:\/\/swissxplorer.com\/#website\",\"url\":\"https:\/\/swissxplorer.com\/\",\"name\":\"Swiss Xplorer\",\"description\":\"Tours in Switzerland\",\"potentialAction\":[{\"@type\":\"SearchAction\",\"target\":{\"@type\":\"EntryPoint\",\"urlTemplate\":\"https:\/\/swissxplorer.com\/?s={search_term_string}\"},\"query-input\":\"required name=search_term_string\"}],\"inLanguage\":\"es\"}]}<\/script>\n<!-- \/ Yoast SEO plugin. -->","yoast_head_json":{"title":"P\u00e1gina de exemplo - Swiss Xplorer","robots":{"index":"index","follow":"follow","max-snippet":"max-snippet:-1","max-image-preview":"max-image-preview:large","max-video-preview":"max-video-preview:-1"},"canonical":"https:\/\/swissxplorer.com\/es\/pagina-de-ejemplo\/","og_locale":"es_ES","og_type":"article","og_title":"P\u00e1gina de exemplo - Swiss Xplorer","og_description":"Esta \u00e9 uma p\u00e1gina de exemplo. \u00c9 diferente de um post no blog porque ela permanecer\u00e1 em um lugar e aparecer\u00e1 na navega\u00e7\u00e3o do seu site na maioria dos temas. Muitas pessoas come\u00e7am com uma p\u00e1gina que as apresenta a poss\u00edveis visitantes do site. Ela pode dizer algo assim: Ol\u00e1! Eu sou um mensageiro de [&hellip;]","og_url":"https:\/\/swissxplorer.com\/es\/pagina-de-ejemplo\/","og_site_name":"Swiss Xplorer","twitter_card":"summary_large_image","twitter_misc":{"Tiempo de lectura":"1 minuto"},"schema":{"@context":"https:\/\/schema.org","@graph":[{"@type":"WebPage","@id":"https:\/\/swissxplorer.com\/pagina-exemplo\/","url":"https:\/\/swissxplorer.com\/pagina-exemplo\/","name":"P\u00e1gina de exemplo - Swiss Xplorer","isPartOf":{"@id":"https:\/\/swissxplorer.com\/#website"},"datePublished":"2023-01-05T15:18:13+00:00","dateModified":"2023-01-05T15:18:13+00:00","breadcrumb":{"@id":"https:\/\/swissxplorer.com\/pagina-exemplo\/#breadcrumb"},"inLanguage":"es","potentialAction":[{"@type":"ReadAction","target":["https:\/\/swissxplorer.com\/pagina-exemplo\/"]}]},{"@type":"BreadcrumbList","@id":"https:\/\/swissxplorer.com\/pagina-exemplo\/#breadcrumb","itemListElement":[{"@type":"ListItem","position":1,"name":"Home","item":"https:\/\/swissxplorer.com\/"},{"@type":"ListItem","position":2,"name":"P\u00e1gina de exemplo"}]},{"@type":"WebSite","@id":"https:\/\/swissxplorer.com\/#website","url":"https:\/\/swissxplorer.com\/","name":"Swiss Xplorer","description":"Tours in Switzerland","potentialAction":[{"@type":"SearchAction","target":{"@type":"EntryPoint","urlTemplate":"https:\/\/swissxplorer.com\/?s={search_term_string}"},"query-input":"required name=search_term_string"}],"inLanguage":"es"}]}},"_links":{"self":[{"href":"https:\/\/swissxplorer.com\/es\/wp-json\/wp\/v2\/pages\/2","targetHints":{"allow":["GET"]}}],"collection":[{"href":"https:\/\/swissxplorer.com\/es\/wp-json\/wp\/v2\/pages"}],"about":[{"href":"https:\/\/swissxplorer.com\/es\/wp-json\/wp\/v2\/types\/page"}],"author":[{"embeddable":true,"href":"https:\/\/swissxplorer.com\/es\/wp-json\/wp\/v2\/users\/3"}],"replies":[{"embeddable":true,"href":"https:\/\/swissxplorer.com\/es\/wp-json\/wp\/v2\/comments?post=2"}],"version-history":[{"count":0,"href":"https:\/\/swissxplorer.com\/es\/wp-json\/wp\/v2\/pages\/2\/revisions"}],"wp:attachment":[{"href":"https:\/\/swissxplorer.com\/es\/wp-json\/wp\/v2\/media?parent=2"}],"curies":[{"name":"wp","href":"https:\/\/api.w.org\/{rel}","templated":true}]}}