{"id":1185,"date":"2022-07-07T04:36:44","date_gmt":"2022-07-07T04:36:44","guid":{"rendered":"https:\/\/demo.ovatheme.com\/tripgo\/?page_id=1185"},"modified":"2025-02-06T18:24:32","modified_gmt":"2025-02-06T17:24:32","slug":"about-us","status":"publish","type":"page","link":"https:\/\/swissxplorer.com\/es\/sobre-nosotros\/","title":{"rendered":"<p>Sobre nosotros<\/p>"},"content":{"rendered":"<div data-elementor-type=\"wp-page\" data-elementor-id=\"1185\" class=\"elementor elementor-1185\" data-elementor-post-type=\"page\">\n\t\t\t\t\t\t<section class=\"elementor-section elementor-top-section elementor-element elementor-element-b7df894 elementor-section-boxed elementor-section-height-default elementor-section-height-default\" data-id=\"b7df894\" data-element_type=\"section\" data-settings='{\"background_background\":\"gradient\"}'>\n\t\t\t\t\t\t\t<div class=\"elementor-background-overlay\"><\/div>\n\t\t\t\t\t\t\t<div class=\"elementor-container elementor-column-gap-no\">\n\t\t\t\t\t<div class=\"elementor-column elementor-col-50 elementor-top-column elementor-element elementor-element-e8ca6c7 elementor-invisible\" data-id=\"e8ca6c7\" data-element_type=\"column\" data-settings='{\"animation\":\"ova-move-right\",\"animation_tablet\":\"none\"}'>\n\t\t\t<div class=\"elementor-widget-wrap elementor-element-populated\">\n\t\t\t\t\t\t<div class=\"elementor-element elementor-element-4ed1a3a elementor-widget elementor-widget-tripgo_elementor_heading\" data-id=\"4ed1a3a\" data-element_type=\"widget\" data-widget_type=\"tripgo_elementor_heading.default\">\n\t\t\t\t<div class=\"elementor-widget-container\">\n\t\t\t\t\t\t\t<div class=\"ova-title\">\n\n\t\t\t\t\t\t\t<h3 class=\"sub-title\">Bienvenido a Swiss Xplorer<\/h3>\n\t\t\t\n\t\t\t\t\t\t\t\n\t\t\t\t\t\t\t<h2 class=\"title\">\n\t\t\t\t\t\t\t\t \n\t\t\t\t\t\t\t\tSobre nosotros\n\t\t\t\t\t\t\t<\/h2>\n\t\t\t\t\t\t\t\n\t\t\t\n\t\t<\/div> \n\t\t \t\n\t\t\t\t\t\t<\/div>\n\t\t\t\t<\/div>\n\t\t\t\t<section class=\"elementor-section elementor-inner-section elementor-element elementor-element-651c821 elementor-section-boxed elementor-section-height-default elementor-section-height-default\" data-id=\"651c821\" data-element_type=\"section\">\n\t\t\t\t\t\t<div class=\"elementor-container elementor-column-gap-no\">\n\t\t\t\t\t<div class=\"elementor-column elementor-col-100 elementor-inner-column elementor-element elementor-element-88cd609\" data-id=\"88cd609\" data-element_type=\"column\">\n\t\t\t<div class=\"elementor-widget-wrap elementor-element-populated\">\n\t\t\t\t\t\t<div class=\"elementor-element elementor-element-51bc3ea elementor-widget elementor-widget-text-editor\" data-id=\"51bc3ea\" data-element_type=\"widget\" data-widget_type=\"text-editor.default\">\n\t\t\t\t<div class=\"elementor-widget-container\">\n\t\t\t\t\t\t\t\t\t<p><strong>Descubra Suiza con Swiss Xplorer: su experiencia de viaje exclusiva<\/strong><\/p><p>Swiss Xplorer es una agencia de viajes de primer nivel con sede en Z\u00farich, especializada en viajes privados de lujo a los paisajes m\u00e1s impresionantes de Suiza. Nuestras excursiones exclusivas parten de Z\u00farich, Lucerna y las regiones circundantes.<\/p><p>Cada itinerario est\u00e1 dise\u00f1ado cuidadosamente para mostrar lo mejor de Suiza, ofreciendo no solo visitas a destinos emblem\u00e1ticos, sino tambi\u00e9n experiencias \u00fanicas y fuera de lo com\u00fan. Con Swiss Xplorer, descubrir\u00e1 Suiza desde la perspectiva de un local, con recorridos cuidadosamente dise\u00f1ados para ser verdaderamente \u00fanicos.<\/p><p>Nuestra flota de veh\u00edculos de lujo, conducidos por gu\u00edas expertos que son a la vez amables y profesionales, garantiza un viaje c\u00f3modo y sin complicaciones para personas individuales y grupos peque\u00f1os. Ya sea que elija uno de nuestros recorridos seleccionados o desee crear una experiencia a medida, estamos aqu\u00ed para hacer realidad el viaje de sus sue\u00f1os. Nos centramos en la personalizaci\u00f3n: cada recorrido est\u00e1 dise\u00f1ado para ser especial, \u00fanico e inolvidable.<\/p><p>En Swiss Xplorer, nos comprometemos a brindar un servicio de la m\u00e1s alta calidad. Para enriquecer su viaje, ofrecemos audiogu\u00edas multiling\u00fces que brindan informaci\u00f3n fascinante sobre la historia, la cultura, las tradiciones y las joyas ocultas de Suiza. Estos comentarios interesantes y educativos mejoran su experiencia de recorrido de d\u00eda completo, haciendo que cada momento sea m\u00e1s significativo.<\/p><p>Si buscas una experiencia de viaje excepcional, \u00a1est\u00e1s en el lugar correcto! Nuestra amplia gama de temas de viajes satisface a todo tipo de viajeros, ya sea que prefieras un paseo panor\u00e1mico en barco, una aventura alpina, paisajes naturales v\u00edrgenes o una caminata relajante por monta\u00f1as majestuosas.<\/p><p>Nuestros tours privados est\u00e1n dise\u00f1ados para aquellos que valoran la exclusividad, la flexibilidad y un ritmo personalizado. Sin prisas y con total atenci\u00f3n a sus preferencias, creamos experiencias a medida que garantizan un d\u00eda memorable. Nuestros gu\u00edas expertos son adaptables y realizan ajustes en tiempo real para superar sus expectativas y brindar una aut\u00e9ntica experiencia suiza. Adem\u00e1s, con nuestro servicio privado puerta a puerta, puede aprovechar al m\u00e1ximo su tiempo con un gu\u00eda experto a su lado.<\/p><p>Esperamos darle la bienvenida a Suiza y crear recuerdos inolvidables juntos.<\/p>\t\t\t\t\t\t\t\t<\/div>\n\t\t\t\t<\/div>\n\t\t\t\t\t<\/div>\n\t\t<\/div>\n\t\t\t\t\t<\/div>\n\t\t<\/section>\n\t\t\t\t<div class=\"elementor-element elementor-element-6677e38 elementor-align-left elementor-widget-mobile__width-auto elementor-widget elementor-widget-button\" data-id=\"6677e38\" data-element_type=\"widget\" data-widget_type=\"button.default\">\n\t\t\t\t<div class=\"elementor-widget-container\">\n\t\t\t\t\t\t\t\t\t<div class=\"elementor-button-wrapper\">\n\t\t\t\t\t<a class=\"elementor-button elementor-button-link elementor-size-sm\" href=\"https:\/\/swissxplorer.com\/es\/contacto\/\">\n\t\t\t\t\t\t<span class=\"elementor-button-content-wrapper\">\n\t\t\t\t\t\t\t\t\t<span class=\"elementor-button-text\">Cont\u00e1ctenos<\/span>\n\t\t\t\t\t<\/span>\n\t\t\t\t\t<\/a>\n\t\t\t\t<\/div>\n\t\t\t\t\t\t\t\t<\/div>\n\t\t\t\t<\/div>\n\t\t\t\t\t<\/div>\n\t\t<\/div>\n\t\t\t\t<div class=\"elementor-column elementor-col-50 elementor-top-column elementor-element elementor-element-f012ac5\" data-id=\"f012ac5\" data-element_type=\"column\">\n\t\t\t<div class=\"elementor-widget-wrap elementor-element-populated\">\n\t\t\t\t\t\t<div class=\"elementor-element elementor-element-d7f4a30 elementor-invisible elementor-widget elementor-widget-image\" data-id=\"d7f4a30\" data-element_type=\"widget\" data-settings='{\"_animation\":\"fadeIn\",\"_animation_tablet\":\"none\"}' data-widget_type=\"image.default\">\n\t\t\t\t<div class=\"elementor-widget-container\">\n\t\t\t\t\t\t\t\t\t\t\t\t\t\t\t<img fetchpriority=\"high\" decoding=\"async\" width=\"768\" height=\"750\" src=\"https:\/\/swissxplorer.com\/wp-content\/uploads\/2024\/06\/Swissxplorer-team-2-768x750.webp\" class=\"attachment-medium_large size-medium_large wp-image-6757\" alt=\"Tours privados desde Zurich\" srcset=\"https:\/\/swissxplorer.com\/wp-content\/uploads\/2024\/06\/Swissxplorer-team-2-768x750.webp 768w, https:\/\/swissxplorer.com\/wp-content\/uploads\/2024\/06\/Swissxplorer-team-2-300x293.webp 300w, https:\/\/swissxplorer.com\/wp-content\/uploads\/2024\/06\/Swissxplorer-team-2-1024x1001.webp 1024w, https:\/\/swissxplorer.com\/wp-content\/uploads\/2024\/06\/Swissxplorer-team-2-1536x1501.webp 1536w, https:\/\/swissxplorer.com\/wp-content\/uploads\/2024\/06\/Swissxplorer-team-2-12x12.webp 12w, https:\/\/swissxplorer.com\/wp-content\/uploads\/2024\/06\/Swissxplorer-team-2-600x586.webp 600w, https:\/\/swissxplorer.com\/wp-content\/uploads\/2024\/06\/Swissxplorer-team-2.webp 1572w\" sizes=\"(max-width: 768px) 100vw, 768px\">\t\t\t\t\t\t\t\t\t\t\t\t\t\t\t<\/div>\n\t\t\t\t<\/div>\n\t\t\t\t<div class=\"elementor-element elementor-element-2ef6c1f elementor-invisible elementor-widget elementor-widget-image\" data-id=\"2ef6c1f\" data-element_type=\"widget\" data-settings='{\"_animation\":\"ova-move-up\",\"_animation_tablet\":\"none\"}' data-widget_type=\"image.default\">\n\t\t\t\t<div class=\"elementor-widget-container\">\n\t\t\t\t\t\t\t\t\t\t\t\t\t\t\t<img decoding=\"async\" width=\"800\" height=\"840\" src=\"https:\/\/swissxplorer.com\/wp-content\/uploads\/2023\/06\/Private-toursin-Switzerland.jpg\" class=\"attachment-large size-large wp-image-6461\" alt=\"Tours privados en Suiza desde Z\u00farich y Lucerna\" srcset=\"https:\/\/swissxplorer.com\/wp-content\/uploads\/2023\/06\/Private-toursin-Switzerland.jpg 970w, https:\/\/swissxplorer.com\/wp-content\/uploads\/2023\/06\/Private-toursin-Switzerland-286x300.jpg 286w, https:\/\/swissxplorer.com\/wp-content\/uploads\/2023\/06\/Private-toursin-Switzerland-768x807.jpg 768w, https:\/\/swissxplorer.com\/wp-content\/uploads\/2023\/06\/Private-toursin-Switzerland-11x12.jpg 11w, https:\/\/swissxplorer.com\/wp-content\/uploads\/2023\/06\/Private-toursin-Switzerland-600x630.jpg 600w\" sizes=\"(max-width: 800px) 100vw, 800px\">\t\t\t\t\t\t\t\t\t\t\t\t\t\t\t<\/div>\n\t\t\t\t<\/div>\n\t\t\t\t\t<\/div>\n\t\t<\/div>\n\t\t\t\t\t<\/div>\n\t\t<\/section>\n\t\t\t\t<\/div>","protected":false},"excerpt":{"rendered":"<p>welcome to Swiss Xplorer About Us Discover Switzerland with Swiss Xplorer ? Your Exclusive Travel Experience Swiss Xplorer is a premier travel agency based in Zurich, specializing in luxury private tours to Switzerland?s most breathtaking landscapes. Our exclusive excursions depart from Zurich, Lucerne, and surrounding regions. Each itinerary is thoughtfully crafted to showcase the best [&hellip;]<\/p>","protected":false},"author":3,"featured_media":5001,"parent":0,"menu_order":0,"comment_status":"closed","ping_status":"closed","template":"elementor_header_footer","meta":{"footnotes":""},"class_list":["post-1185","page","type-page","status-publish","has-post-thumbnail","hentry"],"acf":[],"yoast_head":"<!-- This site is optimized with the Yoast SEO plugin v21.7 - https:\/\/yoast.com\/wordpress\/plugins\/seo\/ -->\n<title>About Us - Swiss Xplorer<\/title>\n<meta name=\"description\" content=\"Swiss Xplorer is a premier travel agency specializing in private tours. Our company is dedicated to providing tailored and personalized trips\" \/>\n<meta name=\"robots\" content=\"index, follow, max-snippet:-1, max-image-preview:large, max-video-preview:-1\" \/>\n<link rel=\"canonical\" href=\"https:\/\/swissxplorer.com\/es\/sobre-nosotros\/\" \/>\n<meta property=\"og:locale\" content=\"es_ES\" \/>\n<meta property=\"og:type\" content=\"article\" \/>\n<meta property=\"og:title\" content=\"About Us - Swiss Xplorer\" \/>\n<meta property=\"og:description\" content=\"Swiss Xplorer is a premier travel agency specializing in private tours. Our company is dedicated to providing tailored and personalized trips\" \/>\n<meta property=\"og:url\" content=\"https:\/\/swissxplorer.com\/es\/sobre-nosotros\/\" \/>\n<meta property=\"og:site_name\" content=\"Swiss Xplorer\" \/>\n<meta property=\"article:modified_time\" content=\"2025-02-06T17:24:32+00:00\" \/>\n<meta property=\"og:image\" content=\"http:\/\/swissxplorer.com\/wp-content\/uploads\/2023\/03\/Schynige-Platte-Wandern-Alpengarten05.webp\" \/>\n\t<meta property=\"og:image:width\" content=\"1200\" \/>\n\t<meta property=\"og:image:height\" content=\"428\" \/>\n\t<meta property=\"og:image:type\" content=\"image\/webp\" \/>\n<meta name=\"twitter:card\" content=\"summary_large_image\" \/>\n<meta name=\"twitter:label1\" content=\"Tiempo de lectura\" \/>\n\t<meta name=\"twitter:data1\" content=\"2 minutos\" \/>\n<script type=\"application\/ld+json\" class=\"yoast-schema-graph\">{\"@context\":\"https:\/\/schema.org\",\"@graph\":[{\"@type\":\"WebPage\",\"@id\":\"https:\/\/swissxplorer.com\/en\/about-us\/\",\"url\":\"https:\/\/swissxplorer.com\/en\/about-us\/\",\"name\":\"About Us - Swiss Xplorer\",\"isPartOf\":{\"@id\":\"https:\/\/swissxplorer.com\/#website\"},\"datePublished\":\"2022-07-07T04:36:44+00:00\",\"dateModified\":\"2025-02-06T17:24:32+00:00\",\"description\":\"Swiss Xplorer is a premier travel agency specializing in private tours. Our company is dedicated to providing tailored and personalized trips\",\"breadcrumb\":{\"@id\":\"https:\/\/swissxplorer.com\/en\/about-us\/#breadcrumb\"},\"inLanguage\":\"es\",\"potentialAction\":[{\"@type\":\"ReadAction\",\"target\":[\"https:\/\/swissxplorer.com\/en\/about-us\/\"]}]},{\"@type\":\"BreadcrumbList\",\"@id\":\"https:\/\/swissxplorer.com\/en\/about-us\/#breadcrumb\",\"itemListElement\":[{\"@type\":\"ListItem\",\"position\":1,\"name\":\"Home\",\"item\":\"https:\/\/swissxplorer.com\/\"},{\"@type\":\"ListItem\",\"position\":2,\"name\":\"About Us\"}]},{\"@type\":\"WebSite\",\"@id\":\"https:\/\/swissxplorer.com\/#website\",\"url\":\"https:\/\/swissxplorer.com\/\",\"name\":\"Swiss Xplorer\",\"description\":\"Tours in Switzerland\",\"potentialAction\":[{\"@type\":\"SearchAction\",\"target\":{\"@type\":\"EntryPoint\",\"urlTemplate\":\"https:\/\/swissxplorer.com\/?s={search_term_string}\"},\"query-input\":\"required name=search_term_string\"}],\"inLanguage\":\"es\"}]}<\/script>\n<!-- \/ Yoast SEO plugin. -->","yoast_head_json":{"title":"About Us - Swiss Xplorer","description":"Swiss Xplorer is a premier travel agency specializing in private tours. Our company is dedicated to providing tailored and personalized trips","robots":{"index":"index","follow":"follow","max-snippet":"max-snippet:-1","max-image-preview":"max-image-preview:large","max-video-preview":"max-video-preview:-1"},"canonical":"https:\/\/swissxplorer.com\/es\/sobre-nosotros\/","og_locale":"es_ES","og_type":"article","og_title":"About Us - Swiss Xplorer","og_description":"Swiss Xplorer is a premier travel agency specializing in private tours. Our company is dedicated to providing tailored and personalized trips","og_url":"https:\/\/swissxplorer.com\/es\/sobre-nosotros\/","og_site_name":"Swiss Xplorer","article_modified_time":"2025-02-06T17:24:32+00:00","og_image":[{"width":1200,"height":428,"url":"http:\/\/swissxplorer.com\/wp-content\/uploads\/2023\/03\/Schynige-Platte-Wandern-Alpengarten05.webp","type":"image\/webp"}],"twitter_card":"summary_large_image","twitter_misc":{"Tiempo de lectura":"2 minutos"},"schema":{"@context":"https:\/\/schema.org","@graph":[{"@type":"WebPage","@id":"https:\/\/swissxplorer.com\/en\/about-us\/","url":"https:\/\/swissxplorer.com\/en\/about-us\/","name":"About Us - Swiss Xplorer","isPartOf":{"@id":"https:\/\/swissxplorer.com\/#website"},"datePublished":"2022-07-07T04:36:44+00:00","dateModified":"2025-02-06T17:24:32+00:00","description":"Swiss Xplorer is a premier travel agency specializing in private tours. Our company is dedicated to providing tailored and personalized trips","breadcrumb":{"@id":"https:\/\/swissxplorer.com\/en\/about-us\/#breadcrumb"},"inLanguage":"es","potentialAction":[{"@type":"ReadAction","target":["https:\/\/swissxplorer.com\/en\/about-us\/"]}]},{"@type":"BreadcrumbList","@id":"https:\/\/swissxplorer.com\/en\/about-us\/#breadcrumb","itemListElement":[{"@type":"ListItem","position":1,"name":"Home","item":"https:\/\/swissxplorer.com\/"},{"@type":"ListItem","position":2,"name":"About Us"}]},{"@type":"WebSite","@id":"https:\/\/swissxplorer.com\/#website","url":"https:\/\/swissxplorer.com\/","name":"Swiss Xplorer","description":"Tours in Switzerland","potentialAction":[{"@type":"SearchAction","target":{"@type":"EntryPoint","urlTemplate":"https:\/\/swissxplorer.com\/?s={search_term_string}"},"query-input":"required name=search_term_string"}],"inLanguage":"es"}]}},"_links":{"self":[{"href":"https:\/\/swissxplorer.com\/es\/wp-json\/wp\/v2\/pages\/1185","targetHints":{"allow":["GET"]}}],"collection":[{"href":"https:\/\/swissxplorer.com\/es\/wp-json\/wp\/v2\/pages"}],"about":[{"href":"https:\/\/swissxplorer.com\/es\/wp-json\/wp\/v2\/types\/page"}],"author":[{"embeddable":true,"href":"https:\/\/swissxplorer.com\/es\/wp-json\/wp\/v2\/users\/3"}],"replies":[{"embeddable":true,"href":"https:\/\/swissxplorer.com\/es\/wp-json\/wp\/v2\/comments?post=1185"}],"version-history":[{"count":59,"href":"https:\/\/swissxplorer.com\/es\/wp-json\/wp\/v2\/pages\/1185\/revisions"}],"predecessor-version":[{"id":7056,"href":"https:\/\/swissxplorer.com\/es\/wp-json\/wp\/v2\/pages\/1185\/revisions\/7056"}],"wp:featuredmedia":[{"embeddable":true,"href":"https:\/\/swissxplorer.com\/es\/wp-json\/wp\/v2\/media\/5001"}],"wp:attachment":[{"href":"https:\/\/swissxplorer.com\/es\/wp-json\/wp\/v2\/media?parent=1185"}],"curies":[{"name":"wp","href":"https:\/\/api.w.org\/{rel}","templated":true}]}}